{"id":970,"date":"2022-08-19T14:10:35","date_gmt":"2022-08-19T17:10:35","guid":{"rendered":"https:\/\/elcristaldigital.org\/?page_id=970"},"modified":"2022-08-19T17:56:17","modified_gmt":"2022-08-19T20:56:17","slug":"cartelera-cinematografica","status":"publish","type":"page","link":"https:\/\/elcristaldigital.org\/index.php\/cartelera-cinematografica\/","title":{"rendered":"Cartelera cinematogr\u00e1fica"},"content":{"rendered":"\n<h4 class=\"has-text-align-center has-background wp-block-heading\" style=\"background-color:#0c960e\">\u00a1Estrenos Agosto 2022!<\/h4>\n\n\n\n<p>BULLET TRAIN&nbsp;|&nbsp;5 de agosto<\/p>\n\n\n\n<p>Cinco asesinos profesionales a bordo de un tren bala japon\u00e9s que viaja desde Tokio a Morioka, con pocas paradas durante el trayecto, descubren que sus misiones individuales est\u00e1n secretamente relacionadas.<\/p>\n\n\n<div class=\"wp-block-image\">\n<figure class=\"aligncenter size-large is-resized\"><img loading=\"lazy\" decoding=\"async\" src=\"https:\/\/elcristaldigital.org\/wp-content\/uploads\/2022\/08\/8a4e824b-22b9-425c-adb7-828614790843-728x1080.jpg\" alt=\"\" class=\"wp-image-976\" width=\"200\" height=\"297\" srcset=\"https:\/\/elcristaldigital.org\/wp-content\/uploads\/2022\/08\/8a4e824b-22b9-425c-adb7-828614790843-728x1080.jpg 728w, https:\/\/elcristaldigital.org\/wp-content\/uploads\/2022\/08\/8a4e824b-22b9-425c-adb7-828614790843-202x300.jpg 202w, https:\/\/elcristaldigital.org\/wp-content\/uploads\/2022\/08\/8a4e824b-22b9-425c-adb7-828614790843-768x1139.jpg 768w, https:\/\/elcristaldigital.org\/wp-content\/uploads\/2022\/08\/8a4e824b-22b9-425c-adb7-828614790843.jpg 809w\" sizes=\"auto, (max-width: 200px) 100vw, 200px\" \/><\/figure>\n<\/div>\n\n\n<p>FALL&nbsp;| 12 de agosto<\/p>\n\n\n\n<p>Fall&nbsp;es un film de&nbsp;acci\u00f3n y suspenso, cuya trama gira en torno a Becky y Hunter, dos amigas escaladoras que aman desafiar sus propios l\u00edmites<br>Pero el nuevo desaf\u00edo se convierte en una cuesti\u00f3n de vida o muerte cuando quedan atrapadas en la cima de una torre de telecomunicaciones a 600 metros de altura.<\/p>\n\n\n<div class=\"wp-block-image\">\n<figure class=\"aligncenter size-large is-resized\"><img loading=\"lazy\" decoding=\"async\" src=\"https:\/\/elcristaldigital.org\/wp-content\/uploads\/2022\/08\/3d18283a-bbd3-4ad2-9e92-57fc772dd833-720x1080.jpg\" alt=\"\" class=\"wp-image-977\" width=\"203\" height=\"305\" srcset=\"https:\/\/elcristaldigital.org\/wp-content\/uploads\/2022\/08\/3d18283a-bbd3-4ad2-9e92-57fc772dd833-720x1080.jpg 720w, https:\/\/elcristaldigital.org\/wp-content\/uploads\/2022\/08\/3d18283a-bbd3-4ad2-9e92-57fc772dd833-200x300.jpg 200w, https:\/\/elcristaldigital.org\/wp-content\/uploads\/2022\/08\/3d18283a-bbd3-4ad2-9e92-57fc772dd833-768x1152.jpg 768w, https:\/\/elcristaldigital.org\/wp-content\/uploads\/2022\/08\/3d18283a-bbd3-4ad2-9e92-57fc772dd833.jpg 853w\" sizes=\"auto, (max-width: 203px) 100vw, 203px\" \/><\/figure>\n<\/div>\n\n\n<p>NOPE|\u00a025 de agosto<\/p>\n\n\n\n<p>Los ciudadanos de un rancho de caballos de California se cruzan con una fuerza misteriosa que afecta el comportamiento humano y animal.<\/p>\n\n\n<div class=\"wp-block-image\">\n<figure class=\"aligncenter size-large is-resized\"><img loading=\"lazy\" decoding=\"async\" src=\"https:\/\/elcristaldigital.org\/wp-content\/uploads\/2022\/08\/nope-720x1080.jpg\" alt=\"\" class=\"wp-image-978\" width=\"211\" height=\"317\" srcset=\"https:\/\/elcristaldigital.org\/wp-content\/uploads\/2022\/08\/nope-720x1080.jpg 720w, https:\/\/elcristaldigital.org\/wp-content\/uploads\/2022\/08\/nope-200x300.jpg 200w, https:\/\/elcristaldigital.org\/wp-content\/uploads\/2022\/08\/nope-768x1152.jpg 768w, https:\/\/elcristaldigital.org\/wp-content\/uploads\/2022\/08\/nope.jpg 800w\" sizes=\"auto, (max-width: 211px) 100vw, 211px\" \/><\/figure>\n<\/div>\n\n\n<p>MEN: TERROR EN LAS SOMBRAS| 18 de agosto<\/p>\n\n\n\n<p>Cuando Harper se retira al campo despu\u00e9s de una tragedia personal, las fuerzas oscuras del bosque la acechan.<\/p>\n\n\n<div class=\"wp-block-image\">\n<figure class=\"aligncenter size-full is-resized\"><img loading=\"lazy\" decoding=\"async\" src=\"https:\/\/elcristaldigital.org\/wp-content\/uploads\/2022\/08\/Men_Terror_en_las_sombras-683761150-large-edited.jpg\" alt=\"\" class=\"wp-image-983\" width=\"205\" height=\"302\"\/><\/figure>\n<\/div>\n\n\n<p>EMILY THE CRIMINAL&nbsp;| 12 de agosto<\/p>\n\n\n\n<p>Agobiada por las deudas Emily se ve envuelta en una estafa con tarjetas de cr\u00e9dito que la lleva a involucrase en el bajo mundo del crimen en la ciudad de Los \u00c1ngeles con consecuencias tr\u00e1gicas.<\/p>\n\n\n<div class=\"wp-block-image\">\n<figure class=\"aligncenter size-large is-resized\"><img loading=\"lazy\" decoding=\"async\" src=\"https:\/\/elcristaldigital.org\/wp-content\/uploads\/2022\/08\/2095b331-75b0-4e60-81c1-d9e31b060bc0-1-720x1080.jpg\" alt=\"\" class=\"wp-image-981\" width=\"207\" height=\"311\" srcset=\"https:\/\/elcristaldigital.org\/wp-content\/uploads\/2022\/08\/2095b331-75b0-4e60-81c1-d9e31b060bc0-1-720x1080.jpg 720w, https:\/\/elcristaldigital.org\/wp-content\/uploads\/2022\/08\/2095b331-75b0-4e60-81c1-d9e31b060bc0-1-200x300.jpg 200w, https:\/\/elcristaldigital.org\/wp-content\/uploads\/2022\/08\/2095b331-75b0-4e60-81c1-d9e31b060bc0-1-768x1152.jpg 768w, https:\/\/elcristaldigital.org\/wp-content\/uploads\/2022\/08\/2095b331-75b0-4e60-81c1-d9e31b060bc0-1.jpg 800w\" sizes=\"auto, (max-width: 207px) 100vw, 207px\" \/><\/figure>\n<\/div>","protected":false},"excerpt":{"rendered":"<p>\u00a1Estrenos Agosto 2022! BULLET TRAIN&nbsp;|&nbsp;5 de agosto Cinco asesinos profesionales a bordo de un tren bala japon\u00e9s que viaja desde Tokio a Morioka, con pocas paradas durante el trayecto, descubren que sus misiones individuales est\u00e1n secretamente relacionadas. FALL&nbsp;| 12 de agosto Fall&nbsp;es un film de&nbsp;acci\u00f3n y suspenso, cuya trama gira en torno a Becky y [&hellip;]<\/p>\n","protected":false},"author":1,"featured_media":0,"parent":0,"menu_order":0,"comment_status":"closed","ping_status":"closed","template":"templates\/template-full-width.php","meta":{"footnotes":""},"class_list":["post-970","page","type-page","status-publish","hentry"],"_links":{"self":[{"href":"https:\/\/elcristaldigital.org\/index.php\/wp-json\/wp\/v2\/pages\/970","targetHints":{"allow":["GET"]}}],"collection":[{"href":"https:\/\/elcristaldigital.org\/index.php\/wp-json\/wp\/v2\/pages"}],"about":[{"href":"https:\/\/elcristaldigital.org\/index.php\/wp-json\/wp\/v2\/types\/page"}],"author":[{"embeddable":true,"href":"https:\/\/elcristaldigital.org\/index.php\/wp-json\/wp\/v2\/users\/1"}],"replies":[{"embeddable":true,"href":"https:\/\/elcristaldigital.org\/index.php\/wp-json\/wp\/v2\/comments?post=970"}],"version-history":[{"count":3,"href":"https:\/\/elcristaldigital.org\/index.php\/wp-json\/wp\/v2\/pages\/970\/revisions"}],"predecessor-version":[{"id":984,"href":"https:\/\/elcristaldigital.org\/index.php\/wp-json\/wp\/v2\/pages\/970\/revisions\/984"}],"wp:attachment":[{"href":"https:\/\/elcristaldigital.org\/index.php\/wp-json\/wp\/v2\/media?parent=970"}],"curies":[{"name":"wp","href":"https:\/\/api.w.org\/{rel}","templated":true}]}}