{"id":930,"date":"2022-08-18T23:49:15","date_gmt":"2022-08-19T02:49:15","guid":{"rendered":"https:\/\/elcristaldigital.org\/?page_id=930"},"modified":"2023-07-11T17:55:44","modified_gmt":"2023-07-11T20:55:44","slug":"deportes-3","status":"publish","type":"page","link":"https:\/\/elcristaldigital.org\/index.php\/deportes-3\/","title":{"rendered":"Deportes"},"content":{"rendered":"\n<p><\/p>\n\n\n\n<h2 class=\"wp-block-heading alignfull has-text-align-center has-background\" style=\"background-color:#55f26c\">NUEVAS PROMESAS PARA LA SELECCI\u00d3N<\/h2>\n\n\n\n<p>Los campeones del mundo ya est\u00e1n en el pa\u00eds para los pr\u00f3ximos amistosos contra Curazao y Panam\u00e1, que son utilizados como excusa para festejar con la hinchada argentina el titulo obtenido en Qatar.<br>La lista de Scaloni incorpor\u00f3 varias caras nuevas que son llamadas \u201cel futuro de la selecci\u00f3n \u201c entre ellos el m\u00e1s esperado era Alejandro Garnacho, jugador del Manchester United, y no puede asistir por una lesi\u00f3n, pero hay otros chicos que juegan en Europa que pueden tener su esperado debut en la selecci\u00f3n mayor en los pr\u00f3ximos d\u00edas.<br>Los pibes nuevos de la selecci\u00f3n: Nehuen P\u00e9rez, Lautaro Blanco, M\u00e1ximo Perrone, Jerem\u00edas Peretti, Facundo Buonanotte y Valent\u00edn Carboni.<\/p>\n\n\n\n<p><\/p>\n","protected":false},"excerpt":{"rendered":"<p>NUEVAS PROMESAS PARA LA SELECCI\u00d3N Los campeones del mundo ya est\u00e1n en el pa\u00eds para los pr\u00f3ximos amistosos contra Curazao y Panam\u00e1, que son utilizados como excusa para festejar con la hinchada argentina el titulo obtenido en Qatar.La lista de Scaloni incorpor\u00f3 varias caras nuevas que son llamadas \u201cel futuro de la selecci\u00f3n \u201c entre [&hellip;]<\/p>\n","protected":false},"author":1,"featured_media":0,"parent":0,"menu_order":0,"comment_status":"closed","ping_status":"closed","template":"templates\/template-full-width.php","meta":{"footnotes":""},"class_list":["post-930","page","type-page","status-publish","hentry"],"_links":{"self":[{"href":"https:\/\/elcristaldigital.org\/index.php\/wp-json\/wp\/v2\/pages\/930","targetHints":{"allow":["GET"]}}],"collection":[{"href":"https:\/\/elcristaldigital.org\/index.php\/wp-json\/wp\/v2\/pages"}],"about":[{"href":"https:\/\/elcristaldigital.org\/index.php\/wp-json\/wp\/v2\/types\/page"}],"author":[{"embeddable":true,"href":"https:\/\/elcristaldigital.org\/index.php\/wp-json\/wp\/v2\/users\/1"}],"replies":[{"embeddable":true,"href":"https:\/\/elcristaldigital.org\/index.php\/wp-json\/wp\/v2\/comments?post=930"}],"version-history":[{"count":6,"href":"https:\/\/elcristaldigital.org\/index.php\/wp-json\/wp\/v2\/pages\/930\/revisions"}],"predecessor-version":[{"id":1550,"href":"https:\/\/elcristaldigital.org\/index.php\/wp-json\/wp\/v2\/pages\/930\/revisions\/1550"}],"wp:attachment":[{"href":"https:\/\/elcristaldigital.org\/index.php\/wp-json\/wp\/v2\/media?parent=930"}],"curies":[{"name":"wp","href":"https:\/\/api.w.org\/{rel}","templated":true}]}}