{"id":913,"date":"2022-08-07T12:45:06","date_gmt":"2022-08-07T15:45:06","guid":{"rendered":"https:\/\/elcristaldigital.org\/?page_id=913"},"modified":"2022-09-13T17:53:16","modified_gmt":"2022-09-13T20:53:16","slug":"educacion-2","status":"publish","type":"page","link":"https:\/\/elcristaldigital.org\/index.php\/educacion-2\/","title":{"rendered":"Educaci\u00f3n"},"content":{"rendered":"\n<h4 class=\"has-text-align-center has-primary-color has-text-color has-background wp-block-heading\" style=\"background-color:#49a24a\">&#8220;Un choclo de solidaridad&#8221;<\/h4>\n\n\n\n<p>En el d\u00eda de ayer, estudiantes d 4\u00b0 y 5\u00b0 a\u00f1o de la escuela secundaria E.E.S.O.P.I 3023, partciparon del proyecto &#8220;Un choclo de solidaridad&#8221; propuesta llevada a cabo por Agroideas. Tambi\u00e9n participaron padres, grupo scout y cualquier persona que quisiera sumarse.<\/p>\n\n\n\n<p>\u00a1\u00a1Una experiencia inolvidable!!<\/p>\n\n\n\n<figure class=\"wp-block-gallery has-nested-images columns-default is-cropped wp-block-gallery-1 is-layout-flex wp-block-gallery-is-layout-flex\">\n<figure class=\"wp-block-image size-large\"><img loading=\"lazy\" decoding=\"async\" width=\"1440\" height=\"1080\" data-id=\"1009\" src=\"https:\/\/elcristaldigital.org\/wp-content\/uploads\/2022\/09\/WhatsApp-Image-2022-09-13-at-17.46.32-1-1440x1080.jpeg\" alt=\"\" class=\"wp-image-1009\" srcset=\"https:\/\/elcristaldigital.org\/wp-content\/uploads\/2022\/09\/WhatsApp-Image-2022-09-13-at-17.46.32-1-1440x1080.jpeg 1440w, https:\/\/elcristaldigital.org\/wp-content\/uploads\/2022\/09\/WhatsApp-Image-2022-09-13-at-17.46.32-1-300x225.jpeg 300w, https:\/\/elcristaldigital.org\/wp-content\/uploads\/2022\/09\/WhatsApp-Image-2022-09-13-at-17.46.32-1-768x576.jpeg 768w, https:\/\/elcristaldigital.org\/wp-content\/uploads\/2022\/09\/WhatsApp-Image-2022-09-13-at-17.46.32-1-1536x1152.jpeg 1536w, https:\/\/elcristaldigital.org\/wp-content\/uploads\/2022\/09\/WhatsApp-Image-2022-09-13-at-17.46.32-1-1200x900.jpeg 1200w, https:\/\/elcristaldigital.org\/wp-content\/uploads\/2022\/09\/WhatsApp-Image-2022-09-13-at-17.46.32-1.jpeg 1600w\" sizes=\"auto, (max-width: 1440px) 100vw, 1440px\" \/><\/figure>\n\n\n\n<figure class=\"wp-block-image size-large\"><img loading=\"lazy\" decoding=\"async\" width=\"810\" height=\"1080\" data-id=\"1008\" src=\"https:\/\/elcristaldigital.org\/wp-content\/uploads\/2022\/09\/WhatsApp-Image-2022-09-13-at-17.46.38-810x1080.jpeg\" alt=\"\" class=\"wp-image-1008\" srcset=\"https:\/\/elcristaldigital.org\/wp-content\/uploads\/2022\/09\/WhatsApp-Image-2022-09-13-at-17.46.38-810x1080.jpeg 810w, https:\/\/elcristaldigital.org\/wp-content\/uploads\/2022\/09\/WhatsApp-Image-2022-09-13-at-17.46.38-225x300.jpeg 225w, https:\/\/elcristaldigital.org\/wp-content\/uploads\/2022\/09\/WhatsApp-Image-2022-09-13-at-17.46.38-768x1024.jpeg 768w, https:\/\/elcristaldigital.org\/wp-content\/uploads\/2022\/09\/WhatsApp-Image-2022-09-13-at-17.46.38-1152x1536.jpeg 1152w, https:\/\/elcristaldigital.org\/wp-content\/uploads\/2022\/09\/WhatsApp-Image-2022-09-13-at-17.46.38.jpeg 1200w\" sizes=\"auto, (max-width: 810px) 100vw, 810px\" \/><\/figure>\n<\/figure>\n\n\n\n<h4 class=\"has-text-align-center has-background wp-block-heading\" style=\"background-color:#49a24a\">Capacitaci\u00f3n de la ONU (alumnos de 4to a\u00f1o)<\/h4>\n\n\n\n<p>El d\u00eda 29 de agosto, en la ciudad de Rafaela, cinco estudiantes de 4to a\u00f1o estuvieron participando de la segunda jornada de capacitaci\u00f3n del 4\u00b0 Modelo Naciones Unidas Rafaela de forma presencial, en el marco del \u201cPrograma Uniendo Metas \u2013 J\u00f3venes para el Futuro\u201d organizado por la Asociaci\u00f3n Conciencia en conjunto con el senador provincial Alcides Calvo.<br>El programa tiene como principal objetivo preparar a los j\u00f3venes para ejercer un liderazgo comprometido, activo y responsable en un mundo globalizado y en constante cambio, simulando una experiencia diplom\u00e1tica en el marco de la Organizaci\u00f3n de las Naciones Unidas, la cual se llevar\u00e1 a cabo los d\u00edas 17 y 18 de Octubre del corriente a\u00f1o.<\/p>\n\n\n<div class=\"wp-block-image\">\n<figure class=\"aligncenter size-full is-resized\"><img loading=\"lazy\" decoding=\"async\" src=\"https:\/\/elcristaldigital.org\/wp-content\/uploads\/2022\/09\/WhatsApp-Image-2022-09-06-at-5.43.41-PM.jpeg\" alt=\"\" class=\"wp-image-995\" width=\"384\" height=\"288\" srcset=\"https:\/\/elcristaldigital.org\/wp-content\/uploads\/2022\/09\/WhatsApp-Image-2022-09-06-at-5.43.41-PM.jpeg 1280w, https:\/\/elcristaldigital.org\/wp-content\/uploads\/2022\/09\/WhatsApp-Image-2022-09-06-at-5.43.41-PM-300x225.jpeg 300w, https:\/\/elcristaldigital.org\/wp-content\/uploads\/2022\/09\/WhatsApp-Image-2022-09-06-at-5.43.41-PM-768x576.jpeg 768w, https:\/\/elcristaldigital.org\/wp-content\/uploads\/2022\/09\/WhatsApp-Image-2022-09-06-at-5.43.41-PM-1200x900.jpeg 1200w\" sizes=\"auto, (max-width: 384px) 100vw, 384px\" \/><\/figure>\n<\/div>\n\n\n<h4 class=\"has-text-align-center has-background wp-block-heading\" style=\"background-color:#49a24a\">Repechaje Sembrando Empresarios edici\u00f3n 2022<\/h4>\n\n\n\n<p>El lunes 12 de septiembre se realizar\u00e1 el repechaje del &#8220;Sembrando Empresarios&#8221; en la localidad. Participaran los equipos que hab\u00edan jugado por un lugar en las finales nacionales, y volver\u00e1n a tener la chance de clasificar. Vendr\u00e1n a participar equipos de Vila, Sunchales, Eusebia y Aldao<\/p>\n\n\n<div class=\"wp-block-image\">\n<figure class=\"aligncenter size-full is-resized\"><img loading=\"lazy\" decoding=\"async\" src=\"https:\/\/elcristaldigital.org\/wp-content\/uploads\/2022\/08\/WhatsApp-Image-2022-08-19-at-1.00.25-PM.jpeg\" alt=\"\" class=\"wp-image-966\" width=\"270\" height=\"270\" srcset=\"https:\/\/elcristaldigital.org\/wp-content\/uploads\/2022\/08\/WhatsApp-Image-2022-08-19-at-1.00.25-PM.jpeg 1080w, https:\/\/elcristaldigital.org\/wp-content\/uploads\/2022\/08\/WhatsApp-Image-2022-08-19-at-1.00.25-PM-300x300.jpeg 300w, https:\/\/elcristaldigital.org\/wp-content\/uploads\/2022\/08\/WhatsApp-Image-2022-08-19-at-1.00.25-PM-150x150.jpeg 150w, https:\/\/elcristaldigital.org\/wp-content\/uploads\/2022\/08\/WhatsApp-Image-2022-08-19-at-1.00.25-PM-768x768.jpeg 768w\" sizes=\"auto, (max-width: 270px) 100vw, 270px\" \/><\/figure>\n<\/div>\n\n\n<h4 class=\"has-text-align-center has-background wp-block-heading\" style=\"background-color:#49a24a\">Acto Homenaje al Libertador General Jos\u00e9 de San Mart\u00edn<\/h4>\n\n\n\n<p>Acto 17 de agosto realizado en la EESOPI 3023 en homenaje a nuestro libertador General Don Jos\u00e9 de San Mart\u00edn.<\/p>\n\n\n<div class=\"wp-block-image\">\n<figure class=\"aligncenter size-large is-resized\"><img loading=\"lazy\" decoding=\"async\" src=\"https:\/\/elcristaldigital.org\/wp-content\/uploads\/2022\/08\/WhatsApp-Image-2022-08-17-at-7.16.23-PM-edited.jpeg\" alt=\"\" class=\"wp-image-940\" width=\"416\" height=\"416\" srcset=\"https:\/\/elcristaldigital.org\/wp-content\/uploads\/2022\/08\/WhatsApp-Image-2022-08-17-at-7.16.23-PM-edited.jpeg 898w, https:\/\/elcristaldigital.org\/wp-content\/uploads\/2022\/08\/WhatsApp-Image-2022-08-17-at-7.16.23-PM-edited-300x300.jpeg 300w, https:\/\/elcristaldigital.org\/wp-content\/uploads\/2022\/08\/WhatsApp-Image-2022-08-17-at-7.16.23-PM-edited-150x150.jpeg 150w, https:\/\/elcristaldigital.org\/wp-content\/uploads\/2022\/08\/WhatsApp-Image-2022-08-17-at-7.16.23-PM-edited-768x768.jpeg 768w\" sizes=\"auto, (max-width: 416px) 100vw, 416px\" \/><\/figure>\n<\/div>\n\n<div class=\"wp-block-image\">\n<figure class=\"aligncenter size-full is-resized\"><img loading=\"lazy\" decoding=\"async\" src=\"https:\/\/elcristaldigital.org\/wp-content\/uploads\/2022\/08\/WhatsApp-Image-2022-08-17-at-7.16.24-PM-edited.jpeg\" alt=\"\" class=\"wp-image-941\" width=\"505\" height=\"284\" srcset=\"https:\/\/elcristaldigital.org\/wp-content\/uploads\/2022\/08\/WhatsApp-Image-2022-08-17-at-7.16.24-PM-edited.jpeg 1280w, https:\/\/elcristaldigital.org\/wp-content\/uploads\/2022\/08\/WhatsApp-Image-2022-08-17-at-7.16.24-PM-edited-300x169.jpeg 300w, https:\/\/elcristaldigital.org\/wp-content\/uploads\/2022\/08\/WhatsApp-Image-2022-08-17-at-7.16.24-PM-edited-768x432.jpeg 768w, https:\/\/elcristaldigital.org\/wp-content\/uploads\/2022\/08\/WhatsApp-Image-2022-08-17-at-7.16.24-PM-edited-1200x675.jpeg 1200w\" sizes=\"auto, (max-width: 505px) 100vw, 505px\" \/><\/figure>\n<\/div>\n\n<div class=\"wp-block-image\">\n<figure class=\"aligncenter size-large is-resized\"><img loading=\"lazy\" decoding=\"async\" src=\"https:\/\/elcristaldigital.org\/wp-content\/uploads\/2022\/08\/WhatsApp-Image-2022-08-17-at-7.16.23-PM-1.jpeg\" alt=\"\" class=\"wp-image-938\" width=\"506\" height=\"178\" srcset=\"https:\/\/elcristaldigital.org\/wp-content\/uploads\/2022\/08\/WhatsApp-Image-2022-08-17-at-7.16.23-PM-1.jpeg 1280w, https:\/\/elcristaldigital.org\/wp-content\/uploads\/2022\/08\/WhatsApp-Image-2022-08-17-at-7.16.23-PM-1-300x106.jpeg 300w, https:\/\/elcristaldigital.org\/wp-content\/uploads\/2022\/08\/WhatsApp-Image-2022-08-17-at-7.16.23-PM-1-768x272.jpeg 768w, https:\/\/elcristaldigital.org\/wp-content\/uploads\/2022\/08\/WhatsApp-Image-2022-08-17-at-7.16.23-PM-1-1200x425.jpeg 1200w\" sizes=\"auto, (max-width: 506px) 100vw, 506px\" \/><\/figure>\n<\/div>\n\n\n<h4 class=\"has-text-align-center has-background wp-block-heading\" style=\"background-color:#49a24a\">\u00a1Atenci\u00f3n!<\/h4>\n\n\n\n<p>La E.E.S.O.P.I. N\u00ba 3023 &#8220;San Jos\u00e9 de Calasanz&#8221;, sita en Bv. Estanislao L\u00f3pez N\u00ba 196 de la localidad de Ramona, realiza un llamado a inscripci\u00f3n para titularizar a partir del 19\/08\/2022, 4 (cuatro) horas c\u00e1tedras de F\u00cdSICA en 3\u00ba, 4 (cuatro) horas QU\u00cdMICA en 4\u00ba, 4 (cuatro) horas F\u00cdSICO\/QU\u00cdMICA en 2\u00ba \u201cA\u201d y 4 (cuatro) en 2\u00ba \u201cB\u201d, y 4 (cuatro) horas F.I.D. en 5\u00ba. El plazo para presentar la documentaci\u00f3n requerida es hasta el 16 (diecis\u00e9is) de agosto. Todo aquel que est\u00e9 interesado puede contactarse personalmente o al tel\u00e9fono 03492-496068 (d\u00edas h\u00e1biles de 13 a 18 horas), o al mail: empi3023@hotmail.com.ar<\/p>\n","protected":false},"excerpt":{"rendered":"<p>&#8220;Un choclo de solidaridad&#8221; En el d\u00eda de ayer, estudiantes d 4\u00b0 y 5\u00b0 a\u00f1o de la escuela secundaria E.E.S.O.P.I 3023, partciparon del proyecto &#8220;Un choclo de solidaridad&#8221; propuesta llevada a cabo por Agroideas. Tambi\u00e9n participaron padres, grupo scout y cualquier persona que quisiera sumarse. \u00a1\u00a1Una experiencia inolvidable!! Capacitaci\u00f3n de la ONU (alumnos de 4to [&hellip;]<\/p>\n","protected":false},"author":1,"featured_media":0,"parent":0,"menu_order":0,"comment_status":"closed","ping_status":"closed","template":"templates\/template-full-width.php","meta":{"footnotes":""},"class_list":["post-913","page","type-page","status-publish","hentry"],"_links":{"self":[{"href":"https:\/\/elcristaldigital.org\/index.php\/wp-json\/wp\/v2\/pages\/913","targetHints":{"allow":["GET"]}}],"collection":[{"href":"https:\/\/elcristaldigital.org\/index.php\/wp-json\/wp\/v2\/pages"}],"about":[{"href":"https:\/\/elcristaldigital.org\/index.php\/wp-json\/wp\/v2\/types\/page"}],"author":[{"embeddable":true,"href":"https:\/\/elcristaldigital.org\/index.php\/wp-json\/wp\/v2\/users\/1"}],"replies":[{"embeddable":true,"href":"https:\/\/elcristaldigital.org\/index.php\/wp-json\/wp\/v2\/comments?post=913"}],"version-history":[{"count":11,"href":"https:\/\/elcristaldigital.org\/index.php\/wp-json\/wp\/v2\/pages\/913\/revisions"}],"predecessor-version":[{"id":1885,"href":"https:\/\/elcristaldigital.org\/index.php\/wp-json\/wp\/v2\/pages\/913\/revisions\/1885"}],"wp:attachment":[{"href":"https:\/\/elcristaldigital.org\/index.php\/wp-json\/wp\/v2\/media?parent=913"}],"curies":[{"name":"wp","href":"https:\/\/api.w.org\/{rel}","templated":true}]}}