{"id":89,"date":"2021-10-04T17:47:10","date_gmt":"2021-10-04T20:47:10","guid":{"rendered":"https:\/\/elcristaldigital.org\/?page_id=89"},"modified":"2022-05-19T10:52:13","modified_gmt":"2022-05-19T13:52:13","slug":"deportes","status":"publish","type":"page","link":"https:\/\/elcristaldigital.org\/index.php\/deportes\/","title":{"rendered":"Deportes."},"content":{"rendered":"\n<p class=\"has-text-align-center has-vivid-red-color has-luminous-vivid-amber-background-color has-text-color has-background\"><strong><u>HOCKEY \u2013 DOMINGO 15 DE MAYO DE 2022<\/u><\/strong><\/p>\n\n\n\n<p>El equipo ramonense gan\u00f3 4 a 0 contra un equipo de Rafaela llamado \u201cLas Guerreras\u201d. Goles de Candela Alemani x 2; Emma Alemani x 1 y Silvina Iba\u00f1ez x 1.<\/p>\n\n\n\n<p class=\"has-text-align-center has-vivid-red-color has-luminous-vivid-amber-background-color has-text-color has-background\"><strong><u>F\u00daTBOL PRIMERA DIVISI\u00d3N Y RESERVA<\/u><\/strong><\/p>\n\n\n\n<p>VIERNES 13 DE MAYO DE 2022.<\/p>\n\n\n\n<p>Primera Divisi\u00f3n perdi\u00f3 5 a 0 contra el Club 9 de Julio de la ciudad de Rafaela, con el debut de un jugador de inferiores, Lisandro Ulman. Se jug\u00f3 en Ramona.<\/p>\n\n\n\n<p>La Reserva perdi\u00f3 2 a 0.<\/p>\n\n\n\n<p><strong><u>INFERIORES<\/u><\/strong><\/p>\n\n\n\n<p>S\u00c1BADO 14 DE MAYO DE 2022<\/p>\n\n\n\n<p>En las instalaciones del Centro Cultural y Deportivo Ramona se recibi\u00f3 a Bella Italia.<\/p>\n\n\n\n<p>Novena gan\u00f3 6 a 0 (Santino Muller x 4; Juan&nbsp; Ignacio Luciano x 2)<\/p>\n\n\n\n<p>Octava perdi\u00f3 3 a 1 (Santiago Sarra)<\/p>\n\n\n\n<p>S\u00e9ptima empat\u00f3 1 a 1 (Pablo Garc\u00eda)<\/p>\n\n\n\n<p>Sexta divisi\u00f3n gan\u00f3 3 a 0 (Juan Pablo Salusso; Mateo Masuero; Ezequiel Vicedo Rico).<\/p>\n\n\n\n<p class=\"has-text-align-center has-vivid-red-color has-luminous-vivid-amber-background-color has-text-color has-background\"><strong><u>Liga Rafaelina de Hockey<\/u><\/strong><\/p>\n\n\n\n<p>Inici\u00f3 la liga Rafaelina de hockey con la primera fecha el 20 de Marzo, perdiendo Ramona 3-1 contra Roca.<\/p>\n\n\n\n<p>La segunda fecha se jug\u00f3 el 24 de Abril en la localidad de Roca contra Lehman ganando 2-1.<\/p>\n\n\n\n<p>La pr\u00f3xima se jugar\u00e1 el 15 de Mayo en Sunchales contra &#8220;Las Guerreras&#8221; (Barrio G\u00fcemes, Rafaela)<\/p>\n\n\n\n<p>Nota escrita por: Florencia Saluzzo, Pricila Quiroz, Violeta Clausen y Agostina Imhoff (alumnas de 3\u00b0 a\u00f1o).<\/p>\n\n\n\n<div class=\"wp-block-image\"><figure class=\"aligncenter size-medium\"><img loading=\"lazy\" decoding=\"async\" width=\"300\" height=\"225\" src=\"https:\/\/elcristaldigital.org\/wp-content\/uploads\/2022\/05\/LIGA-HOCKEY-300x225.jpg\" alt=\"\" class=\"wp-image-547\" srcset=\"https:\/\/elcristaldigital.org\/wp-content\/uploads\/2022\/05\/LIGA-HOCKEY-300x225.jpg 300w, https:\/\/elcristaldigital.org\/wp-content\/uploads\/2022\/05\/LIGA-HOCKEY-768x576.jpg 768w, https:\/\/elcristaldigital.org\/wp-content\/uploads\/2022\/05\/LIGA-HOCKEY.jpg 1280w\" sizes=\"auto, (max-width: 300px) 100vw, 300px\" \/><\/figure><\/div>\n\n\n\n<p class=\"has-text-align-center has-vivid-red-color has-luminous-vivid-amber-background-color has-text-color has-background\"><strong><u>F\u00daTBOL&nbsp;&nbsp;&nbsp; INFERIORES<\/u><\/strong><\/p>\n\n\n\n<p>30 DE ABRIL DE 2022&nbsp;&nbsp;&nbsp;&nbsp;&nbsp; RAMONA VS. SAN ANTONIO<\/p>\n\n\n\n<p>NOVENA DIVISI\u00d3N: Ramona 5 (Santino Muller X 3, Tiago Ver\u00f3n y Juan Oviedo) \u2013 San Antonio 0<\/p>\n\n\n\n<p>OCTAVA DIVISI\u00d3N: Ramona 3 (Denis Mart\u00edn X 2 y Santiago Sarra)&nbsp; &#8211; San Antonio 2<\/p>\n\n\n\n<p>SEXTA DIVISI\u00d3N: Ramona 3 (Mateo Masuero X 3) \u2013 San Antonio 0<\/p>\n\n\n\n<p>07 DE MAYO DE 2022&nbsp;&nbsp;&nbsp;&nbsp; RAMONA VS. ROCA<\/p>\n\n\n\n<p><strong>OCTAVA DIVISI\u00d3N<\/strong>: Ramona 2 (Santiago Sarra y Mijail Clausen) \u2013 Roca 1<\/p>\n\n\n\n<p><strong>S\u00c9PTIMA DIVISI\u00d3N<\/strong>: Ramona 3 (Pablo Garc\u00eda, Mat\u00edas Berrino y M\u00e1ximo Balbo)&nbsp; &#8211; Roca 3<\/p>\n\n\n\n<p><strong>SEXTA DIVISI\u00d3N<\/strong>: Ramona 3 (Mateo Masuero X 2 y Ezequiel Vicedo Rico) \u2013 Roca 0<\/p>\n\n\n\n<p><strong><u>RESERVA<\/u><\/strong><\/p>\n\n\n\n<p>Ramona 1 (Luciano Bessone) \u2013 Benhur 3<\/p>\n\n\n\n<p><strong><u>PRIMERA DIVISI\u00d3N:<\/u><\/strong><\/p>\n\n\n\n<p>Ramona 0 \u2013 Benhur 1<\/p>\n\n\n\n<figure class=\"wp-block-gallery has-nested-images columns-default is-cropped wp-block-gallery-1 is-layout-flex wp-block-gallery-is-layout-flex\">\n<figure class=\"wp-block-image size-large\"><img loading=\"lazy\" decoding=\"async\" width=\"682\" height=\"511\" data-id=\"544\" src=\"https:\/\/elcristaldigital.org\/wp-content\/uploads\/2022\/05\/OCTAVA-DIVISION.jpg\" alt=\"\" class=\"wp-image-544\" srcset=\"https:\/\/elcristaldigital.org\/wp-content\/uploads\/2022\/05\/OCTAVA-DIVISION.jpg 682w, https:\/\/elcristaldigital.org\/wp-content\/uploads\/2022\/05\/OCTAVA-DIVISION-300x225.jpg 300w\" sizes=\"auto, (max-width: 682px) 100vw, 682px\" \/><\/figure>\n\n\n\n<figure class=\"wp-block-image size-large\"><img loading=\"lazy\" decoding=\"async\" width=\"747\" height=\"560\" data-id=\"545\" src=\"https:\/\/elcristaldigital.org\/wp-content\/uploads\/2022\/05\/SEPTIMA-DIVISION.jpg\" alt=\"\" class=\"wp-image-545\" srcset=\"https:\/\/elcristaldigital.org\/wp-content\/uploads\/2022\/05\/SEPTIMA-DIVISION.jpg 747w, https:\/\/elcristaldigital.org\/wp-content\/uploads\/2022\/05\/SEPTIMA-DIVISION-300x225.jpg 300w\" sizes=\"auto, (max-width: 747px) 100vw, 747px\" \/><\/figure>\n\n\n\n<figure class=\"wp-block-image size-large\"><img loading=\"lazy\" decoding=\"async\" width=\"1156\" height=\"867\" data-id=\"546\" src=\"https:\/\/elcristaldigital.org\/wp-content\/uploads\/2022\/05\/SEXTA-DIVISION.jpg\" alt=\"\" class=\"wp-image-546\" srcset=\"https:\/\/elcristaldigital.org\/wp-content\/uploads\/2022\/05\/SEXTA-DIVISION.jpg 1156w, https:\/\/elcristaldigital.org\/wp-content\/uploads\/2022\/05\/SEXTA-DIVISION-300x225.jpg 300w, https:\/\/elcristaldigital.org\/wp-content\/uploads\/2022\/05\/SEXTA-DIVISION-768x576.jpg 768w\" sizes=\"auto, (max-width: 1156px) 100vw, 1156px\" \/><\/figure>\n<\/figure>\n\n\n\n<p class=\"has-text-align-center has-vivid-red-color has-luminous-vivid-amber-background-color has-text-color has-background\"><strong><em>JUEGOS UNIVERSITARIOS DE PLAYA&nbsp; &#8211; LA COSTA 2022<\/em><\/strong><\/p>\n\n\n\n<p>Un ramonense en el equipo que representa a la pcia de Santa Fe.<\/p>\n\n\n\n<p>Del 17 al 20 de marzo se disputaron en Mar de Aj\u00f3 los Juegos Universitarios de Playa La Costa 2022, competencia que congreg\u00f3 a&nbsp; m\u00e1s de 1.300 estudiantes de 12 provincias.<\/p>\n\n\n\n<p>EL equipo de Formaci\u00f3n Profesional Guardavidas Santa Fe M\u00e1s,&nbsp; represent\u00f3 a la provincia y entre sus integrantes cont\u00f3 con el ramonense Alan Wenetz.<\/p>\n\n\n\n<p>Esta es la segunda edici\u00f3n de los JUPLA y en esta ocasi\u00f3n participaron 202 equipos, de 45 instituciones, en un total de 11 disciplinas, entre las que se encuentran Voley, F\u00fatbol, Handball, Rugby, Hockey, Tenis y Cestoball (todas en su formato de playa), a las que se le sumaron, Aguas Abiertas, Surf, Salvamento y Acuatl\u00f3n.<\/p>\n\n\n\n<div class=\"wp-block-media-text alignwide is-stacked-on-mobile\"><figure class=\"wp-block-media-text__media\"><img loading=\"lazy\" decoding=\"async\" width=\"1440\" height=\"1080\" src=\"https:\/\/elcristaldigital.org\/wp-content\/uploads\/2022\/04\/FOTO-JUEGOS-PLAYA-2022-1440x1080.jpeg\" alt=\"\" class=\"wp-image-458 size-full\" srcset=\"https:\/\/elcristaldigital.org\/wp-content\/uploads\/2022\/04\/FOTO-JUEGOS-PLAYA-2022-1440x1080.jpeg 1440w, https:\/\/elcristaldigital.org\/wp-content\/uploads\/2022\/04\/FOTO-JUEGOS-PLAYA-2022-300x225.jpeg 300w, https:\/\/elcristaldigital.org\/wp-content\/uploads\/2022\/04\/FOTO-JUEGOS-PLAYA-2022-768x576.jpeg 768w, https:\/\/elcristaldigital.org\/wp-content\/uploads\/2022\/04\/FOTO-JUEGOS-PLAYA-2022-1536x1152.jpeg 1536w, https:\/\/elcristaldigital.org\/wp-content\/uploads\/2022\/04\/FOTO-JUEGOS-PLAYA-2022.jpeg 1600w\" sizes=\"auto, (max-width: 1440px) 100vw, 1440px\" \/><\/figure><div class=\"wp-block-media-text__content\">\n<p class=\"has-small-font-size\">En las pruebas tradicionales de salvamento en equipo Rescate con malacate, el ramonense y su grupo de 9 participantes obtuvieron medalla de bronce&nbsp; con el tercer lugar a nivel nacional.&nbsp; En la prueba individual Beach Flag, Alan obtuvo el primer lugar, logrando medalla dorada.<\/p>\n\n\n\n<p class=\"has-small-font-size\">A estas se suman las victorias obtenidas por otros integrantes del equipo de&nbsp; Formaci\u00f3n Profesional Guardavidas Santa Fe M\u00e1s,&nbsp; en Aguas abiertas 3 km, Relevo en aguas abiertas 2 km, 90 m Sprint y Run Swing Run (Correr-nadar-correr).<\/p>\n<\/div><\/div>\n\n\n\n<p class=\"has-text-align-center has-vivid-red-color has-luminous-vivid-amber-background-color has-text-color has-background\"><strong><em><u>CIERRE DE CAMPEONATO F\u00daTBOL 2021<\/u><\/em><\/strong><\/p>\n\n\n\n<figure class=\"wp-block-gallery has-nested-images columns-default is-cropped wp-block-gallery-2 is-layout-flex wp-block-gallery-is-layout-flex\">\n<figure class=\"wp-block-image size-large\"><img loading=\"lazy\" decoding=\"async\" width=\"1156\" height=\"867\" data-id=\"385\" src=\"https:\/\/elcristaldigital.org\/wp-content\/uploads\/2022\/02\/WhatsApp-Image-2021-11-27-at-21.40.45-2.jpeg\" alt=\"\" class=\"wp-image-385\" srcset=\"https:\/\/elcristaldigital.org\/wp-content\/uploads\/2022\/02\/WhatsApp-Image-2021-11-27-at-21.40.45-2.jpeg 1156w, https:\/\/elcristaldigital.org\/wp-content\/uploads\/2022\/02\/WhatsApp-Image-2021-11-27-at-21.40.45-2-300x225.jpeg 300w, https:\/\/elcristaldigital.org\/wp-content\/uploads\/2022\/02\/WhatsApp-Image-2021-11-27-at-21.40.45-2-768x576.jpeg 768w\" sizes=\"auto, (max-width: 1156px) 100vw, 1156px\" \/><\/figure>\n\n\n\n<figure class=\"wp-block-image size-large\"><img loading=\"lazy\" decoding=\"async\" width=\"867\" height=\"867\" data-id=\"386\" src=\"https:\/\/elcristaldigital.org\/wp-content\/uploads\/2022\/02\/WhatsApp-Image-2022-01-25-at-16.06.04-2.jpeg\" alt=\"\" class=\"wp-image-386\" srcset=\"https:\/\/elcristaldigital.org\/wp-content\/uploads\/2022\/02\/WhatsApp-Image-2022-01-25-at-16.06.04-2.jpeg 867w, https:\/\/elcristaldigital.org\/wp-content\/uploads\/2022\/02\/WhatsApp-Image-2022-01-25-at-16.06.04-2-300x300.jpeg 300w, https:\/\/elcristaldigital.org\/wp-content\/uploads\/2022\/02\/WhatsApp-Image-2022-01-25-at-16.06.04-2-150x150.jpeg 150w, https:\/\/elcristaldigital.org\/wp-content\/uploads\/2022\/02\/WhatsApp-Image-2022-01-25-at-16.06.04-2-768x768.jpeg 768w, https:\/\/elcristaldigital.org\/wp-content\/uploads\/2022\/02\/WhatsApp-Image-2022-01-25-at-16.06.04-2-100x100.jpeg 100w\" sizes=\"auto, (max-width: 867px) 100vw, 867px\" \/><\/figure>\n<\/figure>\n\n\n\n<p class=\"has-small-font-size\">La NOVENA logr\u00f3 dos sub campeonatos&nbsp; (apertura y clausura) y el goleador del torneo&nbsp; fue Alan Grimaldi.<\/p>\n\n\n\n<p class=\"has-small-font-size\">La OCTAVA obtuvo el&nbsp; 5to puesto en el torneo apertura y sub campe\u00f3n en clausura<\/p>\n\n\n\n<p class=\"has-small-font-size\">La S\u00c9PTIMA logr\u00f3 ser el campe\u00f3n absoluto en el campeonato apertura y en el torneo clausura.<\/p>\n\n\n\n<p class=\"has-small-font-size\">La SEXTA obtuvo el primer lugar en el torneo apertura&nbsp; y en clausura obtuvo el 3er puesto, de esa manera jug\u00f3 un partido desempate para ver qui\u00e9n era el campe\u00f3n absoluto vs La Hidr\u00e1ulica de Frontera perdiendo dicho partido 1 a 0 quedando sin campe\u00f3n absoluto.<\/p>\n\n\n\n<p class=\"has-small-font-size\">Y en cuanto a puntaje&nbsp; por club obtuvimos el 2do puesto atr\u00e1s de Sportivo&nbsp; Santa Clara&nbsp; a solamente 4 ptos.<\/p>\n\n\n\n<p class=\"has-text-align-center has-vivid-red-color has-luminous-vivid-amber-background-color has-text-color has-background\"><strong><u>RESUMEN KARTING<\/u><\/strong><\/p>\n\n\n\n<p><strong><em>Lucas Panero, un joven de la localidad de Ramona nos relat\u00f3 un breve resumen sobre su actuaci\u00f3n en el Karting.<\/em><\/strong><\/p>\n\n\n\n<p>El pasado a\u00f1o, en la categor\u00eda 150 Kayak &nbsp;logr\u00f3 de las 12 competencias, participar en 11 de ellas. Las primeras seis carreras estuvo compitiendo con la preparaci\u00f3n de motores de Cristian D\u00edaz de Camilo Aldao. Luego de eso pas\u00f3 a competir con los motores de Horacio Sandrone. A lo largo del a\u00f1o en las primeras carreras obtuvo en tres de ellas el segundo puesto, &nbsp;gan\u00f3 una y en las otras dos lleg\u00f3 entre los cinco primeros.<\/p>\n\n\n\n<p>El resto de las carreras que las competi\u00f3 con la motorizaci\u00f3n de Horacio logr\u00f3 un tercer puesto y gan\u00f3 la final. En el resto de las ocasiones, en varias fechas, &nbsp;tuvo la posibilidad de llegar dentro de los 10 primeros, pues se le dificultaba mucho por el cambio de motorista y la adaptaci\u00f3n a todo un nuevo equipo.<\/p>\n\n\n\n<div class=\"wp-block-media-text alignwide is-stacked-on-mobile\"><figure class=\"wp-block-media-text__media\"><img loading=\"lazy\" decoding=\"async\" width=\"768\" height=\"1024\" src=\"https:\/\/elcristaldigital.org\/wp-content\/uploads\/2022\/02\/IMG-20220131-WA0002-1.jpg\" alt=\"\" class=\"wp-image-387 size-full\" srcset=\"https:\/\/elcristaldigital.org\/wp-content\/uploads\/2022\/02\/IMG-20220131-WA0002-1.jpg 768w, https:\/\/elcristaldigital.org\/wp-content\/uploads\/2022\/02\/IMG-20220131-WA0002-1-225x300.jpg 225w\" sizes=\"auto, (max-width: 768px) 100vw, 768px\" \/><\/figure><div class=\"wp-block-media-text__content\">\n<p>Resumen de actuaci\u00f3n en diferentes fechas:<\/p>\n\n\n\n<p class=\"has-small-font-size\">Fecha 1: puesto 3<\/p>\n\n\n\n<p class=\"has-small-font-size\">Fecha 2: puesto 2<\/p>\n\n\n\n<p class=\"has-small-font-size\">Fecha 3: puesto 1 &nbsp;<\/p>\n\n\n\n<p class=\"has-small-font-size\">Fecha 4: puesto 6<\/p>\n\n\n\n<p class=\"has-small-font-size\">Fecha 5: puesto 2<\/p>\n\n\n\n<p class=\"has-small-font-size\">Fecha 6: puesto 4<\/p>\n\n\n\n<p class=\"has-small-font-size\">Fecha 7: puesto 10<\/p>\n\n\n\n<p class=\"has-small-font-size\">Fecha 8: puesto 4<\/p>\n\n\n\n<p class=\"has-small-font-size\">Fecha 9: puesto 1<\/p>\n\n\n\n<p class=\"has-small-font-size\">Fecha 10: puesto 7<\/p>\n\n\n\n<p class=\"has-small-font-size\">Fecha 11: por un toque en pista lo dej\u00f3 fuera de carrera<\/p>\n\n\n\n<p class=\"has-small-font-size\">Fecha 12: no particip\u00f3.<\/p>\n<\/div><\/div>\n\n\n\n<p>A mitad del a\u00f1o pasado comenz\u00f3 a competir en la categor\u00eda&nbsp;&nbsp; 125cc libre internacional, en la cual se utilizan unos motores de 2 tiempos de una potencia m\u00e1xima de 45 CV. En \u00e9sta no logr\u00f3 muy buenos resultados ya que era una categor\u00eda desconocida, pero pudo ubicarse a lo largo de las fechas en la que estuvo presente, entre los primeros 12 pilotos de 31 participantes.<\/p>\n\n\n\n<p>Tambi\u00e9n particip\u00f3 del Master de pilotos que se realiz\u00f3 en la ciudad de G\u00e1lvez el 21 de diciembre del 2021.<\/p>\n\n\n\n<p>En esa ocasi\u00f3n pudo estar compitiendo junto a Rodrigo Lug\u00f3n, un piloto de TC pista, con el cual obtuvieron&nbsp; un muy buen desempe\u00f1o terminado en el 7\u00ba puesto de 30 participantes. Algunos de esos participantes presentes eran: Facundo Arduzo, Lucas Tedechi, Nicol\u00e1s &nbsp;Gonz\u00e1les, Nacho Fain, &nbsp;Lucas Husser, entre otros.<\/p>\n","protected":false},"excerpt":{"rendered":"<p>HOCKEY \u2013 DOMINGO 15 DE MAYO DE 2022 El equipo ramonense gan\u00f3 4 a 0 contra un equipo de Rafaela llamado \u201cLas Guerreras\u201d. Goles de Candela Alemani x 2; Emma Alemani x 1 y Silvina Iba\u00f1ez x 1. F\u00daTBOL PRIMERA DIVISI\u00d3N Y RESERVA VIERNES 13 DE MAYO DE 2022. Primera Divisi\u00f3n perdi\u00f3 5 a 0 [&hellip;]<\/p>\n","protected":false},"author":1,"featured_media":0,"parent":0,"menu_order":0,"comment_status":"closed","ping_status":"closed","template":"","meta":{"footnotes":""},"class_list":["post-89","page","type-page","status-publish","hentry"],"_links":{"self":[{"href":"https:\/\/elcristaldigital.org\/index.php\/wp-json\/wp\/v2\/pages\/89","targetHints":{"allow":["GET"]}}],"collection":[{"href":"https:\/\/elcristaldigital.org\/index.php\/wp-json\/wp\/v2\/pages"}],"about":[{"href":"https:\/\/elcristaldigital.org\/index.php\/wp-json\/wp\/v2\/types\/page"}],"author":[{"embeddable":true,"href":"https:\/\/elcristaldigital.org\/index.php\/wp-json\/wp\/v2\/users\/1"}],"replies":[{"embeddable":true,"href":"https:\/\/elcristaldigital.org\/index.php\/wp-json\/wp\/v2\/comments?post=89"}],"version-history":[{"count":7,"href":"https:\/\/elcristaldigital.org\/index.php\/wp-json\/wp\/v2\/pages\/89\/revisions"}],"predecessor-version":[{"id":777,"href":"https:\/\/elcristaldigital.org\/index.php\/wp-json\/wp\/v2\/pages\/89\/revisions\/777"}],"wp:attachment":[{"href":"https:\/\/elcristaldigital.org\/index.php\/wp-json\/wp\/v2\/media?parent=89"}],"curies":[{"name":"wp","href":"https:\/\/api.w.org\/{rel}","templated":true}]}}