{"id":850,"date":"2022-08-01T11:37:19","date_gmt":"2022-08-01T14:37:19","guid":{"rendered":"https:\/\/elcristaldigital.org\/?page_id=850"},"modified":"2022-08-01T11:51:28","modified_gmt":"2022-08-01T14:51:28","slug":"instituciones","status":"publish","type":"page","link":"https:\/\/elcristaldigital.org\/index.php\/instituciones\/","title":{"rendered":"Instituciones"},"content":{"rendered":"\n<h3 class=\"has-primary-color has-text-color has-background wp-block-heading\" style=\"background-color:#49a24a\">Bomberos Voluntarios<\/h3>\n\n\n\n<p>En lo que va del mes de Julio, el equipo de bomberos de nuestra localidad realiz\u00f3 dos salidas de emergencia:<\/p>\n\n\n\n<ul class=\"wp-block-list\"><li>El d\u00eda 7 de julio se fue a controlar una vivienda por p\u00e9rdida de gas de una garrafa.<\/li><li>El 10 de julio se intervino en un incendio producido en Coronel Fraga y alrededores, que ocasion\u00f3 la quema de, aproximadamente, 150 hect\u00e1reas. <\/li><\/ul>\n\n\n\n<div class=\"wp-block-group\"><div class=\"wp-block-group__inner-container is-layout-flow wp-block-group-is-layout-flow\">\n<div class=\"wp-block-group is-vertical is-layout-flex wp-container-core-group-is-layout-8cf370e7 wp-block-group-is-layout-flex\">\n<p>Por otro lado, el equipo particip\u00f3 de un curso de rescate vehicular realizado en la ciudad de Tostado el d\u00eda s\u00e1bado 16 de julio. A ra\u00edz de esto, se adquiri\u00f3 equipamiento relacionado al campo de rescate vehicular (bolso de trauma con tablas, generador el\u00e9ctrico y sierra sable). <\/p>\n\n\n\n<p>Por otra parte, el senador Alcides Calvo don\u00f3 una impresora y, al mismo tiempo, se recibi\u00f3 un Subsidio Nacional para la compra de una computadora y una segunda impresora.<\/p>\n\n\n\n<p>En  \u00faltimo t\u00e9rmino, se comunica a toda la comunidad que se est\u00e1 llevando a cabo la <strong>venta de n\u00fameros<\/strong> para solventar gastos del cuartel. Hay m\u00e1s de 15 premios y el sorteo se llevar\u00e1 a cabo el d\u00eda <strong>4 de agosto<\/strong> del corriente a\u00f1o.<\/p>\n<\/div>\n<\/div><\/div>\n","protected":false},"excerpt":{"rendered":"<p>Bomberos Voluntarios En lo que va del mes de Julio, el equipo de bomberos de nuestra localidad realiz\u00f3 dos salidas de emergencia: El d\u00eda 7 de julio se fue a controlar una vivienda por p\u00e9rdida de gas de una garrafa. El 10 de julio se intervino en un incendio producido en Coronel Fraga y alrededores, [&hellip;]<\/p>\n","protected":false},"author":1,"featured_media":0,"parent":0,"menu_order":0,"comment_status":"closed","ping_status":"closed","template":"templates\/template-full-width.php","meta":{"footnotes":""},"class_list":["post-850","page","type-page","status-publish","hentry"],"_links":{"self":[{"href":"https:\/\/elcristaldigital.org\/index.php\/wp-json\/wp\/v2\/pages\/850","targetHints":{"allow":["GET"]}}],"collection":[{"href":"https:\/\/elcristaldigital.org\/index.php\/wp-json\/wp\/v2\/pages"}],"about":[{"href":"https:\/\/elcristaldigital.org\/index.php\/wp-json\/wp\/v2\/types\/page"}],"author":[{"embeddable":true,"href":"https:\/\/elcristaldigital.org\/index.php\/wp-json\/wp\/v2\/users\/1"}],"replies":[{"embeddable":true,"href":"https:\/\/elcristaldigital.org\/index.php\/wp-json\/wp\/v2\/comments?post=850"}],"version-history":[{"count":3,"href":"https:\/\/elcristaldigital.org\/index.php\/wp-json\/wp\/v2\/pages\/850\/revisions"}],"predecessor-version":[{"id":858,"href":"https:\/\/elcristaldigital.org\/index.php\/wp-json\/wp\/v2\/pages\/850\/revisions\/858"}],"wp:attachment":[{"href":"https:\/\/elcristaldigital.org\/index.php\/wp-json\/wp\/v2\/media?parent=850"}],"curies":[{"name":"wp","href":"https:\/\/api.w.org\/{rel}","templated":true}]}}