{"id":83,"date":"2021-10-04T17:44:47","date_gmt":"2021-10-04T20:44:47","guid":{"rendered":"https:\/\/elcristaldigital.org\/?page_id=83"},"modified":"2022-05-23T18:37:47","modified_gmt":"2022-05-23T21:37:47","slug":"proyectos","status":"publish","type":"page","link":"https:\/\/elcristaldigital.org\/index.php\/proyectos\/","title":{"rendered":"Proyectos."},"content":{"rendered":"\n<p class=\"has-text-align-center has-vivid-red-color has-luminous-vivid-amber-background-color has-text-color has-background\"><strong><u>REUNI\u00d3N CON EL EQUIPO T\u00c9CNICO DE APADIR (RAFAELA)<\/u><\/strong><\/p>\n\n\n\n<p>La Ley de Educaci\u00f3n N\u00b0 26206 sancionada en el 2006 donde se garantiza el derecho a la educaci\u00f3n de las personas con discapacidad en todos los niveles y modalidades, define a la Educaci\u00f3n Especial como transversal a todo el sistema educativo.<\/p>\n\n\n\n<p>Se reconoce a las personas con discapacidad como sujetos de derecho, lo que implica garantizar su educaci\u00f3n en el marco de la educaci\u00f3n obligatoria para todos los ni\u00f1os, ni\u00f1as y j\u00f3venes. Destaca a la Educaci\u00f3n Especial como modalidad del Sistema Educativo que supera la organizaci\u00f3n como subsistemas paralelos y\/o segmentados, promoviendo en las\/los alumnas\/os con discapacidad una relaci\u00f3n de pertenencia en los niveles del sistema a los que concurran, generando tambi\u00e9n las condiciones institucionales para la CONVIVENCIA.<\/p>\n\n\n\n<p>Por todo lo expuesto anteriormente queremos comentar desde nuestra instituci\u00f3n que el pasado viernes 13 de mayo recibimos la visita del Equipo T\u00e9cnico de la escuela Integradora APADIR de la ciudad de Rafaela a los efectos de capacitar y orientar a nuestro plantel docente sobre el trabajo que desarrollar\u00e1n ambas instituciones con estudiantes integrados a trav\u00e9s de los PPI (PROYECTOS PEDAG\u00d3GICOS DE INCLUSI\u00d3N).<\/p>\n\n\n\n<p>Agradecemos a M\u00f3nica, Gisela y Carolina por sus orientaciones y asesoramiento.<\/p>\n\n\n\n<p>Iniciamos un nuevo recorrido educativo poniendo siempre la mirada en las trayectorias estudiantiles.<\/p>\n\n\n\n<p>Profesor Daniel Wenetz.<\/p>\n\n\n\n<figure class=\"wp-block-gallery has-nested-images columns-default is-cropped wp-block-gallery-1 is-layout-flex wp-block-gallery-is-layout-flex\">\n<figure class=\"wp-block-image size-large\"><img loading=\"lazy\" decoding=\"async\" width=\"1280\" height=\"960\" data-id=\"644\" src=\"https:\/\/elcristaldigital.org\/wp-content\/uploads\/2022\/05\/WhatsApp-Image-2022-05-19-at-3.03.59-PM.jpeg\" alt=\"\" class=\"wp-image-644\" srcset=\"https:\/\/elcristaldigital.org\/wp-content\/uploads\/2022\/05\/WhatsApp-Image-2022-05-19-at-3.03.59-PM.jpeg 1280w, https:\/\/elcristaldigital.org\/wp-content\/uploads\/2022\/05\/WhatsApp-Image-2022-05-19-at-3.03.59-PM-300x225.jpeg 300w, https:\/\/elcristaldigital.org\/wp-content\/uploads\/2022\/05\/WhatsApp-Image-2022-05-19-at-3.03.59-PM-768x576.jpeg 768w\" sizes=\"auto, (max-width: 1280px) 100vw, 1280px\" \/><\/figure>\n\n\n\n<figure class=\"wp-block-image size-large\"><img loading=\"lazy\" decoding=\"async\" width=\"1280\" height=\"960\" data-id=\"645\" src=\"https:\/\/elcristaldigital.org\/wp-content\/uploads\/2022\/05\/WhatsApp-Image-2022-05-19-at-3.04.00-PM-1.jpeg\" alt=\"\" class=\"wp-image-645\" srcset=\"https:\/\/elcristaldigital.org\/wp-content\/uploads\/2022\/05\/WhatsApp-Image-2022-05-19-at-3.04.00-PM-1.jpeg 1280w, https:\/\/elcristaldigital.org\/wp-content\/uploads\/2022\/05\/WhatsApp-Image-2022-05-19-at-3.04.00-PM-1-300x225.jpeg 300w, https:\/\/elcristaldigital.org\/wp-content\/uploads\/2022\/05\/WhatsApp-Image-2022-05-19-at-3.04.00-PM-1-768x576.jpeg 768w\" sizes=\"auto, (max-width: 1280px) 100vw, 1280px\" \/><\/figure>\n<\/figure>\n\n\n\n<p class=\"has-text-align-center has-vivid-red-color has-luminous-vivid-amber-background-color has-text-color has-background\"><strong><u>COOPERATIVISMO Y MUTUALISMO EN LA EESOPI<\/u><\/strong><\/p>\n\n\n\n<p>Los alumnos de 4\u00b0 a\u00f1o de la E.E.S.O.P.I. 3023 recibieron, a pedido de ellos, una jornada de capacitaci\u00f3n en cooperativismo y mutualismo. El encuentro se desarroll\u00f3 el pasado martes 10 de mayo en las instalaciones de la escuela.<\/p>\n\n\n\n<p>La charla fue disertada por el Licenciado en Cooperativismo y Mutualismo Marcelo Peretti.<\/p>\n\n\n\n<figure class=\"wp-block-gallery has-nested-images columns-default is-cropped wp-block-gallery-2 is-layout-flex wp-block-gallery-is-layout-flex\">\n<figure class=\"wp-block-image size-large\"><img loading=\"lazy\" decoding=\"async\" width=\"951\" height=\"714\" data-id=\"582\" src=\"https:\/\/elcristaldigital.org\/wp-content\/uploads\/2022\/05\/COOPERATIVISMO-01.jpg\" alt=\"\" class=\"wp-image-582\" srcset=\"https:\/\/elcristaldigital.org\/wp-content\/uploads\/2022\/05\/COOPERATIVISMO-01.jpg 951w, https:\/\/elcristaldigital.org\/wp-content\/uploads\/2022\/05\/COOPERATIVISMO-01-300x225.jpg 300w, https:\/\/elcristaldigital.org\/wp-content\/uploads\/2022\/05\/COOPERATIVISMO-01-768x577.jpg 768w\" sizes=\"auto, (max-width: 951px) 100vw, 951px\" \/><\/figure>\n\n\n\n<figure class=\"wp-block-image size-large\"><img loading=\"lazy\" decoding=\"async\" width=\"1440\" height=\"1080\" data-id=\"583\" src=\"https:\/\/elcristaldigital.org\/wp-content\/uploads\/2022\/05\/COOPERATIVISMO-02-1440x1080.jpg\" alt=\"\" class=\"wp-image-583\" srcset=\"https:\/\/elcristaldigital.org\/wp-content\/uploads\/2022\/05\/COOPERATIVISMO-02-1440x1080.jpg 1440w, https:\/\/elcristaldigital.org\/wp-content\/uploads\/2022\/05\/COOPERATIVISMO-02-300x225.jpg 300w, https:\/\/elcristaldigital.org\/wp-content\/uploads\/2022\/05\/COOPERATIVISMO-02-768x576.jpg 768w, https:\/\/elcristaldigital.org\/wp-content\/uploads\/2022\/05\/COOPERATIVISMO-02-1536x1152.jpg 1536w, https:\/\/elcristaldigital.org\/wp-content\/uploads\/2022\/05\/COOPERATIVISMO-02.jpg 1600w\" sizes=\"auto, (max-width: 1440px) 100vw, 1440px\" \/><\/figure>\n<\/figure>\n\n\n\n<p class=\"has-text-align-center has-vivid-red-color has-luminous-vivid-amber-background-color has-text-color has-background\"><u>ALUMNOS DE 1\u00b0 A\u00d1O DE LA EESOPI VISITANDO LA PLANTA POTABILIZADORA.<\/u><\/p>\n\n\n\n<p>Los alumnos de 1\u00b0 a\u00f1o A y B de la EESOPI 3023, acompa\u00f1ados por los docentes Br\u00edgida Carrillo y Hern\u00e1n Ardiles visitaron la Planta de \u00d3smosis Inversa, de la cual se obtiene el agua potable que toda la comunidad de Ramona consume.<\/p>\n\n\n\n<figure class=\"wp-block-gallery has-nested-images columns-default is-cropped wp-block-gallery-3 is-layout-flex wp-block-gallery-is-layout-flex\">\n<figure class=\"wp-block-image size-large\"><img loading=\"lazy\" decoding=\"async\" width=\"1280\" height=\"622\" data-id=\"579\" src=\"https:\/\/elcristaldigital.org\/wp-content\/uploads\/2022\/05\/PLANTA-POTABILIZADORA-01.jpg\" alt=\"\" class=\"wp-image-579\" srcset=\"https:\/\/elcristaldigital.org\/wp-content\/uploads\/2022\/05\/PLANTA-POTABILIZADORA-01.jpg 1280w, https:\/\/elcristaldigital.org\/wp-content\/uploads\/2022\/05\/PLANTA-POTABILIZADORA-01-300x146.jpg 300w, https:\/\/elcristaldigital.org\/wp-content\/uploads\/2022\/05\/PLANTA-POTABILIZADORA-01-768x373.jpg 768w\" sizes=\"auto, (max-width: 1280px) 100vw, 1280px\" \/><\/figure>\n\n\n\n<figure class=\"wp-block-image size-large\"><img loading=\"lazy\" decoding=\"async\" width=\"1280\" height=\"622\" data-id=\"580\" src=\"https:\/\/elcristaldigital.org\/wp-content\/uploads\/2022\/05\/PLANTA-POTABILIZADORA-02.jpg\" alt=\"\" class=\"wp-image-580\" srcset=\"https:\/\/elcristaldigital.org\/wp-content\/uploads\/2022\/05\/PLANTA-POTABILIZADORA-02.jpg 1280w, https:\/\/elcristaldigital.org\/wp-content\/uploads\/2022\/05\/PLANTA-POTABILIZADORA-02-300x146.jpg 300w, https:\/\/elcristaldigital.org\/wp-content\/uploads\/2022\/05\/PLANTA-POTABILIZADORA-02-768x373.jpg 768w\" sizes=\"auto, (max-width: 1280px) 100vw, 1280px\" \/><\/figure>\n<\/figure>\n\n\n\n<p class=\"has-text-align-center has-vivid-red-color has-luminous-vivid-amber-background-color has-text-color has-background\"><strong><u>PROYECTO \u201cPINTO MI ESCUELA\u201d<\/u><\/strong><\/p>\n\n\n\n<div class=\"wp-block-media-text alignwide is-stacked-on-mobile\"><figure class=\"wp-block-media-text__media\"><img loading=\"lazy\" decoding=\"async\" width=\"607\" height=\"1080\" src=\"https:\/\/elcristaldigital.org\/wp-content\/uploads\/2022\/05\/PINTO-MI-ESCUELA.jpg\" alt=\"\" class=\"wp-image-577 size-full\" srcset=\"https:\/\/elcristaldigital.org\/wp-content\/uploads\/2022\/05\/PINTO-MI-ESCUELA.jpg 607w, https:\/\/elcristaldigital.org\/wp-content\/uploads\/2022\/05\/PINTO-MI-ESCUELA-169x300.jpg 169w\" sizes=\"auto, (max-width: 607px) 100vw, 607px\" \/><\/figure><div class=\"wp-block-media-text__content\">\n<p class=\"has-medium-font-size\">En la escuela primaria se lanz\u00f3 el proyecto &#8220;pinto mi escuela&#8221;, un plan ideado por la 382 que consiste en colocar un fondo (cuotas en efectivo o por transferencia) para poder solventar los gastos que se necesitan para comprar las pinturas. &nbsp;Este pago se puede realizar hasta el mes de septiembre y es sin obligaci\u00f3n<\/p>\n<\/div><\/div>\n\n\n\n<p><\/p>\n\n\n\n<p class=\"has-text-align-center has-vivid-red-color has-luminous-vivid-amber-background-color has-text-color has-background\"><strong><u>VOLVI\u00d3 A RAMONA EL CERTAMEN DE DECISIONES EMPRESARIALES<\/u><\/strong><\/p>\n\n\n\n<p class=\"has-text-align-center has-vivid-red-color has-luminous-vivid-amber-background-color has-text-color has-background\"><strong><u>&nbsp;\u201cSEMBRANDO EMPRESARIOS\u201d<\/u><\/strong><\/p>\n\n\n\n<p>Despu\u00e9s de dos a\u00f1os de pandemia por COVID-19, la Escuela de Educaci\u00f3n Secundaria Orientada Particular Incorporada N\u00b0 3023 \u201cSan Jos\u00e9 de Calasanz\u201d de la localidad de Ramona, organiz\u00f3 la tercera edici\u00f3n del Certamen \u201cSembrando Empresarios\u201d. La jornada se llev\u00f3 a cabo el jueves 28 de abril desde las 8:30 horas en el NIDO, ubicado el Predio Comunal.<\/p>\n\n\n\n<p>En la presentaci\u00f3n del evento estuvieron presentes representantes de instituciones y empresas de la localidad que colaboraron con aportes econ\u00f3micos para la realizaci\u00f3n de este certamen.<\/p>\n\n\n\n<p>Participaron de la competencia 24 equipos, 10 de la localidad de Ramona, 5 de la EESO N\u00b0 252 de Vila, 5 de la E.E.S.O. N\u00b0 705 de la localidad de Eusebia y 4 equipos de la EESO N\u00b0&nbsp; 247 de Colonia Aldao.<\/p>\n\n\n\n<p>Se vivi\u00f3 una intensa y hermosa jornada, una linda experiencia para los estudiantes donde se vio reflejado el trabajo \u00e1ulico y se plasm\u00f3 el aprendizaje de los contenidos contables.<\/p>\n\n\n\n<p>El primer puesto lo obtuvo un equipo de alumnos de 5\u00b0 a\u00f1o de la EESOPI 3023, el segundo puesto para un equipo conformado por alumnos de 5\u00b0 a\u00f1o de la misma escuela. El tercer lugar lo consigui\u00f3 un equipo de 4\u00b0 a\u00f1o de la EESOPI y el cuarto lugar para un grupo de la E.E.S.O. 705 de la localidad de Eusebia. Estos equipos se hicieron merecedores de participar en la final nacional que se jugar\u00e1 en el mes de noviembre. Aquellos equipos que no hay podido clasificar podr\u00e1n jugar nuevamente en el Certamen \u201cRepechaje\u201d que se realizar\u00e1 en el mes de septiembre del corriente a\u00f1o, nuevamente en nuestra sede regional de Ramona.<\/p>\n\n\n\n<figure class=\"wp-block-gallery has-nested-images columns-default is-cropped wp-block-gallery-4 is-layout-flex wp-block-gallery-is-layout-flex\">\n<figure class=\"wp-block-image size-large\"><img loading=\"lazy\" decoding=\"async\" width=\"1152\" height=\"864\" data-id=\"553\" src=\"https:\/\/elcristaldigital.org\/wp-content\/uploads\/2022\/05\/WhatsApp-Image-2022-04-28-at-6.36.50-PM.jpeg\" alt=\"\" class=\"wp-image-553\" srcset=\"https:\/\/elcristaldigital.org\/wp-content\/uploads\/2022\/05\/WhatsApp-Image-2022-04-28-at-6.36.50-PM.jpeg 1152w, https:\/\/elcristaldigital.org\/wp-content\/uploads\/2022\/05\/WhatsApp-Image-2022-04-28-at-6.36.50-PM-300x225.jpeg 300w, https:\/\/elcristaldigital.org\/wp-content\/uploads\/2022\/05\/WhatsApp-Image-2022-04-28-at-6.36.50-PM-768x576.jpeg 768w\" sizes=\"auto, (max-width: 1152px) 100vw, 1152px\" \/><\/figure>\n\n\n\n<figure class=\"wp-block-image size-large\"><img loading=\"lazy\" decoding=\"async\" width=\"810\" height=\"1080\" data-id=\"554\" src=\"https:\/\/elcristaldigital.org\/wp-content\/uploads\/2022\/05\/WhatsApp-Image-2022-04-28-at-8.16.06-PM-810x1080.jpeg\" alt=\"\" class=\"wp-image-554\" srcset=\"https:\/\/elcristaldigital.org\/wp-content\/uploads\/2022\/05\/WhatsApp-Image-2022-04-28-at-8.16.06-PM-810x1080.jpeg 810w, https:\/\/elcristaldigital.org\/wp-content\/uploads\/2022\/05\/WhatsApp-Image-2022-04-28-at-8.16.06-PM-225x300.jpeg 225w, https:\/\/elcristaldigital.org\/wp-content\/uploads\/2022\/05\/WhatsApp-Image-2022-04-28-at-8.16.06-PM-768x1024.jpeg 768w, https:\/\/elcristaldigital.org\/wp-content\/uploads\/2022\/05\/WhatsApp-Image-2022-04-28-at-8.16.06-PM-1152x1536.jpeg 1152w, https:\/\/elcristaldigital.org\/wp-content\/uploads\/2022\/05\/WhatsApp-Image-2022-04-28-at-8.16.06-PM.jpeg 1200w\" sizes=\"auto, (max-width: 810px) 100vw, 810px\" \/><\/figure>\n\n\n\n<figure class=\"wp-block-image size-large\"><img loading=\"lazy\" decoding=\"async\" width=\"810\" height=\"1080\" data-id=\"555\" src=\"https:\/\/elcristaldigital.org\/wp-content\/uploads\/2022\/05\/WhatsApp-Image-2022-04-28-at-8.17.03-PM-810x1080.jpeg\" alt=\"\" class=\"wp-image-555\" srcset=\"https:\/\/elcristaldigital.org\/wp-content\/uploads\/2022\/05\/WhatsApp-Image-2022-04-28-at-8.17.03-PM-810x1080.jpeg 810w, https:\/\/elcristaldigital.org\/wp-content\/uploads\/2022\/05\/WhatsApp-Image-2022-04-28-at-8.17.03-PM-225x300.jpeg 225w, https:\/\/elcristaldigital.org\/wp-content\/uploads\/2022\/05\/WhatsApp-Image-2022-04-28-at-8.17.03-PM-768x1024.jpeg 768w, https:\/\/elcristaldigital.org\/wp-content\/uploads\/2022\/05\/WhatsApp-Image-2022-04-28-at-8.17.03-PM-1152x1536.jpeg 1152w, https:\/\/elcristaldigital.org\/wp-content\/uploads\/2022\/05\/WhatsApp-Image-2022-04-28-at-8.17.03-PM.jpeg 1200w\" sizes=\"auto, (max-width: 810px) 100vw, 810px\" \/><\/figure>\n\n\n\n<figure class=\"wp-block-image size-large\"><img loading=\"lazy\" decoding=\"async\" width=\"810\" height=\"1080\" data-id=\"556\" src=\"https:\/\/elcristaldigital.org\/wp-content\/uploads\/2022\/05\/WhatsApp-Image-2022-04-28-at-8.17.36-PM-810x1080.jpeg\" alt=\"\" class=\"wp-image-556\" srcset=\"https:\/\/elcristaldigital.org\/wp-content\/uploads\/2022\/05\/WhatsApp-Image-2022-04-28-at-8.17.36-PM-810x1080.jpeg 810w, https:\/\/elcristaldigital.org\/wp-content\/uploads\/2022\/05\/WhatsApp-Image-2022-04-28-at-8.17.36-PM-225x300.jpeg 225w, https:\/\/elcristaldigital.org\/wp-content\/uploads\/2022\/05\/WhatsApp-Image-2022-04-28-at-8.17.36-PM-768x1024.jpeg 768w, https:\/\/elcristaldigital.org\/wp-content\/uploads\/2022\/05\/WhatsApp-Image-2022-04-28-at-8.17.36-PM-1152x1536.jpeg 1152w, https:\/\/elcristaldigital.org\/wp-content\/uploads\/2022\/05\/WhatsApp-Image-2022-04-28-at-8.17.36-PM.jpeg 1200w\" sizes=\"auto, (max-width: 810px) 100vw, 810px\" \/><\/figure>\n\n\n\n<figure class=\"wp-block-image size-large\"><img loading=\"lazy\" decoding=\"async\" width=\"1440\" height=\"1080\" data-id=\"557\" src=\"https:\/\/elcristaldigital.org\/wp-content\/uploads\/2022\/05\/WhatsApp-Image-2022-04-28-at-8.23.54-PM-1440x1080.jpeg\" alt=\"\" class=\"wp-image-557\" srcset=\"https:\/\/elcristaldigital.org\/wp-content\/uploads\/2022\/05\/WhatsApp-Image-2022-04-28-at-8.23.54-PM-1440x1080.jpeg 1440w, https:\/\/elcristaldigital.org\/wp-content\/uploads\/2022\/05\/WhatsApp-Image-2022-04-28-at-8.23.54-PM-300x225.jpeg 300w, https:\/\/elcristaldigital.org\/wp-content\/uploads\/2022\/05\/WhatsApp-Image-2022-04-28-at-8.23.54-PM-768x576.jpeg 768w, https:\/\/elcristaldigital.org\/wp-content\/uploads\/2022\/05\/WhatsApp-Image-2022-04-28-at-8.23.54-PM-1536x1152.jpeg 1536w, https:\/\/elcristaldigital.org\/wp-content\/uploads\/2022\/05\/WhatsApp-Image-2022-04-28-at-8.23.54-PM.jpeg 1600w\" sizes=\"auto, (max-width: 1440px) 100vw, 1440px\" \/><\/figure>\n\n\n\n<figure class=\"wp-block-image size-large\"><img loading=\"lazy\" decoding=\"async\" width=\"1440\" height=\"1080\" data-id=\"558\" src=\"https:\/\/elcristaldigital.org\/wp-content\/uploads\/2022\/05\/WhatsApp-Image-2022-04-28-at-9.14.27-PM-1440x1080.jpeg\" alt=\"\" class=\"wp-image-558\" srcset=\"https:\/\/elcristaldigital.org\/wp-content\/uploads\/2022\/05\/WhatsApp-Image-2022-04-28-at-9.14.27-PM-1440x1080.jpeg 1440w, https:\/\/elcristaldigital.org\/wp-content\/uploads\/2022\/05\/WhatsApp-Image-2022-04-28-at-9.14.27-PM-300x225.jpeg 300w, https:\/\/elcristaldigital.org\/wp-content\/uploads\/2022\/05\/WhatsApp-Image-2022-04-28-at-9.14.27-PM-768x576.jpeg 768w, https:\/\/elcristaldigital.org\/wp-content\/uploads\/2022\/05\/WhatsApp-Image-2022-04-28-at-9.14.27-PM-1536x1152.jpeg 1536w, https:\/\/elcristaldigital.org\/wp-content\/uploads\/2022\/05\/WhatsApp-Image-2022-04-28-at-9.14.27-PM.jpeg 1600w\" sizes=\"auto, (max-width: 1440px) 100vw, 1440px\" \/><\/figure>\n\n\n\n<figure class=\"wp-block-image size-large\"><img loading=\"lazy\" decoding=\"async\" width=\"1440\" height=\"1080\" data-id=\"559\" src=\"https:\/\/elcristaldigital.org\/wp-content\/uploads\/2022\/05\/WhatsApp-Image-2022-04-28-at-9.17.35-PM-1440x1080.jpeg\" alt=\"\" class=\"wp-image-559\" srcset=\"https:\/\/elcristaldigital.org\/wp-content\/uploads\/2022\/05\/WhatsApp-Image-2022-04-28-at-9.17.35-PM-1440x1080.jpeg 1440w, https:\/\/elcristaldigital.org\/wp-content\/uploads\/2022\/05\/WhatsApp-Image-2022-04-28-at-9.17.35-PM-300x225.jpeg 300w, https:\/\/elcristaldigital.org\/wp-content\/uploads\/2022\/05\/WhatsApp-Image-2022-04-28-at-9.17.35-PM-768x576.jpeg 768w, https:\/\/elcristaldigital.org\/wp-content\/uploads\/2022\/05\/WhatsApp-Image-2022-04-28-at-9.17.35-PM-1536x1152.jpeg 1536w, https:\/\/elcristaldigital.org\/wp-content\/uploads\/2022\/05\/WhatsApp-Image-2022-04-28-at-9.17.35-PM.jpeg 1600w\" sizes=\"auto, (max-width: 1440px) 100vw, 1440px\" \/><\/figure>\n\n\n\n<figure class=\"wp-block-image size-large\"><img loading=\"lazy\" decoding=\"async\" width=\"1440\" height=\"1080\" data-id=\"560\" src=\"https:\/\/elcristaldigital.org\/wp-content\/uploads\/2022\/05\/WhatsApp-Image-2022-04-28-at-9.17.36-PM-1440x1080.jpeg\" alt=\"\" class=\"wp-image-560\" srcset=\"https:\/\/elcristaldigital.org\/wp-content\/uploads\/2022\/05\/WhatsApp-Image-2022-04-28-at-9.17.36-PM-1440x1080.jpeg 1440w, https:\/\/elcristaldigital.org\/wp-content\/uploads\/2022\/05\/WhatsApp-Image-2022-04-28-at-9.17.36-PM-300x225.jpeg 300w, https:\/\/elcristaldigital.org\/wp-content\/uploads\/2022\/05\/WhatsApp-Image-2022-04-28-at-9.17.36-PM-768x576.jpeg 768w, https:\/\/elcristaldigital.org\/wp-content\/uploads\/2022\/05\/WhatsApp-Image-2022-04-28-at-9.17.36-PM-1536x1152.jpeg 1536w, https:\/\/elcristaldigital.org\/wp-content\/uploads\/2022\/05\/WhatsApp-Image-2022-04-28-at-9.17.36-PM.jpeg 1600w\" sizes=\"auto, (max-width: 1440px) 100vw, 1440px\" \/><\/figure>\n\n\n\n<figure class=\"wp-block-image size-large\"><img loading=\"lazy\" decoding=\"async\" width=\"1440\" height=\"1080\" data-id=\"561\" src=\"https:\/\/elcristaldigital.org\/wp-content\/uploads\/2022\/05\/WhatsApp-Image-2022-04-29-at-6.19.41-PM-1440x1080.jpeg\" alt=\"\" class=\"wp-image-561\" srcset=\"https:\/\/elcristaldigital.org\/wp-content\/uploads\/2022\/05\/WhatsApp-Image-2022-04-29-at-6.19.41-PM-1440x1080.jpeg 1440w, https:\/\/elcristaldigital.org\/wp-content\/uploads\/2022\/05\/WhatsApp-Image-2022-04-29-at-6.19.41-PM-300x225.jpeg 300w, https:\/\/elcristaldigital.org\/wp-content\/uploads\/2022\/05\/WhatsApp-Image-2022-04-29-at-6.19.41-PM-768x576.jpeg 768w, https:\/\/elcristaldigital.org\/wp-content\/uploads\/2022\/05\/WhatsApp-Image-2022-04-29-at-6.19.41-PM-1536x1152.jpeg 1536w, https:\/\/elcristaldigital.org\/wp-content\/uploads\/2022\/05\/WhatsApp-Image-2022-04-29-at-6.19.41-PM.jpeg 1600w\" sizes=\"auto, (max-width: 1440px) 100vw, 1440px\" \/><\/figure>\n<\/figure>\n\n\n\n<p class=\"has-vivid-red-color has-luminous-vivid-amber-background-color has-text-color has-background\"><strong>CERTAMEN DE DECISIONES EMPRESARIALES QUE SE JUGAR\u00c1 EN RAMONA.<\/strong><\/p>\n\n\n\n<figure class=\"wp-block-gallery has-nested-images columns-default is-cropped wp-block-gallery-5 is-layout-flex wp-block-gallery-is-layout-flex\">\n<figure class=\"wp-block-image size-medium\"><img loading=\"lazy\" decoding=\"async\" width=\"300\" height=\"300\" data-id=\"500\" src=\"https:\/\/elcristaldigital.org\/wp-content\/uploads\/2022\/04\/Flyer-Ramona-300x300.png\" alt=\"\" class=\"wp-image-500\" srcset=\"https:\/\/elcristaldigital.org\/wp-content\/uploads\/2022\/04\/Flyer-Ramona-300x300.png 300w, https:\/\/elcristaldigital.org\/wp-content\/uploads\/2022\/04\/Flyer-Ramona-150x150.png 150w, https:\/\/elcristaldigital.org\/wp-content\/uploads\/2022\/04\/Flyer-Ramona-768x768.png 768w, https:\/\/elcristaldigital.org\/wp-content\/uploads\/2022\/04\/Flyer-Ramona-100x100.png 100w, https:\/\/elcristaldigital.org\/wp-content\/uploads\/2022\/04\/Flyer-Ramona.png 1080w\" sizes=\"auto, (max-width: 300px) 100vw, 300px\" \/><\/figure>\n\n\n\n<figure class=\"wp-block-image size-medium\"><img loading=\"lazy\" decoding=\"async\" width=\"212\" height=\"300\" data-id=\"502\" src=\"https:\/\/elcristaldigital.org\/wp-content\/uploads\/2022\/04\/WhatsApp-Image-2022-04-14-at-1.17.18-PM-212x300.jpeg\" alt=\"\" class=\"wp-image-502\" srcset=\"https:\/\/elcristaldigital.org\/wp-content\/uploads\/2022\/04\/WhatsApp-Image-2022-04-14-at-1.17.18-PM-212x300.jpeg 212w, https:\/\/elcristaldigital.org\/wp-content\/uploads\/2022\/04\/WhatsApp-Image-2022-04-14-at-1.17.18-PM.jpeg 720w\" sizes=\"auto, (max-width: 212px) 100vw, 212px\" \/><\/figure>\n<\/figure>\n\n\n\n<p class=\"has-text-align-center has-vivid-red-color has-luminous-vivid-amber-background-color has-text-color has-background\"><strong>FORMANDO EMPRENDEDORES<\/strong><\/p>\n\n\n\n<p>Cuatro alumnos de 3\u00b0a\u00f1o de la E.E.S.O.P.I N\u00b03023 compitieron de forma virtual en el Certamen \u201cFormando Emprendedores\u201d donde participaron en instancia provincial, resultando finalistas del mismo.<\/p>\n\n\n\n<p>Los alumnos conformantes del grupo ganador, Bruno Depetris, Milagros Rickert, Juan Andr\u00e9s Salusso y Valeria Sola volver\u00e1n a jugar en la competencia de forma virtual en instancia nacional inici\u00e1ndose el 18 de octubre y continuando hasta el 22 del corriente mes,&nbsp; donde su equipo lleva el nombre \u201cProgresans\u201d<\/p>\n","protected":false},"excerpt":{"rendered":"<p>REUNI\u00d3N CON EL EQUIPO T\u00c9CNICO DE APADIR (RAFAELA) La Ley de Educaci\u00f3n N\u00b0 26206 sancionada en el 2006 donde se garantiza el derecho a la educaci\u00f3n de las personas con discapacidad en todos los niveles y modalidades, define a la Educaci\u00f3n Especial como transversal a todo el sistema educativo. Se reconoce a las personas con [&hellip;]<\/p>\n","protected":false},"author":1,"featured_media":0,"parent":0,"menu_order":0,"comment_status":"closed","ping_status":"closed","template":"","meta":{"footnotes":""},"class_list":["post-83","page","type-page","status-publish","hentry"],"_links":{"self":[{"href":"https:\/\/elcristaldigital.org\/index.php\/wp-json\/wp\/v2\/pages\/83","targetHints":{"allow":["GET"]}}],"collection":[{"href":"https:\/\/elcristaldigital.org\/index.php\/wp-json\/wp\/v2\/pages"}],"about":[{"href":"https:\/\/elcristaldigital.org\/index.php\/wp-json\/wp\/v2\/types\/page"}],"author":[{"embeddable":true,"href":"https:\/\/elcristaldigital.org\/index.php\/wp-json\/wp\/v2\/users\/1"}],"replies":[{"embeddable":true,"href":"https:\/\/elcristaldigital.org\/index.php\/wp-json\/wp\/v2\/comments?post=83"}],"version-history":[{"count":10,"href":"https:\/\/elcristaldigital.org\/index.php\/wp-json\/wp\/v2\/pages\/83\/revisions"}],"predecessor-version":[{"id":646,"href":"https:\/\/elcristaldigital.org\/index.php\/wp-json\/wp\/v2\/pages\/83\/revisions\/646"}],"wp:attachment":[{"href":"https:\/\/elcristaldigital.org\/index.php\/wp-json\/wp\/v2\/media?parent=83"}],"curies":[{"name":"wp","href":"https:\/\/api.w.org\/{rel}","templated":true}]}}