{"id":790,"date":"2022-07-29T20:50:56","date_gmt":"2022-07-29T23:50:56","guid":{"rendered":"https:\/\/elcristaldigital.org\/?page_id=790"},"modified":"2025-05-27T18:08:45","modified_gmt":"2025-05-27T21:08:45","slug":"raton-de-biblioteca-2","status":"publish","type":"page","link":"https:\/\/elcristaldigital.org\/index.php\/raton-de-biblioteca-2\/","title":{"rendered":"Rat\u00f3n de Biblioteca"},"content":{"rendered":"\n<h4 class=\"wp-block-heading has-text-align-center has-background\" style=\"background-color:#49a24a\">&#8220;Hasta que nos quedemos sin estrellas&#8221;, de Inma Rubiales.<\/h4>\n\n\n\n<p>Liam ha perdido su pasi\u00f3n por YouTube. Est\u00e1 metido en una relaci\u00f3n falsa que ha tenido un resultado catastr\u00f3fico.<br>Maia tiene pesadillas desde la noche del accidente. Todos los d\u00edas va al hospital a visitar a una estrella cuya luz se tambalea.<br>Un cumplea\u00f1os ca\u00f3tico. Una botella de vodka y un youtuber borracho que acaba durmiendo en el coche de una desconocida<br>\u00bfQu\u00e9 mejor combinaci\u00f3n para conseguir que dos astros colisionen?<\/p>\n\n\n<div class=\"wp-block-image\">\n<figure class=\"aligncenter size-full is-resized\"><img loading=\"lazy\" decoding=\"async\" width=\"652\" height=\"1000\" src=\"https:\/\/elcristaldigital.org\/wp-content\/uploads\/2022\/10\/WhatsApp-Image-2022-10-13-at-5.48.16-PM.jpeg\" alt=\"\" class=\"wp-image-1139\" style=\"width:312px;height:479px\" srcset=\"https:\/\/elcristaldigital.org\/wp-content\/uploads\/2022\/10\/WhatsApp-Image-2022-10-13-at-5.48.16-PM.jpeg 652w, https:\/\/elcristaldigital.org\/wp-content\/uploads\/2022\/10\/WhatsApp-Image-2022-10-13-at-5.48.16-PM-196x300.jpeg 196w\" sizes=\"auto, (max-width: 652px) 100vw, 652px\" \/><\/figure>\n<\/div>\n\n\n<h4 class=\"wp-block-heading has-text-align-center has-background\" style=\"background-color:#49a24a\">&#8220;Violeta&#8221;, de Isabel Allende<\/h4>\n\n\n\n<p>Violeta viene al mundo un tormentoso d\u00eda de 1920, siendo la primera ni\u00f1a de una familia de cinco bulliciosos hermanos. Desde el principio su vida estar\u00e1 marcada por acontecimientos extraordinarios, pues todav\u00eda se sienten las ondas expansivas de la Gran Guerra cuando la gripe espa\u00f1ola llega a las orillas de su pa\u00eds sudamericano natal, casi en el momento exacto de su nacimiento.<\/p>\n\n\n<div class=\"wp-block-image\">\n<figure class=\"aligncenter size-full is-resized\"><img loading=\"lazy\" decoding=\"async\" width=\"1000\" height=\"1000\" src=\"https:\/\/elcristaldigital.org\/wp-content\/uploads\/2022\/09\/IMG-20220927-WA0074.jpg\" alt=\"\" class=\"wp-image-1043\" style=\"width:443px;height:443px\" srcset=\"https:\/\/elcristaldigital.org\/wp-content\/uploads\/2022\/09\/IMG-20220927-WA0074.jpg 1000w, https:\/\/elcristaldigital.org\/wp-content\/uploads\/2022\/09\/IMG-20220927-WA0074-300x300.jpg 300w, https:\/\/elcristaldigital.org\/wp-content\/uploads\/2022\/09\/IMG-20220927-WA0074-150x150.jpg 150w, https:\/\/elcristaldigital.org\/wp-content\/uploads\/2022\/09\/IMG-20220927-WA0074-768x768.jpg 768w\" sizes=\"auto, (max-width: 1000px) 100vw, 1000px\" \/><\/figure>\n<\/div>\n\n\n<h4 class=\"wp-block-heading has-text-align-center has-background\" style=\"background-color:#49a24a\">&#8220;Boulevard&#8221; de Flor M. Salvador<\/h4>\n\n\n\n<p>Boulevard cuenta la historia de como Hasley Weigel se enamora de Luke Howland, un chico rebelde y con problemas, que fuma en las gradas de la escuela. Ella se lo cruza al llegar tarde un d\u00eda, y luego de eso comienza su traves\u00eda amorosa juntos.<\/p>\n\n\n<div class=\"wp-block-image\">\n<figure class=\"aligncenter size-full is-resized\"><img loading=\"lazy\" decoding=\"async\" width=\"334\" height=\"500\" src=\"https:\/\/elcristaldigital.org\/wp-content\/uploads\/2022\/09\/D_NQ_NP_862415-MLA46305973340_062021-O.jpg\" alt=\"\" class=\"wp-image-1035\" style=\"width:313px;height:468px\" srcset=\"https:\/\/elcristaldigital.org\/wp-content\/uploads\/2022\/09\/D_NQ_NP_862415-MLA46305973340_062021-O.jpg 334w, https:\/\/elcristaldigital.org\/wp-content\/uploads\/2022\/09\/D_NQ_NP_862415-MLA46305973340_062021-O-200x300.jpg 200w\" sizes=\"auto, (max-width: 334px) 100vw, 334px\" \/><\/figure>\n<\/div>\n\n\n<h4 class=\"wp-block-heading has-text-align-center has-background\" style=\"background-color:#49a24a\">&#8220;Soy una tonta por quererte&#8221;, de Camila Sosa Villada<\/h4>\n\n\n\n<p>En plena d\u00e9cada de los a\u00f1os 90 una mujer se gana la vida como novia de alquiler de hombres homosexuales. En un fumadero de Harlem una travesti latina conoce \u00edntimamente nada menos que a Billie Holiday. Un grupo de rugbiers regatea el precio de una noche de sexo y a cambio recibe su merecido. Monjas, abuelas, ni\u00f1os y perros nunca son lo que parecen. Los nueve relatos que componen este libro est\u00e1n habitados por personajes extravagantes y profundamente humanos que resisten de modos tan extra\u00f1os como ellos, frente a lo ominoso del mundo.<\/p>\n\n\n<div class=\"wp-block-image\">\n<figure class=\"aligncenter size-full is-resized\"><img loading=\"lazy\" decoding=\"async\" width=\"332\" height=\"500\" src=\"https:\/\/elcristaldigital.org\/wp-content\/uploads\/2022\/08\/9789876706711.jpg\" alt=\"\" class=\"wp-image-959\" style=\"width:309px;height:466px\" srcset=\"https:\/\/elcristaldigital.org\/wp-content\/uploads\/2022\/08\/9789876706711.jpg 332w, https:\/\/elcristaldigital.org\/wp-content\/uploads\/2022\/08\/9789876706711-199x300.jpg 199w\" sizes=\"auto, (max-width: 332px) 100vw, 332px\" \/><\/figure>\n<\/div>\n\n\n<h4 class=\"wp-block-heading has-text-align-center has-background\" style=\"background-color:#49a24a\">&#8220;El susurro de las mujeres&#8221;, de Gabriela Exilart<\/h4>\n\n\n\n<p>Esta novela narra el camino recorrido por las mujeres para conseguir el reconocimiento de sus derechos civiles y pol\u00edticos y reconstruye, con mirada exquisita y atenta, un per\u00edodo clave de la historia argentina que nos permite entender mejor el presente y la raz\u00f3n por la cual nuestra tierra fue y es tierra f\u00e9rtil de talentos e impulsos de cambio.<\/p>\n\n\n<div class=\"wp-block-image\">\n<figure class=\"aligncenter size-full is-resized\"><img loading=\"lazy\" decoding=\"async\" width=\"720\" height=\"720\" src=\"https:\/\/elcristaldigital.org\/wp-content\/uploads\/2022\/08\/WhatsApp-Image-2022-08-18-at-6.08.56-PM.jpeg\" alt=\"\" class=\"wp-image-957\" style=\"width:440px;height:440px\" srcset=\"https:\/\/elcristaldigital.org\/wp-content\/uploads\/2022\/08\/WhatsApp-Image-2022-08-18-at-6.08.56-PM.jpeg 720w, https:\/\/elcristaldigital.org\/wp-content\/uploads\/2022\/08\/WhatsApp-Image-2022-08-18-at-6.08.56-PM-300x300.jpeg 300w, https:\/\/elcristaldigital.org\/wp-content\/uploads\/2022\/08\/WhatsApp-Image-2022-08-18-at-6.08.56-PM-150x150.jpeg 150w\" sizes=\"auto, (max-width: 720px) 100vw, 720px\" \/><\/figure>\n<\/div>\n\n\n<h4 class=\"wp-block-heading has-text-align-center has-background\" style=\"background-color:#49a24a\">&#8220;Fleur: mi desesperada decisi\u00f3n&#8221;, de Ariana Godoy<\/h4>\n\n\n\n<p>&#8220;Fleur: Mi desesperada decisi\u00f3n&#8221;, es un libro escrito por Ariana Godoy, una conocida escritora venezolana. \u00c9ste pertenece a la trilog\u00eda &#8220;Darks&#8221; y, particularmente, es el libro que le da inicio a la misma. El tomo nos cuenta la historia de Fleur Dupont, una ni\u00f1a enviada al psiqui\u00e1trico luego del misterioso asesinato de sus padres. En \u00e9l experimentar\u00e1 diversas vivencias y descubrir\u00e1, con el paso de los a\u00f1os, qui\u00e9n fue el verdadero culpable de su traum\u00e1tica experiencia. \u00bfTe \u00e1nimas a adentrarte en su atrapante historia?<\/p>\n\n\n<div class=\"wp-block-image is-style-default\">\n<figure class=\"aligncenter size-full is-resized\"><img loading=\"lazy\" decoding=\"async\" width=\"1080\" height=\"1080\" src=\"https:\/\/elcristaldigital.org\/wp-content\/uploads\/2022\/07\/WhatsApp-Image-2022-07-28-at-6.28.43-PM-1.jpeg\" alt=\"\" class=\"wp-image-801\" style=\"width:540px;height:540px\" srcset=\"https:\/\/elcristaldigital.org\/wp-content\/uploads\/2022\/07\/WhatsApp-Image-2022-07-28-at-6.28.43-PM-1.jpeg 1080w, https:\/\/elcristaldigital.org\/wp-content\/uploads\/2022\/07\/WhatsApp-Image-2022-07-28-at-6.28.43-PM-1-300x300.jpeg 300w, https:\/\/elcristaldigital.org\/wp-content\/uploads\/2022\/07\/WhatsApp-Image-2022-07-28-at-6.28.43-PM-1-150x150.jpeg 150w, https:\/\/elcristaldigital.org\/wp-content\/uploads\/2022\/07\/WhatsApp-Image-2022-07-28-at-6.28.43-PM-1-768x768.jpeg 768w\" sizes=\"auto, (max-width: 1080px) 100vw, 1080px\" \/><\/figure>\n<\/div>\n\n\n<h4 class=\"wp-block-heading has-text-align-center has-background\" style=\"background-color:#49a24a\">&#8220;Las alas de Sophie&#8221;, de Alice Kellen<\/h4>\n\n\n\n<p>Una chica. Un adi\u00f3s y un comienzo. Dos historias de amor. Cuando Sophie se enamor\u00f3 de Simon, supo que juntos tejer\u00edan una inolvidable historia llena de vivencias y canciones, pero todo acab\u00f3 una noche de enero y sus sue\u00f1os se quedaron congelados en aquel invierno eterno, el m\u00e1s largo y fr\u00edo que nunca pudo imaginar; hasta que el hielo empieza a derretirse para que \u00c1msterdam se vista de primavera. Entonces, Sophie descubre que Koen estar\u00e1 a su lado cuando decida alzar el vuelo, que su familia y amigos son su br\u00fajula, que ganar requiere de ingenio y que el coraz\u00f3n sigue sus propias reglas.<\/p>\n\n\n<div class=\"wp-block-image\">\n<figure class=\"aligncenter size-full is-resized\"><img loading=\"lazy\" decoding=\"async\" width=\"237\" height=\"360\" src=\"https:\/\/elcristaldigital.org\/wp-content\/uploads\/2022\/07\/ab8c1ffd42eca882112f7b85d631db12.webp\" alt=\"\" class=\"wp-image-808\" style=\"width:278px;height:423px\" srcset=\"https:\/\/elcristaldigital.org\/wp-content\/uploads\/2022\/07\/ab8c1ffd42eca882112f7b85d631db12.webp 237w, https:\/\/elcristaldigital.org\/wp-content\/uploads\/2022\/07\/ab8c1ffd42eca882112f7b85d631db12-198x300.webp 198w\" sizes=\"auto, (max-width: 237px) 100vw, 237px\" \/><\/figure>\n<\/div>\n\n\n<h4 class=\"wp-block-heading has-text-align-center has-background\" style=\"background-color:#49a24a\">&#8220;Estr\u00e9s, sufrimiento y felicidad&#8221;, de Daniel L\u00f3pez Rosetti<\/h4>\n\n\n\n<p>La idea fuerza de este libro parte de una frase de Buda: &#8216;El dolor es inevitable pero el sufrimiento es optativo&#8217;. Para transformar el sufrimiento en bienestar, Daniel Lopez Rosetti propone gestionar la realidad a trav\u00e9s de la sociabilizaci\u00f3n. De manera clara y precisa describe el sistema del estr\u00e9s, el impacto negativo del dolor emocional y f\u00edsico y la influencia que tienen en la calidad de vida. Ofrece, adem\u00e1s, recursos eficaces, f\u00e1ciles de aprender: t\u00e9cnicas de respiraci\u00f3n, de relajaci\u00f3n psicof\u00edsica y de meditaci\u00f3n mindfulness. Tambi\u00e9n nos introduce de manera sencilla en una herramienta clave: la sabidur\u00eda de la filosof\u00eda estoica.<\/p>\n\n\n<div class=\"wp-block-image\">\n<figure class=\"aligncenter size-full is-resized\"><img loading=\"lazy\" decoding=\"async\" width=\"500\" height=\"800\" src=\"https:\/\/elcristaldigital.org\/wp-content\/uploads\/2022\/07\/WhatsApp-Image-2022-07-28-at-6.28.44-PM-1-edited.jpeg\" alt=\"\" class=\"wp-image-811\" style=\"width:311px;height:498px\" srcset=\"https:\/\/elcristaldigital.org\/wp-content\/uploads\/2022\/07\/WhatsApp-Image-2022-07-28-at-6.28.44-PM-1-edited.jpeg 500w, https:\/\/elcristaldigital.org\/wp-content\/uploads\/2022\/07\/WhatsApp-Image-2022-07-28-at-6.28.44-PM-1-edited-188x300.jpeg 188w\" sizes=\"auto, (max-width: 500px) 100vw, 500px\" \/><\/figure>\n<\/div>\n\n\n<h4 class=\"wp-block-heading has-text-align-center has-background\" style=\"background-color:#49a24a\">&#8220;El chico que dibujaba constelaciones&#8221;, de Alice Kellen<\/h4>\n\n\n\n<p>Esta es una historia de amor, de sue\u00f1os y de vida. La de Valentina. La chica que no sab\u00eda que ten\u00eda el mundo a sus pies, la que creci\u00f3 y empez\u00f3 a pensar en imposibles. La que cazaba estrellas, la que anhelaba m\u00e1s, la que tropez\u00f3 con \u00e9l. Con Gabriel. El chico que dibujaba constelaciones, el valiente e idealista, el que confi\u00f3 en las palabras \u00abpara siempre\u00bb, y cre\u00f3 los pilares que terminaron sosteniendo el pasado, el ahora, lo que fueron y los recuerdos que se convertir\u00e1n en polvo.<\/p>\n\n\n<div class=\"wp-block-image\">\n<figure class=\"aligncenter size-full is-resized\"><img loading=\"lazy\" decoding=\"async\" width=\"489\" height=\"489\" src=\"https:\/\/elcristaldigital.org\/wp-content\/uploads\/2022\/07\/WhatsApp-Image-2022-07-28-at-6.28.42-PM-edited.jpeg\" alt=\"\" class=\"wp-image-813\" style=\"width:470px;height:413px\" srcset=\"https:\/\/elcristaldigital.org\/wp-content\/uploads\/2022\/07\/WhatsApp-Image-2022-07-28-at-6.28.42-PM-edited.jpeg 489w, https:\/\/elcristaldigital.org\/wp-content\/uploads\/2022\/07\/WhatsApp-Image-2022-07-28-at-6.28.42-PM-edited-300x300.jpeg 300w, https:\/\/elcristaldigital.org\/wp-content\/uploads\/2022\/07\/WhatsApp-Image-2022-07-28-at-6.28.42-PM-edited-150x150.jpeg 150w\" sizes=\"auto, (max-width: 489px) 100vw, 489px\" \/><\/figure>\n<\/div>\n\n\n<h4 class=\"wp-block-heading has-text-align-center has-background\" style=\"background-color:#49a24a\">&#8220;La larga marcha&#8221;, de Stephen King<\/h4>\n\n\n\n<p>El escenario: una sociedad ultraconservadora que ha llevado al paroxismo sus rasgos m\u00e1s perversos, dominada por un estado policial. El acontecimiento: la m\u00e1s extraordinaria competici\u00f3n deportiva, una agotadora marcha a pie donde un resbal\u00f3n puede ser el \u00faltimo. Los competidores: cien adolescentes elegidos por sorteo y decididos a pasar sobre los cad\u00e1veres de sus compa\u00f1eros para llegar a la meta. El premio: fama y fortuna para el ganador, es decir, para el \u00fanico superviviente\u2026 Solo uno ser\u00e1 el triunfador. Los 99 restantes morir\u00e1n.<\/p>\n\n\n<div class=\"wp-block-image\">\n<figure class=\"aligncenter size-full is-resized\"><img loading=\"lazy\" decoding=\"async\" width=\"550\" height=\"833\" src=\"https:\/\/elcristaldigital.org\/wp-content\/uploads\/2022\/07\/WhatsApp-Image-2022-07-28-at-6.28.43-PM.jpeg\" alt=\"\" class=\"wp-image-814\" style=\"width:286px;height:434px\" srcset=\"https:\/\/elcristaldigital.org\/wp-content\/uploads\/2022\/07\/WhatsApp-Image-2022-07-28-at-6.28.43-PM.jpeg 550w, https:\/\/elcristaldigital.org\/wp-content\/uploads\/2022\/07\/WhatsApp-Image-2022-07-28-at-6.28.43-PM-198x300.jpeg 198w\" sizes=\"auto, (max-width: 550px) 100vw, 550px\" \/><\/figure>\n<\/div>\n\n\n<h2 class=\"wp-block-heading alignfull has-text-align-center has-primary-color has-accent-background-color has-text-color has-background has-link-color wp-elements-ebbf439817111ad13beefbaa20f3c706\">BIBLIOTECA ESCOLAR Y POPULAR \u201cJOS\u00c9 HERN\u00c1NDEZ\u201d<\/h2>\n\n\n\n<p>El pasado martes 16 de abril, una alumna de cuarto a\u00f1o se acerc\u00f3 a la Biblioteca Escolar y Popular \u201cJos\u00e9 Hern\u00e1ndez\u201d para realizarle una entrevista a la bibliotecaria Jorgelina Torta, la cual, muy dispuesta nos coment\u00f3 que al momento de elegir una carrera estaba indecisa. Expres\u00f3 que las pasant\u00edas realizadas le permitieron tomar la decisi\u00f3n de su actual profesi\u00f3n. Adem\u00e1s, coment\u00f3 que le llama mucho la atenci\u00f3n como personas de todas las edades, sobre todo adolescentes, se interesan por la lectura. Agreg\u00f3 que la lectura es muy importante porque ampl\u00eda el vocabulario, lo que&nbsp; ayuda a conocer e interpretar diferentes y variadas situaciones desde cualquier \u00edndole.<\/p>\n\n\n\n<p>Para finalizar, recomend\u00f3 algunos de los \u00faltimos ingresos de libros:<\/p>\n\n\n\n<p>\u201cApia de Roma\u201d de Viviana Rivero.<\/p>\n\n\n\n<p>\u201cAtlas\u201d de Lucinda Riley.&nbsp;&nbsp;&nbsp;&nbsp;&nbsp;&nbsp;&nbsp;&nbsp;&nbsp;&nbsp;&nbsp;&nbsp;&nbsp;&nbsp;&nbsp;&nbsp;&nbsp;&nbsp;&nbsp;&nbsp;&nbsp;&nbsp;&nbsp;&nbsp;&nbsp;&nbsp;&nbsp;&nbsp;&nbsp;&nbsp;&nbsp;&nbsp;&nbsp;&nbsp;&nbsp;&nbsp;&nbsp;&nbsp;&nbsp;&nbsp;&nbsp;&nbsp;&nbsp;&nbsp;&nbsp;&nbsp;&nbsp;&nbsp;&nbsp;&nbsp;&nbsp;&nbsp;&nbsp;&nbsp;&nbsp;&nbsp;&nbsp;&nbsp;&nbsp;&nbsp;<\/p>\n\n\n\n<p>\u201cNo te olvidar\u00e9\u201d de Collen Hoover.<\/p>\n\n\n\n<p>\u201cAsesinato en el lago Sunrise\u201d de Christine Feehan.<\/p>\n\n\n\n<h3 class=\"wp-block-heading alignwide has-text-align-center has-primary-color has-accent-background-color has-text-color has-background has-link-color wp-elements-3d2496962ac0df410f71afda4d337844\">&#8220;VICTORIA&#8221; DE PALOMA S\u00c1NCHEZ-GARNICA<\/h3>\n\n\n\n<p>En el Berl\u00edn devastado de la posguerra, Victoria sobrevive cantando en un club nocturno mientras cuida de su hija y su hermana. Un inesperado chantaje la obliga a viajar a Estados Unidos, donde se enfrenta al racismo y a las injusticias del Ku Klux Klan y la caza de brujas del senador McCarthy. En medio de este turbulento escenario, vive un amor imposible con el capit\u00e1n Norton. &#8220;Victoria&#8221;, la galardonada novela de Paloma S\u00e1nchez-Garnica con el Premio Planeta 2024, nos sumerge en una trama llena de suspenso, lucha y pasi\u00f3n, retratando magistralmente la compleja realidad pol\u00edtica y social de la \u00e9poca.<\/p>\n\n\n<div class=\"wp-block-image\">\n<figure class=\"aligncenter size-full is-resized\"><img loading=\"lazy\" decoding=\"async\" width=\"250\" height=\"384\" src=\"https:\/\/elcristaldigital.org\/wp-content\/uploads\/2025\/03\/image-7.png\" alt=\"\" class=\"wp-image-2143\" style=\"width:290px;height:auto\" srcset=\"https:\/\/elcristaldigital.org\/wp-content\/uploads\/2025\/03\/image-7.png 250w, https:\/\/elcristaldigital.org\/wp-content\/uploads\/2025\/03\/image-7-195x300.png 195w\" sizes=\"auto, (max-width: 250px) 100vw, 250px\" \/><\/figure>\n<\/div>\n\n\n<h3 class=\"wp-block-heading alignfull has-text-align-center has-primary-color has-accent-background-color has-text-color has-background has-link-color wp-elements-7a1301140e73fada0adadcfdd0b6a1b9\">ALICE KELLEN &#8220;EL D\u00cdA QUE DEJ\u00d3 DE NEVAR EN ALASKA&#8221;<\/h3>\n\n\n\n<p>El d\u00eda que dej\u00f3 de nevar en Alaska no cuenta solo una historia de amor: cuenta una historia de huida, de reencuentro y de esas batallas internas que muchas veces se libran en silencio, lejos de todo, en un rinc\u00f3n congelado del mundo\u2026 y del alma.<br>Heather huye de su vida, de sus errores y de ese ruido interno que muchas veces nos persigue aunque cambiemos de lugar. Llega a un rinc\u00f3n helado de Alaska, buscando silencio, y termina encontrando mucho m\u00e1s: cartas que sanan, paisajes que abrazan y a Nilak, un chico que tambi\u00e9n arrastra sus propias&nbsp;tormentas.<\/p>\n\n\n<div class=\"wp-block-image\">\n<figure class=\"aligncenter size-full is-resized\"><img loading=\"lazy\" decoding=\"async\" width=\"318\" height=\"461\" src=\"https:\/\/elcristaldigital.org\/wp-content\/uploads\/2025\/05\/Imagen-de-WhatsApp-2025-05-22-a-las-15.40.15_77cb0f72.jpg\" alt=\"\" class=\"wp-image-2352\" style=\"width:262px;height:auto\" srcset=\"https:\/\/elcristaldigital.org\/wp-content\/uploads\/2025\/05\/Imagen-de-WhatsApp-2025-05-22-a-las-15.40.15_77cb0f72.jpg 318w, https:\/\/elcristaldigital.org\/wp-content\/uploads\/2025\/05\/Imagen-de-WhatsApp-2025-05-22-a-las-15.40.15_77cb0f72-207x300.jpg 207w\" sizes=\"auto, (max-width: 318px) 100vw, 318px\" \/><\/figure>\n<\/div>\n\n\n<h3 class=\"wp-block-heading alignfull has-text-align-center has-primary-color has-accent-background-color has-text-color has-background has-link-color wp-elements-9d32fe369cf63e463f5612d0a7be6fcb\">FERIA DEL LIBRO<\/h3>\n\n\n\n<p>Una feria que sigue creciendo<br>La bibliotecaria Jorgelina Torta, de la Biblioteca Jos\u00e9 Hern\u00e1ndez, regres\u00f3 con gran entusiasmo de la Feria del Libro 2025, destacando el crecimiento del evento y la masiva concurrencia, especialmente de adolescentes. \u201cCada a\u00f1o hay m\u00e1s actividad y p\u00fablico\u201d,<br>cont\u00f3.<br>Uno de los momentos m\u00e1s valiosos fue compartir la experiencia con otras bibliotecarias, lo que enriqueci\u00f3 a\u00fan m\u00e1s el viaje. Adem\u00e1s, se\u00f1al\u00f3 una fuerte presencia de libros de autoayuda, reflexi\u00f3n y estilos de vida entre las novedades editoriales.<br>La selecci\u00f3n para su biblioteca se centr\u00f3 en novela rom\u00e1ntica y literatura infanto-juvenil, en base a los intereses de los lectores y sugerencias de instituciones locales.<br>\u201cEs una experiencia \u00fanica\u201d, concluy\u00f3 Jorgelina, e invit\u00f3 a quienes nunca fueron a animarse:<br>\u201cVale la pena vivirla\u201d.<\/p>\n","protected":false},"excerpt":{"rendered":"<p>&#8220;Hasta que nos quedemos sin estrellas&#8221;, de Inma Rubiales. Liam ha perdido su pasi\u00f3n por YouTube. Est\u00e1 metido en una relaci\u00f3n falsa que ha tenido un resultado catastr\u00f3fico.Maia tiene pesadillas desde la noche del accidente. Todos los d\u00edas va al hospital a visitar a una estrella cuya luz se tambalea.Un cumplea\u00f1os ca\u00f3tico. Una botella de [&hellip;]<\/p>\n","protected":false},"author":1,"featured_media":0,"parent":0,"menu_order":0,"comment_status":"closed","ping_status":"closed","template":"templates\/template-full-width.php","meta":{"footnotes":""},"class_list":["post-790","page","type-page","status-publish","hentry"],"_links":{"self":[{"href":"https:\/\/elcristaldigital.org\/index.php\/wp-json\/wp\/v2\/pages\/790","targetHints":{"allow":["GET"]}}],"collection":[{"href":"https:\/\/elcristaldigital.org\/index.php\/wp-json\/wp\/v2\/pages"}],"about":[{"href":"https:\/\/elcristaldigital.org\/index.php\/wp-json\/wp\/v2\/types\/page"}],"author":[{"embeddable":true,"href":"https:\/\/elcristaldigital.org\/index.php\/wp-json\/wp\/v2\/users\/1"}],"replies":[{"embeddable":true,"href":"https:\/\/elcristaldigital.org\/index.php\/wp-json\/wp\/v2\/comments?post=790"}],"version-history":[{"count":21,"href":"https:\/\/elcristaldigital.org\/index.php\/wp-json\/wp\/v2\/pages\/790\/revisions"}],"predecessor-version":[{"id":2365,"href":"https:\/\/elcristaldigital.org\/index.php\/wp-json\/wp\/v2\/pages\/790\/revisions\/2365"}],"wp:attachment":[{"href":"https:\/\/elcristaldigital.org\/index.php\/wp-json\/wp\/v2\/media?parent=790"}],"curies":[{"name":"wp","href":"https:\/\/api.w.org\/{rel}","templated":true}]}}