{"id":789,"date":"2022-07-29T20:50:56","date_gmt":"2022-07-29T23:50:56","guid":{"rendered":"https:\/\/elcristaldigital.org\/?page_id=789"},"modified":"2022-07-30T19:45:44","modified_gmt":"2022-07-30T22:45:44","slug":"educacion","status":"publish","type":"page","link":"https:\/\/elcristaldigital.org\/index.php\/educacion\/","title":{"rendered":"Educaci\u00f3n"},"content":{"rendered":"\n<h4 class=\"has-text-align-center has-background wp-block-heading\" style=\"background-color:#49a24a\">Primer festival de &#8220;COOPEMETRAJES 2022&#8221;<\/h4>\n\n\n\n<p>La E.E.S.O.P.I. N\u00b0 3023 \u201cSan Jos\u00e9 de Calasanz\u201d particip\u00f3 con su Cooperativa Escolar en el Primer Festival Audiovisual de Cooperativismo Escolar realizado el d\u00eda viernes 29 de julio del corriente a\u00f1o en la ciudad de Sunchales. Este evento fue organizado por el Instituto ICES con el objetivo de brindar un espacio dedicado a las cooperativas escolares de todo el pa\u00eds y aquellas en proceso de constituci\u00f3n con la idea de fortalecer sus identidades, la de sus integrantes y de la instituci\u00f3n a trav\u00e9s de un proceso productivo, creativo y did\u00e1ctico de gran valor comunicacional para el ecosistema educativo.<\/p>\n\n\n\n<p>Asistieron alumnos y docentes gu\u00edas en representaci\u00f3n de las cooperativas escolares de diferentes provincias (Santa Fe, C\u00f3rdoba, Entre R\u00edos, Misiones, Mendoza, Tierra del Fuego). Nuestra Cooperativa Escolar se hizo presente con algunos alumnos de 4to a\u00f1o acompa\u00f1ados por la docente gu\u00eda profesora Marcela Bessone y el director del establecimiento profesor Daniel Wenetz.<\/p>\n\n\n\n<p>Se present\u00f3 un cortometraje de g\u00e9nero drama llamado \u201cAlianza imprevista\u201d, armado, grabado y editado por los mismos alumnos, el cual permit\u00eda vislumbrar, entre otros, el valor cooperativista de la UNI\u00d3N.<\/p>\n\n\n\n<p>Es para nosotros una enorme satisfacci\u00f3n contar que, en esta primera edici\u00f3n, nuestra Cooperativa Escolar obtuvo el primer puesto, recibiendo como premio grandes aportes para seguir creciendo en el campo audiovisual. En relaci\u00f3n a esto, el jurado, integrado, entre otras personalidades, por el conocido actor Gast\u00f3n Ricaud, manifest\u00f3 que \u201ctomar riesgos es lo m\u00e1s importante porque de ah\u00ed salen las grandes cosas. Ustedes se animaron a escribir un guion, realizarlo t\u00e9cnicamente de principio a fin (y valoramos, en este aspecto, lo bien que estaba hecho, teniendo en cuenta la complejidad de la puesta en escena) y, siendo tantos los que participaron, la organizaci\u00f3n y la edici\u00f3n fueron elementos muy admirables. Por estas razones nos llam\u00f3 mucho la atenci\u00f3n el cortometraje e incluso nos pareci\u00f3 que era, en conjunto, el m\u00e1s completo\u201d.<\/p>\n\n\n\n<p>\u00a1A continuaci\u00f3n te compartimos el enlace del cortometraje para que puedas observarlo! https:\/\/drive.google.com\/file\/d\/1gxBgEbNhFPMGFTrhr5PEQiy_D5LU_fNv\/view?usp=drivesdk<\/p>\n\n\n\n<figure class=\"wp-block-gallery has-nested-images columns-default is-cropped wp-block-gallery-1 is-layout-flex wp-block-gallery-is-layout-flex\">\n<figure class=\"wp-block-image size-large\"><img loading=\"lazy\" decoding=\"async\" width=\"1299\" height=\"585\" data-id=\"824\" src=\"https:\/\/elcristaldigital.org\/wp-content\/uploads\/2022\/07\/WhatsApp-Image-2022-07-30-at-12.19.14-PM-edited.jpeg\" alt=\"\" class=\"wp-image-824\" srcset=\"https:\/\/elcristaldigital.org\/wp-content\/uploads\/2022\/07\/WhatsApp-Image-2022-07-30-at-12.19.14-PM-edited.jpeg 1299w, https:\/\/elcristaldigital.org\/wp-content\/uploads\/2022\/07\/WhatsApp-Image-2022-07-30-at-12.19.14-PM-edited-300x135.jpeg 300w, https:\/\/elcristaldigital.org\/wp-content\/uploads\/2022\/07\/WhatsApp-Image-2022-07-30-at-12.19.14-PM-edited-768x346.jpeg 768w, https:\/\/elcristaldigital.org\/wp-content\/uploads\/2022\/07\/WhatsApp-Image-2022-07-30-at-12.19.14-PM-edited-1200x540.jpeg 1200w\" sizes=\"auto, (max-width: 1299px) 100vw, 1299px\" \/><\/figure>\n<\/figure>\n\n\n<div class=\"wp-block-image\">\n<figure class=\"aligncenter size-full\"><img loading=\"lazy\" decoding=\"async\" width=\"960\" height=\"431\" src=\"https:\/\/elcristaldigital.org\/wp-content\/uploads\/2022\/07\/WhatsApp-Image-2022-07-30-at-12.20.59-PM-edited.jpeg\" alt=\"\" class=\"wp-image-820\" srcset=\"https:\/\/elcristaldigital.org\/wp-content\/uploads\/2022\/07\/WhatsApp-Image-2022-07-30-at-12.20.59-PM-edited.jpeg 960w, https:\/\/elcristaldigital.org\/wp-content\/uploads\/2022\/07\/WhatsApp-Image-2022-07-30-at-12.20.59-PM-edited-300x135.jpeg 300w, https:\/\/elcristaldigital.org\/wp-content\/uploads\/2022\/07\/WhatsApp-Image-2022-07-30-at-12.20.59-PM-edited-768x345.jpeg 768w\" sizes=\"auto, (max-width: 960px) 100vw, 960px\" \/><\/figure>\n<\/div>\n\n\n<figure class=\"wp-block-gallery has-nested-images columns-default is-cropped wp-block-gallery-2 is-layout-flex wp-block-gallery-is-layout-flex\">\n<figure class=\"wp-block-image size-large\"><img loading=\"lazy\" decoding=\"async\" width=\"1203\" height=\"902\" data-id=\"830\" src=\"https:\/\/elcristaldigital.org\/wp-content\/uploads\/2022\/07\/WhatsApp-Image-2022-07-30-at-2.30.44-PM-edited.jpeg\" alt=\"\" class=\"wp-image-830\" srcset=\"https:\/\/elcristaldigital.org\/wp-content\/uploads\/2022\/07\/WhatsApp-Image-2022-07-30-at-2.30.44-PM-edited.jpeg 1203w, https:\/\/elcristaldigital.org\/wp-content\/uploads\/2022\/07\/WhatsApp-Image-2022-07-30-at-2.30.44-PM-edited-300x225.jpeg 300w, https:\/\/elcristaldigital.org\/wp-content\/uploads\/2022\/07\/WhatsApp-Image-2022-07-30-at-2.30.44-PM-edited-768x576.jpeg 768w, https:\/\/elcristaldigital.org\/wp-content\/uploads\/2022\/07\/WhatsApp-Image-2022-07-30-at-2.30.44-PM-edited-1200x900.jpeg 1200w\" sizes=\"auto, (max-width: 1203px) 100vw, 1203px\" \/><\/figure>\n\n\n\n<figure class=\"wp-block-image size-large\"><img loading=\"lazy\" decoding=\"async\" width=\"1600\" height=\"900\" data-id=\"828\" src=\"https:\/\/elcristaldigital.org\/wp-content\/uploads\/2022\/07\/WhatsApp-Image-2022-07-30-at-2.38.55-PM-1.jpeg\" alt=\"\" class=\"wp-image-828\" srcset=\"https:\/\/elcristaldigital.org\/wp-content\/uploads\/2022\/07\/WhatsApp-Image-2022-07-30-at-2.38.55-PM-1.jpeg 1600w, https:\/\/elcristaldigital.org\/wp-content\/uploads\/2022\/07\/WhatsApp-Image-2022-07-30-at-2.38.55-PM-1-300x169.jpeg 300w, https:\/\/elcristaldigital.org\/wp-content\/uploads\/2022\/07\/WhatsApp-Image-2022-07-30-at-2.38.55-PM-1-768x432.jpeg 768w, https:\/\/elcristaldigital.org\/wp-content\/uploads\/2022\/07\/WhatsApp-Image-2022-07-30-at-2.38.55-PM-1-1536x864.jpeg 1536w, https:\/\/elcristaldigital.org\/wp-content\/uploads\/2022\/07\/WhatsApp-Image-2022-07-30-at-2.38.55-PM-1-1200x675.jpeg 1200w\" sizes=\"auto, (max-width: 1600px) 100vw, 1600px\" \/><\/figure>\n<\/figure>\n\n\n\n\n","protected":false},"excerpt":{"rendered":"<p>Primer festival de &#8220;COOPEMETRAJES 2022&#8221; La E.E.S.O.P.I. N\u00b0 3023 \u201cSan Jos\u00e9 de Calasanz\u201d particip\u00f3 con su Cooperativa Escolar en el Primer Festival Audiovisual de Cooperativismo Escolar realizado el d\u00eda viernes 29 de julio del corriente a\u00f1o en la ciudad de Sunchales. Este evento fue organizado por el Instituto ICES con el objetivo de brindar un [&hellip;]<\/p>\n","protected":false},"author":1,"featured_media":0,"parent":0,"menu_order":0,"comment_status":"closed","ping_status":"closed","template":"templates\/template-full-width.php","meta":{"footnotes":""},"class_list":["post-789","page","type-page","status-publish","hentry"],"_links":{"self":[{"href":"https:\/\/elcristaldigital.org\/index.php\/wp-json\/wp\/v2\/pages\/789","targetHints":{"allow":["GET"]}}],"collection":[{"href":"https:\/\/elcristaldigital.org\/index.php\/wp-json\/wp\/v2\/pages"}],"about":[{"href":"https:\/\/elcristaldigital.org\/index.php\/wp-json\/wp\/v2\/types\/page"}],"author":[{"embeddable":true,"href":"https:\/\/elcristaldigital.org\/index.php\/wp-json\/wp\/v2\/users\/1"}],"replies":[{"embeddable":true,"href":"https:\/\/elcristaldigital.org\/index.php\/wp-json\/wp\/v2\/comments?post=789"}],"version-history":[{"count":16,"href":"https:\/\/elcristaldigital.org\/index.php\/wp-json\/wp\/v2\/pages\/789\/revisions"}],"predecessor-version":[{"id":846,"href":"https:\/\/elcristaldigital.org\/index.php\/wp-json\/wp\/v2\/pages\/789\/revisions\/846"}],"wp:attachment":[{"href":"https:\/\/elcristaldigital.org\/index.php\/wp-json\/wp\/v2\/media?parent=789"}],"curies":[{"name":"wp","href":"https:\/\/api.w.org\/{rel}","templated":true}]}}