{"id":73,"date":"2021-10-04T17:37:42","date_gmt":"2021-10-04T20:37:42","guid":{"rendered":"https:\/\/elcristaldigital.org\/?page_id=73"},"modified":"2025-03-20T15:28:55","modified_gmt":"2025-03-20T18:28:55","slug":"zonales","status":"publish","type":"page","link":"https:\/\/elcristaldigital.org\/index.php\/zonales\/","title":{"rendered":"Regionales"},"content":{"rendered":"\n<h4 class=\"wp-block-heading has-text-align-center has-background\" style=\"background-color:#49a24a\">25\u00b0 Fiesta Provincial de los Ravioles<\/h4>\n\n\n\n<p>El cl\u00e1sico y representativo evento de la localidad de Ramona concret\u00f3 su edici\u00f3n N\u00b0 25, la cual marc\u00f3 sus bodas de plata y convoc\u00f3, como en cada una de las anteriores, un gran marco de p\u00fablico, que pudo disfrutar del exquisito plato de pastas rellenas representativas de la inmigraci\u00f3n italiana.<br>La fiesta gastron\u00f3mica, auspiciada por L\u00e1cteos Ramolac, Agroideas S.A. y Mutual Regional, tuvo su realizaci\u00f3n el domingo 4 de septiembre a partir de las 12:00 horas en el sal\u00f3n del Centro Cultural y Deportivo Ramona. Cont\u00f3 con la animaci\u00f3n bailable de \u201cOnda Cuartetera\u201d, un espect\u00e1culo art\u00edstico a cargo de la escuela de danzas \u201cBala Bimba\u201d de la ciudad de Brinkmann y la participaci\u00f3n especial de la compa\u00f1\u00eda art\u00edstica \u201cEclisse Tango\u201d de la capital cordobesa.<br>El men\u00fa incluy\u00f3: entrada de fiambre, quesos y pickles caseros; ravioles con salsa mixta, bagna cauda y roquefort; postre helado artesanal; y, por la tarde, tortas y masas caseras.<\/p>\n\n\n\n<h3 class=\"wp-block-heading alignwide has-text-align-center has-primary-color has-accent-background-color has-text-color has-background has-link-color wp-elements-af9311563db8bac50eb1db687fd45d71\">FESTEJOS DEL D\u00cdA DE LA MUJER<\/h3>\n\n\n\n<p>El pasado fin de semana se realiz\u00f3 en las distintas localidades de la regi\u00f3n la fiesta de la mujer<br>Viernes 14\/03-Bauer y Sigel: Se realiz\u00f3 la tradicional fiesta de la mujer en donde se encontraron Sahira Bessone, embajadora honor\u00edfica provincial y Agustina Santill\u00e1n, segunda princesa de la fiesta provincial del abuelo.<\/p>\n\n\n\n<p>Domingo 16\/03-Eusebia: La Comuna desarroll\u00f3 los festejos por el mes de la mujer en donde se agasajaron a mujeres y emprendedoras y entregaron un reconocimiento a Elsa Menardi por su compromiso y vocaci\u00f3n frente la Unidad Postal dependiente del Correo Argentino<\/p>\n\n\n<div class=\"wp-block-image\">\n<figure class=\"aligncenter size-full is-resized\"><img loading=\"lazy\" decoding=\"async\" width=\"720\" height=\"941\" src=\"https:\/\/elcristaldigital.org\/wp-content\/uploads\/2025\/03\/image-6.png\" alt=\"\" class=\"wp-image-2137\" style=\"width:292px;height:auto\" srcset=\"https:\/\/elcristaldigital.org\/wp-content\/uploads\/2025\/03\/image-6.png 720w, https:\/\/elcristaldigital.org\/wp-content\/uploads\/2025\/03\/image-6-230x300.png 230w\" sizes=\"auto, (max-width: 720px) 100vw, 720px\" \/><\/figure>\n<\/div>","protected":false},"excerpt":{"rendered":"<p>25\u00b0 Fiesta Provincial de los Ravioles El cl\u00e1sico y representativo evento de la localidad de Ramona concret\u00f3 su edici\u00f3n N\u00b0 25, la cual marc\u00f3 sus bodas de plata y convoc\u00f3, como en cada una de las anteriores, un gran marco de p\u00fablico, que pudo disfrutar del exquisito plato de pastas rellenas representativas de la inmigraci\u00f3n [&hellip;]<\/p>\n","protected":false},"author":1,"featured_media":0,"parent":0,"menu_order":0,"comment_status":"closed","ping_status":"closed","template":"templates\/template-full-width.php","meta":{"footnotes":""},"class_list":["post-73","page","type-page","status-publish","hentry"],"_links":{"self":[{"href":"https:\/\/elcristaldigital.org\/index.php\/wp-json\/wp\/v2\/pages\/73","targetHints":{"allow":["GET"]}}],"collection":[{"href":"https:\/\/elcristaldigital.org\/index.php\/wp-json\/wp\/v2\/pages"}],"about":[{"href":"https:\/\/elcristaldigital.org\/index.php\/wp-json\/wp\/v2\/types\/page"}],"author":[{"embeddable":true,"href":"https:\/\/elcristaldigital.org\/index.php\/wp-json\/wp\/v2\/users\/1"}],"replies":[{"embeddable":true,"href":"https:\/\/elcristaldigital.org\/index.php\/wp-json\/wp\/v2\/comments?post=73"}],"version-history":[{"count":5,"href":"https:\/\/elcristaldigital.org\/index.php\/wp-json\/wp\/v2\/pages\/73\/revisions"}],"predecessor-version":[{"id":2138,"href":"https:\/\/elcristaldigital.org\/index.php\/wp-json\/wp\/v2\/pages\/73\/revisions\/2138"}],"wp:attachment":[{"href":"https:\/\/elcristaldigital.org\/index.php\/wp-json\/wp\/v2\/media?parent=73"}],"curies":[{"name":"wp","href":"https:\/\/api.w.org\/{rel}","templated":true}]}}