{"id":69,"date":"2021-10-04T17:34:13","date_gmt":"2021-10-04T20:34:13","guid":{"rendered":"https:\/\/elcristaldigital.org\/?page_id=69"},"modified":"2022-06-14T17:46:17","modified_gmt":"2022-06-14T20:46:17","slug":"historia","status":"publish","type":"page","link":"https:\/\/elcristaldigital.org\/index.php\/historia\/","title":{"rendered":""},"content":{"rendered":"\n<p class=\"has-text-align-center has-black-color has-text-color has-large-font-size\"><em>\ud835\udde7\ud835\uddf2 \ud835\uddf0\ud835\uddfc\ud835\uddfb\ud835\ude01\ud835\uddee\ud835\uddfa\ud835\uddfc\ud835\ude00 \ud835\uddf9\ud835\uddee \ud835\uddf5\ud835\uddf6\ud835\ude00\ud835\ude01\ud835\uddfc\ud835\uddff\ud835\uddf6\ud835\uddee \ud835\uddf1\ud835\uddf2 \ud835\uddfb\ud835\ude02\ud835\uddf2\ud835\ude00\ud835\ude01\ud835\uddff\ud835\uddee \ud835\uddf0\ud835\uddfc\ud835\uddfc\ud835\uddfd\ud835\uddf2\ud835\uddff\ud835\uddee\ud835\ude01\ud835\uddf6\ud835\ude03\ud835\uddee<\/em><\/p>\n\n\n\n<h2 class=\"has-text-align-center has-black-color has-text-color has-background wp-block-heading\" id=\"peri\u00f3dicoelcristaldigital\" style=\"background-color:#49a34b\"><strong>PERI\u00d3DICO \u201cEL CRISTAL\u201d COOPERATIVA ESCOLAR LIMITADA<\/strong><\/h2>\n\n\n\n<p style=\"font-size:24px\">\u201cEl Cristal\u201d es un peri\u00f3dico mensual que nace en el a\u00f1o 1999 y adopta la naturaleza jur\u00eddica de Sociedad An\u00f3nima. Posteriormente, en el a\u00f1o 2009, se transforma en Cooperativa Escolar. <\/p>\n\n\n\n<div class=\"wp-block-group\"><div class=\"wp-block-group__inner-container is-layout-flow wp-block-group-is-layout-flow\">\n<p style=\"font-size:24px\">La idea de publicar el peri\u00f3dico surge desde la escuela como un Proyecto de Servicio orientado al ofrecimiento de un medio de comunicaci\u00f3n gr\u00e1fico, inexistente hasta ese momento, que represente, identifique y forme parte de la idiosincrasia de la poblaci\u00f3n de Ramona y sus alrededores.<\/p>\n\n\n\n<p style=\"font-size:24px\">Hoy en d\u00eda, el arduo trabajo de elaboraci\u00f3n del peri\u00f3dico es llevado a cabo por los alumnos de 4\u00b0 a\u00f1o en las horas de Comunicaci\u00f3n. Aqu\u00ed, los estudiantes se encargan de recabar informaci\u00f3n y transformarla en datos \u00fatiles, y llevar a cabo todo el proceso de dise\u00f1o y publicaci\u00f3n de las noticias. <\/p>\n<\/div><\/div>\n\n\n\n<p class=\"has-black-color has-text-color has-background\" style=\"background-color:#49a34be0\"><mark style=\"background-color:rgba(0, 0, 0, 0)\" class=\"has-inline-color has-black-color\"><em><strong>OBJETIVOS<\/strong>:<\/em><\/mark><\/p>\n\n\n\n<div class=\"wp-block-group\"><div class=\"wp-block-group__inner-container is-layout-flow wp-block-group-is-layout-flow\">\n<ul class=\"wp-block-list\" style=\"font-size:24px\"><li>Difundir informaci\u00f3n de inter\u00e9s, \u00fatil y pertinente.<\/li><li>Participar y cubrir eventos sociales y culturales.<\/li><\/ul>\n<\/div><\/div>\n\n\n\n<p style=\"font-size:24px\">Originalmente, el peri\u00f3dico estaba compuesto por 20 p\u00e1ginas y se divid\u00eda en secciones: <em>Educaci\u00f3n, Locales, Regionales, Rat\u00f3n de Biblioteca, Inter\u00e9s General, Deportes, Sociales y Entretenimientos<\/em>. En el a\u00f1o 2001 se agreg\u00f3 un suplemento llamado <em>Comod\u00edn, <\/em>el cual informaba sobre cuestiones vinculadas a &#8220;salud comunitaria&#8221;.<\/p>\n\n\n\n<p style=\"font-size:24px\">A lo largo de los a\u00f1os, nuestro peri\u00f3dico ha participado en diversos concursos y exhibiciones tales como el programa de comunicaci\u00f3n <em>Aulas Sin Fronteras<\/em>, en el a\u00f1o 2000, en donde se obtuvo el primer puesto, y el <em>Premio Presidencial Escuelas Solidarias<\/em> (rubro &#8220;Comunicaci\u00f3n&#8221;) en el a\u00f1o 2014, en el cual se alcanz\u00f3 el primer lugar tambi\u00e9n. Cabe destacar que en el a\u00f1o 2001 &#8220;El Cristal&#8221; fue galardonado por la Asociaci\u00f3n de Prensa de Santa Fe con la entrega del Primer Premio Nacional al Diario Escolar. <\/p>\n\n\n\n<p style=\"font-size:24px\">Asimismo, desde el a\u00f1o 2013 nuestro peri\u00f3dico tambi\u00e9n se encuentra publicado mensualmente en la p\u00e1gina web colombiana <strong><a rel=\"noreferrer noopener\" href=\"http:\/\/www.fuderulc.org\" target=\"_blank\">www.fuderulc.org<\/a><\/strong> (Fundaci\u00f3n para el Desarrollo Rural Latinoamericano y del Caribe).<\/p>\n\n\n\n<p class=\"has-black-color has-text-color has-background\" style=\"background-color:#49a34be0\"><mark style=\"background-color:rgba(0, 0, 0, 0)\" class=\"has-inline-color has-black-color\"><em><strong>DISE\u00d1O<\/strong>:<\/em><\/mark><\/p>\n\n\n\n<p style=\"font-size:24px\">Hasta el a\u00f1o 2019, el peri\u00f3dico era entregado a la sociedad mensualmente en formato papel pero, en el a\u00f1o 2020, la pandemia del COVID-19 dificult\u00f3 la elaboraci\u00f3n del mismo. En 2021, los estudiantes miembros de la Cooperativa Escolar participaron del Taller de Gesti\u00f3n para Estudiantes, donde se reunieron todas las cooperativas escolares de la provincia. El asunto principal expuesto en este encuentro cooperativista fue el <em>desarrollo sostenible<\/em> y, con esto, nuestro peri\u00f3dico experiment\u00f3 un cambio radical: pasar del formato papel al formato digital. Esta modificaci\u00f3n se aplica con el fin de reducir el consumo de papel, pero sin dejar de lado el objetivo principal del peri\u00f3dico: mantener a la comunidad informada.<\/p>\n\n\n\n<div class=\"wp-block-group\"><div class=\"wp-block-group__inner-container is-layout-flow wp-block-group-is-layout-flow\">\n<p style=\"font-size:24px\">El peri\u00f3dico y la comunidad desarrollan un contacto rec\u00edproco de <strong><em>IDA <\/em><\/strong>y<strong><em> VUELTA:<\/em><\/strong><\/p>\n\n\n\n<ul class=\"wp-block-list\" style=\"font-size:24px\"><li><strong>Ida<\/strong> porque &#8220;El Cristal&#8221; facilita a los habitantes el acceso a los hechos diarios, locales y regionales.<\/li><li><strong>Vuelta <\/strong>dado que los lectores utilizan el peri\u00f3dico como un medio para expresarse mediante la publicaci\u00f3n de cartas de lectores, notas de opini\u00f3n, eventos sociales de los que fueron part\u00edcipes o protagonistas, entre otros.<\/li><\/ul>\n<\/div><\/div>\n\n\n\n<p class=\"has-black-color has-text-color has-background\" style=\"background-color:#49a34be0\"><mark style=\"background-color:rgba(0, 0, 0, 0)\" class=\"has-inline-color has-black-color\"><em><strong>CONCLUSI\u00d3N<\/strong>:<\/em><\/mark><\/p>\n\n\n\n<p style=\"font-size:24px\"><\/p>\n\n\n\n<div class=\"wp-block-columns is-layout-flex wp-container-core-columns-is-layout-9d6595d7 wp-block-columns-is-layout-flex\"><\/div>\n\n\n\n<div class=\"wp-block-columns is-layout-flex wp-container-core-columns-is-layout-9d6595d7 wp-block-columns-is-layout-flex\"><\/div>\n\n\n\n<div class=\"wp-block-columns is-layout-flex wp-container-core-columns-is-layout-9d6595d7 wp-block-columns-is-layout-flex\"><\/div>\n\n\n\n<div class=\"wp-block-columns is-layout-flex wp-container-core-columns-is-layout-9d6595d7 wp-block-columns-is-layout-flex\"><\/div>\n","protected":false},"excerpt":{"rendered":"<p>\ud835\udde7\ud835\uddf2 \ud835\uddf0\ud835\uddfc\ud835\uddfb\ud835\ude01\ud835\uddee\ud835\uddfa\ud835\uddfc\ud835\ude00 \ud835\uddf9\ud835\uddee \ud835\uddf5\ud835\uddf6\ud835\ude00\ud835\ude01\ud835\uddfc\ud835\uddff\ud835\uddf6\ud835\uddee \ud835\uddf1\ud835\uddf2 \ud835\uddfb\ud835\ude02\ud835\uddf2\ud835\ude00\ud835\ude01\ud835\uddff\ud835\uddee \ud835\uddf0\ud835\uddfc\ud835\uddfc\ud835\uddfd\ud835\uddf2\ud835\uddff\ud835\uddee\ud835\ude01\ud835\uddf6\ud835\ude03\ud835\uddee PERI\u00d3DICO \u201cEL CRISTAL\u201d COOPERATIVA ESCOLAR LIMITADA \u201cEl Cristal\u201d es un peri\u00f3dico mensual que nace en el a\u00f1o 1999 y adopta la naturaleza jur\u00eddica de Sociedad An\u00f3nima. Posteriormente, en el a\u00f1o 2009, se transforma en Cooperativa Escolar. La idea de publicar el peri\u00f3dico surge desde la escuela como un [&hellip;]<\/p>\n","protected":false},"author":1,"featured_media":0,"parent":0,"menu_order":0,"comment_status":"closed","ping_status":"closed","template":"","meta":{"footnotes":""},"class_list":["post-69","page","type-page","status-publish","hentry"],"_links":{"self":[{"href":"https:\/\/elcristaldigital.org\/index.php\/wp-json\/wp\/v2\/pages\/69","targetHints":{"allow":["GET"]}}],"collection":[{"href":"https:\/\/elcristaldigital.org\/index.php\/wp-json\/wp\/v2\/pages"}],"about":[{"href":"https:\/\/elcristaldigital.org\/index.php\/wp-json\/wp\/v2\/types\/page"}],"author":[{"embeddable":true,"href":"https:\/\/elcristaldigital.org\/index.php\/wp-json\/wp\/v2\/users\/1"}],"replies":[{"embeddable":true,"href":"https:\/\/elcristaldigital.org\/index.php\/wp-json\/wp\/v2\/comments?post=69"}],"version-history":[{"count":14,"href":"https:\/\/elcristaldigital.org\/index.php\/wp-json\/wp\/v2\/pages\/69\/revisions"}],"predecessor-version":[{"id":711,"href":"https:\/\/elcristaldigital.org\/index.php\/wp-json\/wp\/v2\/pages\/69\/revisions\/711"}],"wp:attachment":[{"href":"https:\/\/elcristaldigital.org\/index.php\/wp-json\/wp\/v2\/media?parent=69"}],"curies":[{"name":"wp","href":"https:\/\/api.w.org\/{rel}","templated":true}]}}