{"id":3161,"date":"2026-05-14T17:56:19","date_gmt":"2026-05-14T20:56:19","guid":{"rendered":"https:\/\/elcristaldigital.org\/?page_id=3161"},"modified":"2026-05-14T18:00:38","modified_gmt":"2026-05-14T21:00:38","slug":"cultura-11","status":"publish","type":"page","link":"https:\/\/elcristaldigital.org\/index.php\/cultura-11\/","title":{"rendered":"Cultura"},"content":{"rendered":"\n<h3 class=\"wp-block-heading alignwide has-text-align-center has-primary-color has-accent-background-color has-text-color has-background has-link-color wp-elements-809d2e2eae4994c48b742d421ee78992\">GRAN FIESTA CRIOLLA POR LOS 20 A\u00d1OS DE TURISMO RURAL EN RAMONA<\/h3>\n\n\n\n<p>Para celebrar los 20 a\u00f1os de Turismo Rural, en el transcurso del fin de semana hubo una pe\u00f1a y fog\u00f3n para agasajar a aquellas personas que llegaron un d\u00eda antes al gran evento del domingo, all\u00ed hubo espect\u00e1culos diversos. El d\u00eda domingo comenz\u00f3 con un desfile en el que hubo una carreta tirada por Bueyes Criollos; almuerzo criollo, m\u00fasica y danzas tradicionales y una feria artesanal. Como artista invitado para el final del evento estuvo Valentin Avila.<\/p>\n\n\n<div class=\"wp-block-image\">\n<figure class=\"aligncenter size-large is-resized\"><img loading=\"lazy\" decoding=\"async\" width=\"1440\" height=\"1080\" src=\"https:\/\/elcristaldigital.org\/wp-content\/uploads\/2026\/05\/image-9-1440x1080.png\" alt=\"\" class=\"wp-image-3169\" style=\"width:408px;height:auto\" srcset=\"https:\/\/elcristaldigital.org\/wp-content\/uploads\/2026\/05\/image-9-1440x1080.png 1440w, https:\/\/elcristaldigital.org\/wp-content\/uploads\/2026\/05\/image-9-300x225.png 300w, https:\/\/elcristaldigital.org\/wp-content\/uploads\/2026\/05\/image-9-768x576.png 768w, https:\/\/elcristaldigital.org\/wp-content\/uploads\/2026\/05\/image-9-1536x1152.png 1536w, https:\/\/elcristaldigital.org\/wp-content\/uploads\/2026\/05\/image-9-1200x900.png 1200w, https:\/\/elcristaldigital.org\/wp-content\/uploads\/2026\/05\/image-9.png 1600w\" sizes=\"auto, (max-width: 1440px) 100vw, 1440px\" \/><\/figure>\n<\/div>","protected":false},"excerpt":{"rendered":"<p>GRAN FIESTA CRIOLLA POR LOS 20 A\u00d1OS DE TURISMO RURAL EN RAMONA Para celebrar los 20 a\u00f1os de Turismo Rural, en el transcurso del fin de semana hubo una pe\u00f1a y fog\u00f3n para agasajar a aquellas personas que llegaron un d\u00eda antes al gran evento del domingo, all\u00ed hubo espect\u00e1culos diversos. El d\u00eda domingo comenz\u00f3 [&hellip;]<\/p>\n","protected":false},"author":1,"featured_media":0,"parent":0,"menu_order":0,"comment_status":"closed","ping_status":"closed","template":"","meta":{"footnotes":""},"class_list":["post-3161","page","type-page","status-publish","hentry"],"_links":{"self":[{"href":"https:\/\/elcristaldigital.org\/index.php\/wp-json\/wp\/v2\/pages\/3161","targetHints":{"allow":["GET"]}}],"collection":[{"href":"https:\/\/elcristaldigital.org\/index.php\/wp-json\/wp\/v2\/pages"}],"about":[{"href":"https:\/\/elcristaldigital.org\/index.php\/wp-json\/wp\/v2\/types\/page"}],"author":[{"embeddable":true,"href":"https:\/\/elcristaldigital.org\/index.php\/wp-json\/wp\/v2\/users\/1"}],"replies":[{"embeddable":true,"href":"https:\/\/elcristaldigital.org\/index.php\/wp-json\/wp\/v2\/comments?post=3161"}],"version-history":[{"count":3,"href":"https:\/\/elcristaldigital.org\/index.php\/wp-json\/wp\/v2\/pages\/3161\/revisions"}],"predecessor-version":[{"id":3170,"href":"https:\/\/elcristaldigital.org\/index.php\/wp-json\/wp\/v2\/pages\/3161\/revisions\/3170"}],"wp:attachment":[{"href":"https:\/\/elcristaldigital.org\/index.php\/wp-json\/wp\/v2\/media?parent=3161"}],"curies":[{"name":"wp","href":"https:\/\/api.w.org\/{rel}","templated":true}]}}