{"id":3153,"date":"2026-05-14T17:54:43","date_gmt":"2026-05-14T20:54:43","guid":{"rendered":"https:\/\/elcristaldigital.org\/?page_id=3153"},"modified":"2026-05-14T18:29:52","modified_gmt":"2026-05-14T21:29:52","slug":"deportes-32","status":"publish","type":"page","link":"https:\/\/elcristaldigital.org\/index.php\/deportes-32\/","title":{"rendered":"Deportes"},"content":{"rendered":"\n<h3 class=\"wp-block-heading alignwide has-text-align-center has-primary-color has-accent-background-color has-text-color has-background has-link-color wp-elements-f74f1979d3b297205849412d734572a5\">EL DEPOR YA SALI\u00d3 CAMPE\u00d3N<\/h3>\n\n\n\n<p>El d\u00eda viernes 8 de mayo se llev\u00f3 a cabo el partido frente a Mois\u00e9s Villes por la ante \u00faltima fecha del torneo apertura de la zona norte grupo B. El depor, como local logr\u00f3 consagrarse campe\u00f3n contra el equipo visitante. El C. C y D Ramona gole\u00f3 por 3 a 0, el autor de los tantos fue Misael Rodr\u00edguez. La categor\u00eda reserva perdi\u00f3 por la m\u00ednima 1 a 0.<\/p>\n\n\n<div class=\"wp-block-image\">\n<figure class=\"aligncenter size-large is-resized\"><img loading=\"lazy\" decoding=\"async\" width=\"1025\" height=\"1080\" src=\"https:\/\/elcristaldigital.org\/wp-content\/uploads\/2026\/05\/image-23-1025x1080.png\" alt=\"\" class=\"wp-image-3207\" style=\"aspect-ratio:0.9490932075655176;width:340px;height:auto\" srcset=\"https:\/\/elcristaldigital.org\/wp-content\/uploads\/2026\/05\/image-23-1025x1080.png 1025w, https:\/\/elcristaldigital.org\/wp-content\/uploads\/2026\/05\/image-23-285x300.png 285w, https:\/\/elcristaldigital.org\/wp-content\/uploads\/2026\/05\/image-23-768x809.png 768w, https:\/\/elcristaldigital.org\/wp-content\/uploads\/2026\/05\/image-23.png 1179w\" sizes=\"auto, (max-width: 1025px) 100vw, 1025px\" \/><\/figure>\n<\/div>\n\n\n<p><\/p>\n","protected":false},"excerpt":{"rendered":"<p>EL DEPOR YA SALI\u00d3 CAMPE\u00d3N El d\u00eda viernes 8 de mayo se llev\u00f3 a cabo el partido frente a Mois\u00e9s Villes por la ante \u00faltima fecha del torneo apertura de la zona norte grupo B. El depor, como local logr\u00f3 consagrarse campe\u00f3n contra el equipo visitante. El C. C y D Ramona gole\u00f3 por 3 [&hellip;]<\/p>\n","protected":false},"author":1,"featured_media":0,"parent":0,"menu_order":0,"comment_status":"closed","ping_status":"closed","template":"","meta":{"footnotes":""},"class_list":["post-3153","page","type-page","status-publish","hentry"],"_links":{"self":[{"href":"https:\/\/elcristaldigital.org\/index.php\/wp-json\/wp\/v2\/pages\/3153","targetHints":{"allow":["GET"]}}],"collection":[{"href":"https:\/\/elcristaldigital.org\/index.php\/wp-json\/wp\/v2\/pages"}],"about":[{"href":"https:\/\/elcristaldigital.org\/index.php\/wp-json\/wp\/v2\/types\/page"}],"author":[{"embeddable":true,"href":"https:\/\/elcristaldigital.org\/index.php\/wp-json\/wp\/v2\/users\/1"}],"replies":[{"embeddable":true,"href":"https:\/\/elcristaldigital.org\/index.php\/wp-json\/wp\/v2\/comments?post=3153"}],"version-history":[{"count":3,"href":"https:\/\/elcristaldigital.org\/index.php\/wp-json\/wp\/v2\/pages\/3153\/revisions"}],"predecessor-version":[{"id":3208,"href":"https:\/\/elcristaldigital.org\/index.php\/wp-json\/wp\/v2\/pages\/3153\/revisions\/3208"}],"wp:attachment":[{"href":"https:\/\/elcristaldigital.org\/index.php\/wp-json\/wp\/v2\/media?parent=3153"}],"curies":[{"name":"wp","href":"https:\/\/api.w.org\/{rel}","templated":true}]}}