{"id":3136,"date":"2026-05-14T17:53:51","date_gmt":"2026-05-14T20:53:51","guid":{"rendered":"https:\/\/elcristaldigital.org\/?page_id=3136"},"modified":"2026-05-14T18:23:24","modified_gmt":"2026-05-14T21:23:24","slug":"gestion-comunal-33","status":"publish","type":"page","link":"https:\/\/elcristaldigital.org\/index.php\/gestion-comunal-33\/","title":{"rendered":"Gesti\u00f3n comunal"},"content":{"rendered":"\n<h3 class=\"wp-block-heading alignwide has-text-align-center has-primary-color has-accent-background-color has-text-color has-background has-link-color wp-elements-04f3dfddc0c264436c1cdb70b38ccc2e\">GRAN EXPECTATIVA POR LA FIESTA DEL TURISMO RURAL<\/h3>\n\n\n\n<p>Desde su lanzamiento, la primera Fiesta del Turismo Rural ha generado una importante repercusi\u00f3n, despertando sumo inter\u00e9s y haciendo suponer una masiva convocatoria para este acontecimiento que tendr\u00e1 su desarrollo el pr\u00f3ximo 10 de mayo desde las 9 horas y que servir\u00e1 para conmemorar los 20 a\u00f1os de existencia de la propuesta tur\u00edstica.<br>Como se ha mencionado, esta edici\u00f3n tiene prevista una celebraci\u00f3n tradicionalista que incluye paseo gaucho, concurso de asadores a la estaca, desfile y demostraciones ecuestres, paseo de artesanos y espect\u00e1culos musicales de reconocidos artistas locales y regionales, contando con entrada libre y gratuita.<br>En el marco de su constante crecimiento como destino de cercan\u00eda, la localidad de Ramona contin\u00faa posicion\u00e1ndose como una referencia del turismo rural y cultural del territorio santafesino, a trav\u00e9s de una propuesta que combina el respeto por las tradiciones y una oferta gastron\u00f3mica de primer nivel.<br>Se trata de una apuesta que se desea pueda escalar en el tiempo y forma parte de un plan que busca diversificar la econom\u00eda local, ofreciendo una experiencia que invita a los visitantes a desconectarse y disfrutar y pone en valor los recursos propios: la calidad de los servicios, la tranquilidad de sus calles y la calidez del trato.<\/p>\n\n\n<div class=\"wp-block-image\">\n<figure class=\"aligncenter size-large is-resized\"><img loading=\"lazy\" decoding=\"async\" width=\"989\" height=\"1080\" src=\"https:\/\/elcristaldigital.org\/wp-content\/uploads\/2026\/05\/image-16-989x1080.png\" alt=\"\" class=\"wp-image-3184\" style=\"aspect-ratio:0.9160878543270133;width:333px;height:auto\" srcset=\"https:\/\/elcristaldigital.org\/wp-content\/uploads\/2026\/05\/image-16-989x1080.png 989w, https:\/\/elcristaldigital.org\/wp-content\/uploads\/2026\/05\/image-16-275x300.png 275w, https:\/\/elcristaldigital.org\/wp-content\/uploads\/2026\/05\/image-16-768x838.png 768w, https:\/\/elcristaldigital.org\/wp-content\/uploads\/2026\/05\/image-16.png 1179w\" sizes=\"auto, (max-width: 989px) 100vw, 989px\" \/><\/figure>\n<\/div>\n\n\n<h3 class=\"wp-block-heading alignwide has-text-align-center has-primary-color has-accent-background-color has-text-color has-background has-link-color wp-elements-153e30ee7daea931f8ae2d7ade27414e\">GALA TEATRAL CON PABLO ALARC\u00d3N Y CLARIBEL MEDINA<\/h3>\n\n\n\n<p>En lo que ser\u00e1 una experiencia in\u00e9dita, el gobierno comunal anuncia la presentaci\u00f3n de la obra teatral &#8220;Es complicado&#8221;, protagonizada por los reconocidos actores Pablo Alarc\u00f3n y Claribel Medina, una funci\u00f3n pautada para el pr\u00f3ximo s\u00e1bado 23 de mayo en el Auditorio.<br>&#8220;Es Complicado&#8221; es una exitosa comedia argentina escrita y dirigida por Ernesto Medela. La obra aborda con humor y ternura los enredos de una pareja divorciada que se reencuentra, explorando temas como los celos, el amor y los v\u00ednculos tras 25 a\u00f1os de matrimonio.<br>Esta presentaci\u00f3n se enmarca en la extensa gira nacional con funciones destacadas en lugares como el Teatro Regina de Capital Federal, Teatro Holiday de Carlos Paz, y diversas ciudades del pa\u00eds y forma parte de la cartelera de espect\u00e1culos culturales que el municipio promueve para fomentar el desarrollo art\u00edstico y el entretenimiento de calidad en nuestra localidad.<\/p>\n\n\n<div class=\"wp-block-image\">\n<figure class=\"aligncenter size-full is-resized\"><img loading=\"lazy\" decoding=\"async\" width=\"1179\" height=\"1071\" src=\"https:\/\/elcristaldigital.org\/wp-content\/uploads\/2026\/05\/image-17.png\" alt=\"\" class=\"wp-image-3186\" style=\"aspect-ratio:1.1008656910018892;width:299px;height:auto\" srcset=\"https:\/\/elcristaldigital.org\/wp-content\/uploads\/2026\/05\/image-17.png 1179w, https:\/\/elcristaldigital.org\/wp-content\/uploads\/2026\/05\/image-17-300x273.png 300w, https:\/\/elcristaldigital.org\/wp-content\/uploads\/2026\/05\/image-17-768x698.png 768w\" sizes=\"auto, (max-width: 1179px) 100vw, 1179px\" \/><\/figure>\n<\/div>\n\n\n<h3 class=\"wp-block-heading alignwide has-text-align-center has-primary-color has-accent-background-color has-text-color has-background has-link-color wp-elements-54fdade2c94a091e70fde4d927820bca\">MATRIA TV: 50 EMISIONES CONTANDO HISTORIAS<\/h3>\n\n\n\n<p>El ciclo producido en colaboraci\u00f3n entre la Comuna y la Cooperativa 25 de Mayo, alcanz\u00f3 sus primeros 50 programas al aire, consolid\u00e1ndose como un espacio fundamental para el registro hist\u00f3rico y social de su comunidad. Con un especial que tuvo ese n\u00famero como eje, este programa tuvo una producci\u00f3n cargada de emotividad, repasando el camino recorrido y poniendo en valor a quienes hacen posible que la se\u00f1al llegue a los hogares ramonenses<br>Matria TV naci\u00f3 con una premisa clara: ser la voz de sus protagonistas. En este medio centenar de encuentros, el programa ha sabido amalgamar la actualidad institucional con la calidez de las historias de vida, logrando una identidad propia que incluso ha trascendido las fronteras, con hitos como la nominaci\u00f3n a los premios Mart\u00edn Fierro Federal.<br>En un contexto donde la comunicaci\u00f3n suele ser global y distante, Matria apuesta por la cercan\u00eda siendo registro de la memoria colectiva de Ramona, logrando imprimir una est\u00e9tica moderna sin perder la esencia pueblerina, con la misma pasi\u00f3n del primer d\u00eda.<\/p>\n\n\n<div class=\"wp-block-image\">\n<figure class=\"aligncenter size-full is-resized\"><img loading=\"lazy\" decoding=\"async\" width=\"1179\" height=\"786\" src=\"https:\/\/elcristaldigital.org\/wp-content\/uploads\/2026\/05\/image-18.png\" alt=\"\" class=\"wp-image-3188\" style=\"aspect-ratio:1.5000384231153463;width:488px;height:auto\" srcset=\"https:\/\/elcristaldigital.org\/wp-content\/uploads\/2026\/05\/image-18.png 1179w, https:\/\/elcristaldigital.org\/wp-content\/uploads\/2026\/05\/image-18-300x200.png 300w, https:\/\/elcristaldigital.org\/wp-content\/uploads\/2026\/05\/image-18-768x512.png 768w\" sizes=\"auto, (max-width: 1179px) 100vw, 1179px\" \/><\/figure>\n<\/div>\n\n\n<h3 class=\"wp-block-heading alignwide has-text-align-center has-primary-color has-accent-background-color has-text-color has-background has-link-color wp-elements-e52633d187c5bd04446b66ef9d3346bb\">JORNADA SOBRE BULLYING Y CIBERBULLYING<\/h3>\n\n\n\n<p>En dos d\u00edas de reflexi\u00f3n dise\u00f1ados para abordar las problem\u00e1ticas del acoso escolar y el uso responsable de la tecnolog\u00eda, el reconocido especialista Ar\u00edstides \u00c1lvarez, referente de la Asociaci\u00f3n Civil &#8220;Si nos re\u00edmos, nos re\u00edmos todos&#8221;, comparti\u00f3 diversas actividades con las comunidades de aprendizaje de los establecimientos educativos y un di\u00e1logo abierto para padres, educadores y autoridades.<br>Con claridad y cercan\u00eda el experto no solo debati\u00f3 el tema del bullying desde la teor\u00eda, sino que conect\u00f3 con las realidades cotidianas de los estudiantes y sus familias, diferenciando las problem\u00e1ticas seg\u00fan la edad y el rol de cada actor social.<br>Durante estas jornadas se concluy\u00f3 que la convivencia escolar no es un tema exclusivo de los docentes, sino una responsabilidad colectiva, instando, al finalizar la actividad, a seguir conversando y debatiendo estos temas en la mesa familiar, en el seno de las organizaciones y en los espacios de decisi\u00f3n pol\u00edtica para transformar la reflexi\u00f3n en acciones concretas que recuperen el v\u00ednculo afectivo y la comunicaci\u00f3n en cada uno de los \u00e1mbitos de encuentro.<\/p>\n\n\n<div class=\"wp-block-image\">\n<figure class=\"aligncenter size-full is-resized\"><img loading=\"lazy\" decoding=\"async\" width=\"1179\" height=\"625\" src=\"https:\/\/elcristaldigital.org\/wp-content\/uploads\/2026\/05\/image-19.png\" alt=\"\" class=\"wp-image-3190\" style=\"aspect-ratio:1.8864460014496256;width:466px;height:auto\" srcset=\"https:\/\/elcristaldigital.org\/wp-content\/uploads\/2026\/05\/image-19.png 1179w, https:\/\/elcristaldigital.org\/wp-content\/uploads\/2026\/05\/image-19-300x159.png 300w, https:\/\/elcristaldigital.org\/wp-content\/uploads\/2026\/05\/image-19-768x407.png 768w\" sizes=\"auto, (max-width: 1179px) 100vw, 1179px\" \/><\/figure>\n<\/div>\n\n\n<h3 class=\"wp-block-heading alignwide has-text-align-center has-primary-color has-accent-background-color has-text-color has-background has-link-color wp-elements-cfab6722af70793226fdf1d5415206db\">NUEVO EQUIPAMIENTO SUSTENTABLE PARA EL COMPLEJO RECREATIVO<\/h3>\n\n\n\n<p>Reafirmando su decisi\u00f3n de avanzar en pol\u00edticas p\u00fablicas sustentables que no solo atiendan a la protecci\u00f3n del ambiente, sino que adem\u00e1s impliquen una modernizaci\u00f3n y optimizaci\u00f3n de los recursos del Estado, la Comuna ha resuelto la instalaci\u00f3n de un nuevo termotanque solar en los sanitarios del Complejo Recreativo para abastecer de agua caliente a los usuarios de sus dependencias que as\u00ed lo requieran.<br>Esta inversi\u00f3n se incluye en un plan de intervenciones orientadas a garantizar adecuadas condiciones de conservaci\u00f3n de este edificio tan importante para el desarrollo deportivo y recreativo, y viene a resolver el deterioro ocasionado en las instalaciones existentes como resultado del uso y la calidad del agua empleada.<br>Esta medida no solo representa un avance tecnol\u00f3gico, sino que se traduce en un ahorro econ\u00f3mico directo en los servicios energ\u00e9ticos, siendo que este sistema utiliza colectores de alta eficiencia que captan la radiaci\u00f3n solar para calentar el agua de forma natural, cubriendo gran parte de la demanda.<\/p>\n\n\n<div class=\"wp-block-image\">\n<figure class=\"aligncenter size-large is-resized\"><img loading=\"lazy\" decoding=\"async\" width=\"1033\" height=\"1080\" src=\"https:\/\/elcristaldigital.org\/wp-content\/uploads\/2026\/05\/image-20-1033x1080.png\" alt=\"\" class=\"wp-image-3192\" style=\"aspect-ratio:0.9564876519012152;width:433px;height:auto\" srcset=\"https:\/\/elcristaldigital.org\/wp-content\/uploads\/2026\/05\/image-20-1033x1080.png 1033w, https:\/\/elcristaldigital.org\/wp-content\/uploads\/2026\/05\/image-20-287x300.png 287w, https:\/\/elcristaldigital.org\/wp-content\/uploads\/2026\/05\/image-20-768x803.png 768w, https:\/\/elcristaldigital.org\/wp-content\/uploads\/2026\/05\/image-20.png 1179w\" sizes=\"auto, (max-width: 1033px) 100vw, 1033px\" \/><\/figure>\n<\/div>\n\n\n<h3 class=\"wp-block-heading alignwide has-text-align-center has-primary-color has-accent-background-color has-text-color has-background has-link-color wp-elements-c68fae4da40bd2d371395485a5961b88\">BARBERO DE VISITA EN EL TALLER DE COCINA PARA NI\u00d1OS<\/h3>\n\n\n\n<p>Con el prop\u00f3sito de conocer en detalle su funcionamiento y compartir la experiencia con los ni\u00f1os, Jos\u00e9 Barbero visit\u00f3 el taller de cocina que se dicta en el NIDO y convoca a m\u00e1s de 50 asistentes de distintas edades.<br>Este taller propone un aprendizaje vivencial, siendo que los ni\u00f1os no solo siguen recetas, sino que exploran texturas, aromas y colores, perdiendo el miedo a probar nuevos alimentos, comprendiendo de d\u00f3nde vienen los ingredientes que llegan a su mesa y valorando aquellos que son saludables para su organismo.<\/p>\n\n\n\n<h3 class=\"wp-block-heading alignwide has-text-align-center has-primary-color has-accent-background-color has-text-color has-background has-link-color wp-elements-9728de7a62f492221c955dc23e6a4095\">EXCEPCIONAL BALANCE DE LA FIESTA DEL TURISMO RURAL<\/h3>\n\n\n\n<p>Con un domingo clim\u00e1ticamente espl\u00e9ndido, que se ali\u00f3 a la estupenda organizaci\u00f3n de las entidades responsables de esa tarea, tuvo su realizaci\u00f3n la primera edici\u00f3n de la Fiesta del Turismo Rural, convocando a una multitud proveniente de distintos puntos del pa\u00eds, otorg\u00e1ndole el marco acorde y esperado a una ocasi\u00f3n que vali\u00f3 para celebrar el vig\u00e9simo aniversario de la propuesta ramonense.<br>Desde temprano, el concurso de asadores congreg\u00f3 a 18 participantes que desafiaron el fr\u00edo matinal y, con sus estacas pr\u00f3ximas a la llama, procuraron lograr la mejor cocci\u00f3n posible de los costillares, coronando, luego del correspondiente dictamen del jurado, a la dupla de los hermanos Luis Miguel y Juan Ram\u00f3n Barrera, oriundos de nuestra localidad, en su primera participaci\u00f3n en un certamen de este tipo.<br>El recorrido tradicionalista reuni\u00f3 a m\u00e1s de 200 caballos que transitaron las calles del pueblo y concluyeron con un emotivo desfile de agrupaciones y una impactante exhibici\u00f3n de destrezas ecuestres a cargo de contingentes de las provincias de Santa Fe, C\u00f3rdoba, Entre R\u00edos, La Rioja. Por su parte, la feria de artesanos y emprendedores permiti\u00f3 a los 41 stands instalados en las inmediaciones del NIDO exhibir sus creaciones y productos al p\u00fablico asistente.<br>Como cierre, los espect\u00e1culos art\u00edsticos de las escuelas de danzas locales y los imponentes shows musicales le pusieron un brillante final a la inolvidable jornada.<\/p>\n\n\n<div class=\"wp-block-image\">\n<figure class=\"aligncenter size-full is-resized\"><img loading=\"lazy\" decoding=\"async\" width=\"1179\" height=\"861\" src=\"https:\/\/elcristaldigital.org\/wp-content\/uploads\/2026\/05\/image-21.png\" alt=\"\" class=\"wp-image-3195\" style=\"aspect-ratio:1.369344089793055;width:426px;height:auto\" srcset=\"https:\/\/elcristaldigital.org\/wp-content\/uploads\/2026\/05\/image-21.png 1179w, https:\/\/elcristaldigital.org\/wp-content\/uploads\/2026\/05\/image-21-300x219.png 300w, https:\/\/elcristaldigital.org\/wp-content\/uploads\/2026\/05\/image-21-768x561.png 768w\" sizes=\"auto, (max-width: 1179px) 100vw, 1179px\" \/><\/figure>\n<\/div>\n\n\n<h3 class=\"wp-block-heading alignwide has-text-align-center has-primary-color has-accent-background-color has-text-color has-background has-link-color wp-elements-03757560733893f2e558750e64660897\">IMPORTANTE INVERSI\u00d3N DE LA EPE EN EL SISTEMA EL\u00c9CTRICO<\/h3>\n\n\n\n<p>Dentro de un plan de obras orientado a mejorar la calidad del servicio y disminuir la frecuencia y duraci\u00f3n de las interrupciones la Empresa Provincial de la Energ\u00eda (EPE) llev\u00f3 adelante la apertura de sobres para la licitaci\u00f3n de la remodelaci\u00f3n de l\u00edneas a\u00e9reas de media y baja tensi\u00f3n para la zona urbana y rural de la localidad. Con esta obra se benefician m\u00e1s de 1.100 usuarios y se completa el 100% del \u00e1rea habitada con tendido preensamblado, disminuyendo el riesgo el\u00e9ctrico de las instalaciones y aumentando la confiabilidad y capacidad del servicio de las instalaciones.<br>Concretamente el proyecto prev\u00e9, en la zona Rural, la remodelaci\u00f3n de aproximadamente 11 kms de l\u00ednea a\u00e9rea de media tensi\u00f3n de 7,6 kV, 13 kms de l\u00ednea a\u00e9rea de media tensi\u00f3n de 13,2 kV y la construcci\u00f3n de 1.645 metros de una nueva l\u00ednea a\u00e9rea de media tensi\u00f3n de 13,2 kV, reemplazo de estructuras y postaciones en mal estado. En la traza urbana se reemplazar\u00e1n 1,2 kms de l\u00ednea a\u00e9rea convencional por preensamblado y el recambio de estructuras y elementos obsoletos.<br>La obra, requerida y esperada, pretende atender al crecimiento tendencial de la demanda, consecuencia del continuo desarrollo poblacional y productivo del distrito.<\/p>\n\n\n\n<h3 class=\"wp-block-heading alignwide has-text-align-center has-primary-color has-accent-background-color has-text-color has-background has-link-color wp-elements-36be6bb870c37c0572cb5db80b865a90\">PLANTACI\u00d3N DE ESPECIES ARB\u00d3REAS<\/h3>\n\n\n\n<p>S\u00edmbolo del compromiso de la Comuna y la Universidad Nacional del Litoral con el ambiente, y en cumplimiento del compromiso asumido a partir del convenio oportunamente suscripto entre ambas instituciones, se efectu\u00f3 la plantaci\u00f3n de ejemplares arb\u00f3reos aportados en el marco del programa \u201cUn \u00c1rbol, Un Graduado\u201d.<br>De esta actividad participaron autoridades comunales y egresados de la casa de estudios con sede principal en la capital provincial y ha servido para forestar uno de los principales paseos saludables de los que puede disfrutar nuestra comunidad como lo es la ciclov\u00eda sur. Por razones de agenda no ha podido estar presente la flamante rectora de la UNL, Lic. Laura Tarabella, comprometiendo una pr\u00f3xima visita para vivenciar en territorio esta experiencia.<br>Los ejemplares son de algarrobo blanco, una de las especies nativas m\u00e1s representativas del centro y norte argentino que se destaca por su gran resistencia a las altas temperaturas, la sequ\u00eda y las condiciones adversas del suelo. Desde tiempos ancestrales, los pueblos originarios lo valoraron por los m\u00faltiples usos de sus frutos y madera, pero, adem\u00e1s de su importancia cultural y productiva, cumple un rol fundamental en el equilibrio ambiental ya que aporta sombra, favorece la biodiversidad, protege los suelos y contribuye a la captura de carbono, ayudando a mitigar los efectos del cambio clim\u00e1tico.<\/p>\n\n\n<div class=\"wp-block-image\">\n<figure class=\"aligncenter size-full is-resized\"><img loading=\"lazy\" decoding=\"async\" width=\"1179\" height=\"852\" src=\"https:\/\/elcristaldigital.org\/wp-content\/uploads\/2026\/05\/image-22.png\" alt=\"\" class=\"wp-image-3199\" style=\"aspect-ratio:1.3838083085211967;width:491px;height:auto\" srcset=\"https:\/\/elcristaldigital.org\/wp-content\/uploads\/2026\/05\/image-22.png 1179w, https:\/\/elcristaldigital.org\/wp-content\/uploads\/2026\/05\/image-22-300x217.png 300w, https:\/\/elcristaldigital.org\/wp-content\/uploads\/2026\/05\/image-22-768x555.png 768w\" sizes=\"auto, (max-width: 1179px) 100vw, 1179px\" \/><\/figure>\n<\/div>\n\n\n<h3 class=\"wp-block-heading alignwide has-text-align-center has-primary-color has-accent-background-color has-text-color has-background has-link-color wp-elements-ac1255155822e3415b0a0be4bdf3f9ae\">PRESENCIA EN JORNADA AMBIENTAL<\/h3>\n\n\n\n<p>Con motivo de los diez a\u00f1os de labor, el Instituto de Desarrollo Sustentable de la Municipalidad de Rafaela organiz\u00f3 una jornada de capacitaci\u00f3n, reflexi\u00f3n y debate sobre cuestiones atinentes a la tarea que les compete a los estados municipales en materia ambiental, una propuesta orientada a fortalecer y estimular el trabajo conjunto entre gobiernos locales.<br>El Presidente Comunal Jos\u00e9 Barbero particip\u00f3 del evento teniendo la posibilidad de compartir las experiencias de la Comuna de Ramona en materia de gesti\u00f3n de residuos s\u00f3lidos urbanos, grandes generadores, arbolado urbano, eficiencia energ\u00e9tica, movilidad sustentable, entre otras.<br>La actividad tuvo lugar en el Centro Recreativo Metropolitano \u201cLa Estaci\u00f3n\u201d, y reuni\u00f3 a 50 referentes de 30 comunas y municipios pertenecientes a las provincias de Santa Fe, C\u00f3rdoba y Jujuy que, a trav\u00e9s de exposiciones, intercambio y mesas de trabajo avanzaron en el dise\u00f1o de pol\u00edticas p\u00fablicas ambientales.<\/p>\n\n\n\n<h3 class=\"wp-block-heading alignwide has-text-align-center has-primary-color has-accent-background-color has-text-color has-background has-link-color wp-elements-1a7d5d1b47500b23b339b7eab0601388\">EL MUSEO SUMA VISITAS INTERNACIONALES<\/h3>\n\n\n\n<p>En un fin de semana sumamente activo, el Complejo Museol\u00f3gico recibi\u00f3 a ciudadanos italianos que, de turismo en nuestro pa\u00eds, se interesaron por la propuesta local recorriendo sus salas con la atracci\u00f3n que despierta en sus visitantes cada uno de los objetos materiales e inmateriales que componen su patrimonio. La recorrida incluy\u00f3 las 10 salas, finalizando con una degustaci\u00f3n de sabores t\u00edpicos.<br>El grupo de extranjeros expres\u00f3 su admiraci\u00f3n y sorpresa por la calidad y claridad del relato de los gu\u00edas que rememoran los antepasados de los inmigrantes que se radicaron en estas latitudes.<\/p>\n\n\n\n<p><\/p>\n","protected":false},"excerpt":{"rendered":"<p>GRAN EXPECTATIVA POR LA FIESTA DEL TURISMO RURAL Desde su lanzamiento, la primera Fiesta del Turismo Rural ha generado una importante repercusi\u00f3n, despertando sumo inter\u00e9s y haciendo suponer una masiva convocatoria para este acontecimiento que tendr\u00e1 su desarrollo el pr\u00f3ximo 10 de mayo desde las 9 horas y que servir\u00e1 para conmemorar los 20 a\u00f1os [&hellip;]<\/p>\n","protected":false},"author":1,"featured_media":0,"parent":0,"menu_order":0,"comment_status":"closed","ping_status":"closed","template":"","meta":{"footnotes":""},"class_list":["post-3136","page","type-page","status-publish","hentry"],"_links":{"self":[{"href":"https:\/\/elcristaldigital.org\/index.php\/wp-json\/wp\/v2\/pages\/3136","targetHints":{"allow":["GET"]}}],"collection":[{"href":"https:\/\/elcristaldigital.org\/index.php\/wp-json\/wp\/v2\/pages"}],"about":[{"href":"https:\/\/elcristaldigital.org\/index.php\/wp-json\/wp\/v2\/types\/page"}],"author":[{"embeddable":true,"href":"https:\/\/elcristaldigital.org\/index.php\/wp-json\/wp\/v2\/users\/1"}],"replies":[{"embeddable":true,"href":"https:\/\/elcristaldigital.org\/index.php\/wp-json\/wp\/v2\/comments?post=3136"}],"version-history":[{"count":14,"href":"https:\/\/elcristaldigital.org\/index.php\/wp-json\/wp\/v2\/pages\/3136\/revisions"}],"predecessor-version":[{"id":3202,"href":"https:\/\/elcristaldigital.org\/index.php\/wp-json\/wp\/v2\/pages\/3136\/revisions\/3202"}],"wp:attachment":[{"href":"https:\/\/elcristaldigital.org\/index.php\/wp-json\/wp\/v2\/media?parent=3136"}],"curies":[{"name":"wp","href":"https:\/\/api.w.org\/{rel}","templated":true}]}}