{"id":3135,"date":"2026-05-14T17:53:51","date_gmt":"2026-05-14T20:53:51","guid":{"rendered":"https:\/\/elcristaldigital.org\/?page_id=3135"},"modified":"2026-05-14T18:27:43","modified_gmt":"2026-05-14T21:27:43","slug":"efemerides-19","status":"publish","type":"page","link":"https:\/\/elcristaldigital.org\/index.php\/efemerides-19\/","title":{"rendered":"Efem\u00e9rides"},"content":{"rendered":"\n<h3 class=\"wp-block-heading alignwide has-text-align-center has-primary-color has-accent-background-color has-text-color has-background has-link-color wp-elements-8ea0e81a98197e931502d771f4159274\">D\u00cdA DEL TRABAJADOR<\/h3>\n\n\n\n<p>En el D\u00eda del Trabajador se reconoce el esfuerzo, la dedicaci\u00f3n y el compromiso de todas las personas que, a trav\u00e9s de su labor diaria, contribuyen al desarrollo y bienestar de la sociedad.<br>Esta fecha invita a reflexionar sobre el valor del trabajo como motor de crecimiento personal y colectivo, as\u00ed como sobre la importancia de construir un futuro con m\u00e1s oportunidades, equidad y dignidad para todos.<br>Saludo a toda la comunidad en esta significativa jornada.<\/p>\n\n\n\n<h3 class=\"wp-block-heading alignwide has-text-align-center has-primary-color has-accent-background-color has-text-color has-background has-link-color wp-elements-4152afa16b9f600dfb23335cce03dd5e\">1 DE MAYO<\/h3>\n\n\n\n<p>El 1 de mayo de 1853 se sancion\u00f3 la Constituci\u00f3n Nacional Argentina, estableciendo las bases jur\u00eddicas y organizativas del pa\u00eds.<br>Este hecho hist\u00f3rico marc\u00f3 el inicio de un sistema que promueve los derechos, las garant\u00edas y la organizaci\u00f3n institucional, siendo un pilar fundamental para la vida democr\u00e1tica.<br>En esta fecha se invita a reflexionar sobre su valor y vigencia en la construcci\u00f3n de una sociedad m\u00e1s justa, equitativa y respetuosa de la ley.<\/p>\n\n\n\n<h3 class=\"wp-block-heading alignwide has-text-align-center has-primary-color has-accent-background-color has-text-color has-background has-link-color wp-elements-aa777a98e0f7e0c060cef68d96c889a0\">2 DE MAYO<\/h3>\n\n\n\n<p>En el D\u00eda Mundial contra el Bullying, es importante detenernos a reflexionar sobre una problem\u00e1tica que sigue presente en muchos \u00e1mbitos, especialmente en los espacios donde convivimos a diario. El acoso no es un juego ni una simple broma: puede generar consecuencias profundas en la autoestima, la salud emocional y el bienestar de quienes lo sufren.<br>Hablar de bullying tambi\u00e9n es reconocer la importancia del respeto, la empat\u00eda y la inclusi\u00f3n en cada interacci\u00f3n. Peque\u00f1as acciones, palabras o actitudes pueden marcar una gran diferencia, tanto para bien como para mal.<br>Generar un entorno m\u00e1s sano es una responsabilidad compartida. Escuchar, acompa\u00f1ar y no ser indiferentes frente a estas situaciones es fundamental para construir espacios donde todos puedan sentirse seguros y valorados.<\/p>\n","protected":false},"excerpt":{"rendered":"<p>D\u00cdA DEL TRABAJADOR En el D\u00eda del Trabajador se reconoce el esfuerzo, la dedicaci\u00f3n y el compromiso de todas las personas que, a trav\u00e9s de su labor diaria, contribuyen al desarrollo y bienestar de la sociedad.Esta fecha invita a reflexionar sobre el valor del trabajo como motor de crecimiento personal y colectivo, as\u00ed como sobre [&hellip;]<\/p>\n","protected":false},"author":1,"featured_media":0,"parent":0,"menu_order":0,"comment_status":"closed","ping_status":"closed","template":"","meta":{"footnotes":""},"class_list":["post-3135","page","type-page","status-publish","hentry"],"_links":{"self":[{"href":"https:\/\/elcristaldigital.org\/index.php\/wp-json\/wp\/v2\/pages\/3135","targetHints":{"allow":["GET"]}}],"collection":[{"href":"https:\/\/elcristaldigital.org\/index.php\/wp-json\/wp\/v2\/pages"}],"about":[{"href":"https:\/\/elcristaldigital.org\/index.php\/wp-json\/wp\/v2\/types\/page"}],"author":[{"embeddable":true,"href":"https:\/\/elcristaldigital.org\/index.php\/wp-json\/wp\/v2\/users\/1"}],"replies":[{"embeddable":true,"href":"https:\/\/elcristaldigital.org\/index.php\/wp-json\/wp\/v2\/comments?post=3135"}],"version-history":[{"count":4,"href":"https:\/\/elcristaldigital.org\/index.php\/wp-json\/wp\/v2\/pages\/3135\/revisions"}],"predecessor-version":[{"id":3205,"href":"https:\/\/elcristaldigital.org\/index.php\/wp-json\/wp\/v2\/pages\/3135\/revisions\/3205"}],"wp:attachment":[{"href":"https:\/\/elcristaldigital.org\/index.php\/wp-json\/wp\/v2\/media?parent=3135"}],"curies":[{"name":"wp","href":"https:\/\/api.w.org\/{rel}","templated":true}]}}