{"id":3134,"date":"2026-05-14T17:53:51","date_gmt":"2026-05-14T20:53:51","guid":{"rendered":"https:\/\/elcristaldigital.org\/?page_id=3134"},"modified":"2026-05-14T17:58:22","modified_gmt":"2026-05-14T20:58:22","slug":"educacion-21","status":"publish","type":"page","link":"https:\/\/elcristaldigital.org\/index.php\/educacion-21\/","title":{"rendered":"Educaci\u00f3n"},"content":{"rendered":"\n<h3 class=\"wp-block-heading alignfull has-text-align-center has-primary-color has-accent-background-color has-text-color has-background has-link-color wp-elements-9098bb0431c77ecadb25813a1cf33c5a\">ENCUENTRO CENTRO DE ESTUDIANTES<\/h3>\n\n\n\n<p>El d\u00eda martes 5 de mayo se llev\u00f3 a cabo en la ciudad de Rafaela el Primer Encuentro Regional de Centros de Estudiantes, denominado &#8220;Redes que Participan 2026: Ciudadan\u00eda, salud y cuidados, se desarroll\u00f3 en la EESO N\u00b0615 &#8220;Luis Alberto Spinetta&#8221;.<br>El mismo, reuni\u00f3 a estudiantes de toda la zona, en el cual se realiz\u00f3 primeramente, una presentaci\u00f3n con el intendente y diferentes directivos provinciales y locales. Seguidamente se organizaron dos tipos de talleres, uno de E.S.I (Educaci\u00f3n Sexual Integral) y el otro de salud mental.<br>El objetivo de este encuentro fue orientar a brindar nuevas propuestas para las escuelas que ya poseen centros de estudiantes.<\/p>\n\n\n<div class=\"wp-block-image\">\n<figure class=\"aligncenter size-large is-resized\"><img loading=\"lazy\" decoding=\"async\" width=\"810\" height=\"1080\" src=\"https:\/\/elcristaldigital.org\/wp-content\/uploads\/2026\/05\/image-8-810x1080.png\" alt=\"\" class=\"wp-image-3165\" style=\"aspect-ratio:0.7500048027971491;width:327px;height:auto\" srcset=\"https:\/\/elcristaldigital.org\/wp-content\/uploads\/2026\/05\/image-8-810x1080.png 810w, https:\/\/elcristaldigital.org\/wp-content\/uploads\/2026\/05\/image-8-225x300.png 225w, https:\/\/elcristaldigital.org\/wp-content\/uploads\/2026\/05\/image-8-768x1024.png 768w, https:\/\/elcristaldigital.org\/wp-content\/uploads\/2026\/05\/image-8-1152x1536.png 1152w, https:\/\/elcristaldigital.org\/wp-content\/uploads\/2026\/05\/image-8.png 1200w\" sizes=\"auto, (max-width: 810px) 100vw, 810px\" \/><\/figure>\n<\/div>","protected":false},"excerpt":{"rendered":"<p>ENCUENTRO CENTRO DE ESTUDIANTES El d\u00eda martes 5 de mayo se llev\u00f3 a cabo en la ciudad de Rafaela el Primer Encuentro Regional de Centros de Estudiantes, denominado &#8220;Redes que Participan 2026: Ciudadan\u00eda, salud y cuidados, se desarroll\u00f3 en la EESO N\u00b0615 &#8220;Luis Alberto Spinetta&#8221;.El mismo, reuni\u00f3 a estudiantes de toda la zona, en el [&hellip;]<\/p>\n","protected":false},"author":1,"featured_media":0,"parent":0,"menu_order":0,"comment_status":"closed","ping_status":"closed","template":"","meta":{"footnotes":""},"class_list":["post-3134","page","type-page","status-publish","hentry"],"_links":{"self":[{"href":"https:\/\/elcristaldigital.org\/index.php\/wp-json\/wp\/v2\/pages\/3134","targetHints":{"allow":["GET"]}}],"collection":[{"href":"https:\/\/elcristaldigital.org\/index.php\/wp-json\/wp\/v2\/pages"}],"about":[{"href":"https:\/\/elcristaldigital.org\/index.php\/wp-json\/wp\/v2\/types\/page"}],"author":[{"embeddable":true,"href":"https:\/\/elcristaldigital.org\/index.php\/wp-json\/wp\/v2\/users\/1"}],"replies":[{"embeddable":true,"href":"https:\/\/elcristaldigital.org\/index.php\/wp-json\/wp\/v2\/comments?post=3134"}],"version-history":[{"count":3,"href":"https:\/\/elcristaldigital.org\/index.php\/wp-json\/wp\/v2\/pages\/3134\/revisions"}],"predecessor-version":[{"id":3167,"href":"https:\/\/elcristaldigital.org\/index.php\/wp-json\/wp\/v2\/pages\/3134\/revisions\/3167"}],"wp:attachment":[{"href":"https:\/\/elcristaldigital.org\/index.php\/wp-json\/wp\/v2\/media?parent=3134"}],"curies":[{"name":"wp","href":"https:\/\/api.w.org\/{rel}","templated":true}]}}