{"id":3062,"date":"2026-04-10T13:38:36","date_gmt":"2026-04-10T16:38:36","guid":{"rendered":"https:\/\/elcristaldigital.org\/?page_id=3062"},"modified":"2026-04-10T13:42:45","modified_gmt":"2026-04-10T16:42:45","slug":"cultura-10","status":"publish","type":"page","link":"https:\/\/elcristaldigital.org\/index.php\/cultura-10\/","title":{"rendered":"Cultura"},"content":{"rendered":"\n<h3 class=\"wp-block-heading alignfull has-text-align-center has-primary-color has-accent-background-color has-text-color has-background has-link-color wp-elements-87dd145b93be61a3d405715d6e731a13\">Fiesta de la cerveza y la pizza<\/h3>\n\n\n\n<p>El sabado 11 de abril, se llevar\u00e1 a cabo la fiesta de la cerveza y la pizza en el Centro Cultural y Deportivo Ramona, organizado por la Subcomisi\u00f3n de f\u00fatbol. Contar\u00e1 con un show a cargo de La Pachanga y la presentaci\u00f3n de diferentes disciplinas.<\/p>\n","protected":false},"excerpt":{"rendered":"<p>Fiesta de la cerveza y la pizza El sabado 11 de abril, se llevar\u00e1 a cabo la fiesta de la cerveza y la pizza en el Centro Cultural y Deportivo Ramona, organizado por la Subcomisi\u00f3n de f\u00fatbol. Contar\u00e1 con un show a cargo de La Pachanga y la presentaci\u00f3n de diferentes disciplinas.<\/p>\n","protected":false},"author":1,"featured_media":0,"parent":0,"menu_order":0,"comment_status":"closed","ping_status":"closed","template":"","meta":{"footnotes":""},"class_list":["post-3062","page","type-page","status-publish","hentry"],"_links":{"self":[{"href":"https:\/\/elcristaldigital.org\/index.php\/wp-json\/wp\/v2\/pages\/3062","targetHints":{"allow":["GET"]}}],"collection":[{"href":"https:\/\/elcristaldigital.org\/index.php\/wp-json\/wp\/v2\/pages"}],"about":[{"href":"https:\/\/elcristaldigital.org\/index.php\/wp-json\/wp\/v2\/types\/page"}],"author":[{"embeddable":true,"href":"https:\/\/elcristaldigital.org\/index.php\/wp-json\/wp\/v2\/users\/1"}],"replies":[{"embeddable":true,"href":"https:\/\/elcristaldigital.org\/index.php\/wp-json\/wp\/v2\/comments?post=3062"}],"version-history":[{"count":3,"href":"https:\/\/elcristaldigital.org\/index.php\/wp-json\/wp\/v2\/pages\/3062\/revisions"}],"predecessor-version":[{"id":3067,"href":"https:\/\/elcristaldigital.org\/index.php\/wp-json\/wp\/v2\/pages\/3062\/revisions\/3067"}],"wp:attachment":[{"href":"https:\/\/elcristaldigital.org\/index.php\/wp-json\/wp\/v2\/media?parent=3062"}],"curies":[{"name":"wp","href":"https:\/\/api.w.org\/{rel}","templated":true}]}}