{"id":3045,"date":"2026-04-09T18:18:47","date_gmt":"2026-04-09T21:18:47","guid":{"rendered":"https:\/\/elcristaldigital.org\/?page_id=3045"},"modified":"2026-04-09T18:35:39","modified_gmt":"2026-04-09T21:35:39","slug":"efemerides-18","status":"publish","type":"page","link":"https:\/\/elcristaldigital.org\/index.php\/efemerides-18\/","title":{"rendered":"Efem\u00e9rides"},"content":{"rendered":"\n<h3 class=\"wp-block-heading alignfull has-text-align-center has-primary-color has-accent-background-color has-text-color has-background has-link-color wp-elements-4f11f20fb41ba45ea0684c6726d33bcf\">D\u00eda Nacional del Donante de M\u00e9dula \u00d3sea<\/h3>\n\n\n\n<p>1 de abril \u2013 D\u00eda Nacional del Donante de M\u00e9dula \u00d3sea<\/p>\n\n\n\n<p>En esta fecha, se busca concientizar sobre la importancia de la donaci\u00f3n de m\u00e9dula \u00f3sea como una oportunidad de vida para muchas personas que padecen enfermedades hematol\u00f3gicas.<br>Ser donante implica un acto solidario y voluntario que puede marcar la diferencia, ya que para muchos pacientes encontrar un donante compatible es su \u00fanica posibilidad de tratamiento.<br>Informarse, registrarse y difundir esta causa es fundamental para ampliar las oportunidades de quienes esperan una segunda oportunidad.<br>Donar m\u00e9dula \u00f3sea es, sin duda, un compromiso con la vida.<\/p>\n\n\n\n<h3 class=\"wp-block-heading alignfull has-text-align-center has-primary-color has-accent-background-color has-text-color has-background has-link-color wp-elements-55b72685d6deeee6df9aaa2b31232d74\"> D\u00eda del Veterano y de los Ca\u00eddos en la Guerra de Malvinas<\/h3>\n\n\n\n<p>Cada 2 de abril, en Argentina conmemoramos el D\u00eda del Veterano y de los Ca\u00eddos en la Guerra de Malvinas, una fecha que nos invita a detenernos, recordar y reflexionar.<br>Honramos a quienes dieron su vida defendiendo nuestra patria y reconocemos a los veteranos que regresaron, portando no solo el orgullo de haber servido, sino tambi\u00e9n las huellas imborrables de la guerra. Su valent\u00eda, compromiso y sacrificio forman parte de nuestra historia y de nuestra identidad como naci\u00f3n.<br>La Guerra de Malvinas dej\u00f3 profundas marcas, no solo en el plano pol\u00edtico, sino tambi\u00e9n en la sociedad. Durante muchos a\u00f1os, el reconocimiento fue insuficiente, pero hoy reafirmamos la importancia de mantener viva la memoria, con respeto y conciencia.<br>Las Islas Malvinas contin\u00faan siendo un s\u00edmbolo de soberan\u00eda, y su reclamo se sostiene a trav\u00e9s del di\u00e1logo y la paz, valores fundamentales para construir un futuro mejor.<br>Recordar es tambi\u00e9n aprender. Es comprender el pasado para valorar la paz y fortalecer el compromiso con una sociedad m\u00e1s justa y consciente. Hoy, y siempre, memoria, respeto y honor a nuestros h\u00e9roes.<\/p>\n\n\n\n<h3 class=\"wp-block-heading alignfull has-text-align-center has-primary-color has-accent-background-color has-text-color has-background has-link-color wp-elements-a5d0b1d45a10da555c7801a6a12a5b8b\">D\u00eda Mundial de la Concientizaci\u00f3n sobre el Autismo<\/h3>\n\n\n\n<p>Cada 2 de abril se conmemora el D\u00eda Mundial de la Concientizaci\u00f3n sobre el Autismo, una fecha que nos invita a reflexionar sobre la importancia de construir una sociedad m\u00e1s inclusiva, respetuosa y emp\u00e1tica.<br>El autismo forma parte de la diversidad humana. Cada persona es \u00fanica, con su propia manera de sentir, comunicarse y ver el mundo. Por eso, es fundamental promover la comprensi\u00f3n, derribar prejuicios y generar espacios donde todos puedan desarrollarse plenamente.<br>La inclusi\u00f3n no es solo aceptar las diferencias, sino valorarlas. Es aprender a convivir desde el respeto, la igualdad de oportunidades y el reconocimiento de que la diversidad nos enriquece como sociedad.<br>Hoy reafirmamos nuestro compromiso de acompa\u00f1ar, comprender y visibilizar, construyendo entre todos un mundo m\u00e1s justo e inclusivo. Porque la diversidad es la verdadera normalidad.<\/p>\n\n\n\n<h3 class=\"wp-block-heading alignfull has-text-align-center has-primary-color has-accent-background-color has-text-color has-background has-link-color wp-elements-0cbfdd1fbb234dc6b4b58527ba3f5815\">D\u00eda Mundial de la Salud<\/h3>\n\n\n\n<p>Hoy, 7 de abril, conmemoramos el D\u00eda Mundial de la Salud.<br>Una fecha que nos invita a reflexionar sobre la importancia de cuidar no solo nuestro cuerpo, sino tambi\u00e9n nuestra mente y emociones. La salud no es simplemente la ausencia de enfermedad, sino un estado de bienestar integral que construimos d\u00eda a d\u00eda con nuestros h\u00e1bitos, decisiones y entorno.<br>Adoptar una vida saludable implica alimentarnos bien, mantenernos activos, descansar lo suficiente y prestar atenci\u00f3n a nuestra salud mental. Cada peque\u00f1a acci\u00f3n cuenta y tiene un impacto en nuestro bienestar y en el de quienes nos rodean.<br>Tambi\u00e9n es importante recordar que la salud es un derecho de todas las personas. Por eso, como sociedad, debemos seguir trabajando para garantizar el acceso a una atenci\u00f3n digna, equitativa y de calidad para todos. Cuidarnos es querernos. Y cuidar a otros, tambi\u00e9n es construir un mundo m\u00e1s saludable.<\/p>\n\n\n\n<p><\/p>\n","protected":false},"excerpt":{"rendered":"<p>D\u00eda Nacional del Donante de M\u00e9dula \u00d3sea 1 de abril \u2013 D\u00eda Nacional del Donante de M\u00e9dula \u00d3sea En esta fecha, se busca concientizar sobre la importancia de la donaci\u00f3n de m\u00e9dula \u00f3sea como una oportunidad de vida para muchas personas que padecen enfermedades hematol\u00f3gicas.Ser donante implica un acto solidario y voluntario que puede marcar [&hellip;]<\/p>\n","protected":false},"author":1,"featured_media":0,"parent":0,"menu_order":0,"comment_status":"closed","ping_status":"closed","template":"","meta":{"footnotes":""},"class_list":["post-3045","page","type-page","status-publish","hentry"],"_links":{"self":[{"href":"https:\/\/elcristaldigital.org\/index.php\/wp-json\/wp\/v2\/pages\/3045","targetHints":{"allow":["GET"]}}],"collection":[{"href":"https:\/\/elcristaldigital.org\/index.php\/wp-json\/wp\/v2\/pages"}],"about":[{"href":"https:\/\/elcristaldigital.org\/index.php\/wp-json\/wp\/v2\/types\/page"}],"author":[{"embeddable":true,"href":"https:\/\/elcristaldigital.org\/index.php\/wp-json\/wp\/v2\/users\/1"}],"replies":[{"embeddable":true,"href":"https:\/\/elcristaldigital.org\/index.php\/wp-json\/wp\/v2\/comments?post=3045"}],"version-history":[{"count":6,"href":"https:\/\/elcristaldigital.org\/index.php\/wp-json\/wp\/v2\/pages\/3045\/revisions"}],"predecessor-version":[{"id":3059,"href":"https:\/\/elcristaldigital.org\/index.php\/wp-json\/wp\/v2\/pages\/3045\/revisions\/3059"}],"wp:attachment":[{"href":"https:\/\/elcristaldigital.org\/index.php\/wp-json\/wp\/v2\/media?parent=3045"}],"curies":[{"name":"wp","href":"https:\/\/api.w.org\/{rel}","templated":true}]}}