{"id":3041,"date":"2026-04-09T18:17:19","date_gmt":"2026-04-09T21:17:19","guid":{"rendered":"https:\/\/elcristaldigital.org\/?page_id=3041"},"modified":"2026-04-09T18:28:09","modified_gmt":"2026-04-09T21:28:09","slug":"efemerides-17","status":"publish","type":"page","link":"https:\/\/elcristaldigital.org\/index.php\/efemerides-17\/","title":{"rendered":"Efem\u00e9rides"},"content":{"rendered":"\n<h3 class=\"wp-block-heading alignfull has-text-align-center has-primary-color has-accent-background-color has-text-color has-background has-link-color wp-elements-168f11c88c5b165a48e7ca379f40ac77\">52 a\u00f1os de la E.E.S.O.P.I. N\u00b0 3023 \u201cSan Jos\u00e9 de Calasanz\u201d.<\/h3>\n\n\n\n<p>Hoy, 18 de marzo, celebramos los 52 a\u00f1os de la E.E.S.O.P.I. N\u00b0 3023 \u201cSan Jos\u00e9 de Calasanz\u201d.<br>Una instituci\u00f3n que a lo largo del tiempo, fue testigo de miles de historias, aprendizajes, amistades y momentos inolvidables.<br>Gracias a todos los que forman y formaron parte de esta gran comunidad educativa.<br>\u00a1Feliz cumplea\u00f1os! <\/p>\n\n\n\n<h3 class=\"wp-block-heading alignfull has-text-align-center has-primary-color has-accent-background-color has-text-color has-background has-link-color wp-elements-f562959e37b7ed98ab53353e6cf777db\">D\u00eda de la conmemoraci\u00f3n del S\u00edndrome de Down<\/h3>\n\n\n\n<p>21 de marzo | D\u00eda de la conmemoraci\u00f3n del S\u00edndrome de Down.<br>Celebramos la diversidad y reafirmamos la importancia de construir una comunidad m\u00e1s inclusiva.<\/p>\n\n\n\n<h3 class=\"wp-block-heading alignfull has-text-align-center has-primary-color has-accent-background-color has-text-color has-background has-link-color wp-elements-3bfc871aedff2d482654d794e3f13706\">D\u00eda de la Memoria por la Verdad y la Justicia<\/h3>\n\n\n\n<p>24 de marzo \u2013 D\u00eda de la Memoria por la Verdad y la Justicia<br>Hoy recordamos a quienes fueron v\u00edctimas de uno de los per\u00edodos m\u00e1s oscuros de nuestra historia. La memoria no es solo mirar al pasado, sino tambi\u00e9n un compromiso con el presente y el futuro: para que nunca m\u00e1s se repitan el silencio, la violencia y la injusticia.<br>Mantener viva la memoria es defender la verdad y construir una sociedad m\u00e1s justa, con respeto, empat\u00eda y derechos para todos.<\/p>\n\n\n\n<h3 class=\"wp-block-heading alignfull has-text-align-center has-primary-color has-accent-background-color has-text-color has-background has-link-color wp-elements-be5b1077dd59eeef2a038e955bf05dee\">Efem\u00e9rides del Cristal<\/h3>\n\n\n\n<p>Un nuevo espacio de El Cristal digital para informar sobre los acontecimientos m\u00e1s importantes de cada mes.<\/p>\n\n\n<div class=\"wp-block-image\">\n<figure class=\"aligncenter size-large is-resized\"><img loading=\"lazy\" decoding=\"async\" width=\"1014\" height=\"1080\" src=\"https:\/\/elcristaldigital.org\/wp-content\/uploads\/2026\/04\/image-14-1014x1080.png\" alt=\"\" class=\"wp-image-3053\" style=\"aspect-ratio:0.9388903585772348;width:291px;height:auto\" srcset=\"https:\/\/elcristaldigital.org\/wp-content\/uploads\/2026\/04\/image-14-1014x1080.png 1014w, https:\/\/elcristaldigital.org\/wp-content\/uploads\/2026\/04\/image-14-282x300.png 282w, https:\/\/elcristaldigital.org\/wp-content\/uploads\/2026\/04\/image-14-768x818.png 768w, https:\/\/elcristaldigital.org\/wp-content\/uploads\/2026\/04\/image-14.png 1179w\" sizes=\"auto, (max-width: 1014px) 100vw, 1014px\" \/><\/figure>\n<\/div>","protected":false},"excerpt":{"rendered":"<p>52 a\u00f1os de la E.E.S.O.P.I. N\u00b0 3023 \u201cSan Jos\u00e9 de Calasanz\u201d. Hoy, 18 de marzo, celebramos los 52 a\u00f1os de la E.E.S.O.P.I. N\u00b0 3023 \u201cSan Jos\u00e9 de Calasanz\u201d.Una instituci\u00f3n que a lo largo del tiempo, fue testigo de miles de historias, aprendizajes, amistades y momentos inolvidables.Gracias a todos los que forman y formaron parte de [&hellip;]<\/p>\n","protected":false},"author":1,"featured_media":0,"parent":0,"menu_order":0,"comment_status":"closed","ping_status":"closed","template":"","meta":{"footnotes":""},"class_list":["post-3041","page","type-page","status-publish","hentry"],"_links":{"self":[{"href":"https:\/\/elcristaldigital.org\/index.php\/wp-json\/wp\/v2\/pages\/3041","targetHints":{"allow":["GET"]}}],"collection":[{"href":"https:\/\/elcristaldigital.org\/index.php\/wp-json\/wp\/v2\/pages"}],"about":[{"href":"https:\/\/elcristaldigital.org\/index.php\/wp-json\/wp\/v2\/types\/page"}],"author":[{"embeddable":true,"href":"https:\/\/elcristaldigital.org\/index.php\/wp-json\/wp\/v2\/users\/1"}],"replies":[{"embeddable":true,"href":"https:\/\/elcristaldigital.org\/index.php\/wp-json\/wp\/v2\/comments?post=3041"}],"version-history":[{"count":5,"href":"https:\/\/elcristaldigital.org\/index.php\/wp-json\/wp\/v2\/pages\/3041\/revisions"}],"predecessor-version":[{"id":3054,"href":"https:\/\/elcristaldigital.org\/index.php\/wp-json\/wp\/v2\/pages\/3041\/revisions\/3054"}],"wp:attachment":[{"href":"https:\/\/elcristaldigital.org\/index.php\/wp-json\/wp\/v2\/media?parent=3041"}],"curies":[{"name":"wp","href":"https:\/\/api.w.org\/{rel}","templated":true}]}}