{"id":3021,"date":"2026-04-09T17:59:46","date_gmt":"2026-04-09T20:59:46","guid":{"rendered":"https:\/\/elcristaldigital.org\/?page_id=3021"},"modified":"2026-04-09T18:14:45","modified_gmt":"2026-04-09T21:14:45","slug":"gestion-comunal-32","status":"publish","type":"page","link":"https:\/\/elcristaldigital.org\/index.php\/gestion-comunal-32\/","title":{"rendered":"Gesti\u00f3n Comunal"},"content":{"rendered":"\n<h3 class=\"wp-block-heading alignfull has-text-align-center has-primary-color has-accent-background-color has-text-color has-background has-link-color wp-elements-550f6eed7a8395dfd289d4ae2fb4fd45\">SOSTENIDO AVANCE DE LA NUEVA AULA EN EL JARD\u00cdN N\u00ba 300<\/h3>\n\n\n\n<p>Por implementaci\u00f3n del Plan &#8220;1000 Aulas&#8221;, impulsado por el Gobierno de la Provincia, la construcci\u00f3n de su nueva unidad \u00e1ulica en el Jard\u00edn de Infantes N\u00ba 300 Mar\u00eda Elena Walsh registran un progreso significativo, en lo que constituye una obra sumamente necesaria por el crecimiento de la matr\u00edcula y la necesidad de espacios pedag\u00f3gicos modernos.<br>Los trabajos ejecutados hasta el momento han superado la etapa de cubiertas y techos, alcanzando un 60 % de avance, habilitando la posibilidad de requerir un nuevo desembolso que financie las etapas de terminaciones, tales como revoques, colocaci\u00f3n de aberturas, instalaciones y pintura, cumpliendo, de esta manera, con los plazos administrativos y t\u00e9cnicos pautados en el respectivo convenio, demostrando la eficiencia del sistema de descentralizaci\u00f3n de obras p\u00fablicas.<br>Hay que mencionar que este nuevo recinto ha sido dise\u00f1ado bajo los lineamientos de espacios flexibles y adaptables, integrando criterios de eficiencia energ\u00e9tica y conectividad para las nuevas tecnolog\u00edas, con especial atenci\u00f3n en la observancia de las condiciones y requisitos que se proyectan para mejorar la calidad del proceso de ense\u00f1anza-aprendizaje de los alumnos de cada establecimiento.<\/p>\n\n\n<div class=\"wp-block-image\">\n<figure class=\"aligncenter size-large is-resized\"><img loading=\"lazy\" decoding=\"async\" width=\"821\" height=\"1080\" src=\"https:\/\/elcristaldigital.org\/wp-content\/uploads\/2026\/04\/image-12-821x1080.png\" alt=\"\" class=\"wp-image-3035\" style=\"aspect-ratio:0.7601986174666537;width:287px;height:auto\" srcset=\"https:\/\/elcristaldigital.org\/wp-content\/uploads\/2026\/04\/image-12-821x1080.png 821w, https:\/\/elcristaldigital.org\/wp-content\/uploads\/2026\/04\/image-12-228x300.png 228w, https:\/\/elcristaldigital.org\/wp-content\/uploads\/2026\/04\/image-12-768x1010.png 768w, https:\/\/elcristaldigital.org\/wp-content\/uploads\/2026\/04\/image-12-1168x1536.png 1168w, https:\/\/elcristaldigital.org\/wp-content\/uploads\/2026\/04\/image-12.png 1179w\" sizes=\"auto, (max-width: 821px) 100vw, 821px\" \/><\/figure>\n<\/div>\n\n\n<h3 class=\"wp-block-heading alignfull has-text-align-center has-primary-color has-accent-background-color has-text-color has-background has-link-color wp-elements-21a351f7dc2a035e24a03f1bff58d9ba\">PRESENTACI\u00d3N PROYECTO DE OBRAS MENORES<\/h3>\n\n\n\n<p>Con el prop\u00f3sito de continuar transformando el entorno urbano y mejorar la calidad de vida de los ramonenses, el gobierno comunal efectu\u00f3 la presentaci\u00f3n de dos proyectos estrat\u00e9gicos dentro del Fondo de Obras Menores, creado por Ley N\u00ba 12.385 y que tiene por objeto el financiamiento de inversiones de capital en Municipios y Comunas, ya sea para la ejecuci\u00f3n de obras o adquisici\u00f3n de equipamiento.<br>Concretamente se trata de una intervenci\u00f3n en la Plaza Sarmiento y de un plan de bacheo y reparaci\u00f3n de pavimento de hormig\u00f3n por un monto total superior a los ciento veinte millones de pesos, recursos que transfiere la provincia con car\u00e1cter de aportes no reintegrables para las administraciones municipales.<br>Por un lado, una plaza con equipamiento moderno, seguro y est\u00e9tico revaloriza el espacio p\u00fablico y fortalece el sentido de pertenencia. Por el otro, una calzada en \u00f3ptimas condiciones incide directamente en la seguridad vial y extiende la vida \u00fatil de esta esencial infraestructura al evitar que el agua filtre a las capas inferiores del suelo de base.<\/p>\n\n\n\n<h3 class=\"wp-block-heading alignfull has-text-align-center has-primary-color has-accent-background-color has-text-color has-background has-link-color wp-elements-e78811dd00554a99006fc34a88584ecd\">REGRESA EL CLUB DE TEATRO<\/h3>\n\n\n\n<p>Retomando una exitosa experiencia cultural iniciada en 2025, se lanz\u00f3 una nueva edici\u00f3n de este espacio creativo, orientado a ni\u00f1os y adolescentes, que desarrolla sus actividades en el Auditorio en diferentes d\u00edas y horarios seg\u00fan las edades y que volver\u00e1 a estar a cargo de Anabel Coraglia.<br>Este taller, en el que los asistentes exploran el arte esc\u00e9nico a trav\u00e9s del juego, la improvisaci\u00f3n y, esencialmente, el trabajo en equipo, es una propuesta educativa y recreativa, dise\u00f1ada para introducir a los j\u00f3venes en el mundo art\u00edstico, potenciando su desarrollo integral.<br>Esta pr\u00e1ctica tiene m\u00faltiples y reconocidos beneficios como el aumento de la autoestima y la confianza, la superaci\u00f3n de la timidez y los miedos, el autoconocimiento y manejo emocional, reducci\u00f3n del estr\u00e9s y la ansiedad y la mejora de la comunicaci\u00f3n verbal y no verbal.<\/p>\n\n\n\n<h3 class=\"wp-block-heading alignfull has-text-align-center has-primary-color has-accent-background-color has-text-color has-background has-link-color wp-elements-21dfca2acffff637c1a78af240bb9bf6\">CONTINUIDAD DEL PLAN DE VEREDAS<\/h3>\n\n\n\n<p>Considerando especialmente los sectores m\u00e1s distantes que no cuentan con proximidad de v\u00eda pavimentada y a fin de asegurar la accesibilidad y circulaci\u00f3n peatonal, el municipio contin\u00faa con el plan de mejoramiento y ejecuci\u00f3n de aceras que busca promover espacios p\u00fablicos seguros, asequibles y transitables.<br>Este plan tiene se implementa con la premisa de que la obra p\u00fablica sea motor de la generaci\u00f3n de oportunidades laborales y postula crear un entorno m\u00e1s amigable para los peatones, eliminando barreras arquitect\u00f3nicas y fomentando lugares inclusivos donde todos puedan circular de manera segura y aut\u00f3noma.<\/p>\n\n\n<div class=\"wp-block-image\">\n<figure class=\"aligncenter size-full is-resized\"><img loading=\"lazy\" decoding=\"async\" width=\"1179\" height=\"861\" src=\"https:\/\/elcristaldigital.org\/wp-content\/uploads\/2026\/04\/image-13.png\" alt=\"\" class=\"wp-image-3038\" style=\"aspect-ratio:1.369344089793055;width:327px;height:auto\" srcset=\"https:\/\/elcristaldigital.org\/wp-content\/uploads\/2026\/04\/image-13.png 1179w, https:\/\/elcristaldigital.org\/wp-content\/uploads\/2026\/04\/image-13-300x219.png 300w, https:\/\/elcristaldigital.org\/wp-content\/uploads\/2026\/04\/image-13-768x561.png 768w\" sizes=\"auto, (max-width: 1179px) 100vw, 1179px\" \/><\/figure>\n<\/div>\n\n\n<h3 class=\"wp-block-heading alignfull has-text-align-center has-primary-color has-accent-background-color has-text-color has-background has-link-color wp-elements-b14bbe5e5b03f1dad2fe1a70aca517d0\">PARTICIPACI\u00d3N EN ASAMBLEA DEL COMIT\u00c9 DE CUENCAS<\/h3>\n\n\n\n<p>El Presidente Comunal Jos\u00e9 Barbero particip\u00f3 de la Asamblea General Ordinaria del Comit\u00e9 de Cuencas Castellanos Sur, jornada que reuni\u00f3 a representantes de productores, delegados comunales, autoridades y t\u00e9cnicos del Ministerio de Obras P\u00fablicas de la provincia, y tuvo por eje central definir las prioridades para la optimizaci\u00f3n del escurrimiento de las aguas de su zona de cobertura, cuidando, particularmente, la seguridad de las zonas urbanas ante eventos meteorol\u00f3gicos de magnitud.<br>En este \u00e1mbito, se ha planteado la necesidad de planificar la limpieza y readecuaci\u00f3n de canales rurales para eliminar obstrucciones y mejorar el flujo y de atender al mantenimiento de redes secundarias del distrito, pero con una visi\u00f3n regional que sustente una gesti\u00f3n integral y solidaria de la cuenca que aporta, fundamentalmente, al Canal Vila-Culul\u00fa.<\/p>\n","protected":false},"excerpt":{"rendered":"<p>SOSTENIDO AVANCE DE LA NUEVA AULA EN EL JARD\u00cdN N\u00ba 300 Por implementaci\u00f3n del Plan &#8220;1000 Aulas&#8221;, impulsado por el Gobierno de la Provincia, la construcci\u00f3n de su nueva unidad \u00e1ulica en el Jard\u00edn de Infantes N\u00ba 300 Mar\u00eda Elena Walsh registran un progreso significativo, en lo que constituye una obra sumamente necesaria por el [&hellip;]<\/p>\n","protected":false},"author":1,"featured_media":0,"parent":0,"menu_order":0,"comment_status":"closed","ping_status":"closed","template":"","meta":{"footnotes":""},"class_list":["post-3021","page","type-page","status-publish","hentry"],"_links":{"self":[{"href":"https:\/\/elcristaldigital.org\/index.php\/wp-json\/wp\/v2\/pages\/3021","targetHints":{"allow":["GET"]}}],"collection":[{"href":"https:\/\/elcristaldigital.org\/index.php\/wp-json\/wp\/v2\/pages"}],"about":[{"href":"https:\/\/elcristaldigital.org\/index.php\/wp-json\/wp\/v2\/types\/page"}],"author":[{"embeddable":true,"href":"https:\/\/elcristaldigital.org\/index.php\/wp-json\/wp\/v2\/users\/1"}],"replies":[{"embeddable":true,"href":"https:\/\/elcristaldigital.org\/index.php\/wp-json\/wp\/v2\/comments?post=3021"}],"version-history":[{"count":6,"href":"https:\/\/elcristaldigital.org\/index.php\/wp-json\/wp\/v2\/pages\/3021\/revisions"}],"predecessor-version":[{"id":3040,"href":"https:\/\/elcristaldigital.org\/index.php\/wp-json\/wp\/v2\/pages\/3021\/revisions\/3040"}],"wp:attachment":[{"href":"https:\/\/elcristaldigital.org\/index.php\/wp-json\/wp\/v2\/media?parent=3021"}],"curies":[{"name":"wp","href":"https:\/\/api.w.org\/{rel}","templated":true}]}}