{"id":3018,"date":"2026-04-09T17:59:46","date_gmt":"2026-04-09T20:59:46","guid":{"rendered":"https:\/\/elcristaldigital.org\/?page_id=3018"},"modified":"2026-04-09T18:05:03","modified_gmt":"2026-04-09T21:05:03","slug":"educacion-20","status":"publish","type":"page","link":"https:\/\/elcristaldigital.org\/index.php\/educacion-20\/","title":{"rendered":"Educaci\u00f3n"},"content":{"rendered":"\n<h3 class=\"wp-block-heading alignfull has-text-align-center has-primary-color has-accent-background-color has-text-color has-background has-link-color wp-elements-02d47dbef483745d90610c5bb93a3002\">D\u00eda de la salud<\/h3>\n\n\n\n<p>En el D\u00eda Mundial de la Salud que se conmemora cada 7 de abril, la E.E.S.O.P.I 3023 convoc\u00f3 a profesionales de la salud de la localidad para que los estudiantes puedan consultar e informarse sobre la importancia de la prevenci\u00f3n de enfermedades pensando siempre en el bienestar de las personas.<br>Gracias a los profesionales por habernos acompa\u00f1ado!<\/p>\n\n\n<div class=\"wp-block-image\">\n<figure class=\"aligncenter size-large is-resized\"><img loading=\"lazy\" decoding=\"async\" width=\"828\" height=\"1080\" src=\"https:\/\/elcristaldigital.org\/wp-content\/uploads\/2026\/04\/image-10-828x1080.png\" alt=\"\" class=\"wp-image-3031\" style=\"aspect-ratio:0.7665874683370314;width:245px;height:auto\" srcset=\"https:\/\/elcristaldigital.org\/wp-content\/uploads\/2026\/04\/image-10-828x1080.png 828w, https:\/\/elcristaldigital.org\/wp-content\/uploads\/2026\/04\/image-10-230x300.png 230w, https:\/\/elcristaldigital.org\/wp-content\/uploads\/2026\/04\/image-10-768x1002.png 768w, https:\/\/elcristaldigital.org\/wp-content\/uploads\/2026\/04\/image-10-1177x1536.png 1177w, https:\/\/elcristaldigital.org\/wp-content\/uploads\/2026\/04\/image-10.png 1179w\" sizes=\"auto, (max-width: 828px) 100vw, 828px\" \/><\/figure>\n<\/div>","protected":false},"excerpt":{"rendered":"<p>D\u00eda de la salud En el D\u00eda Mundial de la Salud que se conmemora cada 7 de abril, la E.E.S.O.P.I 3023 convoc\u00f3 a profesionales de la salud de la localidad para que los estudiantes puedan consultar e informarse sobre la importancia de la prevenci\u00f3n de enfermedades pensando siempre en el bienestar de las personas.Gracias a [&hellip;]<\/p>\n","protected":false},"author":1,"featured_media":0,"parent":0,"menu_order":0,"comment_status":"closed","ping_status":"closed","template":"","meta":{"footnotes":""},"class_list":["post-3018","page","type-page","status-publish","hentry"],"_links":{"self":[{"href":"https:\/\/elcristaldigital.org\/index.php\/wp-json\/wp\/v2\/pages\/3018","targetHints":{"allow":["GET"]}}],"collection":[{"href":"https:\/\/elcristaldigital.org\/index.php\/wp-json\/wp\/v2\/pages"}],"about":[{"href":"https:\/\/elcristaldigital.org\/index.php\/wp-json\/wp\/v2\/types\/page"}],"author":[{"embeddable":true,"href":"https:\/\/elcristaldigital.org\/index.php\/wp-json\/wp\/v2\/users\/1"}],"replies":[{"embeddable":true,"href":"https:\/\/elcristaldigital.org\/index.php\/wp-json\/wp\/v2\/comments?post=3018"}],"version-history":[{"count":3,"href":"https:\/\/elcristaldigital.org\/index.php\/wp-json\/wp\/v2\/pages\/3018\/revisions"}],"predecessor-version":[{"id":3032,"href":"https:\/\/elcristaldigital.org\/index.php\/wp-json\/wp\/v2\/pages\/3018\/revisions\/3032"}],"wp:attachment":[{"href":"https:\/\/elcristaldigital.org\/index.php\/wp-json\/wp\/v2\/media?parent=3018"}],"curies":[{"name":"wp","href":"https:\/\/api.w.org\/{rel}","templated":true}]}}