{"id":3017,"date":"2026-04-09T17:59:46","date_gmt":"2026-04-09T20:59:46","guid":{"rendered":"https:\/\/elcristaldigital.org\/?page_id=3017"},"modified":"2026-04-10T13:37:14","modified_gmt":"2026-04-10T16:37:14","slug":"deportes-30","status":"publish","type":"page","link":"https:\/\/elcristaldigital.org\/index.php\/deportes-30\/","title":{"rendered":"Deportes"},"content":{"rendered":"\n<h3 class=\"wp-block-heading alignfull has-text-align-center has-primary-color has-accent-background-color has-text-color has-background has-link-color wp-elements-570a5c81a5ba86a79afc62900f70d4b6\">&#8220;S\u00daPER DEPOR&#8221;<\/h3>\n\n\n\n<p>El d\u00eda jueves 2 de abril, jugaron las divisiones de f\u00fatbol mayor del Centro Cultural y Deportivo Ramona contra Club Juventud Unida de la Villa de San Jos\u00e9, los resultados fueron los siguientes:<br>Reserva divisi\u00f3n: obtuvo una victoria de 4-0 con goles de Mateo Masuero X3 y Juan Pablo Salusso.<br>Primera divisi\u00f3n: obtuvo una victoria de 5-0 con goles de Misael Rodriguez X3, Alfredo Infeld y Mariano Cavallero.<\/p>\n\n\n\n<h2 class=\"wp-block-heading\"><\/h2>\n","protected":false},"excerpt":{"rendered":"<p>&#8220;S\u00daPER DEPOR&#8221; El d\u00eda jueves 2 de abril, jugaron las divisiones de f\u00fatbol mayor del Centro Cultural y Deportivo Ramona contra Club Juventud Unida de la Villa de San Jos\u00e9, los resultados fueron los siguientes:Reserva divisi\u00f3n: obtuvo una victoria de 4-0 con goles de Mateo Masuero X3 y Juan Pablo Salusso.Primera divisi\u00f3n: obtuvo una victoria [&hellip;]<\/p>\n","protected":false},"author":1,"featured_media":0,"parent":0,"menu_order":0,"comment_status":"closed","ping_status":"closed","template":"","meta":{"footnotes":""},"class_list":["post-3017","page","type-page","status-publish","hentry"],"_links":{"self":[{"href":"https:\/\/elcristaldigital.org\/index.php\/wp-json\/wp\/v2\/pages\/3017","targetHints":{"allow":["GET"]}}],"collection":[{"href":"https:\/\/elcristaldigital.org\/index.php\/wp-json\/wp\/v2\/pages"}],"about":[{"href":"https:\/\/elcristaldigital.org\/index.php\/wp-json\/wp\/v2\/types\/page"}],"author":[{"embeddable":true,"href":"https:\/\/elcristaldigital.org\/index.php\/wp-json\/wp\/v2\/users\/1"}],"replies":[{"embeddable":true,"href":"https:\/\/elcristaldigital.org\/index.php\/wp-json\/wp\/v2\/comments?post=3017"}],"version-history":[{"count":3,"href":"https:\/\/elcristaldigital.org\/index.php\/wp-json\/wp\/v2\/pages\/3017\/revisions"}],"predecessor-version":[{"id":3061,"href":"https:\/\/elcristaldigital.org\/index.php\/wp-json\/wp\/v2\/pages\/3017\/revisions\/3061"}],"wp:attachment":[{"href":"https:\/\/elcristaldigital.org\/index.php\/wp-json\/wp\/v2\/media?parent=3017"}],"curies":[{"name":"wp","href":"https:\/\/api.w.org\/{rel}","templated":true}]}}