{"id":2903,"date":"2026-03-12T15:26:46","date_gmt":"2026-03-12T18:26:46","guid":{"rendered":"https:\/\/elcristaldigital.org\/?page_id=2903"},"modified":"2026-03-31T16:13:59","modified_gmt":"2026-03-31T19:13:59","slug":"deportes-29","status":"publish","type":"page","link":"https:\/\/elcristaldigital.org\/index.php\/deportes-29\/","title":{"rendered":"Deportes"},"content":{"rendered":"\n<h3 class=\"wp-block-heading alignfull has-text-align-center has-primary-color has-accent-background-color has-text-color has-background has-link-color wp-elements-e1ff4fec4ce6885b67acc18e114b9645\">TORNEO SUPERDEPOR<\/h3>\n\n\n\n<p>El pasado 26, 27, 28 de Febrero y 1 de Marzo, se llev\u00f3 a cabo la 4TA Edici\u00f3n del &#8220;Torneo Super Depor&#8221; en las cuales participaron las categor\u00edas 2014, 2015, 2016, 2017 y 2018.<br>Teniendo a Velez Sarsfield, Defensa y Justicia y River Plate como principales participantes de este torneo nacional.<br>Los equipos ramonenses mostraron un buen papel junto a su gente, creciendo cada dia mas como jugadores.<\/p>\n\n\n<div class=\"wp-block-image\">\n<figure class=\"aligncenter size-large is-resized\"><img loading=\"lazy\" decoding=\"async\" width=\"608\" height=\"1080\" src=\"https:\/\/elcristaldigital.org\/wp-content\/uploads\/2026\/03\/WhatsApp-Image-2026-03-12-at-10.29.57-copia-608x1080.jpeg\" alt=\"\" class=\"wp-image-2911\" style=\"aspect-ratio:0.5629688641040961;width:244px;height:auto\" srcset=\"https:\/\/elcristaldigital.org\/wp-content\/uploads\/2026\/03\/WhatsApp-Image-2026-03-12-at-10.29.57-copia-608x1080.jpeg 608w, https:\/\/elcristaldigital.org\/wp-content\/uploads\/2026\/03\/WhatsApp-Image-2026-03-12-at-10.29.57-copia-169x300.jpeg 169w, https:\/\/elcristaldigital.org\/wp-content\/uploads\/2026\/03\/WhatsApp-Image-2026-03-12-at-10.29.57-copia.jpeg 720w\" sizes=\"auto, (max-width: 608px) 100vw, 608px\" \/><\/figure>\n<\/div>\n\n\n<h3 class=\"wp-block-heading alignfull has-text-align-center has-primary-color has-accent-background-color has-text-color has-background has-link-color wp-elements-a2524f6727e08067c6e1906ecbff1051\">&#8220;SUPER DEPOR&#8221;<\/h3>\n\n\n\n<p>El pasado martes 24 de marzo se disput\u00f3 la segunda fecha del torneo apertura de la Liga Rafaelina de F\u00fatbol. La divisi\u00f3n F\u00fatbol Mayor del Centro Cultural y Deportivo Ramona se enfrent\u00f3 a Club Social y Deportivo Bella Italia.<br>Los resultados de la fecha fueron los siguientes:<br>Divisi\u00f3n Reserva obtuvo una victoria de 3 a 1 con doblete de Emanuel Molina y Mikeas Franco, mientras que Primera divisi\u00f3n empat\u00f3 0 a 0.<br>Primera divisi\u00f3n: empat\u00f3 0 a 0.<\/p>\n\n\n<div class=\"wp-block-image\">\n<figure class=\"aligncenter size-large is-resized\"><img loading=\"lazy\" decoding=\"async\" width=\"820\" height=\"1080\" src=\"https:\/\/elcristaldigital.org\/wp-content\/uploads\/2026\/03\/WhatsApp-Image-2026-03-26-at-20.01.53-1-820x1080.jpeg\" alt=\"\" class=\"wp-image-2960\" style=\"aspect-ratio:0.7592671826986659;width:226px;height:auto\" srcset=\"https:\/\/elcristaldigital.org\/wp-content\/uploads\/2026\/03\/WhatsApp-Image-2026-03-26-at-20.01.53-1-820x1080.jpeg 820w, https:\/\/elcristaldigital.org\/wp-content\/uploads\/2026\/03\/WhatsApp-Image-2026-03-26-at-20.01.53-1-228x300.jpeg 228w, https:\/\/elcristaldigital.org\/wp-content\/uploads\/2026\/03\/WhatsApp-Image-2026-03-26-at-20.01.53-1-768x1012.jpeg 768w, https:\/\/elcristaldigital.org\/wp-content\/uploads\/2026\/03\/WhatsApp-Image-2026-03-26-at-20.01.53-1-1166x1536.jpeg 1166w, https:\/\/elcristaldigital.org\/wp-content\/uploads\/2026\/03\/WhatsApp-Image-2026-03-26-at-20.01.53-1.jpeg 1179w\" sizes=\"auto, (max-width: 820px) 100vw, 820px\" \/><\/figure>\n<\/div>\n\n\n<h3 class=\"wp-block-heading alignfull has-text-align-center has-primary-color has-accent-background-color has-text-color has-background has-link-color wp-elements-665206703178556f1931b22ca1914dd2\">Baile del Ale Ceberio<\/h3>\n\n\n\n<p>La Sub comisi\u00f3n de F\u00fatbol Mayor del Centro Cultural y Deportivo Ramona organiz\u00f3 un baile con la actuaci\u00f3n de Ale Ceberio. El evento fue realizado el s\u00e1bado 21 de marzo en las instalaciones del club con la asistencia de 730 personas aproximadamente. El grupo musical brind\u00f3 a los presentes un magn\u00edfico show. El baile result\u00f3 exitoso.<\/p>\n\n\n<div class=\"wp-block-image\">\n<figure class=\"aligncenter size-large is-resized\"><img loading=\"lazy\" decoding=\"async\" width=\"853\" height=\"1080\" src=\"https:\/\/elcristaldigital.org\/wp-content\/uploads\/2026\/03\/WhatsApp-Image-2026-03-26-at-20.01.41-1-853x1080.jpeg\" alt=\"\" class=\"wp-image-2961\" style=\"aspect-ratio:0.7898197414473285;width:276px;height:auto\" srcset=\"https:\/\/elcristaldigital.org\/wp-content\/uploads\/2026\/03\/WhatsApp-Image-2026-03-26-at-20.01.41-1-853x1080.jpeg 853w, https:\/\/elcristaldigital.org\/wp-content\/uploads\/2026\/03\/WhatsApp-Image-2026-03-26-at-20.01.41-1-237x300.jpeg 237w, https:\/\/elcristaldigital.org\/wp-content\/uploads\/2026\/03\/WhatsApp-Image-2026-03-26-at-20.01.41-1-768x973.jpeg 768w, https:\/\/elcristaldigital.org\/wp-content\/uploads\/2026\/03\/WhatsApp-Image-2026-03-26-at-20.01.41-1.jpeg 1159w\" sizes=\"auto, (max-width: 853px) 100vw, 853px\" \/><\/figure>\n<\/div>\n\n\n<h3 class=\"wp-block-heading alignfull has-text-align-center has-primary-color has-accent-background-color has-text-color has-background has-link-color wp-elements-954954c51b82980ff5635a7019801c50\">Inicio hockey 2026<\/h3>\n\n\n\n<p>El pasado mi\u00e9rcoles 11 de marzo se llev\u00f3 a cabo la primera clase de hockey en La localidad de Ramona, fue una clase abierta para todo p\u00fablico. En la misma participaron los jugadores, profesores y parte de la Comisi\u00f3n de esta disciplina deportiva.<br>Se realizaron actividades f\u00edsicas y t\u00e9cnicas, se dialog\u00f3 sobre el nuevo equipo por formar.<br>Para finalizar con la clase se jug\u00f3 un partido en la que intervinieron todas las categor\u00edas juntas.<\/p>\n\n\n<div class=\"wp-block-image\">\n<figure class=\"aligncenter size-full is-resized\"><img loading=\"lazy\" decoding=\"async\" width=\"1280\" height=\"960\" src=\"https:\/\/elcristaldigital.org\/wp-content\/uploads\/2026\/03\/WhatsApp-Image-2026-03-26-at-19.59.49-1.jpeg\" alt=\"\" class=\"wp-image-2963\" style=\"width:389px;height:auto\" srcset=\"https:\/\/elcristaldigital.org\/wp-content\/uploads\/2026\/03\/WhatsApp-Image-2026-03-26-at-19.59.49-1.jpeg 1280w, https:\/\/elcristaldigital.org\/wp-content\/uploads\/2026\/03\/WhatsApp-Image-2026-03-26-at-19.59.49-1-300x225.jpeg 300w, https:\/\/elcristaldigital.org\/wp-content\/uploads\/2026\/03\/WhatsApp-Image-2026-03-26-at-19.59.49-1-768x576.jpeg 768w, https:\/\/elcristaldigital.org\/wp-content\/uploads\/2026\/03\/WhatsApp-Image-2026-03-26-at-19.59.49-1-1200x900.jpeg 1200w\" sizes=\"auto, (max-width: 1280px) 100vw, 1280px\" \/><\/figure>\n<\/div>\n\n\n<h3 class=\"wp-block-heading alignfull has-text-align-center has-primary-color has-accent-background-color has-text-color has-background has-link-color wp-elements-f9def1b85974cd2d950facc395b4c26f\">Primer amistoso de hockey<\/h3>\n\n\n\n<p>El lunes 30\/03 el C.C.Y.D.R estuvo presente en el amistoso contra CRAR; de la localidad de RAFAELA, participaron ni\u00f1as y ni\u00f1os de 10 a 18 a\u00f1os, pudieron desarrollar las t\u00e9cnicas aprendidas en las clases. Ramona se llev\u00f3 la victoria 8-0. Es importante que se sigan realizando encuentros amistosos para que los adolescentes puedan seguir desarrollandose en el deporte y generen nuevas amistades.<\/p>\n\n\n<div class=\"wp-block-image\">\n<figure class=\"aligncenter size-large is-resized\"><img loading=\"lazy\" decoding=\"async\" width=\"810\" height=\"1080\" src=\"https:\/\/elcristaldigital.org\/wp-content\/uploads\/2026\/03\/WhatsApp-Image-2026-03-31-at-12.52.55-810x1080.jpeg\" alt=\"\" class=\"wp-image-2967\" style=\"aspect-ratio:0.7500048027971491;width:275px;height:auto\" srcset=\"https:\/\/elcristaldigital.org\/wp-content\/uploads\/2026\/03\/WhatsApp-Image-2026-03-31-at-12.52.55-810x1080.jpeg 810w, https:\/\/elcristaldigital.org\/wp-content\/uploads\/2026\/03\/WhatsApp-Image-2026-03-31-at-12.52.55-225x300.jpeg 225w, https:\/\/elcristaldigital.org\/wp-content\/uploads\/2026\/03\/WhatsApp-Image-2026-03-31-at-12.52.55-768x1024.jpeg 768w, https:\/\/elcristaldigital.org\/wp-content\/uploads\/2026\/03\/WhatsApp-Image-2026-03-31-at-12.52.55.jpeg 960w\" sizes=\"auto, (max-width: 810px) 100vw, 810px\" \/><\/figure>\n<\/div>\n\n\n<p>El s\u00e1bado 27 de marzo, jugaron las inferiores del centro cultural y deportivo Ramona contra club social Bella Italia, los resultados fueron los siguientes:<\/p>\n\n\n\n<h3 class=\"wp-block-heading alignfull has-text-align-center has-primary-color has-accent-background-color has-text-color has-background has-link-color wp-elements-a2524f6727e08067c6e1906ecbff1051\">&#8220;SUPER DEPOR&#8221;<\/h3>\n\n\n\n<p>El s\u00e1bado 27 de marzo, jugaron las inferiores del Centro Cultural y Deportivo Ramona contra club social Bella Italia, los resultados fueron los siguientes:<br>Novena divisi\u00f3n: obtuvo una victoria de 4-0 con goles de Thiago Masuero X2, Pedro Gramaglia y Noah Garc\u00eda.<br>Octava divisi\u00f3n: gan\u00f3 5-1 con goles de Lautaro Vicedo Rico X2, Ger\u00f3nimo Gutierrez, Jason Battaglino y Dario Castelo.<br>Septima divisi\u00f3n: obtuvo una victoria de 2-0 con goles de Bautista Vignett X2.<br>Sexta divisi\u00f3n: perdi\u00f3 1-0.<\/p>\n\n\n<div class=\"wp-block-image\">\n<figure class=\"aligncenter size-large is-resized\"><img loading=\"lazy\" decoding=\"async\" width=\"810\" height=\"1080\" src=\"https:\/\/elcristaldigital.org\/wp-content\/uploads\/2026\/03\/WhatsApp-Image-2026-03-31-at-15.42.49-810x1080.jpeg\" alt=\"\" class=\"wp-image-2972\" style=\"aspect-ratio:0.7500048027971491;width:278px;height:auto\" srcset=\"https:\/\/elcristaldigital.org\/wp-content\/uploads\/2026\/03\/WhatsApp-Image-2026-03-31-at-15.42.49-810x1080.jpeg 810w, https:\/\/elcristaldigital.org\/wp-content\/uploads\/2026\/03\/WhatsApp-Image-2026-03-31-at-15.42.49-225x300.jpeg 225w, https:\/\/elcristaldigital.org\/wp-content\/uploads\/2026\/03\/WhatsApp-Image-2026-03-31-at-15.42.49-768x1024.jpeg 768w, https:\/\/elcristaldigital.org\/wp-content\/uploads\/2026\/03\/WhatsApp-Image-2026-03-31-at-15.42.49.jpeg 960w\" sizes=\"auto, (max-width: 810px) 100vw, 810px\" \/><\/figure>\n<\/div>\n\n\n<h3 class=\"wp-block-heading alignwide has-text-align-center has-primary-color has-accent-background-color has-text-color has-background has-link-color wp-elements-38af84b6e67fa15c39fd7311700769a5\">&#8220;SUPER DEPOR&#8221;<\/h3>\n\n\n\n<p>El domingo 28 de marzo, jugaron las divisiones de f\u00fatbol mayor del Centro Cultural y Deportivo Ramona contra Independiente San Cristobal, los resultados fueron los siguiente:<br>Divisi\u00f3n reserva: obtuvo una victoria de 1-0, con gol de Jordan Labasto.<br>Primera divisi\u00f3n: obtuvo una victoria de 7-0, con goles de Misael Rodriguez X2, Mariano Cavallero, Nahuel Velazques, Matco Guglielmone, Eduardo Chiessa y Jordan Labasto.<\/p>\n\n\n<div class=\"wp-block-image\">\n<figure class=\"aligncenter size-large is-resized\"><img loading=\"lazy\" decoding=\"async\" width=\"810\" height=\"1080\" src=\"https:\/\/elcristaldigital.org\/wp-content\/uploads\/2026\/03\/WhatsApp-Image-2026-03-31-at-16.13.25-810x1080.jpeg\" alt=\"\" class=\"wp-image-2976\" style=\"aspect-ratio:0.7500048027971491;width:296px;height:auto\" srcset=\"https:\/\/elcristaldigital.org\/wp-content\/uploads\/2026\/03\/WhatsApp-Image-2026-03-31-at-16.13.25-810x1080.jpeg 810w, https:\/\/elcristaldigital.org\/wp-content\/uploads\/2026\/03\/WhatsApp-Image-2026-03-31-at-16.13.25-225x300.jpeg 225w, https:\/\/elcristaldigital.org\/wp-content\/uploads\/2026\/03\/WhatsApp-Image-2026-03-31-at-16.13.25-768x1024.jpeg 768w, https:\/\/elcristaldigital.org\/wp-content\/uploads\/2026\/03\/WhatsApp-Image-2026-03-31-at-16.13.25-1152x1536.jpeg 1152w, https:\/\/elcristaldigital.org\/wp-content\/uploads\/2026\/03\/WhatsApp-Image-2026-03-31-at-16.13.25.jpeg 1200w\" sizes=\"auto, (max-width: 810px) 100vw, 810px\" \/><\/figure>\n<\/div>","protected":false},"excerpt":{"rendered":"<p>TORNEO SUPERDEPOR El pasado 26, 27, 28 de Febrero y 1 de Marzo, se llev\u00f3 a cabo la 4TA Edici\u00f3n del &#8220;Torneo Super Depor&#8221; en las cuales participaron las categor\u00edas 2014, 2015, 2016, 2017 y 2018.Teniendo a Velez Sarsfield, Defensa y Justicia y River Plate como principales participantes de este torneo nacional.Los equipos ramonenses mostraron [&hellip;]<\/p>\n","protected":false},"author":1,"featured_media":0,"parent":0,"menu_order":0,"comment_status":"closed","ping_status":"closed","template":"","meta":{"footnotes":""},"class_list":["post-2903","page","type-page","status-publish","hentry"],"_links":{"self":[{"href":"https:\/\/elcristaldigital.org\/index.php\/wp-json\/wp\/v2\/pages\/2903","targetHints":{"allow":["GET"]}}],"collection":[{"href":"https:\/\/elcristaldigital.org\/index.php\/wp-json\/wp\/v2\/pages"}],"about":[{"href":"https:\/\/elcristaldigital.org\/index.php\/wp-json\/wp\/v2\/types\/page"}],"author":[{"embeddable":true,"href":"https:\/\/elcristaldigital.org\/index.php\/wp-json\/wp\/v2\/users\/1"}],"replies":[{"embeddable":true,"href":"https:\/\/elcristaldigital.org\/index.php\/wp-json\/wp\/v2\/comments?post=2903"}],"version-history":[{"count":20,"href":"https:\/\/elcristaldigital.org\/index.php\/wp-json\/wp\/v2\/pages\/2903\/revisions"}],"predecessor-version":[{"id":2977,"href":"https:\/\/elcristaldigital.org\/index.php\/wp-json\/wp\/v2\/pages\/2903\/revisions\/2977"}],"wp:attachment":[{"href":"https:\/\/elcristaldigital.org\/index.php\/wp-json\/wp\/v2\/media?parent=2903"}],"curies":[{"name":"wp","href":"https:\/\/api.w.org\/{rel}","templated":true}]}}