{"id":2870,"date":"2026-03-02T16:07:33","date_gmt":"2026-03-02T19:07:33","guid":{"rendered":"https:\/\/elcristaldigital.org\/?page_id=2870"},"modified":"2026-03-31T15:19:25","modified_gmt":"2026-03-31T18:19:25","slug":"educacion-19","status":"publish","type":"page","link":"https:\/\/elcristaldigital.org\/index.php\/educacion-19\/","title":{"rendered":"Educaci\u00f3n"},"content":{"rendered":"\n<h3 class=\"wp-block-heading alignfull has-text-align-center has-primary-color has-accent-background-color has-text-color has-background has-link-color wp-elements-38690cac8dc287dc306c9745cae2a3f5\">INICIO CICLO LECTIVO<\/h3>\n\n\n\n<p>COMENZ\u00d3 EL CICLO LECTIVO 2026<br>El lunes 2 de marzo la comunidad educativa de la E.E.S.O.P.I. N.\u00ba 3023 dio inicio a un nuevo a\u00f1o escolar.<br>El director Prof. Mg. Hern\u00e1n Ardiles dio la bienvenida a estudiantes y familias, con un mensaje especial para los alumnos de 5.\u00ba a\u00f1o, que viven su \u00faltimo primer d\u00eda, y para los de 1.\u00ba a\u00f1o, que comienzan su camino en la secundaria.<br>Tambi\u00e9n se present\u00f3 el nuevo lema institucional:<br>\u201cProyectar, transformar y trascender\u201d<br>Durante el acto se inaugur\u00f3 adem\u00e1s la nueva Direcci\u00f3n, marcando el inicio de una nueva etapa para la instituci\u00f3n.<br>Luego del acto, los estudiantes participaron de actividades grupales en las aulas para comenzar el ciclo lectivo trabajando en equipo.<br>\u00a1Bienvenido ciclo lectivo 2026!<\/p>\n\n\n<div class=\"wp-block-image\">\n<figure class=\"aligncenter size-large is-resized\"><img loading=\"lazy\" decoding=\"async\" width=\"810\" height=\"1080\" src=\"https:\/\/elcristaldigital.org\/wp-content\/uploads\/2026\/03\/226445ac-ad73-4fb3-a45d-2e4411278a80-810x1080.jpg\" alt=\"\" class=\"wp-image-2886\" style=\"aspect-ratio:0.7500048027971491;width:344px;height:auto\" srcset=\"https:\/\/elcristaldigital.org\/wp-content\/uploads\/2026\/03\/226445ac-ad73-4fb3-a45d-2e4411278a80-810x1080.jpg 810w, https:\/\/elcristaldigital.org\/wp-content\/uploads\/2026\/03\/226445ac-ad73-4fb3-a45d-2e4411278a80-225x300.jpg 225w, https:\/\/elcristaldigital.org\/wp-content\/uploads\/2026\/03\/226445ac-ad73-4fb3-a45d-2e4411278a80-768x1024.jpg 768w, https:\/\/elcristaldigital.org\/wp-content\/uploads\/2026\/03\/226445ac-ad73-4fb3-a45d-2e4411278a80.jpg 960w\" sizes=\"auto, (max-width: 810px) 100vw, 810px\" \/><\/figure>\n<\/div>\n\n\n<h3 class=\"wp-block-heading alignfull has-text-align-center has-primary-color has-accent-background-color has-text-color has-background has-link-color wp-elements-4549d560ecd9c13706585a9c944e0a05\">&#8220;CONMEMORACI\u00d3N D\u00cdA DE LA MUJER&#8221;<\/h3>\n\n\n\n<p>\u201cMUJERES QUE HACEN HISTORIA\u201d<br>En el marco del D\u00eda Internacional de la Mujer, la comunidad educativa de la E.E.S.O.P.I. N.\u00ba 3023 comparti\u00f3 una jornada especial de reflexi\u00f3n y aprendizaje.<br>Se proyect\u00f3 un video sobre el significado del 8 de marzo y se escuch\u00f3 el valioso testimonio de Teresita Abratte de Ferrero, quien relat\u00f3 c\u00f3mo era el rol de las mujeres en su \u00e9poca.<br>Tambi\u00e9n participaron mujeres de la comunidad educativa compartiendo sus experiencias, y los estudiantes realizaron un taller para conocer la vida y los aportes de mujeres que dejaron huella en distintos \u00e1mbitos de la sociedad.<br>Un espacio para recordar, reflexionar y seguir construyendo igualdad.<\/p>\n\n\n<div class=\"wp-block-image\">\n<figure class=\"aligncenter size-large is-resized\"><img loading=\"lazy\" decoding=\"async\" width=\"608\" height=\"1080\" src=\"https:\/\/elcristaldigital.org\/wp-content\/uploads\/2026\/03\/97b16f96-55ae-4c9b-b04a-cdfa94055dff-1-608x1080.jpg\" alt=\"\" class=\"wp-image-2891\" style=\"aspect-ratio:0.5625036020978618;width:272px;height:auto\" srcset=\"https:\/\/elcristaldigital.org\/wp-content\/uploads\/2026\/03\/97b16f96-55ae-4c9b-b04a-cdfa94055dff-1-608x1080.jpg 608w, https:\/\/elcristaldigital.org\/wp-content\/uploads\/2026\/03\/97b16f96-55ae-4c9b-b04a-cdfa94055dff-1-169x300.jpg 169w, https:\/\/elcristaldigital.org\/wp-content\/uploads\/2026\/03\/97b16f96-55ae-4c9b-b04a-cdfa94055dff-1-768x1365.jpg 768w, https:\/\/elcristaldigital.org\/wp-content\/uploads\/2026\/03\/97b16f96-55ae-4c9b-b04a-cdfa94055dff-1-864x1536.jpg 864w, https:\/\/elcristaldigital.org\/wp-content\/uploads\/2026\/03\/97b16f96-55ae-4c9b-b04a-cdfa94055dff-1-1152x2048.jpg 1152w, https:\/\/elcristaldigital.org\/wp-content\/uploads\/2026\/03\/97b16f96-55ae-4c9b-b04a-cdfa94055dff-1-1200x2133.jpg 1200w, https:\/\/elcristaldigital.org\/wp-content\/uploads\/2026\/03\/97b16f96-55ae-4c9b-b04a-cdfa94055dff-1-1980x3520.jpg 1980w, https:\/\/elcristaldigital.org\/wp-content\/uploads\/2026\/03\/97b16f96-55ae-4c9b-b04a-cdfa94055dff-1-scaled.jpg 1440w\" sizes=\"auto, (max-width: 608px) 100vw, 608px\" \/><\/figure>\n<\/div>\n\n\n<h3 class=\"wp-block-heading alignfull has-text-align-center has-primary-color has-accent-background-color has-text-color has-background has-link-color wp-elements-859bd8e71362b28dda84250e90252e99\">MERIENDA SALUDABLE<\/h3>\n\n\n\n<p>\u201cMERIENDA SALUDABLE\u201d EN LA ESCUELA SECUNDARIA DE RAMONA<br>En el marco del D\u00eda Mundial de la Obesidad (4 de marzo), nuestra escuela puso en marcha el programa \u201cMerienda Saludable\u201d, una iniciativa pensada para promover h\u00e1bitos que cuiden la salud y el bienestar de los estudiantes.<br>La propuesta se vincula con las acciones de concientizaci\u00f3n impulsadas por la Organizaci\u00f3n Panamericana de la Salud, que buscan visibilizar la obesidad como una enfermedad cr\u00f3nica que afecta a millones de personas en el mundo.<br>Con peque\u00f1as acciones cotidianas, la escuela apuesta a construir h\u00e1bitos m\u00e1s saludables y a fortalecer el cuidado del propio cuerpo desde la adolescencia.<br> Cuidar la salud tambi\u00e9n se aprende en la escuela.<\/p>\n\n\n<div class=\"wp-block-image\">\n<figure class=\"aligncenter size-large is-resized\"><img loading=\"lazy\" decoding=\"async\" width=\"810\" height=\"1080\" src=\"https:\/\/elcristaldigital.org\/wp-content\/uploads\/2026\/03\/IMG_2717-1-810x1080.jpg\" alt=\"\" class=\"wp-image-2896\" style=\"aspect-ratio:0.7500048027971491;width:231px;height:auto\" srcset=\"https:\/\/elcristaldigital.org\/wp-content\/uploads\/2026\/03\/IMG_2717-1-810x1080.jpg 810w, https:\/\/elcristaldigital.org\/wp-content\/uploads\/2026\/03\/IMG_2717-1-225x300.jpg 225w, https:\/\/elcristaldigital.org\/wp-content\/uploads\/2026\/03\/IMG_2717-1-768x1024.jpg 768w, https:\/\/elcristaldigital.org\/wp-content\/uploads\/2026\/03\/IMG_2717-1-1152x1536.jpg 1152w, https:\/\/elcristaldigital.org\/wp-content\/uploads\/2026\/03\/IMG_2717-1-1536x2048.jpg 1536w, https:\/\/elcristaldigital.org\/wp-content\/uploads\/2026\/03\/IMG_2717-1-1200x1600.jpg 1200w, https:\/\/elcristaldigital.org\/wp-content\/uploads\/2026\/03\/IMG_2717-1-1980x2640.jpg 1980w, https:\/\/elcristaldigital.org\/wp-content\/uploads\/2026\/03\/IMG_2717-1-scaled.jpg 1920w\" sizes=\"auto, (max-width: 810px) 100vw, 810px\" \/><\/figure>\n<\/div>\n\n\n<h3 class=\"wp-block-heading alignfull has-text-align-center has-primary-color has-accent-background-color has-text-color has-background has-link-color wp-elements-6d7f4133a04b89a82968d86c0bf43777\">JORNADA INTEGRADORA<\/h3>\n\n\n\n<p>Continuando con la semana de adaptaci\u00f3n destinada a acompa\u00f1ar el inicio del nuevo ciclo lectivo, la comunidad educativa de la EESOPI 3023 decidi\u00f3, a partir de una propuesta de los estudiantes de 5to a\u00f1o, generar espacios de encuentro para los alumnos de 1\u00b0 a 4\u00b0 a\u00f1o con el objetivo de favorecer la integraci\u00f3n y fortalecer la convivencia.<\/p>\n\n\n<div class=\"wp-block-image\">\n<figure class=\"aligncenter size-large is-resized\"><img loading=\"lazy\" decoding=\"async\" width=\"1440\" height=\"1080\" src=\"https:\/\/elcristaldigital.org\/wp-content\/uploads\/2026\/03\/91935fa1-6476-467c-b240-cc6af3f1d82c-1440x1080.jpg\" alt=\"\" class=\"wp-image-2914\" style=\"width:453px;height:auto\" srcset=\"https:\/\/elcristaldigital.org\/wp-content\/uploads\/2026\/03\/91935fa1-6476-467c-b240-cc6af3f1d82c-1440x1080.jpg 1440w, https:\/\/elcristaldigital.org\/wp-content\/uploads\/2026\/03\/91935fa1-6476-467c-b240-cc6af3f1d82c-300x225.jpg 300w, https:\/\/elcristaldigital.org\/wp-content\/uploads\/2026\/03\/91935fa1-6476-467c-b240-cc6af3f1d82c-768x576.jpg 768w, https:\/\/elcristaldigital.org\/wp-content\/uploads\/2026\/03\/91935fa1-6476-467c-b240-cc6af3f1d82c-1536x1152.jpg 1536w, https:\/\/elcristaldigital.org\/wp-content\/uploads\/2026\/03\/91935fa1-6476-467c-b240-cc6af3f1d82c-2048x1536.jpg 2048w, https:\/\/elcristaldigital.org\/wp-content\/uploads\/2026\/03\/91935fa1-6476-467c-b240-cc6af3f1d82c-1200x900.jpg 1200w, https:\/\/elcristaldigital.org\/wp-content\/uploads\/2026\/03\/91935fa1-6476-467c-b240-cc6af3f1d82c-1980x1485.jpg 1980w\" sizes=\"auto, (max-width: 1440px) 100vw, 1440px\" \/><\/figure>\n<\/div>\n\n\n<h3 class=\"wp-block-heading alignfull has-text-align-center has-primary-color has-accent-background-color has-text-color has-background has-link-color wp-elements-74ba95dd1b67bfa6d18e3e3d4e7201d3\">Presentaci\u00f3n del Certamen &#8220;Sembrando Empresarios&#8221;<\/h3>\n\n\n\n<p>El d\u00eda 18 de marzo se llev\u00f3 a cabo la presentaci\u00f3n del certamen &#8220;Sembrando Empresarios&#8221; en Ramona por parte de los docentes del \u00e1rea contable, con el objetivo de comunicar a toda la comunidad educativa sobre la importancia y el desarrollo de este evento.<br>La actividad se realiz\u00f3 en la escuela y cont\u00f3 con la participaci\u00f3n de estudiantes, docentes y otros miembros de la comunidad educativa. Adem\u00e1s se destac\u00f3 la importancia de este certamen para fomentar el trabajo en equipo, la organizaci\u00f3n y el aprendizaje sobre el<br>manejo de una empresa.<\/p>\n\n\n<div class=\"wp-block-image\">\n<figure class=\"aligncenter size-large is-resized\"><img loading=\"lazy\" decoding=\"async\" width=\"810\" height=\"1080\" src=\"https:\/\/elcristaldigital.org\/wp-content\/uploads\/2026\/03\/WhatsApp-Image-2026-03-26-at-18.30.17-810x1080.jpeg\" alt=\"\" class=\"wp-image-2940\" style=\"aspect-ratio:0.7500048027971491;width:442px;height:auto\" srcset=\"https:\/\/elcristaldigital.org\/wp-content\/uploads\/2026\/03\/WhatsApp-Image-2026-03-26-at-18.30.17-810x1080.jpeg 810w, https:\/\/elcristaldigital.org\/wp-content\/uploads\/2026\/03\/WhatsApp-Image-2026-03-26-at-18.30.17-225x300.jpeg 225w, https:\/\/elcristaldigital.org\/wp-content\/uploads\/2026\/03\/WhatsApp-Image-2026-03-26-at-18.30.17-768x1024.jpeg 768w, https:\/\/elcristaldigital.org\/wp-content\/uploads\/2026\/03\/WhatsApp-Image-2026-03-26-at-18.30.17-1152x1536.jpeg 1152w, https:\/\/elcristaldigital.org\/wp-content\/uploads\/2026\/03\/WhatsApp-Image-2026-03-26-at-18.30.17.jpeg 1200w\" sizes=\"auto, (max-width: 810px) 100vw, 810px\" \/><\/figure>\n<\/div>\n\n\n<h3 class=\"wp-block-heading alignfull has-text-align-center has-primary-color has-accent-background-color has-text-color has-background has-link-color wp-elements-191814119a7b36316a285c3a0f7bf45e\">Entrevista al Director Magister Hern\u00e1n Ardiles<\/h3>\n\n\n\n<p>Integrantes de 4to a\u00f1o, pertenecientes al Cristal digital le realizaron una entrevista al Director<br>Magister Hern\u00e1n Ardiles. All\u00ed le preguntaron cu\u00e1les eran sus objetivos y expectativas para el comienzo de su nueva gesti\u00f3n.<\/p>\n\n\n<div class=\"wp-block-image\">\n<figure class=\"aligncenter size-large is-resized\"><img loading=\"lazy\" decoding=\"async\" width=\"608\" height=\"1080\" src=\"https:\/\/elcristaldigital.org\/wp-content\/uploads\/2026\/03\/WhatsApp-Image-2026-03-26-at-18.30.41-608x1080.jpeg\" alt=\"\" class=\"wp-image-2942\" style=\"width:377px;height:auto\" srcset=\"https:\/\/elcristaldigital.org\/wp-content\/uploads\/2026\/03\/WhatsApp-Image-2026-03-26-at-18.30.41-608x1080.jpeg 608w, https:\/\/elcristaldigital.org\/wp-content\/uploads\/2026\/03\/WhatsApp-Image-2026-03-26-at-18.30.41-169x300.jpeg 169w, https:\/\/elcristaldigital.org\/wp-content\/uploads\/2026\/03\/WhatsApp-Image-2026-03-26-at-18.30.41-768x1365.jpeg 768w, https:\/\/elcristaldigital.org\/wp-content\/uploads\/2026\/03\/WhatsApp-Image-2026-03-26-at-18.30.41-864x1536.jpeg 864w, https:\/\/elcristaldigital.org\/wp-content\/uploads\/2026\/03\/WhatsApp-Image-2026-03-26-at-18.30.41.jpeg 900w\" sizes=\"auto, (max-width: 608px) 100vw, 608px\" \/><\/figure>\n<\/div>\n\n\n<h3 class=\"wp-block-heading alignfull has-text-align-center has-primary-color has-accent-background-color has-text-color has-background has-link-color wp-elements-41875fe878ced1af52404b6667127795\">Asamblea ordinaria constitucional<\/h3>\n\n\n\n<p>Asamblea: el dia 19 de marzo a las 20:30hs se llev\u00f3 a cabo la Asamblea Anual de la EESOPI n\u00b0 3023 para la renovaci\u00f3n de autoridades en el establecimiento local. Participaron el director junto con los dem\u00e1s miembros de la comisi\u00f3n directiva y representante legal.<\/p>\n\n\n<div class=\"wp-block-image\">\n<figure class=\"aligncenter size-large is-resized\"><img loading=\"lazy\" decoding=\"async\" width=\"810\" height=\"1080\" src=\"https:\/\/elcristaldigital.org\/wp-content\/uploads\/2026\/03\/WhatsApp-Image-2026-03-26-at-19.59.55-810x1080.jpeg\" alt=\"\" class=\"wp-image-2957\" style=\"aspect-ratio:0.7500048027971491;width:299px;height:auto\" srcset=\"https:\/\/elcristaldigital.org\/wp-content\/uploads\/2026\/03\/WhatsApp-Image-2026-03-26-at-19.59.55-810x1080.jpeg 810w, https:\/\/elcristaldigital.org\/wp-content\/uploads\/2026\/03\/WhatsApp-Image-2026-03-26-at-19.59.55-225x300.jpeg 225w, https:\/\/elcristaldigital.org\/wp-content\/uploads\/2026\/03\/WhatsApp-Image-2026-03-26-at-19.59.55-768x1024.jpeg 768w, https:\/\/elcristaldigital.org\/wp-content\/uploads\/2026\/03\/WhatsApp-Image-2026-03-26-at-19.59.55-1152x1536.jpeg 1152w, https:\/\/elcristaldigital.org\/wp-content\/uploads\/2026\/03\/WhatsApp-Image-2026-03-26-at-19.59.55.jpeg 1200w\" sizes=\"auto, (max-width: 810px) 100vw, 810px\" \/><\/figure>\n<\/div>","protected":false},"excerpt":{"rendered":"<p>INICIO CICLO LECTIVO COMENZ\u00d3 EL CICLO LECTIVO 2026El lunes 2 de marzo la comunidad educativa de la E.E.S.O.P.I. N.\u00ba 3023 dio inicio a un nuevo a\u00f1o escolar.El director Prof. Mg. Hern\u00e1n Ardiles dio la bienvenida a estudiantes y familias, con un mensaje especial para los alumnos de 5.\u00ba a\u00f1o, que viven su \u00faltimo primer d\u00eda, [&hellip;]<\/p>\n","protected":false},"author":1,"featured_media":0,"parent":0,"menu_order":0,"comment_status":"closed","ping_status":"closed","template":"","meta":{"footnotes":""},"class_list":["post-2870","page","type-page","status-publish","hentry"],"_links":{"self":[{"href":"https:\/\/elcristaldigital.org\/index.php\/wp-json\/wp\/v2\/pages\/2870","targetHints":{"allow":["GET"]}}],"collection":[{"href":"https:\/\/elcristaldigital.org\/index.php\/wp-json\/wp\/v2\/pages"}],"about":[{"href":"https:\/\/elcristaldigital.org\/index.php\/wp-json\/wp\/v2\/types\/page"}],"author":[{"embeddable":true,"href":"https:\/\/elcristaldigital.org\/index.php\/wp-json\/wp\/v2\/users\/1"}],"replies":[{"embeddable":true,"href":"https:\/\/elcristaldigital.org\/index.php\/wp-json\/wp\/v2\/comments?post=2870"}],"version-history":[{"count":15,"href":"https:\/\/elcristaldigital.org\/index.php\/wp-json\/wp\/v2\/pages\/2870\/revisions"}],"predecessor-version":[{"id":2969,"href":"https:\/\/elcristaldigital.org\/index.php\/wp-json\/wp\/v2\/pages\/2870\/revisions\/2969"}],"wp:attachment":[{"href":"https:\/\/elcristaldigital.org\/index.php\/wp-json\/wp\/v2\/media?parent=2870"}],"curies":[{"name":"wp","href":"https:\/\/api.w.org\/{rel}","templated":true}]}}