{"id":2831,"date":"2025-11-06T16:49:15","date_gmt":"2025-11-06T19:49:15","guid":{"rendered":"https:\/\/elcristaldigital.org\/?page_id=2831"},"modified":"2025-11-06T18:18:42","modified_gmt":"2025-11-06T21:18:42","slug":"gestion-comunal-29","status":"publish","type":"page","link":"https:\/\/elcristaldigital.org\/index.php\/gestion-comunal-29\/","title":{"rendered":"Gesti\u00f3n Comunal"},"content":{"rendered":"\n<h3 class=\"wp-block-heading alignfull has-text-align-center has-primary-color has-accent-background-color has-text-color has-background has-link-color wp-elements-43d7e846e9f81313fb346a51c6731660\">PRONTA CULMINACI\u00d3N DEL CANAL PERIMETRAL<\/h3>\n\n\n\n<p>Ultimando detalles, personal comunal se apresta a concluir las labores de la segunda etapa del revestimiento del canal perimetral que, con financiamiento del Ministerio de Obras P\u00fablicas de la Provincia, comprende el recubrimiento lateral de 200 metros de su trazado,<br>con el objeto de aumentar la velocidad y el volumen de evacuaci\u00f3n de las aguas y evitar la socavaci\u00f3n y el deterioro de la infraestructura circundante.<br>El proyecto incluye, adem\u00e1s del levantamiento de muros, refuerzos estructurales, cordones cunetas y defensas viales, modificando notoriamente la urbanidad de un amplio sector y posee fundamental importancia para el sistema de desag\u00fces urbanos de la localidad, demandando una inversi\u00f3n total de m\u00e1s de ciento cuarenta millones de pesos.<br>Ante la falta de esta protecci\u00f3n, el flujo de agua erosiona las paredes y el fondo, causando el desprendimiento de material, el ensanchamiento del canal y la acumulaci\u00f3n de sedimentos aguas abajo. La eliminaci\u00f3n de malezas y vegetaci\u00f3n, por otra parte, evita obstrucciones en la circulaci\u00f3n del agua, facilita la limpieza, disminuye la frecuencia e intensidad de las tareas de mantenimiento y contribuye a una mayor durabilidad y vida \u00fatil<br>de esta mejora.<\/p>\n\n\n<div class=\"wp-block-image\">\n<figure class=\"aligncenter size-large is-resized\"><img loading=\"lazy\" decoding=\"async\" width=\"885\" height=\"1080\" src=\"https:\/\/elcristaldigital.org\/wp-content\/uploads\/2025\/11\/Canal-perimetral-octubre1-885x1080.jpg\" alt=\"\" class=\"wp-image-2836\" style=\"width:275px;height:auto\" srcset=\"https:\/\/elcristaldigital.org\/wp-content\/uploads\/2025\/11\/Canal-perimetral-octubre1-885x1080.jpg 885w, https:\/\/elcristaldigital.org\/wp-content\/uploads\/2025\/11\/Canal-perimetral-octubre1-246x300.jpg 246w, https:\/\/elcristaldigital.org\/wp-content\/uploads\/2025\/11\/Canal-perimetral-octubre1-768x937.jpg 768w, https:\/\/elcristaldigital.org\/wp-content\/uploads\/2025\/11\/Canal-perimetral-octubre1.jpg 900w\" sizes=\"auto, (max-width: 885px) 100vw, 885px\" \/><\/figure>\n<\/div>\n\n\n<h3 class=\"wp-block-heading alignfull has-text-align-center has-primary-color has-accent-background-color has-text-color has-background has-link-color wp-elements-2540f38f64e2fa14a75faa3f1643002b\">APORTE PARA LA FIESTA DE LOS RAVIOLES<\/h3>\n\n\n\n<p>A trav\u00e9s de la Ventanilla \u00danica de Eventos, el Gobierno provincial efectiviz\u00f3 la transferencia de fondos comprometidos para el financiamiento de diversas erogaciones insumidas en la<br>organizaci\u00f3n de la \u00faltima edici\u00f3n de la Fiesta Provincial de los Ravioles, un evento caracter\u00edstico que distingue a Ramona y le otorga un importante reconocimiento regional.<br>El aporte no solo es vital para el desarrollo del evento en s\u00ed, sino que tambi\u00e9n subraya el valor cultural y social de este tipo de celebraciones de la cultura gastron\u00f3mica y piamontesa de la regi\u00f3n, elevando la visibilidad del acontecimiento que atrae a cientos de visitantes de Santa Fe y provincias vecinas.<br>La Fiesta de los Ravioles tiene un fuerte componente solidario, ya que el producido de la jornada beneficia directamente a instituciones claves de la comunidad, como el Centro Cultural y Deportivo, la Agrupaci\u00f3n Scouts San Ram\u00f3n Nonato y el SAMCo.<br>En este sentido, la transferencia de recursos potenciada con la organizaci\u00f3n del evento fortalece la capacidad de estas entidades para generar sus propios ingresos y sostener sus actividades durante todo el a\u00f1o.<\/p>\n\n\n\n<h3 class=\"wp-block-heading alignfull has-text-align-center has-primary-color has-accent-background-color has-text-color has-background has-link-color wp-elements-dd3d844dd7613245c4b10885f91a597b\">DOS NUEVAS CUADRAS DE PAVIMENTO EN PROCESO<\/h3>\n\n\n\n<p>Siguiendo las instancias legales correspondientes y dando respuesta a la solicitud de vecinos de calles Roca entre Lavalle y Gral. Paz y Gral. Paz entre Roca y Juan de Garay, la administraci\u00f3n comunal ha procedido a la apertura del Registro de Oposici\u00f3n, entregando a los frentistas beneficiados las debidas liquidaciones provisorias y modalidades de pago<br>habilitadas por Ordenanza N\u00ba 998.<br>La pavimentaci\u00f3n de estas arterias ha sido priorizada, considerando el marcado crecimiento habitacional de ese sector urbano y sus proyecciones a futuro, teniendo en cuenta las viviendas en construcci\u00f3n y los desarrollos urban\u00edsticos en proceso de concreci\u00f3n.<br>En caso de obtenerse las conformidades necesarias para llevar a cabo la obra, se estima concluir la misma antes de la finalizaci\u00f3n del a\u00f1o, con lo cual, se alcanzar\u00e1n las 13 cuadras pavimentadas a lo largo de todo 2025, totalizando un 10 % del trazado vial.<\/p>\n\n\n\n<h3 class=\"wp-block-heading alignfull has-text-align-center has-primary-color has-accent-background-color has-text-color has-background has-link-color wp-elements-65ce8aff32e37a76a00fe1323e2c5246\">AVANCES DE VIVIENDAS EN LOTE PROPIO<\/h3>\n\n\n\n<p>Con un significativo avance en las tareas constructivas, el sue\u00f1o de la casa propia se encuentra m\u00e1s cerca para dos familias ramonenses, por implementaci\u00f3n de planes para la construcci\u00f3n en lote propio de la Direcci\u00f3n Provincial de Vivienda y Urbanismo, mecanismo a trav\u00e9s del cual, dicho organismo brinda asistencia financiera con condiciones sumamente accesibles para los grupos convivientes que cuentan con su terreno.<br>Estos planes generan un doble impacto: por un lado, permiten a las familias construir una vivienda adecuada a sus necesidades, mejorando su calidad de vida y fomentando el arraigo y, por el otro, moviliza el mercado de la construcci\u00f3n, generando puestos de trabajo directos e indirectos.<br>Esta metodolog\u00eda se implementa por administraci\u00f3n municipal, es decir que es el gobierno local quien presta el soporte t\u00e9cnico y administrativo para su ejecuci\u00f3n, respondiendo de esta manera a paliar el d\u00e9ficit habitacional y las dificultades para el acceso a la vivienda.<\/p>\n\n\n<div class=\"wp-block-image\">\n<figure class=\"aligncenter size-full is-resized\"><img loading=\"lazy\" decoding=\"async\" width=\"1140\" height=\"763\" src=\"https:\/\/elcristaldigital.org\/wp-content\/uploads\/2025\/11\/Vivienda-Correa-20251.jpg\" alt=\"\" class=\"wp-image-2840\" style=\"width:450px;height:auto\" srcset=\"https:\/\/elcristaldigital.org\/wp-content\/uploads\/2025\/11\/Vivienda-Correa-20251.jpg 1140w, https:\/\/elcristaldigital.org\/wp-content\/uploads\/2025\/11\/Vivienda-Correa-20251-300x201.jpg 300w, https:\/\/elcristaldigital.org\/wp-content\/uploads\/2025\/11\/Vivienda-Correa-20251-768x514.jpg 768w\" sizes=\"auto, (max-width: 1140px) 100vw, 1140px\" \/><\/figure>\n<\/div>\n\n\n<h3 class=\"wp-block-heading alignfull has-text-align-center has-primary-color has-accent-background-color has-text-color has-background has-link-color wp-elements-fbe78841aebe4b6e3047deb284c7ed1a\">RESULTADOS DEL CENSO DE ARBOLADO<\/h3>\n\n\n\n<p>Finalizado el relevamiento y cumplimentada la trivia en redes sociales para compartir y democratizar la informaci\u00f3n resultante, el municipio da por concluido el censo de arbolado realizado mediante la aplicaci\u00f3n CenArb, desarrollada por la Red de Municipios frente al Cambio Clim\u00e1tico (RAMCC) de la que Ramona forma parte, convirti\u00e9ndose en la primera<br>en concluir esa labor.<br>Como hecho destacado sobresale que existe en total 2250 ejemplares de 50 especies diferentes, siendo el fresno la preponderante, con el 60,1 % del total, seguido por moras y lapachos con 15 % y 9,2 % respectivamente. El empadronamiento confirma la importancia de la plaza Sarmiento como principal espacio de vegetaci\u00f3n con 423 espec\u00edmenes de 33 variedades. Atendiendo a esas cantidades se estima que 110,7 kg de CO2 son absorbidos anualmente por la totalidad del arbolado, contribuyendo esencialmente a mejorar la calidad<br> el aire y reducir los \u00edndices de contaminaci\u00f3n.<br>Los datos recopilados se cargan en un sistema de informaci\u00f3n geogr\u00e1fica que registra en un mapa interactivo la ubicaci\u00f3n de cada \u00e1rbol y los datos asociados y permitir\u00e1 tomar decisiones adecuadas sobre podas, extracciones, nuevas plantaciones y la selecci\u00f3n de especies apropiadas para cada lugar.<\/p>\n\n\n<div class=\"wp-block-image\">\n<figure class=\"aligncenter size-large is-resized\"><img loading=\"lazy\" decoding=\"async\" width=\"1440\" height=\"1080\" src=\"https:\/\/elcristaldigital.org\/wp-content\/uploads\/2025\/11\/Plaza-aerea1-1-1440x1080.jpg\" alt=\"\" class=\"wp-image-2851\" style=\"width:448px;height:auto\" srcset=\"https:\/\/elcristaldigital.org\/wp-content\/uploads\/2025\/11\/Plaza-aerea1-1-1440x1080.jpg 1440w, https:\/\/elcristaldigital.org\/wp-content\/uploads\/2025\/11\/Plaza-aerea1-1-300x225.jpg 300w, https:\/\/elcristaldigital.org\/wp-content\/uploads\/2025\/11\/Plaza-aerea1-1-768x576.jpg 768w, https:\/\/elcristaldigital.org\/wp-content\/uploads\/2025\/11\/Plaza-aerea1-1-1536x1152.jpg 1536w, https:\/\/elcristaldigital.org\/wp-content\/uploads\/2025\/11\/Plaza-aerea1-1-2048x1536.jpg 2048w, https:\/\/elcristaldigital.org\/wp-content\/uploads\/2025\/11\/Plaza-aerea1-1-1200x900.jpg 1200w, https:\/\/elcristaldigital.org\/wp-content\/uploads\/2025\/11\/Plaza-aerea1-1-1980x1485.jpg 1980w\" sizes=\"auto, (max-width: 1440px) 100vw, 1440px\" \/><\/figure>\n<\/div>\n\n\n<p><\/p>\n","protected":false},"excerpt":{"rendered":"<p>PRONTA CULMINACI\u00d3N DEL CANAL PERIMETRAL Ultimando detalles, personal comunal se apresta a concluir las labores de la segunda etapa del revestimiento del canal perimetral que, con financiamiento del Ministerio de Obras P\u00fablicas de la Provincia, comprende el recubrimiento lateral de 200 metros de su trazado,con el objeto de aumentar la velocidad y el volumen de [&hellip;]<\/p>\n","protected":false},"author":1,"featured_media":0,"parent":0,"menu_order":0,"comment_status":"closed","ping_status":"closed","template":"","meta":{"footnotes":""},"class_list":["post-2831","page","type-page","status-publish","hentry"],"_links":{"self":[{"href":"https:\/\/elcristaldigital.org\/index.php\/wp-json\/wp\/v2\/pages\/2831","targetHints":{"allow":["GET"]}}],"collection":[{"href":"https:\/\/elcristaldigital.org\/index.php\/wp-json\/wp\/v2\/pages"}],"about":[{"href":"https:\/\/elcristaldigital.org\/index.php\/wp-json\/wp\/v2\/types\/page"}],"author":[{"embeddable":true,"href":"https:\/\/elcristaldigital.org\/index.php\/wp-json\/wp\/v2\/users\/1"}],"replies":[{"embeddable":true,"href":"https:\/\/elcristaldigital.org\/index.php\/wp-json\/wp\/v2\/comments?post=2831"}],"version-history":[{"count":9,"href":"https:\/\/elcristaldigital.org\/index.php\/wp-json\/wp\/v2\/pages\/2831\/revisions"}],"predecessor-version":[{"id":2853,"href":"https:\/\/elcristaldigital.org\/index.php\/wp-json\/wp\/v2\/pages\/2831\/revisions\/2853"}],"wp:attachment":[{"href":"https:\/\/elcristaldigital.org\/index.php\/wp-json\/wp\/v2\/media?parent=2831"}],"curies":[{"name":"wp","href":"https:\/\/api.w.org\/{rel}","templated":true}]}}