{"id":2810,"date":"2025-10-21T17:14:24","date_gmt":"2025-10-21T20:14:24","guid":{"rendered":"https:\/\/elcristaldigital.org\/?page_id=2810"},"modified":"2025-10-21T17:27:29","modified_gmt":"2025-10-21T20:27:29","slug":"regionales-6","status":"publish","type":"page","link":"https:\/\/elcristaldigital.org\/index.php\/regionales-6\/","title":{"rendered":"Regionales"},"content":{"rendered":"\n<h3 class=\"wp-block-heading alignfull has-text-align-center has-primary-color has-accent-background-color has-text-color has-background has-link-color wp-elements-54c2e6e478248887f0a551d0e93baf67\">5\u00b0 FIESTA PROVINCIAL DE LOS ABUELOS<\/h3>\n\n\n\n<p>El d\u00eda s\u00e1bado 11 de octubre, se realiz\u00f3 en el sal\u00f3n de la localidad Bauer y Sigel la 5\u00b0 Fiesta Provincial de los Abuelos. Se llev\u00f3 a cabo una cena y baile, en donde se luci\u00f3 Emanuel Villalba, violinista de San Francisco.<br>Se presentaron las reinas de la zona y se comparti\u00f3 una maravillosa noche.<\/p>\n\n\n<div class=\"wp-block-image\">\n<figure class=\"aligncenter size-full is-resized\"><img loading=\"lazy\" decoding=\"async\" width=\"1280\" height=\"851\" src=\"https:\/\/elcristaldigital.org\/wp-content\/uploads\/2025\/10\/Imagen-de-WhatsApp-2025-10-11-a-las-20.13.53_ac1e326f.jpg\" alt=\"\" class=\"wp-image-2815\" style=\"width:486px;height:auto\" srcset=\"https:\/\/elcristaldigital.org\/wp-content\/uploads\/2025\/10\/Imagen-de-WhatsApp-2025-10-11-a-las-20.13.53_ac1e326f.jpg 1280w, https:\/\/elcristaldigital.org\/wp-content\/uploads\/2025\/10\/Imagen-de-WhatsApp-2025-10-11-a-las-20.13.53_ac1e326f-300x199.jpg 300w, https:\/\/elcristaldigital.org\/wp-content\/uploads\/2025\/10\/Imagen-de-WhatsApp-2025-10-11-a-las-20.13.53_ac1e326f-768x511.jpg 768w, https:\/\/elcristaldigital.org\/wp-content\/uploads\/2025\/10\/Imagen-de-WhatsApp-2025-10-11-a-las-20.13.53_ac1e326f-1200x798.jpg 1200w\" sizes=\"auto, (max-width: 1280px) 100vw, 1280px\" \/><\/figure>\n<\/div>","protected":false},"excerpt":{"rendered":"<p>5\u00b0 FIESTA PROVINCIAL DE LOS ABUELOS El d\u00eda s\u00e1bado 11 de octubre, se realiz\u00f3 en el sal\u00f3n de la localidad Bauer y Sigel la 5\u00b0 Fiesta Provincial de los Abuelos. Se llev\u00f3 a cabo una cena y baile, en donde se luci\u00f3 Emanuel Villalba, violinista de San Francisco.Se presentaron las reinas de la zona y [&hellip;]<\/p>\n","protected":false},"author":1,"featured_media":0,"parent":0,"menu_order":0,"comment_status":"closed","ping_status":"closed","template":"","meta":{"footnotes":""},"class_list":["post-2810","page","type-page","status-publish","hentry"],"_links":{"self":[{"href":"https:\/\/elcristaldigital.org\/index.php\/wp-json\/wp\/v2\/pages\/2810","targetHints":{"allow":["GET"]}}],"collection":[{"href":"https:\/\/elcristaldigital.org\/index.php\/wp-json\/wp\/v2\/pages"}],"about":[{"href":"https:\/\/elcristaldigital.org\/index.php\/wp-json\/wp\/v2\/types\/page"}],"author":[{"embeddable":true,"href":"https:\/\/elcristaldigital.org\/index.php\/wp-json\/wp\/v2\/users\/1"}],"replies":[{"embeddable":true,"href":"https:\/\/elcristaldigital.org\/index.php\/wp-json\/wp\/v2\/comments?post=2810"}],"version-history":[{"count":3,"href":"https:\/\/elcristaldigital.org\/index.php\/wp-json\/wp\/v2\/pages\/2810\/revisions"}],"predecessor-version":[{"id":2816,"href":"https:\/\/elcristaldigital.org\/index.php\/wp-json\/wp\/v2\/pages\/2810\/revisions\/2816"}],"wp:attachment":[{"href":"https:\/\/elcristaldigital.org\/index.php\/wp-json\/wp\/v2\/media?parent=2810"}],"curies":[{"name":"wp","href":"https:\/\/api.w.org\/{rel}","templated":true}]}}