{"id":2758,"date":"2025-10-09T18:08:35","date_gmt":"2025-10-09T21:08:35","guid":{"rendered":"https:\/\/elcristaldigital.org\/?page_id=2758"},"modified":"2025-10-21T17:04:23","modified_gmt":"2025-10-21T20:04:23","slug":"deportes-27","status":"publish","type":"page","link":"https:\/\/elcristaldigital.org\/index.php\/deportes-27\/","title":{"rendered":"Deportes"},"content":{"rendered":"\n<h3 class=\"wp-block-heading alignfull has-text-align-center has-primary-color has-accent-background-color has-text-color has-background has-link-color wp-elements-5dcb2cec64f5ea9a44786797d130144b\">\u201cS\u00daPER DEPOR\u201d<\/h3>\n\n\n\n<p>El pasado viernes 3\/10 el CCYD Ramona se enfrent\u00f3 versus Moreno de Lehmann Reserva perdi\u00f3 2-1 gol de Manuel Iglesisas<br>Primera perdi\u00f3 por 2-0.<\/p>\n\n\n\n<h3 class=\"wp-block-heading alignfull has-text-align-center has-primary-color has-accent-background-color has-text-color has-background has-link-color wp-elements-5dcb2cec64f5ea9a44786797d130144b\">\u201cS\u00daPER DEPOR\u201d<\/h3>\n\n\n\n<p>El jueves 2\/10 las inferiores de Ramona se enfrentaron contra la Villa San Jos\u00e9 Novena gan\u00f3 5-0 goles de Thiago Masuero x2, Pedro Gramaglia, Noah Garc\u00eda y Enzo Grimaldi<br>Octava perdi\u00f3 2-1 gol de Juan Pereyra<br>S\u00e9ptima perdi\u00f3 1-0<br>Sexta empat\u00f3 0-0<\/p>\n\n\n\n<h3 class=\"wp-block-heading alignfull has-text-align-center has-primary-color has-accent-background-color has-text-color has-background has-link-color wp-elements-8467036dab5772becd9d08b3157e7a84\">CERTAMEN SANTAFECINO DE KARTING<\/h3>\n\n\n\n<p>El viernes 10 y el sabado 11 de octubre, en la localidad de Ramona estar\u00e1 presente el Certamen Santafesino de Karting (CSK) disputando la novena fecha del campeonato anual y la segunda del play off, donde se espera un finde semana a puro motor con m\u00e1s de 200 karting. El club se est\u00e1 preparando de la mejor manera, ya hace m\u00e1s de 2 semanas que se trabaja en la pista, la localidad recibir\u00e1 una gran y verdadera fiesta.<br>Hay pilotos presentes de la localidad como lo es Tom\u00e1s Panero, Mirko Porporto, Lucas Panero, C\u00e9sar Caglieris y Sebasti\u00e1n Mondino.<\/p>\n\n\n<div class=\"wp-block-image\">\n<figure class=\"aligncenter size-full is-resized\"><img loading=\"lazy\" decoding=\"async\" width=\"768\" height=\"960\" src=\"https:\/\/elcristaldigital.org\/wp-content\/uploads\/2025\/10\/image.png\" alt=\"\" class=\"wp-image-2769\" style=\"width:399px;height:auto\" srcset=\"https:\/\/elcristaldigital.org\/wp-content\/uploads\/2025\/10\/image.png 768w, https:\/\/elcristaldigital.org\/wp-content\/uploads\/2025\/10\/image-240x300.png 240w\" sizes=\"auto, (max-width: 768px) 100vw, 768px\" \/><\/figure>\n<\/div>\n\n\n<h3 class=\"wp-block-heading alignfull has-text-align-center has-primary-color has-accent-background-color has-text-color has-background has-link-color wp-elements-570a5c81a5ba86a79afc62900f70d4b6\">&#8220;S\u00daPER DEPOR&#8221;<\/h3>\n\n\n\n<p>El pasado s\u00e1bado 11 de octubre las categor\u00edas juveniles del S\u00faper Depor se enfrentaron versus Belgrano de San Antonio los resultados fueron los siguientes:<br>Novena divisi\u00f3n: Belgrano no presenta categor\u00eda, fue victoria 1 a 0<br>Octava divisi\u00f3n: fue derrota 2 a 1 con gol de Sebasti\u00e1n Erard.<br>S\u00e9ptima divisi\u00f3n: Belgrano no presenta categor\u00eda, fue victoria 1 a 0.<br>Sexta divisi\u00f3n: fue goleada 5 a 0 con goles de Emanuel Molina (x2), Nicol\u00e1s Montenegro, Santino Alvez y Joaqu\u00edn Armando.<\/p>\n\n\n\n<h3 class=\"wp-block-heading alignfull has-text-align-center has-primary-color has-accent-background-color has-text-color has-background has-link-color wp-elements-570a5c81a5ba86a79afc62900f70d4b6\">&#8220;S\u00daPER DEPOR&#8221;<\/h3>\n\n\n\n<p>El pasado jueves 9 de Octube las divisiones mayores del S\u00faper Depor se enfrentaron contra Humberto por la 7ma fecha del torneo de la Liga Rafaelina los resultados fueron:<br>Reserva division: fue empate 2 a 2 con goles de El\u00edas Guti\u00e9rrez y Mikeas Franco.<br>Primera divisi\u00f3n: fue derrota por 2 a 1 con gol de Jordan Labasto<\/p>\n","protected":false},"excerpt":{"rendered":"<p>\u201cS\u00daPER DEPOR\u201d El pasado viernes 3\/10 el CCYD Ramona se enfrent\u00f3 versus Moreno de Lehmann Reserva perdi\u00f3 2-1 gol de Manuel IglesisasPrimera perdi\u00f3 por 2-0. \u201cS\u00daPER DEPOR\u201d El jueves 2\/10 las inferiores de Ramona se enfrentaron contra la Villa San Jos\u00e9 Novena gan\u00f3 5-0 goles de Thiago Masuero x2, Pedro Gramaglia, Noah Garc\u00eda y Enzo [&hellip;]<\/p>\n","protected":false},"author":1,"featured_media":0,"parent":0,"menu_order":0,"comment_status":"closed","ping_status":"closed","template":"","meta":{"footnotes":""},"class_list":["post-2758","page","type-page","status-publish","hentry"],"_links":{"self":[{"href":"https:\/\/elcristaldigital.org\/index.php\/wp-json\/wp\/v2\/pages\/2758","targetHints":{"allow":["GET"]}}],"collection":[{"href":"https:\/\/elcristaldigital.org\/index.php\/wp-json\/wp\/v2\/pages"}],"about":[{"href":"https:\/\/elcristaldigital.org\/index.php\/wp-json\/wp\/v2\/types\/page"}],"author":[{"embeddable":true,"href":"https:\/\/elcristaldigital.org\/index.php\/wp-json\/wp\/v2\/users\/1"}],"replies":[{"embeddable":true,"href":"https:\/\/elcristaldigital.org\/index.php\/wp-json\/wp\/v2\/comments?post=2758"}],"version-history":[{"count":7,"href":"https:\/\/elcristaldigital.org\/index.php\/wp-json\/wp\/v2\/pages\/2758\/revisions"}],"predecessor-version":[{"id":2803,"href":"https:\/\/elcristaldigital.org\/index.php\/wp-json\/wp\/v2\/pages\/2758\/revisions\/2803"}],"wp:attachment":[{"href":"https:\/\/elcristaldigital.org\/index.php\/wp-json\/wp\/v2\/media?parent=2758"}],"curies":[{"name":"wp","href":"https:\/\/api.w.org\/{rel}","templated":true}]}}