{"id":2738,"date":"2025-10-07T17:04:09","date_gmt":"2025-10-07T20:04:09","guid":{"rendered":"https:\/\/elcristaldigital.org\/?page_id=2738"},"modified":"2025-10-07T17:12:05","modified_gmt":"2025-10-07T20:12:05","slug":"efemerides-16","status":"publish","type":"page","link":"https:\/\/elcristaldigital.org\/index.php\/efemerides-16\/","title":{"rendered":"Efemerides"},"content":{"rendered":"\n<h3 class=\"wp-block-heading alignfull has-text-align-center has-primary-color has-accent-background-color has-text-color has-background has-link-color wp-elements-0787e706c9a3833d6d11a317c0438515\">D\u00cdA DEL RESPETO A LA DIVERSIDAD CULTURAL<\/h3>\n\n\n\n<p>D\u00eda de la Raza (12 de octubre): Tambi\u00e9n conocido como D\u00eda del Respeto a la Diversidad Cultural, esta fecha busca promover la reflexi\u00f3n sobre la riqueza cultural y la diversidad de los pueblos ind\u00edgenas y la herencia europea en Am\u00e9rica Latina.<\/p>\n\n\n\n<h3 class=\"wp-block-heading alignfull has-text-align-center has-primary-color has-accent-background-color has-text-color has-background has-link-color wp-elements-d1249b42470d855bc6c3dd33caf59765\">D\u00cdA MUNDIAL DE LA ALIMENTACI\u00d3N<\/h3>\n\n\n\n<p>D\u00eda Mundial de la Alimentaci\u00f3n (16 de octubre): Se celebra para concienciar sobre el problema alimentario mundial y fortalecer la solidaridad en la lucha contra el hambre y la pobreza. Es un d\u00eda para reflexionar sobre la importancia de la alimentaci\u00f3n y la seguridad<br>alimentaria en todo el mundo.<\/p>\n\n\n\n<h3 class=\"wp-block-heading alignfull has-text-align-center has-primary-color has-accent-background-color has-text-color has-background has-link-color wp-elements-1d7491cd2fc4c41d22d2d11a642e0182\">D\u00cdA DE LA MADRE<\/h3>\n\n\n\n<p>El D\u00eda de la Madre es una celebraci\u00f3n para homenajear y agradecer a las madres por su amor, dedicaci\u00f3n y sacrificio. Es un d\u00eda para expresar gratitud y cari\u00f1o hacia ellas, y para reconocer su importancia en la familia y la sociedad.<\/p>\n","protected":false},"excerpt":{"rendered":"<p>D\u00cdA DEL RESPETO A LA DIVERSIDAD CULTURAL D\u00eda de la Raza (12 de octubre): Tambi\u00e9n conocido como D\u00eda del Respeto a la Diversidad Cultural, esta fecha busca promover la reflexi\u00f3n sobre la riqueza cultural y la diversidad de los pueblos ind\u00edgenas y la herencia europea en Am\u00e9rica Latina. D\u00cdA MUNDIAL DE LA ALIMENTACI\u00d3N D\u00eda Mundial [&hellip;]<\/p>\n","protected":false},"author":1,"featured_media":0,"parent":0,"menu_order":0,"comment_status":"closed","ping_status":"closed","template":"","meta":{"footnotes":""},"class_list":["post-2738","page","type-page","status-publish","hentry"],"_links":{"self":[{"href":"https:\/\/elcristaldigital.org\/index.php\/wp-json\/wp\/v2\/pages\/2738","targetHints":{"allow":["GET"]}}],"collection":[{"href":"https:\/\/elcristaldigital.org\/index.php\/wp-json\/wp\/v2\/pages"}],"about":[{"href":"https:\/\/elcristaldigital.org\/index.php\/wp-json\/wp\/v2\/types\/page"}],"author":[{"embeddable":true,"href":"https:\/\/elcristaldigital.org\/index.php\/wp-json\/wp\/v2\/users\/1"}],"replies":[{"embeddable":true,"href":"https:\/\/elcristaldigital.org\/index.php\/wp-json\/wp\/v2\/comments?post=2738"}],"version-history":[{"count":5,"href":"https:\/\/elcristaldigital.org\/index.php\/wp-json\/wp\/v2\/pages\/2738\/revisions"}],"predecessor-version":[{"id":2745,"href":"https:\/\/elcristaldigital.org\/index.php\/wp-json\/wp\/v2\/pages\/2738\/revisions\/2745"}],"wp:attachment":[{"href":"https:\/\/elcristaldigital.org\/index.php\/wp-json\/wp\/v2\/media?parent=2738"}],"curies":[{"name":"wp","href":"https:\/\/api.w.org\/{rel}","templated":true}]}}