{"id":2730,"date":"2025-10-07T16:59:58","date_gmt":"2025-10-07T19:59:58","guid":{"rendered":"https:\/\/elcristaldigital.org\/?page_id=2730"},"modified":"2025-10-07T17:03:17","modified_gmt":"2025-10-07T20:03:17","slug":"efemerides-15","status":"publish","type":"page","link":"https:\/\/elcristaldigital.org\/index.php\/efemerides-15\/","title":{"rendered":"Efemerides"},"content":{"rendered":"\n<h3 class=\"wp-block-heading alignfull has-text-align-center has-primary-color has-accent-background-color has-text-color has-background has-link-color wp-elements-e8ed3d46b40683f31cdd4fc3c3937b5a\">D\u00cdA DEL MAESTRO<\/h3>\n\n\n\n<p>D\u00eda del Maestro (11 de septiembre): Se celebra en honor a Domingo Faustino Sarmiento, un destacado educador y pol\u00edtico argentino. Esta fecha busca reconocer la importancia de los maestros en la formaci\u00f3n y educaci\u00f3n de las personas.<\/p>\n\n\n\n<h3 class=\"wp-block-heading alignfull has-text-align-center has-primary-color has-accent-background-color has-text-color has-background has-link-color wp-elements-1c6f3e125bcf9302e2b134ad4b1d145f\">D\u00cdA DEL PROFESOR<\/h3>\n\n\n\n<p>D\u00eda del Profesor (17 de septiembre): Se conmemora la figura del profesor y su papel fundamental en la educaci\u00f3n y formaci\u00f3n de estudiantes. Es un d\u00eda para agradecer y reconocer el trabajo de los docentes.<\/p>\n\n\n\n<h3 class=\"wp-block-heading alignfull has-text-align-center has-primary-color has-accent-background-color has-text-color has-background has-link-color wp-elements-22c6187f7a0892a15d92149cd5d1b2c4\">D\u00cdA DEL ESTUDIANTE<\/h3>\n\n\n\n<p>D\u00eda del Estudiante (21 de septiembre): Se celebra en conmemoraci\u00f3n de la llegada de la primavera y el inicio de una nueva estaci\u00f3n. Tambi\u00e9n es un d\u00eda para reconocer la importancia de la educaci\u00f3n y el papel de los estudiantes en la sociedad.<\/p>\n","protected":false},"excerpt":{"rendered":"<p>D\u00cdA DEL MAESTRO D\u00eda del Maestro (11 de septiembre): Se celebra en honor a Domingo Faustino Sarmiento, un destacado educador y pol\u00edtico argentino. Esta fecha busca reconocer la importancia de los maestros en la formaci\u00f3n y educaci\u00f3n de las personas. D\u00cdA DEL PROFESOR D\u00eda del Profesor (17 de septiembre): Se conmemora la figura del profesor [&hellip;]<\/p>\n","protected":false},"author":1,"featured_media":0,"parent":0,"menu_order":0,"comment_status":"closed","ping_status":"closed","template":"","meta":{"footnotes":""},"class_list":["post-2730","page","type-page","status-publish","hentry"],"_links":{"self":[{"href":"https:\/\/elcristaldigital.org\/index.php\/wp-json\/wp\/v2\/pages\/2730","targetHints":{"allow":["GET"]}}],"collection":[{"href":"https:\/\/elcristaldigital.org\/index.php\/wp-json\/wp\/v2\/pages"}],"about":[{"href":"https:\/\/elcristaldigital.org\/index.php\/wp-json\/wp\/v2\/types\/page"}],"author":[{"embeddable":true,"href":"https:\/\/elcristaldigital.org\/index.php\/wp-json\/wp\/v2\/users\/1"}],"replies":[{"embeddable":true,"href":"https:\/\/elcristaldigital.org\/index.php\/wp-json\/wp\/v2\/comments?post=2730"}],"version-history":[{"count":5,"href":"https:\/\/elcristaldigital.org\/index.php\/wp-json\/wp\/v2\/pages\/2730\/revisions"}],"predecessor-version":[{"id":2737,"href":"https:\/\/elcristaldigital.org\/index.php\/wp-json\/wp\/v2\/pages\/2730\/revisions\/2737"}],"wp:attachment":[{"href":"https:\/\/elcristaldigital.org\/index.php\/wp-json\/wp\/v2\/media?parent=2730"}],"curies":[{"name":"wp","href":"https:\/\/api.w.org\/{rel}","templated":true}]}}