{"id":2706,"date":"2025-10-07T16:24:09","date_gmt":"2025-10-07T19:24:09","guid":{"rendered":"https:\/\/elcristaldigital.org\/?page_id=2706"},"modified":"2025-10-07T16:29:20","modified_gmt":"2025-10-07T19:29:20","slug":"educacion-17","status":"publish","type":"page","link":"https:\/\/elcristaldigital.org\/index.php\/educacion-17\/","title":{"rendered":"Educaci\u00f3n"},"content":{"rendered":"\n<h3 class=\"wp-block-heading alignfull has-text-align-center has-primary-color has-accent-background-color has-text-color has-background has-link-color wp-elements-2bf571c22aded27a8727b1d6ad9c8f74\">ESTUDIANTINA 2025<\/h3>\n\n\n\n<p>El d\u00eda 26\/09\/25 se llev\u00f3 a cabo en la Instituci\u00f3n la celebraci\u00f3n del d\u00eda del estudiante o tambi\u00e9n conocido como &#8220;Estudiantina&#8221;. Los estudiantes debieron presentar una serie de actividades propuestas y organizadas por los alumnos de 5to a\u00f1o. Entre ellas estuvieron: presentaciones, bailes, imitaciones, videoclips, sketch, rey y reina y mascotas.<br>Esta jornada fue muy divertida, creativa y extensa, ya que dur\u00f3 toda la tarde. Los jurados fueron los profes y tambi\u00e9n alumnos de quinto a\u00f1o.<br>El curso ganador fue tercer a\u00f1o.<\/p>\n","protected":false},"excerpt":{"rendered":"<p>ESTUDIANTINA 2025 El d\u00eda 26\/09\/25 se llev\u00f3 a cabo en la Instituci\u00f3n la celebraci\u00f3n del d\u00eda del estudiante o tambi\u00e9n conocido como &#8220;Estudiantina&#8221;. Los estudiantes debieron presentar una serie de actividades propuestas y organizadas por los alumnos de 5to a\u00f1o. Entre ellas estuvieron: presentaciones, bailes, imitaciones, videoclips, sketch, rey y reina y mascotas.Esta jornada fue [&hellip;]<\/p>\n","protected":false},"author":1,"featured_media":0,"parent":0,"menu_order":0,"comment_status":"closed","ping_status":"closed","template":"","meta":{"footnotes":""},"class_list":["post-2706","page","type-page","status-publish","hentry"],"_links":{"self":[{"href":"https:\/\/elcristaldigital.org\/index.php\/wp-json\/wp\/v2\/pages\/2706","targetHints":{"allow":["GET"]}}],"collection":[{"href":"https:\/\/elcristaldigital.org\/index.php\/wp-json\/wp\/v2\/pages"}],"about":[{"href":"https:\/\/elcristaldigital.org\/index.php\/wp-json\/wp\/v2\/types\/page"}],"author":[{"embeddable":true,"href":"https:\/\/elcristaldigital.org\/index.php\/wp-json\/wp\/v2\/users\/1"}],"replies":[{"embeddable":true,"href":"https:\/\/elcristaldigital.org\/index.php\/wp-json\/wp\/v2\/comments?post=2706"}],"version-history":[{"count":3,"href":"https:\/\/elcristaldigital.org\/index.php\/wp-json\/wp\/v2\/pages\/2706\/revisions"}],"predecessor-version":[{"id":2719,"href":"https:\/\/elcristaldigital.org\/index.php\/wp-json\/wp\/v2\/pages\/2706\/revisions\/2719"}],"wp:attachment":[{"href":"https:\/\/elcristaldigital.org\/index.php\/wp-json\/wp\/v2\/media?parent=2706"}],"curies":[{"name":"wp","href":"https:\/\/api.w.org\/{rel}","templated":true}]}}