{"id":2650,"date":"2025-09-02T18:12:39","date_gmt":"2025-09-02T21:12:39","guid":{"rendered":"https:\/\/elcristaldigital.org\/?page_id=2650"},"modified":"2025-10-09T18:16:35","modified_gmt":"2025-10-09T21:16:35","slug":"deportes-26","status":"publish","type":"page","link":"https:\/\/elcristaldigital.org\/index.php\/deportes-26\/","title":{"rendered":"Deportes"},"content":{"rendered":"\n<h3 class=\"wp-block-heading alignfull has-text-align-center has-primary-color has-accent-background-color has-text-color has-background has-link-color wp-elements-ad2c1a34febb7a7012b7bdca169cd843\">TORNEO REGIONAL DE TAEKWONDO<\/h3>\n\n\n\n<p>La Escuela de Taekwondo del Centro Cultural y Deportivo Ramona particip\u00f3 del Torneo Regional de Taekwondo en Santa Rosa de Calamuchita Cba.<br>Les compartimos resultados de nuestros deportistas:<br>*Mauricio Alvarez 3\u00b0 puesto en Luchas y 2\u00b0 puesto en Formas.<br>*Camila Scalerandi 1\u00b0 puesto en Luchas y 1\u00b0 puesto en Formas.<br>*Juan Jos\u00e9 Ferreyra 2\u00b0 puesto en Luchas y 2\u00b0 puesto en Formas.<br>FELICITACIONES A TODOS!<\/p>\n\n\n<div class=\"wp-block-image\">\n<figure class=\"aligncenter size-large is-resized\"><img loading=\"lazy\" decoding=\"async\" width=\"810\" height=\"1080\" src=\"https:\/\/elcristaldigital.org\/wp-content\/uploads\/2025\/09\/Imagen-de-WhatsApp-2025-09-02-a-las-18.25.33_65822045-810x1080.jpg\" alt=\"\" class=\"wp-image-2656\" style=\"width:276px;height:auto\" srcset=\"https:\/\/elcristaldigital.org\/wp-content\/uploads\/2025\/09\/Imagen-de-WhatsApp-2025-09-02-a-las-18.25.33_65822045-810x1080.jpg 810w, https:\/\/elcristaldigital.org\/wp-content\/uploads\/2025\/09\/Imagen-de-WhatsApp-2025-09-02-a-las-18.25.33_65822045-225x300.jpg 225w, https:\/\/elcristaldigital.org\/wp-content\/uploads\/2025\/09\/Imagen-de-WhatsApp-2025-09-02-a-las-18.25.33_65822045-768x1024.jpg 768w, https:\/\/elcristaldigital.org\/wp-content\/uploads\/2025\/09\/Imagen-de-WhatsApp-2025-09-02-a-las-18.25.33_65822045.jpg 960w\" sizes=\"auto, (max-width: 810px) 100vw, 810px\" \/><\/figure>\n<\/div>\n\n\n<h3 class=\"wp-block-heading alignfull has-text-align-center has-primary-color has-accent-background-color has-text-color has-background has-link-color wp-elements-570a5c81a5ba86a79afc62900f70d4b6\">&#8220;S\u00daPER DEPOR&#8221;<\/h3>\n\n\n\n<p>El mi\u00e9rcoles 3 de septiembre se disput\u00f3 la 6ta fecha del Torneo Clausura de la Liga Rafaelina de Futbol de las divisiones inferiores.<br>El S\u00faper Depor jug\u00f3 de local contra Mois\u00e9s Ville.<br>Los resultados fueron:<br>Novena divisi\u00f3n: fue victoria 1 a 0 con gol de Thiago Masuero.<br>Octava divisi\u00f3n: sufri\u00f3 una derrota por la m\u00ednima de 1 a 0.<br>S\u00e9ptima divisi\u00f3n: gan\u00f3 por la m\u00ednima 1 a 0 con gol de Alan Grimaldi.<br>Sexta divisi\u00f3n: fue goleada por 3 a 0 con goles de Andr\u00e9s Bessone y Emanuel Molina en dos ocasiones.<\/p>\n\n\n<div class=\"wp-block-image\">\n<figure class=\"aligncenter size-large is-resized\"><img loading=\"lazy\" decoding=\"async\" width=\"1440\" height=\"1080\" src=\"https:\/\/elcristaldigital.org\/wp-content\/uploads\/2025\/09\/Imagen-de-WhatsApp-2025-09-04-a-las-12.03.17_b8fdb3cc-1440x1080.jpg\" alt=\"\" class=\"wp-image-2660\" style=\"width:396px;height:auto\" srcset=\"https:\/\/elcristaldigital.org\/wp-content\/uploads\/2025\/09\/Imagen-de-WhatsApp-2025-09-04-a-las-12.03.17_b8fdb3cc-1440x1080.jpg 1440w, https:\/\/elcristaldigital.org\/wp-content\/uploads\/2025\/09\/Imagen-de-WhatsApp-2025-09-04-a-las-12.03.17_b8fdb3cc-300x225.jpg 300w, https:\/\/elcristaldigital.org\/wp-content\/uploads\/2025\/09\/Imagen-de-WhatsApp-2025-09-04-a-las-12.03.17_b8fdb3cc-768x576.jpg 768w, https:\/\/elcristaldigital.org\/wp-content\/uploads\/2025\/09\/Imagen-de-WhatsApp-2025-09-04-a-las-12.03.17_b8fdb3cc-1536x1152.jpg 1536w, https:\/\/elcristaldigital.org\/wp-content\/uploads\/2025\/09\/Imagen-de-WhatsApp-2025-09-04-a-las-12.03.17_b8fdb3cc-1200x900.jpg 1200w, https:\/\/elcristaldigital.org\/wp-content\/uploads\/2025\/09\/Imagen-de-WhatsApp-2025-09-04-a-las-12.03.17_b8fdb3cc.jpg 1600w\" sizes=\"auto, (max-width: 1440px) 100vw, 1440px\" \/><\/figure>\n<\/div>\n\n\n<h3 class=\"wp-block-heading alignfull has-text-align-center has-primary-color has-accent-background-color has-text-color has-background has-link-color wp-elements-ad6769c033a42ad79869353040ef9c3d\">ENCUENTRO INTERCOLEGIAL DE VOLEY<\/h3>\n\n\n\n<p>El mi\u00e9rcoles se disput\u00f3 un encuentro entre escuelas de Voley en Precidente Roca, donde hubo varias escuelas presentes en entre ellas la E.E.S.O.P.I San Jos\u00e9 de Calasanz, E.E.S.O 703 Ren\u00e9 Favaloro de Roca que fue la organizadora, tambi\u00e9n estuvieron presentes de Bella Italia, Susana, Rafaela y Egusquiza.<br>La San Jos\u00e9 de Calasanz present\u00f3 4 equipos donde uno de ellos disput\u00f3 la final contra Rafaela perdiendo.<\/p>\n\n\n<div class=\"wp-block-image\">\n<figure class=\"aligncenter size-large is-resized\"><img loading=\"lazy\" decoding=\"async\" width=\"1440\" height=\"1080\" src=\"https:\/\/elcristaldigital.org\/wp-content\/uploads\/2025\/09\/Imagen-de-WhatsApp-2025-09-04-a-las-17.47.57_b54487b0-1440x1080.jpg\" alt=\"\" class=\"wp-image-2664\" style=\"width:437px;height:auto\" srcset=\"https:\/\/elcristaldigital.org\/wp-content\/uploads\/2025\/09\/Imagen-de-WhatsApp-2025-09-04-a-las-17.47.57_b54487b0-1440x1080.jpg 1440w, https:\/\/elcristaldigital.org\/wp-content\/uploads\/2025\/09\/Imagen-de-WhatsApp-2025-09-04-a-las-17.47.57_b54487b0-300x225.jpg 300w, https:\/\/elcristaldigital.org\/wp-content\/uploads\/2025\/09\/Imagen-de-WhatsApp-2025-09-04-a-las-17.47.57_b54487b0-768x576.jpg 768w, https:\/\/elcristaldigital.org\/wp-content\/uploads\/2025\/09\/Imagen-de-WhatsApp-2025-09-04-a-las-17.47.57_b54487b0-1536x1152.jpg 1536w, https:\/\/elcristaldigital.org\/wp-content\/uploads\/2025\/09\/Imagen-de-WhatsApp-2025-09-04-a-las-17.47.57_b54487b0-1200x900.jpg 1200w, https:\/\/elcristaldigital.org\/wp-content\/uploads\/2025\/09\/Imagen-de-WhatsApp-2025-09-04-a-las-17.47.57_b54487b0.jpg 1600w\" sizes=\"auto, (max-width: 1440px) 100vw, 1440px\" \/><\/figure>\n<\/div>\n\n\n<h3 class=\"wp-block-heading alignfull has-text-align-center has-primary-color has-accent-background-color has-text-color has-background has-link-color wp-elements-570a5c81a5ba86a79afc62900f70d4b6\">&#8220;S\u00daPER DEPOR&#8221;<\/h3>\n\n\n\n<p>El s\u00e1bado 6 de septiembre se disput\u00f3 la 7ma fecha del Torneo Clausura de la Liga Rafaelina de Futbol, donde las divisiones inferiores del Centro Cultural y Deportivo Ramona, enfrentando a Cicles club de Sunchales, los resultados fueron los siguientes:<\/p>\n\n\n\n<p>Novena divisi\u00f3n: fue 1 a 0 no presenta categor\u00eda cicles club.<\/p>\n\n\n\n<p>Octava divisi\u00f3n: fue victoria por 3 a 0 con goles de Mat\u00edas Guti\u00e9rrez x2 y Lautaro Vicedo Rico.<\/p>\n\n\n\n<p>S\u00e9ptima divisi\u00f3n: fue victoria por 4 a 0 con goles de Juan Andr\u00e9s Rickert x2, Thiago Ver\u00f3n y Alan Grimaldi.<\/p>\n\n\n\n<p>Sexta divisi\u00f3n: fue goleada por 4 a 1 con goles de Santino Alvez, Santiago Sarra, Mart\u00edn Erard&nbsp;y&nbsp;M\u00e1ximo&nbsp;Balbo<\/p>\n\n\n\n<h3 class=\"wp-block-heading alignfull has-text-align-center has-primary-color has-accent-background-color has-text-color has-background has-link-color wp-elements-570a5c81a5ba86a79afc62900f70d4b6\">&#8220;S\u00daPER DEPOR&#8221;<\/h3>\n\n\n\n<p>El domingo 7 de septiembre en la localidad de San Crist\u00f3bal se disput\u00f3 la 2da fecha del 3ser torneo de la Liga Rafaelina de Futbol donde las mayores del depor jugaron, los resultados fueron:<br>Reserva divisi\u00f3n: fue empate 0 a 0.<br>Primera Divisi\u00f3n: fue derrotado por 3 a 1 con gol de Juan Flores.<\/p>\n\n\n\n<h3 class=\"wp-block-heading alignfull has-text-align-center has-primary-color has-accent-background-color has-text-color has-background has-link-color wp-elements-570a5c81a5ba86a79afc62900f70d4b6\">&#8220;S\u00daPER DEPOR&#8221;<\/h3>\n\n\n\n<p>El pasado domingo 14\/09 se enfrent\u00f3 el Depor contra San Antonio por la tercera fecha del Torneo Rev\u00e1lida donde tanto primera como reserva perdi\u00f3 por 1-0.<\/p>\n\n\n\n<h3 class=\"wp-block-heading alignfull has-text-align-center has-primary-color has-accent-background-color has-text-color has-background has-link-color wp-elements-570a5c81a5ba86a79afc62900f70d4b6\">&#8220;S\u00daPER DEPOR&#8221;<\/h3>\n\n\n\n<p>Las inferiores del Depor se en enfrentaron contra Ataliva por la fecha 8 del Torneo Clausura<br>Novena perdi\u00f3 por 3-0<br>Octava empat\u00f3 1-1 gol de Mat\u00edas Rold\u00e1n<br>S\u00e9ptima empat\u00f3 0-0<br>Sexta gan\u00f3 por 4-1 gol de Joaqu\u00edn Armando, Emanuel Molina x2 y Santiago Sarra<\/p>\n\n\n<div class=\"wp-block-image\">\n<figure class=\"aligncenter size-large is-resized\"><img loading=\"lazy\" decoding=\"async\" width=\"810\" height=\"1080\" src=\"https:\/\/elcristaldigital.org\/wp-content\/uploads\/2025\/10\/Imagen-de-WhatsApp-2025-09-13-a-las-15.05.04_7cf3d58c-810x1080.jpg\" alt=\"\" class=\"wp-image-2751\" style=\"width:323px;height:auto\" srcset=\"https:\/\/elcristaldigital.org\/wp-content\/uploads\/2025\/10\/Imagen-de-WhatsApp-2025-09-13-a-las-15.05.04_7cf3d58c-810x1080.jpg 810w, https:\/\/elcristaldigital.org\/wp-content\/uploads\/2025\/10\/Imagen-de-WhatsApp-2025-09-13-a-las-15.05.04_7cf3d58c-225x300.jpg 225w, https:\/\/elcristaldigital.org\/wp-content\/uploads\/2025\/10\/Imagen-de-WhatsApp-2025-09-13-a-las-15.05.04_7cf3d58c-768x1024.jpg 768w, https:\/\/elcristaldigital.org\/wp-content\/uploads\/2025\/10\/Imagen-de-WhatsApp-2025-09-13-a-las-15.05.04_7cf3d58c-1152x1536.jpg 1152w, https:\/\/elcristaldigital.org\/wp-content\/uploads\/2025\/10\/Imagen-de-WhatsApp-2025-09-13-a-las-15.05.04_7cf3d58c-1536x2048.jpg 1536w, https:\/\/elcristaldigital.org\/wp-content\/uploads\/2025\/10\/Imagen-de-WhatsApp-2025-09-13-a-las-15.05.04_7cf3d58c-1200x1600.jpg 1200w, https:\/\/elcristaldigital.org\/wp-content\/uploads\/2025\/10\/Imagen-de-WhatsApp-2025-09-13-a-las-15.05.04_7cf3d58c-1980x2640.jpg 1980w, https:\/\/elcristaldigital.org\/wp-content\/uploads\/2025\/10\/Imagen-de-WhatsApp-2025-09-13-a-las-15.05.04_7cf3d58c-scaled.jpg 1920w\" sizes=\"auto, (max-width: 810px) 100vw, 810px\" \/><\/figure>\n<\/div>\n\n\n<h3 class=\"wp-block-heading alignfull has-text-align-center has-primary-color has-accent-background-color has-text-color has-background has-link-color wp-elements-570a5c81a5ba86a79afc62900f70d4b6\">&#8220;S\u00daPER DEPOR&#8221;<\/h3>\n\n\n\n<p>El club se enfrent\u00f3 contra Bella Italia por la cuarta fecha del Torneo Riv\u00e1lida teniendo resultados positivos en ambas categor\u00edas<br>Reserva gan\u00f3 por 2-0 goles de Bruno Depetris y Mateo Masuero<br>Primera gan\u00f3 y 3-1 goles de Misael Grimaldi x2 y Marcos Benavides<\/p>\n\n\n\n<h3 class=\"wp-block-heading alignfull has-text-align-center has-background-color has-background-background-color has-text-color has-background has-link-color wp-elements-52cdf5cbbb66d18b7b5330ebf7842c0f\"><\/h3>\n\n\n\n<h3 class=\"wp-block-heading has-text-align-center has-background-background-color has-background\"><\/h3>\n\n\n\n<p><\/p>\n\n\n\n<h2 class=\"wp-block-heading alignfull has-text-align-left has-background-color has-background-background-color has-text-color has-background has-link-color wp-elements-ebe2e06452d023fbe82adfd52d2fd7c3\"><\/h2>\n\n\n\n<p><\/p>\n","protected":false},"excerpt":{"rendered":"<p>TORNEO REGIONAL DE TAEKWONDO La Escuela de Taekwondo del Centro Cultural y Deportivo Ramona particip\u00f3 del Torneo Regional de Taekwondo en Santa Rosa de Calamuchita Cba.Les compartimos resultados de nuestros deportistas:*Mauricio Alvarez 3\u00b0 puesto en Luchas y 2\u00b0 puesto en Formas.*Camila Scalerandi 1\u00b0 puesto en Luchas y 1\u00b0 puesto en Formas.*Juan Jos\u00e9 Ferreyra 2\u00b0 puesto [&hellip;]<\/p>\n","protected":false},"author":1,"featured_media":0,"parent":0,"menu_order":0,"comment_status":"closed","ping_status":"closed","template":"","meta":{"footnotes":""},"class_list":["post-2650","page","type-page","status-publish","hentry"],"_links":{"self":[{"href":"https:\/\/elcristaldigital.org\/index.php\/wp-json\/wp\/v2\/pages\/2650","targetHints":{"allow":["GET"]}}],"collection":[{"href":"https:\/\/elcristaldigital.org\/index.php\/wp-json\/wp\/v2\/pages"}],"about":[{"href":"https:\/\/elcristaldigital.org\/index.php\/wp-json\/wp\/v2\/types\/page"}],"author":[{"embeddable":true,"href":"https:\/\/elcristaldigital.org\/index.php\/wp-json\/wp\/v2\/users\/1"}],"replies":[{"embeddable":true,"href":"https:\/\/elcristaldigital.org\/index.php\/wp-json\/wp\/v2\/comments?post=2650"}],"version-history":[{"count":17,"href":"https:\/\/elcristaldigital.org\/index.php\/wp-json\/wp\/v2\/pages\/2650\/revisions"}],"predecessor-version":[{"id":2772,"href":"https:\/\/elcristaldigital.org\/index.php\/wp-json\/wp\/v2\/pages\/2650\/revisions\/2772"}],"wp:attachment":[{"href":"https:\/\/elcristaldigital.org\/index.php\/wp-json\/wp\/v2\/media?parent=2650"}],"curies":[{"name":"wp","href":"https:\/\/api.w.org\/{rel}","templated":true}]}}