{"id":2635,"date":"2025-08-26T18:14:52","date_gmt":"2025-08-26T21:14:52","guid":{"rendered":"https:\/\/elcristaldigital.org\/?page_id=2635"},"modified":"2025-08-26T18:17:06","modified_gmt":"2025-08-26T21:17:06","slug":"educacion-16","status":"publish","type":"page","link":"https:\/\/elcristaldigital.org\/index.php\/educacion-16\/","title":{"rendered":"Educaci\u00f3n"},"content":{"rendered":"\n<h3 class=\"wp-block-heading alignfull has-text-align-center has-primary-color has-accent-background-color has-text-color has-background has-link-color wp-elements-788f3664c523d14e9130fd5b10759a88\">ACTO EN CONMEMORACI\u00d3N AL PASO A LA INMORTALIDAD DE JOS\u00c9 DE<br>SAN MART\u00cdN<\/h3>\n\n\n\n<p class=\"has-text-align-left\">El d\u00eda 19 de agosto se llev\u00f3 a cabo en la instituci\u00f3n, el acto en conmemoraci\u00f3n al paso a la inmortalidad de Jos\u00e9 de San Mart\u00edn, que se celebra cada 17 de agosto.<br>En el mismo, se cant\u00f3 la marcha de San Lorenzo, y observamos dos v\u00eddeos: entre ellos uno humor\u00edstico realizado por alumnos de 4to a\u00f1o, y el otro muestra la vida de este pr\u00f3cer.<\/p>\n\n\n\n<p class=\"has-text-align-left\"><\/p>\n","protected":false},"excerpt":{"rendered":"<p>ACTO EN CONMEMORACI\u00d3N AL PASO A LA INMORTALIDAD DE JOS\u00c9 DESAN MART\u00cdN El d\u00eda 19 de agosto se llev\u00f3 a cabo en la instituci\u00f3n, el acto en conmemoraci\u00f3n al paso a la inmortalidad de Jos\u00e9 de San Mart\u00edn, que se celebra cada 17 de agosto.En el mismo, se cant\u00f3 la marcha de San Lorenzo, y [&hellip;]<\/p>\n","protected":false},"author":1,"featured_media":0,"parent":0,"menu_order":0,"comment_status":"closed","ping_status":"closed","template":"","meta":{"footnotes":""},"class_list":["post-2635","page","type-page","status-publish","hentry"],"_links":{"self":[{"href":"https:\/\/elcristaldigital.org\/index.php\/wp-json\/wp\/v2\/pages\/2635","targetHints":{"allow":["GET"]}}],"collection":[{"href":"https:\/\/elcristaldigital.org\/index.php\/wp-json\/wp\/v2\/pages"}],"about":[{"href":"https:\/\/elcristaldigital.org\/index.php\/wp-json\/wp\/v2\/types\/page"}],"author":[{"embeddable":true,"href":"https:\/\/elcristaldigital.org\/index.php\/wp-json\/wp\/v2\/users\/1"}],"replies":[{"embeddable":true,"href":"https:\/\/elcristaldigital.org\/index.php\/wp-json\/wp\/v2\/comments?post=2635"}],"version-history":[{"count":2,"href":"https:\/\/elcristaldigital.org\/index.php\/wp-json\/wp\/v2\/pages\/2635\/revisions"}],"predecessor-version":[{"id":2639,"href":"https:\/\/elcristaldigital.org\/index.php\/wp-json\/wp\/v2\/pages\/2635\/revisions\/2639"}],"wp:attachment":[{"href":"https:\/\/elcristaldigital.org\/index.php\/wp-json\/wp\/v2\/media?parent=2635"}],"curies":[{"name":"wp","href":"https:\/\/api.w.org\/{rel}","templated":true}]}}