{"id":2627,"date":"2025-08-26T17:07:52","date_gmt":"2025-08-26T20:07:52","guid":{"rendered":"https:\/\/elcristaldigital.org\/?page_id=2627"},"modified":"2025-08-26T17:26:05","modified_gmt":"2025-08-26T20:26:05","slug":"cultura-8","status":"publish","type":"page","link":"https:\/\/elcristaldigital.org\/index.php\/cultura-8\/","title":{"rendered":"Cultura"},"content":{"rendered":"\n<h3 class=\"wp-block-heading alignfull has-text-align-center has-primary-color has-accent-background-color has-text-color has-background has-link-color wp-elements-92bf587ca51c9ee237fe6bf959488041\">OBRA DE TEATRO RAMONENSE<\/h3>\n\n\n\n<p>El pr\u00f3ximo viernes 22 de agosto se realizar\u00e1 una segunda funci\u00f3n de la obra &#8220;El Asesinato en la Mansi\u00f3n Espa\u00f1a&#8221;, dirigida por La Usina a las 21:00hs.<br>Ya est\u00e1n las entradas a la venta. \u00a1No te la pierdas!<\/p>\n\n\n\n<h3 class=\"wp-block-heading alignfull has-text-align-center has-primary-color has-accent-background-color has-text-color has-background has-link-color wp-elements-443f99c3d5144c0142952c2092e804bc\">FESTEJO D\u00cdA DE LA NI\u00d1EZ EN LA PLAZA<\/h3>\n\n\n\n<p>El pasado domingo 17 de agosto se realiz\u00f3 el festejo del D\u00eda del Ni\u00f1o en la plaza Sarmiento de la localidad.<br>Fue una tarde llena de juegos, diversi\u00f3n, variedad de propuestas, entre ellas un show de t\u00edteres, &#8220;Cartucho&#8221;, dirigido por el Elenco Concentrado con una moraleja interesante sobre el bullying.<br>El grupo Scout se encarg\u00f3 de repartir chocolate y tortas como todos los a\u00f1os.<\/p>\n\n\n\n<p><\/p>\n","protected":false},"excerpt":{"rendered":"<p>OBRA DE TEATRO RAMONENSE El pr\u00f3ximo viernes 22 de agosto se realizar\u00e1 una segunda funci\u00f3n de la obra &#8220;El Asesinato en la Mansi\u00f3n Espa\u00f1a&#8221;, dirigida por La Usina a las 21:00hs.Ya est\u00e1n las entradas a la venta. \u00a1No te la pierdas! FESTEJO D\u00cdA DE LA NI\u00d1EZ EN LA PLAZA El pasado domingo 17 de agosto [&hellip;]<\/p>\n","protected":false},"author":1,"featured_media":0,"parent":0,"menu_order":0,"comment_status":"closed","ping_status":"closed","template":"","meta":{"footnotes":""},"class_list":["post-2627","page","type-page","status-publish","hentry"],"_links":{"self":[{"href":"https:\/\/elcristaldigital.org\/index.php\/wp-json\/wp\/v2\/pages\/2627","targetHints":{"allow":["GET"]}}],"collection":[{"href":"https:\/\/elcristaldigital.org\/index.php\/wp-json\/wp\/v2\/pages"}],"about":[{"href":"https:\/\/elcristaldigital.org\/index.php\/wp-json\/wp\/v2\/types\/page"}],"author":[{"embeddable":true,"href":"https:\/\/elcristaldigital.org\/index.php\/wp-json\/wp\/v2\/users\/1"}],"replies":[{"embeddable":true,"href":"https:\/\/elcristaldigital.org\/index.php\/wp-json\/wp\/v2\/comments?post=2627"}],"version-history":[{"count":5,"href":"https:\/\/elcristaldigital.org\/index.php\/wp-json\/wp\/v2\/pages\/2627\/revisions"}],"predecessor-version":[{"id":2634,"href":"https:\/\/elcristaldigital.org\/index.php\/wp-json\/wp\/v2\/pages\/2627\/revisions\/2634"}],"wp:attachment":[{"href":"https:\/\/elcristaldigital.org\/index.php\/wp-json\/wp\/v2\/media?parent=2627"}],"curies":[{"name":"wp","href":"https:\/\/api.w.org\/{rel}","templated":true}]}}