{"id":2591,"date":"2025-08-07T18:14:01","date_gmt":"2025-08-07T21:14:01","guid":{"rendered":"https:\/\/elcristaldigital.org\/?page_id=2591"},"modified":"2025-08-14T18:12:34","modified_gmt":"2025-08-14T21:12:34","slug":"regionales-5","status":"publish","type":"page","link":"https:\/\/elcristaldigital.org\/index.php\/regionales-5\/","title":{"rendered":"Regionales"},"content":{"rendered":"\n<h3 class=\"wp-block-heading alignfull has-text-align-center has-primary-color has-accent-background-color has-text-color has-background has-link-color wp-elements-b1501e803f6c4d274982a57127bc17db\">RALLY SAN FRANCISCO 2025<\/h3>\n\n\n\n<p>El Rally Cordob\u00e9s tiene una nueva fecha de realizaci\u00f3n. Se llevar\u00e1 a cabo el s\u00e1bado 9 y domingo 10 de agosto. El primer d\u00eda, la carrera se realizar\u00e1 en las localidades de Esmeralda, Josefina, Bauer y Sigel. El segundo, se correr\u00e1 por Freyre, Colonia Iturraspe, Plaza San Francisco<\/p>\n\n\n\n<h3 class=\"wp-block-heading alignfull has-text-align-center has-primary-color has-accent-background-color has-text-color has-background has-link-color wp-elements-35c60a6d2c7f953e1ff90485932bed3f\">FESTIVAL DE TEATRO 2025<\/h3>\n\n\n\n<p>En la localidad de Ramona se est\u00e1 llevando a cabo el Festival de Teatro en el Auditorio Comunal desde el mi\u00e9rcoles 13 hasta el domingo 17 de agosto.<br>Mi\u00e9rcoles 13: Comedia &#8220;Sospechosos&#8221; a cargo de Maquinarte a las 21:00hs.<br>Jueves 14: &#8220;La Omisi\u00f3n de la Familia Colemann&#8221;, una comedia dram\u00e1tica presentada por La Comedia de San Francisco a las 21:00hs.<br>Viernes 15: &#8220;Hermanas Tejedoras&#8221;, comedia llevada a cabo por La M\u00e1scara a las 21:00hs.<br>S\u00e1bado 16: &#8220;El Asesinato en la Mansi\u00f3n Espa\u00f1a&#8221; dirigida por La Usina a las 20:00hs.<br>Domingo 17: &#8220;Cartucho&#8221;, un teatro de t\u00edteres de Elenco Concentrado, presentada en la plaza &#8220;Domingo Faustino Sarmiento&#8221; a las 17:00hs.<\/p>\n","protected":false},"excerpt":{"rendered":"<p>RALLY SAN FRANCISCO 2025 El Rally Cordob\u00e9s tiene una nueva fecha de realizaci\u00f3n. Se llevar\u00e1 a cabo el s\u00e1bado 9 y domingo 10 de agosto. El primer d\u00eda, la carrera se realizar\u00e1 en las localidades de Esmeralda, Josefina, Bauer y Sigel. El segundo, se correr\u00e1 por Freyre, Colonia Iturraspe, Plaza San Francisco FESTIVAL DE TEATRO [&hellip;]<\/p>\n","protected":false},"author":1,"featured_media":0,"parent":0,"menu_order":0,"comment_status":"closed","ping_status":"closed","template":"","meta":{"footnotes":""},"class_list":["post-2591","page","type-page","status-publish","hentry"],"_links":{"self":[{"href":"https:\/\/elcristaldigital.org\/index.php\/wp-json\/wp\/v2\/pages\/2591","targetHints":{"allow":["GET"]}}],"collection":[{"href":"https:\/\/elcristaldigital.org\/index.php\/wp-json\/wp\/v2\/pages"}],"about":[{"href":"https:\/\/elcristaldigital.org\/index.php\/wp-json\/wp\/v2\/types\/page"}],"author":[{"embeddable":true,"href":"https:\/\/elcristaldigital.org\/index.php\/wp-json\/wp\/v2\/users\/1"}],"replies":[{"embeddable":true,"href":"https:\/\/elcristaldigital.org\/index.php\/wp-json\/wp\/v2\/comments?post=2591"}],"version-history":[{"count":4,"href":"https:\/\/elcristaldigital.org\/index.php\/wp-json\/wp\/v2\/pages\/2591\/revisions"}],"predecessor-version":[{"id":2606,"href":"https:\/\/elcristaldigital.org\/index.php\/wp-json\/wp\/v2\/pages\/2591\/revisions\/2606"}],"wp:attachment":[{"href":"https:\/\/elcristaldigital.org\/index.php\/wp-json\/wp\/v2\/media?parent=2591"}],"curies":[{"name":"wp","href":"https:\/\/api.w.org\/{rel}","templated":true}]}}