{"id":2586,"date":"2025-08-07T18:11:35","date_gmt":"2025-08-07T21:11:35","guid":{"rendered":"https:\/\/elcristaldigital.org\/?page_id=2586"},"modified":"2025-08-26T18:32:25","modified_gmt":"2025-08-26T21:32:25","slug":"deportes-25","status":"publish","type":"page","link":"https:\/\/elcristaldigital.org\/index.php\/deportes-25\/","title":{"rendered":"Deportes"},"content":{"rendered":"\n<h3 class=\"wp-block-heading alignfull has-text-align-center has-primary-color has-accent-background-color has-text-color has-background has-link-color wp-elements-a2524f6727e08067c6e1906ecbff1051\">&#8220;SUPER DEPOR&#8221;<\/h3>\n\n\n\n<p>El pasado jueves 31 de julio El futbol mayor del Super Depor se enfrent\u00f3 a Susana de visitante por la 7ma fecha del torneo clausura de la Liga Rafaelina de F\u00fatbol. Los resultados fueron los siguientes: Reserva divisi\u00f3n fue empate 0 a 0.<br>Primera divisi\u00f3n fue victoria por 5 a 3 del Depor, los goles fueron 3 de Jordan Labasto, Misael Grimaldi y Elias Gutierrez.<\/p>\n\n\n\n<h3 class=\"wp-block-heading alignfull has-text-align-center has-primary-color has-accent-background-color has-text-color has-background has-link-color wp-elements-a2524f6727e08067c6e1906ecbff1051\">&#8220;SUPER DEPOR&#8221;<\/h3>\n\n\n\n<p>El pasado s\u00e1bado 09\/08 las inferiores del S\u00faper Depor los resultados fueron:<br>Octava perdi\u00f3 2-1 gol de Bayron Rickert<br>Sexta tambi\u00e9n perdi\u00f3 3:2 goles de Santiago Sarra. <\/p>\n\n\n\n<p>Novena y S\u00e9ptima no jugaron ya que Tacural no presenta categor\u00eda<\/p>\n\n\n\n<h3 class=\"wp-block-heading alignfull has-text-align-center has-primary-color has-accent-background-color has-text-color has-background has-link-color wp-elements-a2524f6727e08067c6e1906ecbff1051\">&#8220;SUPER DEPOR&#8221;<\/h3>\n\n\n\n<p>Se disput\u00f3 la \u00faltima fecha de la Liga Rafaelina de futbol, donde el futbol mayor del S\u00faper Depor se enfrent\u00f3 a Independiente de Ataliva.<br>Los resultados fueron:<br>Reserva: fue victoria por 2 a 0 a favor del Depor, con goles de Bruno Depetris y Ignacio Veliz.<br>Primera divisi\u00f3n: fue empate 2 a 2 con goles de Jordan Labasto y Nahuel Masuero<\/p>\n\n\n\n<h3 class=\"wp-block-heading alignfull has-text-align-center has-primary-color has-accent-background-color has-text-color has-background has-link-color wp-elements-a2524f6727e08067c6e1906ecbff1051\">&#8220;SUPER DEPOR&#8221;<\/h3>\n\n\n\n<p>El pasado viernes 15 se disput\u00f3 la 4ta Fecha del Torneo Clausura de las inferiores, de la Liga Rafaelina de F\u00fatbol.<br>Las inferiores del deportivo Ramona se enfrentaron a el Deportivo Aldao. Los resultados fueron:<br>Novena Divisi\u00f3n perdi\u00f3 4 a 1 con gol de Thiago Masuero.<br>Octava divisi\u00f3n: perdi\u00f3 1 a 0.<br>S\u00e9ptima divisi\u00f3n: perdi\u00f3 2 a 1 con gol de Thiago Gilaberth.<br>Sexta divisi\u00f3n: gan\u00f3 por la m\u00ednima 1 a 0 con gol de Santino Alvez<\/p>\n\n\n\n<h3 class=\"wp-block-heading alignfull has-text-align-center has-primary-color has-accent-background-color has-text-color has-background has-link-color wp-elements-a2524f6727e08067c6e1906ecbff1051\">&#8220;SUPER DEPOR&#8221;<\/h3>\n\n\n\n<p>El pasado s\u00e1bado 23 las inferiores del Depor se enfrentaron contra Moreno de Lehmann por la fecha 5 del Torneo Clausura y los resultados fueron:<br>Novena gan\u00f3 1-0 gol de Thiago Masuero<br>Octava perdi\u00f3 1-0<br>S\u00e9ptima empat\u00f3 1-1 gol de Tiago Ver\u00f3n<br>Sexta gan\u00f3 3-0 gol de Santiago Sarra, Emanuel Molina y Franco Sisi<\/p>\n\n\n\n<h3 class=\"wp-block-heading alignfull has-text-align-center has-primary-color has-accent-background-color has-text-color has-background has-link-color wp-elements-570a5c81a5ba86a79afc62900f70d4b6\">&#8220;S\u00daPER DEPOR&#8221;<\/h3>\n\n\n\n<p>El domingo 24 Ramona se enfrent\u00f3 contra Ataliva por la primera fecha del Tercer Toneo de la Liga Rafaelina de F\u00fatbol<br>Reserva gan\u00f3 3-0 goles de Mikeas Franco y Maximo Balbo X2<br>Primera empat\u00f3 0-0<\/p>\n\n\n\n<h3 class=\"wp-block-heading alignfull has-text-align-center has-primary-color has-accent-background-color has-text-color has-background has-link-color wp-elements-ee1e7d0960a8d0ce643e303c51f8a08a\">ENCUENTRO DE VOLEY EN RAMONA<\/h3>\n\n\n\n<p>En la localidad de Ramona se realiz\u00f3 un encuentro recreativo femenino de v\u00f3ley. Estuvo presentes 3 localidades vecinas Aldao, Lehmann y Zen\u00f3n Pereira.<br>El equipo local present\u00f3 dos equipos jugando 3 partidos cada uno. Uno de ellos gan\u00f3 los tres partidos y el otro lo perdi\u00f3<\/p>\n","protected":false},"excerpt":{"rendered":"<p>&#8220;SUPER DEPOR&#8221; El pasado jueves 31 de julio El futbol mayor del Super Depor se enfrent\u00f3 a Susana de visitante por la 7ma fecha del torneo clausura de la Liga Rafaelina de F\u00fatbol. Los resultados fueron los siguientes: Reserva divisi\u00f3n fue empate 0 a 0.Primera divisi\u00f3n fue victoria por 5 a 3 del Depor, los [&hellip;]<\/p>\n","protected":false},"author":1,"featured_media":0,"parent":0,"menu_order":0,"comment_status":"closed","ping_status":"closed","template":"","meta":{"footnotes":""},"class_list":["post-2586","page","type-page","status-publish","hentry"],"_links":{"self":[{"href":"https:\/\/elcristaldigital.org\/index.php\/wp-json\/wp\/v2\/pages\/2586","targetHints":{"allow":["GET"]}}],"collection":[{"href":"https:\/\/elcristaldigital.org\/index.php\/wp-json\/wp\/v2\/pages"}],"about":[{"href":"https:\/\/elcristaldigital.org\/index.php\/wp-json\/wp\/v2\/types\/page"}],"author":[{"embeddable":true,"href":"https:\/\/elcristaldigital.org\/index.php\/wp-json\/wp\/v2\/users\/1"}],"replies":[{"embeddable":true,"href":"https:\/\/elcristaldigital.org\/index.php\/wp-json\/wp\/v2\/comments?post=2586"}],"version-history":[{"count":9,"href":"https:\/\/elcristaldigital.org\/index.php\/wp-json\/wp\/v2\/pages\/2586\/revisions"}],"predecessor-version":[{"id":2643,"href":"https:\/\/elcristaldigital.org\/index.php\/wp-json\/wp\/v2\/pages\/2586\/revisions\/2643"}],"wp:attachment":[{"href":"https:\/\/elcristaldigital.org\/index.php\/wp-json\/wp\/v2\/media?parent=2586"}],"curies":[{"name":"wp","href":"https:\/\/api.w.org\/{rel}","templated":true}]}}