{"id":2562,"date":"2025-07-31T17:54:32","date_gmt":"2025-07-31T20:54:32","guid":{"rendered":"https:\/\/elcristaldigital.org\/?page_id=2562"},"modified":"2025-08-19T18:24:54","modified_gmt":"2025-08-19T21:24:54","slug":"efemerides-13","status":"publish","type":"page","link":"https:\/\/elcristaldigital.org\/index.php\/efemerides-13\/","title":{"rendered":"Efem\u00e9rides"},"content":{"rendered":"\n<h3 class=\"wp-block-heading alignfull has-text-align-center has-primary-color has-accent-background-color has-text-color has-background has-link-color wp-elements-d64dfc8764f0e65be84a275927d180df\">D\u00cdA DE LA PACHAMAMA<\/h3>\n\n\n\n<p>1 de agosto: D\u00eda de la Pachamama, celebraci\u00f3n ancestral de las comunidades ind\u00edgenas andinas.<\/p>\n\n\n\n<h3 class=\"wp-block-heading alignfull has-text-align-center has-primary-color has-accent-background-color has-text-color has-background has-link-color wp-elements-1f755dcc35c5e67a12c5d899f75855fc\">D\u00cdA DEL INGENIERO AGR\u00d3NOMO<\/h3>\n\n\n\n<p>6 Agosto: D\u00eda de la ense\u00f1anza Agropecuaria, del ingeniero agr\u00f3nomo y del M\u00e9dico Veterinario; El d\u00eda 6 de agosto de 1883, se cre\u00f3 en la provincia de Buenos Aires el Instituto Superior Veterinario, siendo gobernador de la provincia Dardo Rocha.<\/p>\n\n\n\n<h3 class=\"wp-block-heading alignfull has-text-align-center has-primary-color has-accent-background-color has-text-color has-background has-link-color wp-elements-56ae90344ed56e2d8a89c21279b25621\">D\u00cdA DE SAN CAYETANO<\/h3>\n\n\n\n<p>Agosto 7: D\u00eda de San Cayetano, Patrono del Pan y del Trabajo; Cayetano de Thiene naci\u00f3 en Venecia, Italia, en 1480 en el seno de una ilustre familia. Estudio abogac\u00eda hasta ordenarse como sacerdote. Paso su vida distribuyendo sus riquezas y haciendo caridad con los m\u00e1s necesitados. Fundo la Orden de los Clericos Regulares, llamados Teatinos.<br>Falleci\u00f3 el 7 de agosto de 1547. En 1670 el papa Clemente X lo coloniz\u00f3.<\/p>\n\n\n\n<h3 class=\"wp-block-heading alignfull has-text-align-center has-primary-color has-accent-background-color has-text-color has-background has-link-color wp-elements-20471b07f023edadf322a277bdb6c5ec\">D\u00cdA DE LA FUERZA AEREA<\/h3>\n\n\n\n<p>Agosto 10: Dia de la Fuerza Aerea; Se establece este dia por ser la fecha de creaci\u00f3n de la Escuela de Aviaci\u00f3n Militar en el a\u00f1o 1912, Primera unidad A\u00e9rea Militar de nuestro pais(en terrenos de El Palomar, provincia de Buenos Aires).<br>La instituci\u00f3n, desde sus or\u00edgenes, tiene como mision espec\u00edfica organizar, mantener y alistar las fuerzas a\u00e9reas de la Naci\u00f3n, con el fin de contribuir a la defensa nacional, ejerciendo la soberan\u00eda en el espacio a\u00e9reo.<\/p>\n\n\n\n<h3 class=\"wp-block-heading alignfull has-text-align-center has-primary-color has-accent-background-color has-text-color has-background has-link-color wp-elements-d11339854cb968ccb8f2daf451df22cb\">D\u00cdA DEL NUTRICIONISTA<\/h3>\n\n\n\n<p>Agosto 11: D\u00eda del Nutricionista; Este d\u00eda se conmemora en toda Am\u00e9rica Latina el nacimiento de Pedro Escudero, m\u00e9dico argentino pionero de la nutrici\u00f3n en el mundo.<\/p>\n\n\n\n<h3 class=\"wp-block-heading alignfull has-text-align-center has-primary-color has-accent-background-color has-text-color has-background has-link-color wp-elements-575454ef10668d39b8025acac3ed8373\">D\u00cdA INTERNACIONAL DE LA JUVENTUD<\/h3>\n\n\n\n<p>Agosto 12: D\u00eda internacional de la juventud; En el D\u00eda Internacional de la Juventud, celebramos los aportes que los j\u00f3venes han dado al mundo, y generamos conciencia sobre los desaf\u00edos que la gente joven enfrentan.<\/p>\n\n\n\n<h3 class=\"wp-block-heading alignfull has-text-align-center has-primary-color has-accent-background-color has-text-color has-background has-link-color wp-elements-a46f07ba3541c28ffbcc92f4e1b1e68e\">FALLECIMIENTO DE JOS\u00c9 DE SAN MART\u00cdN<\/h3>\n\n\n\n<p>Agosto 17: Fallecimiento de Jos\u00e9 de San Mart\u00edn; El 17 de agosto de 1850 falleci\u00f3 en la loca de Boulogne-sur-Mer (Francia) el general Don Jos\u00e9 de San Martin, hab\u00eda nacido en la localidad de Yapey\u00fa (provincia de Corrientes) el 25 de febrero de 1778. Jos\u00e9 Francisco fue el quinto y \u00faltimo hijo de Juan de San Martin y Gregoria Matorras.<\/p>\n\n\n\n<h3 class=\"wp-block-heading alignfull has-text-align-center has-primary-color has-accent-background-color has-text-color has-background has-link-color wp-elements-141616c39dc116fbc1a4a773ebb86233\">D\u00cdA MUNDIAL DEL FOLKLORE<\/h3>\n\n\n\n<p>Agosto 22: D\u00eda mundial del Folklore; La palabra deriva del t\u00e9rmino ingl\u00e9s, que significa \u201cciencia o conocimiento del pueblo.<\/p>\n\n\n\n<h3 class=\"wp-block-heading alignfull has-text-align-center has-primary-color has-accent-background-color has-text-color has-background has-link-color wp-elements-2031fb86739d7187cd15e31affb5b94e\">D\u00cdA INTERNACIONAL DEL RECUERDO DE LA TRATA DE ESCLAVOS Y DE<br>SU ABOLICI\u00d3N<\/h3>\n\n\n\n<p class=\"has-text-align-left\">Agosto 23: D\u00eda Internacional del Recuerdo de la trata de esclavos y de su abolici\u00f3n; Esta fecha se celebra el 23 de agosto de cada a\u00f1o. Durante la madrugada del 22 al 23 de agosto de 1971 dio comienzo en Santo Domingo, la insurrecci\u00f3n que desempe\u00f1ar\u00eda un papel decisivo en la abolici\u00f3n de la trata de esclavos transatl\u00e1ntica<\/p>\n\n\n\n<p class=\"has-text-align-left\"><\/p>\n","protected":false},"excerpt":{"rendered":"<p>D\u00cdA DE LA PACHAMAMA 1 de agosto: D\u00eda de la Pachamama, celebraci\u00f3n ancestral de las comunidades ind\u00edgenas andinas. D\u00cdA DEL INGENIERO AGR\u00d3NOMO 6 Agosto: D\u00eda de la ense\u00f1anza Agropecuaria, del ingeniero agr\u00f3nomo y del M\u00e9dico Veterinario; El d\u00eda 6 de agosto de 1883, se cre\u00f3 en la provincia de Buenos Aires el Instituto Superior Veterinario, [&hellip;]<\/p>\n","protected":false},"author":1,"featured_media":0,"parent":0,"menu_order":0,"comment_status":"closed","ping_status":"closed","template":"","meta":{"footnotes":""},"class_list":["post-2562","page","type-page","status-publish","hentry"],"_links":{"self":[{"href":"https:\/\/elcristaldigital.org\/index.php\/wp-json\/wp\/v2\/pages\/2562","targetHints":{"allow":["GET"]}}],"collection":[{"href":"https:\/\/elcristaldigital.org\/index.php\/wp-json\/wp\/v2\/pages"}],"about":[{"href":"https:\/\/elcristaldigital.org\/index.php\/wp-json\/wp\/v2\/types\/page"}],"author":[{"embeddable":true,"href":"https:\/\/elcristaldigital.org\/index.php\/wp-json\/wp\/v2\/users\/1"}],"replies":[{"embeddable":true,"href":"https:\/\/elcristaldigital.org\/index.php\/wp-json\/wp\/v2\/comments?post=2562"}],"version-history":[{"count":11,"href":"https:\/\/elcristaldigital.org\/index.php\/wp-json\/wp\/v2\/pages\/2562\/revisions"}],"predecessor-version":[{"id":2623,"href":"https:\/\/elcristaldigital.org\/index.php\/wp-json\/wp\/v2\/pages\/2562\/revisions\/2623"}],"wp:attachment":[{"href":"https:\/\/elcristaldigital.org\/index.php\/wp-json\/wp\/v2\/media?parent=2562"}],"curies":[{"name":"wp","href":"https:\/\/api.w.org\/{rel}","templated":true}]}}