{"id":2539,"date":"2025-07-29T18:25:28","date_gmt":"2025-07-29T21:25:28","guid":{"rendered":"https:\/\/elcristaldigital.org\/?page_id=2539"},"modified":"2025-07-29T18:29:44","modified_gmt":"2025-07-29T21:29:44","slug":"regionales-4","status":"publish","type":"page","link":"https:\/\/elcristaldigital.org\/index.php\/regionales-4\/","title":{"rendered":"Regionales"},"content":{"rendered":"\n<h3 class=\"wp-block-heading alignfull has-text-align-center has-primary-color has-accent-background-color has-text-color has-background has-link-color wp-elements-c649e5a0c496d6508e6a5a32eec83637\">RALLY CORDOBES EDICI\u00d3N 2025<\/h3>\n\n\n\n<p>El d\u00eda 26\/07 se llev\u00f3 a cabo el Rally Cordob\u00e9s en San Francisco y por la zona. La ma\u00f1ana del s\u00e1bado comenz\u00f3 con una vuelta en Esmeralda.<br>Luego de eso, suspendieron las dem\u00e1s vueltas en Bauer y Josefina y las que quedaban por la tarde debido a las condiciones clim\u00e1ticas.<\/p>\n\n\n<div class=\"wp-block-image\">\n<figure class=\"aligncenter size-large is-resized\"><img loading=\"lazy\" decoding=\"async\" width=\"607\" height=\"1080\" src=\"https:\/\/elcristaldigital.org\/wp-content\/uploads\/2025\/07\/Imagen-de-WhatsApp-2025-07-29-a-las-18.15.53_01c5e619-607x1080.jpg\" alt=\"\" class=\"wp-image-2544\" style=\"width:303px;height:auto\" srcset=\"https:\/\/elcristaldigital.org\/wp-content\/uploads\/2025\/07\/Imagen-de-WhatsApp-2025-07-29-a-las-18.15.53_01c5e619-607x1080.jpg 607w, https:\/\/elcristaldigital.org\/wp-content\/uploads\/2025\/07\/Imagen-de-WhatsApp-2025-07-29-a-las-18.15.53_01c5e619-169x300.jpg 169w, https:\/\/elcristaldigital.org\/wp-content\/uploads\/2025\/07\/Imagen-de-WhatsApp-2025-07-29-a-las-18.15.53_01c5e619.jpg 719w\" sizes=\"auto, (max-width: 607px) 100vw, 607px\" \/><\/figure>\n<\/div>","protected":false},"excerpt":{"rendered":"<p>RALLY CORDOBES EDICI\u00d3N 2025 El d\u00eda 26\/07 se llev\u00f3 a cabo el Rally Cordob\u00e9s en San Francisco y por la zona. La ma\u00f1ana del s\u00e1bado comenz\u00f3 con una vuelta en Esmeralda.Luego de eso, suspendieron las dem\u00e1s vueltas en Bauer y Josefina y las que quedaban por la tarde debido a las condiciones clim\u00e1ticas.<\/p>\n","protected":false},"author":1,"featured_media":0,"parent":0,"menu_order":0,"comment_status":"closed","ping_status":"closed","template":"","meta":{"footnotes":""},"class_list":["post-2539","page","type-page","status-publish","hentry"],"_links":{"self":[{"href":"https:\/\/elcristaldigital.org\/index.php\/wp-json\/wp\/v2\/pages\/2539","targetHints":{"allow":["GET"]}}],"collection":[{"href":"https:\/\/elcristaldigital.org\/index.php\/wp-json\/wp\/v2\/pages"}],"about":[{"href":"https:\/\/elcristaldigital.org\/index.php\/wp-json\/wp\/v2\/types\/page"}],"author":[{"embeddable":true,"href":"https:\/\/elcristaldigital.org\/index.php\/wp-json\/wp\/v2\/users\/1"}],"replies":[{"embeddable":true,"href":"https:\/\/elcristaldigital.org\/index.php\/wp-json\/wp\/v2\/comments?post=2539"}],"version-history":[{"count":3,"href":"https:\/\/elcristaldigital.org\/index.php\/wp-json\/wp\/v2\/pages\/2539\/revisions"}],"predecessor-version":[{"id":2545,"href":"https:\/\/elcristaldigital.org\/index.php\/wp-json\/wp\/v2\/pages\/2539\/revisions\/2545"}],"wp:attachment":[{"href":"https:\/\/elcristaldigital.org\/index.php\/wp-json\/wp\/v2\/media?parent=2539"}],"curies":[{"name":"wp","href":"https:\/\/api.w.org\/{rel}","templated":true}]}}