{"id":2512,"date":"2025-07-24T17:59:51","date_gmt":"2025-07-24T20:59:51","guid":{"rendered":"https:\/\/elcristaldigital.org\/?page_id=2512"},"modified":"2025-07-24T18:14:26","modified_gmt":"2025-07-24T21:14:26","slug":"educacion-15","status":"publish","type":"page","link":"https:\/\/elcristaldigital.org\/index.php\/educacion-15\/","title":{"rendered":"Educaci\u00f3n"},"content":{"rendered":"\n<h3 class=\"wp-block-heading alignfull has-text-align-center has-primary-color has-accent-background-color has-text-color has-background has-link-color wp-elements-531244efb49e742623b895151a9de40a\">CELEBRACI\u00d3N 20 A\u00d1OS DE LA COOPERATIVA ESCOLAR &#8220;EXPERIENCIA<br>JOVEN&#8221; DEL ICES<\/h3>\n\n\n\n<p class=\"has-text-align-left\">Representantes del Peri\u00f3dico El Cristal Cooperativa Escolar Limitada de la EESOPI asistieron el pasado viernes 27 de junio a una jornada cooperativa en el marco festivo de los 20 a\u00f1os de la Cooperativa Escolar &#8220;Experiencia Joven&#8221; en las instalaciones del ICES, en la ciudad de Sunchales. Se realizaron juegos cooperativos, se compartieron experiencias visitando los stands y finaliz\u00f3 con la entrega de presentes.<\/p>\n\n\n\n<p class=\"has-text-align-left\"><\/p>\n\n\n\n<h3 class=\"wp-block-heading alignfull has-text-align-center has-primary-color has-accent-background-color has-text-color has-background has-link-color wp-elements-780ce24943c0ba18c67c6723f32475de\">PROGAMA \u201cJ\u00d3VENES EN EL SENADO 2025\u201d<\/h3>\n\n\n\n<p>Los estudiantes de 5to y docentes de la EESOPI 3023 de la localidad de Ramona participaron en el Programa J\u00f3venes en el Senado el pasado 18 de junio en la C\u00e1mara de Senadores de la provincia de Santa Fe.<br>Los alumnos de 5to a\u00f1o de la E.E.S.O.P.I 3023 acompa\u00f1ados por docentes de la instituci\u00f3n simularon una sesi\u00f3n en la c\u00e1mara de senadores de la provincia de Santa Fe, el pasado 18 de junio.<br>En esta oportunidad presentaron 5 proyectos, dos de comunicaci\u00f3n, uno de homenaje, uno de ley y uno de declaraci\u00f3n de inter\u00e9s.<br>En el proyecto de declaraci\u00f3n de inter\u00e9s se propone reconocer a \u201cturismo rural\u201d y a su grupo de trabajo, puesto que es importante destacar que la localidad de Ramona vive un desarrollo tur\u00edstico establecido en una planificaci\u00f3n participativa, estrat\u00e9gica y amigable con el medio ambiente, que aprovecha responsablemente los recursos ambientales, bas\u00e1ndose<br>en la conservaci\u00f3n del patrimonio hist\u00f3rico y buscando la satisfacci\u00f3n de los turistas.<br>Con respecto al homenaje, se destaca a la m\u00e9dica general Lucrecia Costa por su incansable y dedicada labor en la localidad de Ramona y la regi\u00f3n. Tambi\u00e9n en este proyecto se solicita la necesidad de contar con otro m\u00e9dico general que ayude a aliviar las excesivas cargas de trabajo de nuestra querida m\u00e9dica.<br>En relaci\u00f3n a los proyectos de comunicaci\u00f3n, se solicita la reconstrucci\u00f3n del play\u00f3n polideportivo y la realizaci\u00f3n de una galer\u00eda para el ingreso hacia la nueva aula construida en la E.E.S.O.P.I 3023 \u201cSan Jos\u00e9 de Calasanz\u201d; la creaci\u00f3n de una rotonda en la intersecci\u00f3n de las rutas provinciales n\u00famero 22 y 70, y su respectiva se\u00f1alizaci\u00f3n. En el \u00faltimo proyecto de comunicaci\u00f3n presentado se pide la incorporaci\u00f3n de nuevas carreras<br>universitarias relacionadas a los avances tecnol\u00f3gicos y las nuevas demandas del mercado laboral, anexando especialidades de campo profesionales actuales a las universidades p\u00fablicas que se relacionan con las ciencias empresariales, y las nuevas ciencias de comunicaci\u00f3n y tecnolog\u00eda.<br>En el proyecto de ley se propone modificar en los programas de estudios de los profesorados en el territorio provincial incluyendo una materia llamada \u201cEducaci\u00f3n y discapacidad\u201d para fortalecer la preparaci\u00f3n de futuros docentes en dicha \u00e1rea. La funci\u00f3n principal de este proyecto, es capacitar a los docentes para la inclusi\u00f3n educacional de ni\u00f1os\/as y adolescentes con diferentes discapacidades y trastornos, de escasos recursos que no pueden recurrir a un profesional que les brinde ayuda. Los beneficiados en esta ley son: todos los futuros docentes a la hora de ejercer su profesi\u00f3n y los ni\u00f1os al momento de recibir dicho servicio dictado por los profesionales (docentes).<\/p>\n\n\n<div class=\"wp-block-image\">\n<figure class=\"aligncenter size-large is-resized\"><img loading=\"lazy\" decoding=\"async\" width=\"1620\" height=\"1080\" src=\"https:\/\/elcristaldigital.org\/wp-content\/uploads\/2025\/07\/IMG_9749-1620x1080.jpg\" alt=\"\" class=\"wp-image-2518\" style=\"width:488px;height:auto\" srcset=\"https:\/\/elcristaldigital.org\/wp-content\/uploads\/2025\/07\/IMG_9749-1620x1080.jpg 1620w, https:\/\/elcristaldigital.org\/wp-content\/uploads\/2025\/07\/IMG_9749-300x200.jpg 300w, https:\/\/elcristaldigital.org\/wp-content\/uploads\/2025\/07\/IMG_9749-768x512.jpg 768w, https:\/\/elcristaldigital.org\/wp-content\/uploads\/2025\/07\/IMG_9749-1536x1024.jpg 1536w, https:\/\/elcristaldigital.org\/wp-content\/uploads\/2025\/07\/IMG_9749-2048x1365.jpg 2048w, https:\/\/elcristaldigital.org\/wp-content\/uploads\/2025\/07\/IMG_9749-1200x800.jpg 1200w, https:\/\/elcristaldigital.org\/wp-content\/uploads\/2025\/07\/IMG_9749-1980x1320.jpg 1980w\" sizes=\"auto, (max-width: 1620px) 100vw, 1620px\" \/><\/figure>\n<\/div>\n\n\n<h3 class=\"wp-block-heading alignfull has-text-align-center has-primary-color has-accent-background-color has-text-color has-background has-link-color wp-elements-5296c799ea9177abc8be18eaabc295f4\">HOMENAJE A LUCRECIA COSTA<\/h3>\n\n\n\n<p>El viernes 27 de junio, los estudiantes de 5to a\u00f1o de la EESOPI brindaron homenaje a la Dra. Lucrecia Costa por su incansable y comprometida labor como m\u00e9dica de la localidad.<br>Homenaje que fue manifestado en la C\u00e1mara de Senadores de la provincia de Santa Fe.<\/p>\n","protected":false},"excerpt":{"rendered":"<p>CELEBRACI\u00d3N 20 A\u00d1OS DE LA COOPERATIVA ESCOLAR &#8220;EXPERIENCIAJOVEN&#8221; DEL ICES Representantes del Peri\u00f3dico El Cristal Cooperativa Escolar Limitada de la EESOPI asistieron el pasado viernes 27 de junio a una jornada cooperativa en el marco festivo de los 20 a\u00f1os de la Cooperativa Escolar &#8220;Experiencia Joven&#8221; en las instalaciones del ICES, en la ciudad de [&hellip;]<\/p>\n","protected":false},"author":1,"featured_media":0,"parent":0,"menu_order":0,"comment_status":"closed","ping_status":"closed","template":"","meta":{"footnotes":""},"class_list":["post-2512","page","type-page","status-publish","hentry"],"_links":{"self":[{"href":"https:\/\/elcristaldigital.org\/index.php\/wp-json\/wp\/v2\/pages\/2512","targetHints":{"allow":["GET"]}}],"collection":[{"href":"https:\/\/elcristaldigital.org\/index.php\/wp-json\/wp\/v2\/pages"}],"about":[{"href":"https:\/\/elcristaldigital.org\/index.php\/wp-json\/wp\/v2\/types\/page"}],"author":[{"embeddable":true,"href":"https:\/\/elcristaldigital.org\/index.php\/wp-json\/wp\/v2\/users\/1"}],"replies":[{"embeddable":true,"href":"https:\/\/elcristaldigital.org\/index.php\/wp-json\/wp\/v2\/comments?post=2512"}],"version-history":[{"count":5,"href":"https:\/\/elcristaldigital.org\/index.php\/wp-json\/wp\/v2\/pages\/2512\/revisions"}],"predecessor-version":[{"id":2520,"href":"https:\/\/elcristaldigital.org\/index.php\/wp-json\/wp\/v2\/pages\/2512\/revisions\/2520"}],"wp:attachment":[{"href":"https:\/\/elcristaldigital.org\/index.php\/wp-json\/wp\/v2\/media?parent=2512"}],"curies":[{"name":"wp","href":"https:\/\/api.w.org\/{rel}","templated":true}]}}