{"id":2489,"date":"2025-07-01T17:56:14","date_gmt":"2025-07-01T20:56:14","guid":{"rendered":"https:\/\/elcristaldigital.org\/?page_id=2489"},"modified":"2025-07-24T18:20:05","modified_gmt":"2025-07-24T21:20:05","slug":"efemerides-12","status":"publish","type":"page","link":"https:\/\/elcristaldigital.org\/index.php\/efemerides-12\/","title":{"rendered":"Efemerides"},"content":{"rendered":"\n<h3 class=\"wp-block-heading alignfull has-text-align-center has-primary-color has-accent-background-color has-text-color has-background has-link-color wp-elements-759e56096acfe4e4a4a2cca1abe7f9e6\">D\u00cdA DE LA INDEPENDENCIA<\/h3>\n\n\n\n<p>Este viernes 4 de julio, se llev\u00f3 a cabo en la plaza de nuestra localidad, a las 16:00 horas el acto en conmemoraci\u00f3n al 9 de Julio; se celebra el\u201d D\u00eda de la Independencia en Argentina\u201d En esta fecha, en 1816, se declar\u00f3 la independencia del pa\u00eds del dominio espa\u00f1ol en el Congreso de Tucum\u00e1n. Esta declaraci\u00f3n fue un momento crucial en la historia argentina y marc\u00f3 el inicio de un proceso que llev\u00f3 a la formaci\u00f3n de la naci\u00f3n como un<br>estado independiente. Fue un acto p\u00fablico, organizado por ambas escuelas: Domingo F. Sarmiento y E.E.S.O.P.I 3023.<br>\u00a1Agradecemos a todos su presencia y atenci\u00f3n!<\/p>\n\n\n<div class=\"wp-block-image\">\n<figure class=\"aligncenter size-large is-resized\"><img loading=\"lazy\" decoding=\"async\" width=\"608\" height=\"1080\" src=\"https:\/\/elcristaldigital.org\/wp-content\/uploads\/2025\/07\/Imagen-de-WhatsApp-2025-07-24-a-las-18.17.39_2641ae7d-608x1080.jpg\" alt=\"\" class=\"wp-image-2522\" style=\"width:365px;height:auto\" srcset=\"https:\/\/elcristaldigital.org\/wp-content\/uploads\/2025\/07\/Imagen-de-WhatsApp-2025-07-24-a-las-18.17.39_2641ae7d-608x1080.jpg 608w, https:\/\/elcristaldigital.org\/wp-content\/uploads\/2025\/07\/Imagen-de-WhatsApp-2025-07-24-a-las-18.17.39_2641ae7d-169x300.jpg 169w, https:\/\/elcristaldigital.org\/wp-content\/uploads\/2025\/07\/Imagen-de-WhatsApp-2025-07-24-a-las-18.17.39_2641ae7d.jpg 720w\" sizes=\"auto, (max-width: 608px) 100vw, 608px\" \/><\/figure>\n<\/div>","protected":false},"excerpt":{"rendered":"<p>D\u00cdA DE LA INDEPENDENCIA Este viernes 4 de julio, se llev\u00f3 a cabo en la plaza de nuestra localidad, a las 16:00 horas el acto en conmemoraci\u00f3n al 9 de Julio; se celebra el\u201d D\u00eda de la Independencia en Argentina\u201d En esta fecha, en 1816, se declar\u00f3 la independencia del pa\u00eds del dominio espa\u00f1ol en [&hellip;]<\/p>\n","protected":false},"author":1,"featured_media":0,"parent":0,"menu_order":0,"comment_status":"closed","ping_status":"closed","template":"","meta":{"footnotes":""},"class_list":["post-2489","page","type-page","status-publish","hentry"],"_links":{"self":[{"href":"https:\/\/elcristaldigital.org\/index.php\/wp-json\/wp\/v2\/pages\/2489","targetHints":{"allow":["GET"]}}],"collection":[{"href":"https:\/\/elcristaldigital.org\/index.php\/wp-json\/wp\/v2\/pages"}],"about":[{"href":"https:\/\/elcristaldigital.org\/index.php\/wp-json\/wp\/v2\/types\/page"}],"author":[{"embeddable":true,"href":"https:\/\/elcristaldigital.org\/index.php\/wp-json\/wp\/v2\/users\/1"}],"replies":[{"embeddable":true,"href":"https:\/\/elcristaldigital.org\/index.php\/wp-json\/wp\/v2\/comments?post=2489"}],"version-history":[{"count":3,"href":"https:\/\/elcristaldigital.org\/index.php\/wp-json\/wp\/v2\/pages\/2489\/revisions"}],"predecessor-version":[{"id":2523,"href":"https:\/\/elcristaldigital.org\/index.php\/wp-json\/wp\/v2\/pages\/2489\/revisions\/2523"}],"wp:attachment":[{"href":"https:\/\/elcristaldigital.org\/index.php\/wp-json\/wp\/v2\/media?parent=2489"}],"curies":[{"name":"wp","href":"https:\/\/api.w.org\/{rel}","templated":true}]}}