{"id":2484,"date":"2025-07-01T17:40:17","date_gmt":"2025-07-01T20:40:17","guid":{"rendered":"https:\/\/elcristaldigital.org\/?page_id=2484"},"modified":"2025-07-29T18:13:28","modified_gmt":"2025-07-29T21:13:28","slug":"deportes-24","status":"publish","type":"page","link":"https:\/\/elcristaldigital.org\/index.php\/deportes-24\/","title":{"rendered":"Deportes"},"content":{"rendered":"\n<h3 class=\"wp-block-heading alignfull has-text-align-center has-primary-color has-accent-background-color has-text-color has-background has-link-color wp-elements-74e03965d47d12cf6d7be31aa0df4c3a\">TORENO DE PADEL<\/h3>\n\n\n\n<p>El pasado viernes 27\/06 s\u00e1bado 28\/06 y domingo 29\/06 de de junio se realiz\u00f3 el torneo de p\u00e1del, organizado por el club Centro Cultural y Deportivo Ramona. Se consagraron como campeones Santiago Rickert y Nicol\u00e1s Salusso. La sub comisi\u00f3n del f\u00fatbol mayor agradece<br>a los sponsor q estuvieron presentes e hicieron posible que salga de la mejor manera. El club agradece a: Porporato y Salusso agencias de seguros. La Utiler\u00eda indumentaria. Vinoteca Dama Juana. Por el aporte con premios pata campeones y sub campeones.<\/p>\n\n\n<div class=\"wp-block-image\">\n<figure class=\"aligncenter size-large is-resized\"><img loading=\"lazy\" decoding=\"async\" width=\"810\" height=\"1080\" src=\"https:\/\/elcristaldigital.org\/wp-content\/uploads\/2025\/07\/Imagen-de-WhatsApp-2025-06-26-a-las-18.04.32_30958b54-810x1080.jpg\" alt=\"\" class=\"wp-image-2494\" style=\"width:284px;height:auto\" srcset=\"https:\/\/elcristaldigital.org\/wp-content\/uploads\/2025\/07\/Imagen-de-WhatsApp-2025-06-26-a-las-18.04.32_30958b54-810x1080.jpg 810w, https:\/\/elcristaldigital.org\/wp-content\/uploads\/2025\/07\/Imagen-de-WhatsApp-2025-06-26-a-las-18.04.32_30958b54-225x300.jpg 225w, https:\/\/elcristaldigital.org\/wp-content\/uploads\/2025\/07\/Imagen-de-WhatsApp-2025-06-26-a-las-18.04.32_30958b54-768x1024.jpg 768w, https:\/\/elcristaldigital.org\/wp-content\/uploads\/2025\/07\/Imagen-de-WhatsApp-2025-06-26-a-las-18.04.32_30958b54.jpg 960w\" sizes=\"auto, (max-width: 810px) 100vw, 810px\" \/><\/figure>\n<\/div>\n\n\n<h3 class=\"wp-block-heading alignfull has-text-align-center has-primary-color has-accent-background-color has-text-color has-background has-link-color wp-elements-570a5c81a5ba86a79afc62900f70d4b6\">&#8220;S\u00daPER DEPOR&#8221;<\/h3>\n\n\n\n<p>El pasado 6 de julio el futbol mayor del Super Depor visito a Humberto 1\u00b0por la 5ta fecha del Torneo Clausura Primera divisi\u00f3n obtuvo la victoria por 2 a 0 con goles de Misael Grimaldi y Elias Gutierrez Y reserva divisi\u00f3n empat\u00f3 1 a 1 con gol de m\u00e1ximo balbo Tambi\u00e9n es esta fecha debutaron los nuevos t\u00e9cnicos del depor Alejandro Medrano como cabeza de cuerpo<br>t\u00e9cnico y t\u00e9cnico de reserva Alfredo Vittore.<\/p>\n\n\n\n<h3 class=\"wp-block-heading alignfull has-text-align-center has-primary-color has-accent-background-color has-text-color has-background has-link-color wp-elements-570a5c81a5ba86a79afc62900f70d4b6\">&#8220;S\u00daPER DEPOR&#8221;<\/h3>\n\n\n\n<p>Las inferiores del Depor disputo la primera fecha del Torneo Clausura visitando a Bella Italia.<br>Novena Divisi\u00f3n: empat\u00f3 2 a 2.<br>Octava Divisi\u00f3n: empat\u00f3 0 a 0.<br>S\u00e9ptima Divisi\u00f3n: perdi\u00f3 1 a 0.<br>Sexta Divisi\u00f3n: empataron 2 a 2.<\/p>\n\n\n<div class=\"wp-block-image\">\n<figure class=\"aligncenter size-large is-resized\"><img loading=\"lazy\" decoding=\"async\" width=\"810\" height=\"1080\" src=\"https:\/\/elcristaldigital.org\/wp-content\/uploads\/2025\/07\/Imagen-de-WhatsApp-2025-07-29-a-las-17.54.43_32615655-810x1080.jpg\" alt=\"\" class=\"wp-image-2527\" style=\"width:315px;height:auto\" srcset=\"https:\/\/elcristaldigital.org\/wp-content\/uploads\/2025\/07\/Imagen-de-WhatsApp-2025-07-29-a-las-17.54.43_32615655-810x1080.jpg 810w, https:\/\/elcristaldigital.org\/wp-content\/uploads\/2025\/07\/Imagen-de-WhatsApp-2025-07-29-a-las-17.54.43_32615655-225x300.jpg 225w, https:\/\/elcristaldigital.org\/wp-content\/uploads\/2025\/07\/Imagen-de-WhatsApp-2025-07-29-a-las-17.54.43_32615655-768x1024.jpg 768w, https:\/\/elcristaldigital.org\/wp-content\/uploads\/2025\/07\/Imagen-de-WhatsApp-2025-07-29-a-las-17.54.43_32615655-1152x1536.jpg 1152w, https:\/\/elcristaldigital.org\/wp-content\/uploads\/2025\/07\/Imagen-de-WhatsApp-2025-07-29-a-las-17.54.43_32615655.jpg 1200w\" sizes=\"auto, (max-width: 810px) 100vw, 810px\" \/><\/figure>\n<\/div>\n\n\n<h3 class=\"wp-block-heading alignfull has-text-align-center has-primary-color has-accent-background-color has-text-color has-background has-link-color wp-elements-9b17764ade979b2389583f008e5385d8\">&#8220;S\u00daPER DEROR&#8221;<\/h3>\n\n\n\n<p>El d\u00eda domingo 13 de Julio el S\u00faper Depor se enfrent\u00f3 a Mois\u00e9s Ville reserva obtuvo el triunfo por 2-1 goles de El\u00edas Vicedo Rico<br>En cambio, primera no logr\u00f3 vencer al rival, perdiendo por 2-1 gol de Misael Grimaldi.<\/p>\n\n\n\n<h3 class=\"wp-block-heading alignfull has-text-align-center has-primary-color has-accent-background-color has-text-color has-background has-link-color wp-elements-570a5c81a5ba86a79afc62900f70d4b6\">&#8220;S\u00daPER DEPOR&#8221;<\/h3>\n\n\n\n<p>El domingo 20\/07 el Depor se enfrent\u00f3 a Moreno de Lehmann , reserva logr\u00f3 vencer al rival por el resultado de 2-0 goles de Ignacio Veliz y Jerem\u00edas Tamagnini, primera empat\u00f3 0-0.<\/p>\n\n\n\n<h3 class=\"wp-block-heading alignfull has-text-align-center has-primary-color has-accent-background-color has-text-color has-background has-link-color wp-elements-570a5c81a5ba86a79afc62900f70d4b6\">&#8220;S\u00daPER DEPOR&#8221;<\/h3>\n\n\n\n<p>El pasado 25 de Julio el Deportivo Ramona recibi\u00f3 a Sportivo Roca por la segunda fecha del Torneo Clausura de la Liga Rafaelina de F\u00fatbol, que solo present\u00f3 dos categor\u00edas, las cuales obtuvieron los siguientes resultados.<br>Novena Divisi\u00f3n: fue derrota por la m\u00ednima 1 a 0.<br>S\u00e9ptima Divisi\u00f3n: fue victoria por la m\u00ednima de 1 a 0.<\/p>\n\n\n<div class=\"wp-block-image\">\n<figure class=\"aligncenter size-large is-resized\"><img loading=\"lazy\" decoding=\"async\" width=\"1440\" height=\"1080\" src=\"https:\/\/elcristaldigital.org\/wp-content\/uploads\/2025\/07\/Imagen-de-WhatsApp-2025-07-26-a-las-19.20.51_0c3ee005-1440x1080.jpg\" alt=\"\" class=\"wp-image-2531\" style=\"width:379px;height:auto\" srcset=\"https:\/\/elcristaldigital.org\/wp-content\/uploads\/2025\/07\/Imagen-de-WhatsApp-2025-07-26-a-las-19.20.51_0c3ee005-1440x1080.jpg 1440w, https:\/\/elcristaldigital.org\/wp-content\/uploads\/2025\/07\/Imagen-de-WhatsApp-2025-07-26-a-las-19.20.51_0c3ee005-300x225.jpg 300w, https:\/\/elcristaldigital.org\/wp-content\/uploads\/2025\/07\/Imagen-de-WhatsApp-2025-07-26-a-las-19.20.51_0c3ee005-768x576.jpg 768w, https:\/\/elcristaldigital.org\/wp-content\/uploads\/2025\/07\/Imagen-de-WhatsApp-2025-07-26-a-las-19.20.51_0c3ee005-1536x1152.jpg 1536w, https:\/\/elcristaldigital.org\/wp-content\/uploads\/2025\/07\/Imagen-de-WhatsApp-2025-07-26-a-las-19.20.51_0c3ee005-1200x900.jpg 1200w, https:\/\/elcristaldigital.org\/wp-content\/uploads\/2025\/07\/Imagen-de-WhatsApp-2025-07-26-a-las-19.20.51_0c3ee005.jpg 1600w\" sizes=\"auto, (max-width: 1440px) 100vw, 1440px\" \/><\/figure>\n<\/div>\n\n\n<p><\/p>\n","protected":false},"excerpt":{"rendered":"<p>TORENO DE PADEL El pasado viernes 27\/06 s\u00e1bado 28\/06 y domingo 29\/06 de de junio se realiz\u00f3 el torneo de p\u00e1del, organizado por el club Centro Cultural y Deportivo Ramona. Se consagraron como campeones Santiago Rickert y Nicol\u00e1s Salusso. La sub comisi\u00f3n del f\u00fatbol mayor agradecea los sponsor q estuvieron presentes e hicieron posible que [&hellip;]<\/p>\n","protected":false},"author":1,"featured_media":0,"parent":0,"menu_order":0,"comment_status":"closed","ping_status":"closed","template":"","meta":{"footnotes":""},"class_list":["post-2484","page","type-page","status-publish","hentry"],"_links":{"self":[{"href":"https:\/\/elcristaldigital.org\/index.php\/wp-json\/wp\/v2\/pages\/2484","targetHints":{"allow":["GET"]}}],"collection":[{"href":"https:\/\/elcristaldigital.org\/index.php\/wp-json\/wp\/v2\/pages"}],"about":[{"href":"https:\/\/elcristaldigital.org\/index.php\/wp-json\/wp\/v2\/types\/page"}],"author":[{"embeddable":true,"href":"https:\/\/elcristaldigital.org\/index.php\/wp-json\/wp\/v2\/users\/1"}],"replies":[{"embeddable":true,"href":"https:\/\/elcristaldigital.org\/index.php\/wp-json\/wp\/v2\/comments?post=2484"}],"version-history":[{"count":8,"href":"https:\/\/elcristaldigital.org\/index.php\/wp-json\/wp\/v2\/pages\/2484\/revisions"}],"predecessor-version":[{"id":2533,"href":"https:\/\/elcristaldigital.org\/index.php\/wp-json\/wp\/v2\/pages\/2484\/revisions\/2533"}],"wp:attachment":[{"href":"https:\/\/elcristaldigital.org\/index.php\/wp-json\/wp\/v2\/media?parent=2484"}],"curies":[{"name":"wp","href":"https:\/\/api.w.org\/{rel}","templated":true}]}}