{"id":2482,"date":"2025-07-01T17:40:17","date_gmt":"2025-07-01T20:40:17","guid":{"rendered":"https:\/\/elcristaldigital.org\/?page_id=2482"},"modified":"2025-07-31T17:49:54","modified_gmt":"2025-07-31T20:49:54","slug":"gestion-comunal-25","status":"publish","type":"page","link":"https:\/\/elcristaldigital.org\/index.php\/gestion-comunal-25\/","title":{"rendered":"Gesti\u00f3n Comunal"},"content":{"rendered":"\n<h3 class=\"wp-block-heading alignfull has-text-align-center has-primary-color has-accent-background-color has-text-color has-background has-link-color wp-elements-8c2fb49c8d38f41b2d72149262d7c185\">ELECCIONES LOCALES 2025<\/h3>\n\n\n\n<p>El d\u00eda 24 de junio se realiz\u00f3 una entrevista a los dos candidatos a presidente comunal de Ramona, de los cuales expresaron sus propuestas.<br>Por un lado, \u201cActivemos Ramona\u201d, al mando de Juan Ignacio Rolandi quien se enfoca en 36 propuestas divididas en 12 secciones, donde encontramos educaci\u00f3n, salud, seguridad, entre otras. Aparte de 3 sue\u00f1os para la localidad, la m\u00e1s destacada se llama \u201cLa casa de Ramona\u201d, la cual consiste en acondicionar un inmueble en Rafaela para aquellos j\u00f3venes<br>de la localidad para continuar sus estudios, facilit\u00e1ndoles el acceso a la educaci\u00f3n.<br>Por el otro lado, la \u201cUni\u00f3n Vecinal Ramona\u201d, dirigida por Jos\u00e9 Alberto Barbero quien las divide en 10 secciones donde encontramos turismo, cultura y hasta obras p\u00fablicas para Ramona. Tambi\u00e9n, va a trabajar con los j\u00f3venes organizando eventos en espacios p\u00fablicos y ayudando a la promoci\u00f3n a generar ingresos en el predio para la fiesta de egresados.<\/p>\n\n\n<div class=\"wp-block-image\">\n<figure class=\"aligncenter size-large is-resized\"><img loading=\"lazy\" decoding=\"async\" width=\"1091\" height=\"1080\" src=\"https:\/\/elcristaldigital.org\/wp-content\/uploads\/2025\/07\/Imagen-de-WhatsApp-2025-06-26-a-las-18.18.37_167cbc68-1091x1080.jpg\" alt=\"\" class=\"wp-image-2497\" style=\"width:338px;height:auto\" srcset=\"https:\/\/elcristaldigital.org\/wp-content\/uploads\/2025\/07\/Imagen-de-WhatsApp-2025-06-26-a-las-18.18.37_167cbc68-1091x1080.jpg 1091w, https:\/\/elcristaldigital.org\/wp-content\/uploads\/2025\/07\/Imagen-de-WhatsApp-2025-06-26-a-las-18.18.37_167cbc68-300x297.jpg 300w, https:\/\/elcristaldigital.org\/wp-content\/uploads\/2025\/07\/Imagen-de-WhatsApp-2025-06-26-a-las-18.18.37_167cbc68-768x760.jpg 768w, https:\/\/elcristaldigital.org\/wp-content\/uploads\/2025\/07\/Imagen-de-WhatsApp-2025-06-26-a-las-18.18.37_167cbc68-1200x1188.jpg 1200w, https:\/\/elcristaldigital.org\/wp-content\/uploads\/2025\/07\/Imagen-de-WhatsApp-2025-06-26-a-las-18.18.37_167cbc68.jpg 1206w\" sizes=\"auto, (max-width: 1091px) 100vw, 1091px\" \/><\/figure>\n<\/div>\n\n\n<h3 class=\"wp-block-heading alignfull has-text-align-center has-primary-color has-accent-background-color has-text-color has-background has-link-color wp-elements-4f93a4b23aceab482411dc8d1c7a16a4\">CONTINGENTE DE ESTUDIANTES DE TURISMO<\/h3>\n\n\n\n<p>En una interesante experiencia, por el perfil de los excursionistas, la localidad recibi\u00f3 a un grupo de estudiantes y docentes pertenecientes a las Tecnicaturas Superiores en Turismo y Hoteler\u00eda del Instituto Mateo Bozz, quienes, con el conocimiento de una pr\u00e1ctica concreta y real de desarrollo tur\u00edstico, buscan conectar teor\u00eda y pr\u00e1ctica, complementando la formaci\u00f3n \u00e1ulica.<br>El contingente, compuesto de 35 personas, efectu\u00f3 la recorrida por cada una de las salas del Complejo Museol\u00f3gico, en una experiencia irrepetible que transcurri\u00f3 entre historia, sensaciones y sabores distintivos del cl\u00e1sico vermut que, al final del trayecto, se sirve en la Fonda Do\u00f1a Ramona. Para el almuerzo, el Establecimiento El Vasquito les ofreci\u00f3 un sensacional asado campero en su contexto natural y el habitual relato de leyendas y<br>tradiciones que lo acompa\u00f1an, cerrando con la degustaci\u00f3n de delicias en el Museo de la Helader\u00eda Pompeya.<br>El Instituto Superior de Profesorado N\u00b0 10, Mateo Booz, tiene sede central de la localidad de Helvecia y dispone de dos sedes de extensi\u00f3n \u00e1ulica, una en la localidad de Santa Rosa de Calchines y otra en la capital provincial, con alumnos de distintos puntos del territorio santafesino.<br>La visita brind\u00f3 a los estudiantes una comprensi\u00f3n m\u00e1s profunda del turismo rural, desarrollando habilidades de observaci\u00f3n, an\u00e1lisis, comunicaci\u00f3n intercultural y resoluci\u00f3n de problemas dentro de un contexto del mundo real. Un aspecto clave resulta la interacci\u00f3n con los referentes locales, que permite a los j\u00f3venes visitantes comprender mejor la<br>din\u00e1mica y el potencial \u00fanicos de los destinos rurales, y c\u00f3mo el turismo puede contribuir al desarrollo local.<\/p>\n\n\n<div class=\"wp-block-image\">\n<figure class=\"aligncenter size-full is-resized\"><img loading=\"lazy\" decoding=\"async\" width=\"1026\" height=\"726\" src=\"https:\/\/elcristaldigital.org\/wp-content\/uploads\/2025\/07\/Booz1.jpg\" alt=\"\" class=\"wp-image-2501\" style=\"width:454px;height:auto\" srcset=\"https:\/\/elcristaldigital.org\/wp-content\/uploads\/2025\/07\/Booz1.jpg 1026w, https:\/\/elcristaldigital.org\/wp-content\/uploads\/2025\/07\/Booz1-300x212.jpg 300w, https:\/\/elcristaldigital.org\/wp-content\/uploads\/2025\/07\/Booz1-768x543.jpg 768w\" sizes=\"auto, (max-width: 1026px) 100vw, 1026px\" \/><\/figure>\n<\/div>\n\n\n<h3 class=\"wp-block-heading alignfull has-text-align-center has-primary-color has-accent-background-color has-text-color has-background has-link-color wp-elements-6f1dabd21d2973d1d6492cfa1c1a1c52\">ENTREGA DE SILLAS DE RUEDAS<\/h3>\n\n\n\n<p>Jos\u00e9 Barbero, en representaci\u00f3n del gobierno comunal, ha suscripto un convenio con CILSA, una organizaci\u00f3n no gubernamental radicada en la ciudad de Santa Fe, pero con un amplio \u00e1mbito de acci\u00f3n en el centro del pa\u00eds que, desde hace casi 60 a\u00f1os implementa acciones para mejorar la calidad de vida de las personas con discapacidad, facilitando su<br>acceso a las herramientas que su condici\u00f3n f\u00edsica demanda para su independencia en el desarrollo de las actividades habituales.<br>El acuerdo plantea la cesi\u00f3n de dos sillas de ruedas para incorporar al banco de elementos ortop\u00e9dicos con el que cuenta el municipio y que concentra los recursos disponibles para  atender casos de dificultades de movilidad, teniendo particularmente en cuenta los obst\u00e1culos que en la pr\u00e1ctica se observan para obtener este tipo de ayudas, tanto en el servicio p\u00fablico de salud como en el sistema de obras sociales.<br>Con esta labor colaborativa se pretende construir una sociedad m\u00e1s inclusiva, brindar igualdad de oportunidades, dar contenci\u00f3n y protecci\u00f3n de los derechos, especialmente, en el caso de beneficiarios provenientes de familias de escasos recursos para poder acceder a estas ayudas t\u00e9cnicas.<\/p>\n\n\n<div class=\"wp-block-image\">\n<figure class=\"aligncenter size-large is-resized\"><img loading=\"lazy\" decoding=\"async\" width=\"810\" height=\"1080\" src=\"https:\/\/elcristaldigital.org\/wp-content\/uploads\/2025\/07\/Cilsa1-810x1080.jpg\" alt=\"\" class=\"wp-image-2503\" style=\"width:335px;height:auto\" srcset=\"https:\/\/elcristaldigital.org\/wp-content\/uploads\/2025\/07\/Cilsa1-810x1080.jpg 810w, https:\/\/elcristaldigital.org\/wp-content\/uploads\/2025\/07\/Cilsa1-225x300.jpg 225w, https:\/\/elcristaldigital.org\/wp-content\/uploads\/2025\/07\/Cilsa1-768x1024.jpg 768w, https:\/\/elcristaldigital.org\/wp-content\/uploads\/2025\/07\/Cilsa1-1152x1536.jpg 1152w, https:\/\/elcristaldigital.org\/wp-content\/uploads\/2025\/07\/Cilsa1-1536x2048.jpg 1536w, https:\/\/elcristaldigital.org\/wp-content\/uploads\/2025\/07\/Cilsa1-1200x1600.jpg 1200w, https:\/\/elcristaldigital.org\/wp-content\/uploads\/2025\/07\/Cilsa1-1980x2640.jpg 1980w, https:\/\/elcristaldigital.org\/wp-content\/uploads\/2025\/07\/Cilsa1-scaled.jpg 1920w\" sizes=\"auto, (max-width: 810px) 100vw, 810px\" \/><\/figure>\n<\/div>\n\n\n<h3 class=\"wp-block-heading alignfull has-text-align-center has-primary-color has-accent-background-color has-text-color has-background has-link-color wp-elements-1a3689c8b2d37b72f7eb9aaf4054f68a\">RELEVAMIENTO SOBRE ADICCIONES<\/h3>\n\n\n\n<p>Como una medida proactiva destinada a comprender y abordar los problemas de salud p\u00fablica de la poblaci\u00f3n, y al efecto de generar datos sobre el consumo de sustancias, como alcohol, tabaco, drogas il\u00edcitas, o el uso indebido de medicamentos, y adicciones conductuales, relacionadas a juegos de azar y apuestas en l\u00ednea, junto a instituciones educativas, deportivas y religiosas, se realiza una encuesta que, a partir de sus resultados, permita orientar acciones en la materia.<br>La informaci\u00f3n generada puede contribuir a identificar factores de riesgo y vulnerabilidades comunes, como la presi\u00f3n de grupo de pertenencia, el entorno familiar, el estr\u00e9s acad\u00e9mico o la falta de alternativas recreativas que pueden contribuir a la adicci\u00f3n entre los j\u00f3venes en el contexto social en el que se desenvuelven. Pero, adem\u00e1s, permitir\u00e1 determinar el conocimiento de los encuestados sobre los riesgos asociados con diversas sustancias y comportamientos, as\u00ed como sus percepciones de disponibilidad y respeto de normas sociales.<br>Tabulado los datos y volcados a la mesa de trabajo com\u00fan, se propone desarrollar estrategias de prevenci\u00f3n nuevas y espec\u00edficas, acciones formativas, servicios de apoyo y pol\u00edticas de salud p\u00fablica que resulten relevantes para la poblaci\u00f3n juvenil, frente a una problem\u00e1tica compleja que afecta a todas las comunidades.<\/p>\n\n\n\n<h3 class=\"wp-block-heading alignfull has-text-align-center has-primary-color has-accent-background-color has-text-color has-background has-link-color wp-elements-0dadd708002cbc4298e9e56db19525ae\">VINO RAMONENSE<\/h3>\n\n\n\n<p>Ante la necesidad de contar con productos que ampl\u00eden la oferta del Almac\u00e9n de Sabores, Turismo Rural Ramona junto a un emprendimiento comercial del rubro, ha desarrollado un vino con etiqueta personalizada que evoca los or\u00edgenes comunitarios y que pone a disposici\u00f3n de los visitantes una excelente alternativa como un buen recuerdo de su viaje<br>a Ramona o como un regalo exclusivo.<br>Se trata de una iniciativa que propone generar una identificaci\u00f3n de origen o marca colectiva que caracterice los productos representativos que el Grupo comercializa y, si bien el vino no es un producto t\u00edpico de nuestra regi\u00f3n, es caracter\u00edstico y reconocidamente argentino y, adem\u00e1s, muy af\u00edn a las tradiciones y costumbres de gauchos e inmigrantes que llegaron<br>a estas tierras.<br>Lejos de querer imponer un mero sello, se pretende instalar la promesa de un producto que expresa fielmente su origen, ofreciendo al consumidor una experiencia aut\u00e9ntica, \u00fanica.<\/p>\n\n\n<div class=\"wp-block-image\">\n<figure class=\"aligncenter size-large is-resized\"><img loading=\"lazy\" decoding=\"async\" width=\"474\" height=\"1080\" src=\"https:\/\/elcristaldigital.org\/wp-content\/uploads\/2025\/07\/Vino2-474x1080.jpg\" alt=\"\" class=\"wp-image-2506\" style=\"width:185px;height:auto\" srcset=\"https:\/\/elcristaldigital.org\/wp-content\/uploads\/2025\/07\/Vino2-474x1080.jpg 474w, https:\/\/elcristaldigital.org\/wp-content\/uploads\/2025\/07\/Vino2-132x300.jpg 132w, https:\/\/elcristaldigital.org\/wp-content\/uploads\/2025\/07\/Vino2-674x1536.jpg 674w, https:\/\/elcristaldigital.org\/wp-content\/uploads\/2025\/07\/Vino2.jpg 702w\" sizes=\"auto, (max-width: 474px) 100vw, 474px\" \/><\/figure>\n<\/div>\n\n\n<h3 class=\"wp-block-heading alignfull has-text-align-center has-primary-color has-accent-background-color has-text-color has-background has-link-color wp-elements-f8e4807960958a8196a230ed2bca5a78\">SIGNIFICATIVOS AVANCES EN \u201cEL REFUGIO\u201d<\/h3>\n\n\n\n<p>Con la ejecuci\u00f3n de techado, revoques interiores y exteriores, instalaciones y la pr\u00f3xima colocaci\u00f3n de aberturas, con sostenido ritmo evoluciona el plan de obras en \u201cEl Refugio\u201d, el espacio multidisciplinario que se encuentra en el Complejo Recreativo y, una vez concluido, propone albergar contingentes de ni\u00f1as, ni\u00f1os y adolescentes para su recreaci\u00f3n, convivencia colectiva y esparcimiento, en sus 220 metros cuadrados de<br>superficie que incluyen dos habitaciones con capacidad para 24 personas cada una de ellas, comedor para esa afluencia y una zona de servicio.<br>De este modo, la gesti\u00f3n comunal compromete fondos propios en la continuidad de la construcci\u00f3n, que fuera inicialmente financiada por el Ministerio de Obras P\u00fablicas de la Naci\u00f3n, dentro del Programa Argentina Hace, convencidos del impacto social de la obra y asumiendo un rol que el Estado no puede abandonar. M\u00e1s all\u00e1 de la trascendencia del espacio en s\u00ed, la medida atiende a conservar la actividad de la obra p\u00fablica, mediante<br>infraestructura de relevancia comunitaria, en un contexto social complejo por el efecto de las variables macroecon\u00f3micas.<br>Como se ha dicho, este dispositivo est\u00e1 dise\u00f1ado para proporcionar alojamiento seguro y asequible a grupos pertenecientes a instituciones locales o eventuales visitantes, facilitando el aprendizaje experiencial con actividades pedag\u00f3gicas al aire libre, la convivencia y el desarrollo de habilidades sociales en un entorno inversivo, en contacto directo con la naturaleza.<\/p>\n\n\n<div class=\"wp-block-image\">\n<figure class=\"aligncenter size-full is-resized\"><img loading=\"lazy\" decoding=\"async\" width=\"1273\" height=\"731\" src=\"https:\/\/elcristaldigital.org\/wp-content\/uploads\/2025\/07\/Refugio-revoque.jpeg.jpg\" alt=\"\" class=\"wp-image-2535\" style=\"width:362px;height:auto\" srcset=\"https:\/\/elcristaldigital.org\/wp-content\/uploads\/2025\/07\/Refugio-revoque.jpeg.jpg 1273w, https:\/\/elcristaldigital.org\/wp-content\/uploads\/2025\/07\/Refugio-revoque.jpeg-300x172.jpg 300w, https:\/\/elcristaldigital.org\/wp-content\/uploads\/2025\/07\/Refugio-revoque.jpeg-768x441.jpg 768w, https:\/\/elcristaldigital.org\/wp-content\/uploads\/2025\/07\/Refugio-revoque.jpeg-1200x689.jpg 1200w\" sizes=\"auto, (max-width: 1273px) 100vw, 1273px\" \/><\/figure>\n<\/div>\n\n\n<h3 class=\"wp-block-heading alignfull has-text-align-center has-primary-color has-accent-background-color has-text-color has-background has-link-color wp-elements-fe7c2691215e1a63aaa2e626eb6defa9\">15 A\u00d1OS DEL SUBCENTRO DE LICENCIA DE CONDUCIR<\/h3>\n\n\n\n<p>Desde el a\u00f1o 2010, a partir de un convenio con la Municipalidad de Rafaela, Ramona se ha convertido en sub-centro de gesti\u00f3n de la licencia de conducir, un documento p\u00fablico de fundamental importancia que constituye una autorizaci\u00f3n para la conducci\u00f3n de un determinado tipo de veh\u00edculo, cumpliendo los requisitos exigidos por Ley, referentes a capacidades, conocimientos y aptitudes estrictamente personales e individuales.<br>Este servicio municipal favorece anualmente a un promedio de 300 ramonenses y refleja el compromiso inquebrantable del gobierno del Presidente Comunal Jos\u00e9 Barbero, con la modernizaci\u00f3n del Estado, la cercan\u00eda con el ciudadano y, fundamentalmente, con la construcci\u00f3n de un tr\u00e1nsito m\u00e1s seguro para todos. Cabe mencionar que a este sub-centro<br>acuden, adem\u00e1s, los vecinos de las localidades de Colonia Fidela, Pueblo Marini, Coronel Fraga, Castellanos y San Antonio, pudiendo cumplimentar las instancias de ex\u00e1menes te\u00f3ricos y pr\u00e1cticos necesarios para su otorgamiento.<br>Se trata de una valiosa herramienta de la pol\u00edtica p\u00fablica de seguridad vial que, no obstante, se sustenta fundamentalmente en la educaci\u00f3n continua, la responsabilidad individual y el respeto estricto de las normas de tr\u00e1nsito con la prudencia, la empat\u00eda y la concientizaci\u00f3n al volante como pilares para lograr una convivencia arm\u00f3nica y segura en la v\u00eda p\u00fablica.<\/p>\n\n\n<div class=\"wp-block-image\">\n<figure class=\"aligncenter size-large is-resized\"><img loading=\"lazy\" decoding=\"async\" width=\"608\" height=\"1080\" src=\"https:\/\/elcristaldigital.org\/wp-content\/uploads\/2025\/07\/Licnecia-de-conducir.jpeg-608x1080.jpg\" alt=\"\" class=\"wp-image-2537\" style=\"width:270px;height:auto\" srcset=\"https:\/\/elcristaldigital.org\/wp-content\/uploads\/2025\/07\/Licnecia-de-conducir.jpeg-608x1080.jpg 608w, https:\/\/elcristaldigital.org\/wp-content\/uploads\/2025\/07\/Licnecia-de-conducir.jpeg-169x300.jpg 169w, https:\/\/elcristaldigital.org\/wp-content\/uploads\/2025\/07\/Licnecia-de-conducir.jpeg-768x1365.jpg 768w, https:\/\/elcristaldigital.org\/wp-content\/uploads\/2025\/07\/Licnecia-de-conducir.jpeg-864x1536.jpg 864w, https:\/\/elcristaldigital.org\/wp-content\/uploads\/2025\/07\/Licnecia-de-conducir.jpeg.jpg 900w\" sizes=\"auto, (max-width: 608px) 100vw, 608px\" \/><\/figure>\n<\/div>\n\n\n<h3 class=\"wp-block-heading alignfull has-text-align-center has-primary-color has-accent-background-color has-text-color has-background has-link-color wp-elements-97f86c1ea06e26cb189e4a09501be414\">APORTE DE CALVO PARA LA FIESTA DE LOS RAVIOLES<\/h3>\n\n\n\n<p>Acompa\u00f1ando, como siempre, a este tradicional evento gastron\u00f3mico que distingue y caracteriza a la localidad, el Senador Alcides Calvo efectu\u00f3 un aporte econ\u00f3mico destinado a solventar costos operativos y de organizaci\u00f3n de la 28\u00ba edici\u00f3n de esa Fiesta Provincial.<br>Con un p\u00fablico familiar y de variada procedencia, este acontecimiento ofrece un clima agradable y ameno, rescatando una tradici\u00f3n gastron\u00f3mica muy aferrada a las ra\u00edces italianas, armonizada con espect\u00e1culos culturales y la necesaria y caracter\u00edstica esencia ramonense en su organizaci\u00f3n.<br>Su impacto no solo se circunscribe a la convocatoria y presencia de los m\u00e1s de 700 comensales en esa jornada, sino que refracta sus alcances en los beneficios econ\u00f3micos para las entidades intermedias abocadas a la organizaci\u00f3n y en los emprendimientos privados del sector tur\u00edstico que ha incrementado sustancialmente su relevancia dentro de la estructura econ\u00f3mica, en los \u00faltimos a\u00f1os.<\/p>\n\n\n<div class=\"wp-block-image\">\n<figure class=\"aligncenter size-full is-resized\"><img loading=\"lazy\" decoding=\"async\" width=\"1005\" height=\"1002\" src=\"https:\/\/elcristaldigital.org\/wp-content\/uploads\/2025\/07\/Calvo-Ravioles-20251.jpg\" alt=\"\" class=\"wp-image-2548\" style=\"width:399px;height:auto\" srcset=\"https:\/\/elcristaldigital.org\/wp-content\/uploads\/2025\/07\/Calvo-Ravioles-20251.jpg 1005w, https:\/\/elcristaldigital.org\/wp-content\/uploads\/2025\/07\/Calvo-Ravioles-20251-300x300.jpg 300w, https:\/\/elcristaldigital.org\/wp-content\/uploads\/2025\/07\/Calvo-Ravioles-20251-150x150.jpg 150w, https:\/\/elcristaldigital.org\/wp-content\/uploads\/2025\/07\/Calvo-Ravioles-20251-768x766.jpg 768w\" sizes=\"auto, (max-width: 1005px) 100vw, 1005px\" \/><\/figure>\n<\/div>\n\n\n<h3 class=\"wp-block-heading alignfull has-text-align-center has-primary-color has-accent-background-color has-text-color has-background has-link-color wp-elements-65e8f31c241ea63d8cefa2a335f8ba75\">REPARACI\u00d3N DE LA AMBULANCIA DEL SIES 107<\/h3>\n\n\n\n<p>A ra\u00edz de un desperfecto mec\u00e1nico que la dej\u00f3 fuera de servicio durante algunos d\u00edas, desde la Comuna se ha resuelto la reparaci\u00f3n de la ambulancia perteneciente al Servicio Integrado de Emergencias Sanitarias (SIES 107), cedida recientemente por el Ministerio de Salud de la Provincia al Centro de Salud ramonense.<br>Esta intervenci\u00f3n permite seguir brindando una respuesta \u00e1gil y eficiente ante cualquier emergencia que se presente en el \u00e1mbito de actuaci\u00f3n al que la unidad ha sido asignada.<br>Su restablecimiento al servicio activo representa un fortalecimiento significativo de la infraestructura de salud local, garantizando que los vecinos cuenten con un medio de transporte sanitario confiable y moderno ante situaciones cr\u00edticas.<br>Mediante estos convenios, el gobierno provincial plantea extender la cobertura de salud, cediendo los veh\u00edculos para la atenci\u00f3n de emergencias locales y el traslado de pacientes centros de mayor complejidad, correspondiendo al gobierno local el mantenimiento preventivo y correctivo de las ambulancias que, obviamente, operan bajo la \u00f3rbita y<br>coordinaci\u00f3n del SIES 107 que determina las derivaciones y la log\u00edstica de los traslados.<\/p>\n\n\n<div class=\"wp-block-image\">\n<figure class=\"aligncenter size-full is-resized\"><img loading=\"lazy\" decoding=\"async\" width=\"1107\" height=\"910\" src=\"https:\/\/elcristaldigital.org\/wp-content\/uploads\/2025\/07\/Ambulancia-reparacion1.jpg\" alt=\"\" class=\"wp-image-2550\" style=\"width:399px;height:auto\" srcset=\"https:\/\/elcristaldigital.org\/wp-content\/uploads\/2025\/07\/Ambulancia-reparacion1.jpg 1107w, https:\/\/elcristaldigital.org\/wp-content\/uploads\/2025\/07\/Ambulancia-reparacion1-300x247.jpg 300w, https:\/\/elcristaldigital.org\/wp-content\/uploads\/2025\/07\/Ambulancia-reparacion1-768x631.jpg 768w\" sizes=\"auto, (max-width: 1107px) 100vw, 1107px\" \/><\/figure>\n<\/div>\n\n\n<h3 class=\"wp-block-heading alignfull has-text-align-center has-primary-color has-accent-background-color has-text-color has-background has-link-color wp-elements-16632a05357edb2d94b406469a2eb091\">TABLEROS DIGITALES PARA EL CLUB BOCHOFILO<\/h3>\n\n\n\n<p>En miras al pr\u00f3ximo Torneo Provincial de Damas que en el mes de septiembre organizar\u00e1 la Asociaci\u00f3n Sunchalense de Bochas y, del cual, el complejo del Club Boch\u00f3filo Argentino de nuestra localidad ser\u00e1 una<br>de las sedes, el Presidente Comunal hizo entrega de tableros digitales para cada uno de las canchas del recinto deportivo de la entidad.<br>Se trata de dispositivos digitales que se utilizan para llevar el puntaje de los partidos de forma clara y visible, sustituyendo a los tradicionales marcadores manuales y ofreciendo diversas ventajas, como mayor claridad<br>y visibilidad, precisi\u00f3n, agilidad y comodidad.<br>Esta tradicional entidad deportiva exhibe con orgullo tres modernas canchas de piso sint\u00e9tico en un complejo renovado que convoca a la pr\u00e1ctica de la especialidad.<\/p>\n\n\n<div class=\"wp-block-image\">\n<figure class=\"aligncenter size-full is-resized\"><img loading=\"lazy\" decoding=\"async\" width=\"1153\" height=\"839\" src=\"https:\/\/elcristaldigital.org\/wp-content\/uploads\/2025\/07\/Tablero-Bochas.jpeg.jpg\" alt=\"\" class=\"wp-image-2552\" style=\"width:390px;height:auto\" srcset=\"https:\/\/elcristaldigital.org\/wp-content\/uploads\/2025\/07\/Tablero-Bochas.jpeg.jpg 1153w, https:\/\/elcristaldigital.org\/wp-content\/uploads\/2025\/07\/Tablero-Bochas.jpeg-300x218.jpg 300w, https:\/\/elcristaldigital.org\/wp-content\/uploads\/2025\/07\/Tablero-Bochas.jpeg-768x559.jpg 768w\" sizes=\"auto, (max-width: 1153px) 100vw, 1153px\" \/><\/figure>\n<\/div>","protected":false},"excerpt":{"rendered":"<p>ELECCIONES LOCALES 2025 El d\u00eda 24 de junio se realiz\u00f3 una entrevista a los dos candidatos a presidente comunal de Ramona, de los cuales expresaron sus propuestas.Por un lado, \u201cActivemos Ramona\u201d, al mando de Juan Ignacio Rolandi quien se enfoca en 36 propuestas divididas en 12 secciones, donde encontramos educaci\u00f3n, salud, seguridad, entre otras. Aparte [&hellip;]<\/p>\n","protected":false},"author":1,"featured_media":0,"parent":0,"menu_order":0,"comment_status":"closed","ping_status":"closed","template":"","meta":{"footnotes":""},"class_list":["post-2482","page","type-page","status-publish","hentry"],"_links":{"self":[{"href":"https:\/\/elcristaldigital.org\/index.php\/wp-json\/wp\/v2\/pages\/2482","targetHints":{"allow":["GET"]}}],"collection":[{"href":"https:\/\/elcristaldigital.org\/index.php\/wp-json\/wp\/v2\/pages"}],"about":[{"href":"https:\/\/elcristaldigital.org\/index.php\/wp-json\/wp\/v2\/types\/page"}],"author":[{"embeddable":true,"href":"https:\/\/elcristaldigital.org\/index.php\/wp-json\/wp\/v2\/users\/1"}],"replies":[{"embeddable":true,"href":"https:\/\/elcristaldigital.org\/index.php\/wp-json\/wp\/v2\/comments?post=2482"}],"version-history":[{"count":12,"href":"https:\/\/elcristaldigital.org\/index.php\/wp-json\/wp\/v2\/pages\/2482\/revisions"}],"predecessor-version":[{"id":2553,"href":"https:\/\/elcristaldigital.org\/index.php\/wp-json\/wp\/v2\/pages\/2482\/revisions\/2553"}],"wp:attachment":[{"href":"https:\/\/elcristaldigital.org\/index.php\/wp-json\/wp\/v2\/media?parent=2482"}],"curies":[{"name":"wp","href":"https:\/\/api.w.org\/{rel}","templated":true}]}}