{"id":2395,"date":"2025-06-03T18:16:56","date_gmt":"2025-06-03T21:16:56","guid":{"rendered":"https:\/\/elcristaldigital.org\/?page_id=2395"},"modified":"2025-06-05T18:15:02","modified_gmt":"2025-06-05T21:15:02","slug":"efemerides-11","status":"publish","type":"page","link":"https:\/\/elcristaldigital.org\/index.php\/efemerides-11\/","title":{"rendered":"Efemerides"},"content":{"rendered":"\n<h3 class=\"wp-block-heading alignfull has-text-align-center has-primary-color has-accent-background-color has-text-color has-background has-link-color wp-elements-44d4eae2df749a0d02ca7fe126969b93\">D\u00cdA DEL BOMBERO VOLUNTARIO<\/h3>\n\n\n\n<p>En Ramona, el camino para convertirse en bombero voluntario comienza con la inscripci\u00f3n en cursos anuales. Los aspirantes se preparan para diversas \u00e1reas y, al finalizar el a\u00f1o, se reciben oficialmente.<br>El rol del bombero voluntario es fundamental, ya que est\u00e1n al servicio de la comunidad, respondiendo a emergencias y situaciones de ayuda. En el cuartel, los bomberos realizan diversas actividades, desde entrenamientos con aspirantes hasta el mantenimiento del equipo y limpieza de las unidades.<br>Actualmente, el cuartel cuenta con 18 bomberos y dos aspirantes. La diferencia radica en que los aspirantes a\u00fan no est\u00e1n capacitados para salir a emergencias. Adem\u00e1s, se distingue entre bomberos voluntarios, que no reciben sueldo, y los zapadores, quienes son polic\u00edas con salario y est\u00e1n disponibles las 24 horas.<br>La decisi\u00f3n de ser bombero surge ante la necesidad de la comunidad y requiere dedicaci\u00f3n y compromiso. La trayectoria hacia la subjefatura implica capacitaci\u00f3n continua y estudios<br>adicionales. En situaciones de emergencia, un sistema de alerta convoca a los bomberos al cuartel, donde el de mayor jerarqu\u00eda lidera la acci\u00f3n. Enfrentar accidentes ha sido una experiencia impactante para muchos de ellos, recordando que nunca est\u00e1n completamente preparados para lo que pueden vivir.<br>As\u00ed, los bomberos voluntarios de Ramona demuestran su valent\u00eda y compromiso con la seguridad de su comunidad.<\/p>\n\n\n<div class=\"wp-block-image\">\n<figure class=\"aligncenter size-full is-resized\"><img loading=\"lazy\" decoding=\"async\" width=\"1280\" height=\"960\" src=\"https:\/\/elcristaldigital.org\/wp-content\/uploads\/2025\/06\/Imagen-de-WhatsApp-2025-06-03-a-las-17.47.12_97c418e8.jpg\" alt=\"\" class=\"wp-image-2400\" style=\"width:389px;height:auto\" srcset=\"https:\/\/elcristaldigital.org\/wp-content\/uploads\/2025\/06\/Imagen-de-WhatsApp-2025-06-03-a-las-17.47.12_97c418e8.jpg 1280w, https:\/\/elcristaldigital.org\/wp-content\/uploads\/2025\/06\/Imagen-de-WhatsApp-2025-06-03-a-las-17.47.12_97c418e8-300x225.jpg 300w, https:\/\/elcristaldigital.org\/wp-content\/uploads\/2025\/06\/Imagen-de-WhatsApp-2025-06-03-a-las-17.47.12_97c418e8-768x576.jpg 768w, https:\/\/elcristaldigital.org\/wp-content\/uploads\/2025\/06\/Imagen-de-WhatsApp-2025-06-03-a-las-17.47.12_97c418e8-1200x900.jpg 1200w\" sizes=\"auto, (max-width: 1280px) 100vw, 1280px\" \/><\/figure>\n<\/div>\n\n\n<h3 class=\"wp-block-heading alignfull has-text-align-center has-primary-color has-accent-background-color has-text-color has-background has-link-color wp-elements-213c0bc48a0db5fef6ea462419b030f3\">D\u00cdA MUNDIAL DEL MEDIO AMBIENTE<\/h3>\n\n\n\n<p>El D\u00eda Mundial del Medio Ambiente, 5 de junio, es una jornada que se celebra el 5 de junio desde 1973. Se estableci\u00f3 en 1972 por la Asamblea General de las Naciones Unidas (AGNU).<\/p>\n","protected":false},"excerpt":{"rendered":"<p>D\u00cdA DEL BOMBERO VOLUNTARIO En Ramona, el camino para convertirse en bombero voluntario comienza con la inscripci\u00f3n en cursos anuales. Los aspirantes se preparan para diversas \u00e1reas y, al finalizar el a\u00f1o, se reciben oficialmente.El rol del bombero voluntario es fundamental, ya que est\u00e1n al servicio de la comunidad, respondiendo a emergencias y situaciones de [&hellip;]<\/p>\n","protected":false},"author":1,"featured_media":0,"parent":0,"menu_order":0,"comment_status":"closed","ping_status":"closed","template":"","meta":{"footnotes":""},"class_list":["post-2395","page","type-page","status-publish","hentry"],"_links":{"self":[{"href":"https:\/\/elcristaldigital.org\/index.php\/wp-json\/wp\/v2\/pages\/2395","targetHints":{"allow":["GET"]}}],"collection":[{"href":"https:\/\/elcristaldigital.org\/index.php\/wp-json\/wp\/v2\/pages"}],"about":[{"href":"https:\/\/elcristaldigital.org\/index.php\/wp-json\/wp\/v2\/types\/page"}],"author":[{"embeddable":true,"href":"https:\/\/elcristaldigital.org\/index.php\/wp-json\/wp\/v2\/users\/1"}],"replies":[{"embeddable":true,"href":"https:\/\/elcristaldigital.org\/index.php\/wp-json\/wp\/v2\/comments?post=2395"}],"version-history":[{"count":4,"href":"https:\/\/elcristaldigital.org\/index.php\/wp-json\/wp\/v2\/pages\/2395\/revisions"}],"predecessor-version":[{"id":2422,"href":"https:\/\/elcristaldigital.org\/index.php\/wp-json\/wp\/v2\/pages\/2395\/revisions\/2422"}],"wp:attachment":[{"href":"https:\/\/elcristaldigital.org\/index.php\/wp-json\/wp\/v2\/media?parent=2395"}],"curies":[{"name":"wp","href":"https:\/\/api.w.org\/{rel}","templated":true}]}}