{"id":2321,"date":"2025-05-20T17:53:19","date_gmt":"2025-05-20T20:53:19","guid":{"rendered":"https:\/\/elcristaldigital.org\/?page_id=2321"},"modified":"2025-05-20T18:13:38","modified_gmt":"2025-05-20T21:13:38","slug":"regionales-2","status":"publish","type":"page","link":"https:\/\/elcristaldigital.org\/index.php\/regionales-2\/","title":{"rendered":"Regionales"},"content":{"rendered":"\n<h3 class=\"wp-block-heading alignfull has-text-align-center has-primary-color has-accent-background-color has-text-color has-background has-link-color wp-elements-d40f40778024e3fb1be9e365e7898969\">&#8220;FIESTA PATRONAL&#8221;<\/h3>\n\n\n\n<p>El pasado jueves 15 de mayo, se llevaron a cabo las fiestas patronales en la localidad vecina de Porte\u00f1a. Se realiz\u00f3 una carrera de karting y la kerm\u00e9s de juegos de la Parroquia San Isidro Labrador. Fue un d\u00eda con entusiasmo y alegr\u00eda, participaci\u00f3n y un punto de encuentro para todos los miembros de\u00a0la\u00a0comunidad.<\/p>\n\n\n<div class=\"wp-block-image\">\n<figure class=\"aligncenter size-full is-resized\"><img loading=\"lazy\" decoding=\"async\" width=\"720\" height=\"475\" src=\"https:\/\/elcristaldigital.org\/wp-content\/uploads\/2025\/05\/Imagen-de-WhatsApp-2025-05-20-a-las-17.50.04_70ea7b79.jpg\" alt=\"\" class=\"wp-image-2326\" style=\"width:382px;height:auto\" srcset=\"https:\/\/elcristaldigital.org\/wp-content\/uploads\/2025\/05\/Imagen-de-WhatsApp-2025-05-20-a-las-17.50.04_70ea7b79.jpg 720w, https:\/\/elcristaldigital.org\/wp-content\/uploads\/2025\/05\/Imagen-de-WhatsApp-2025-05-20-a-las-17.50.04_70ea7b79-300x198.jpg 300w\" sizes=\"auto, (max-width: 720px) 100vw, 720px\" \/><\/figure>\n<\/div>\n\n\n<h3 class=\"wp-block-heading alignfull has-text-align-center has-primary-color has-accent-background-color has-text-color has-background has-link-color wp-elements-364adb7dd7c1d3a3dadf29adf8c02121\">&#8220;PEREGRINACI\u00d3N&#8221;<\/h3>\n\n\n\n<p>El pasado fin de semana, 17 y 18 de mayo, se realiz\u00f3 la peregrinaci\u00f3n en Colonia Vignaud, habiendo como todos los a\u00f1os la t\u00edpica feria, las agrupaciones gauchas, ventas por parte del colegio Instituto Agrot\u00e9cnico Salesiano &#8220;Nuestra Se\u00f1ora del Rosario&#8221; y las misas en la iglesia Maria Auxiliadora. Empez\u00f3 el s\u00e1bado con una pe\u00f1a, donde fueron llegando los ciclistas. El domingo se convirti\u00f3 en un d\u00eda muy enriquecedor para la Colonia por la gran cantidad de personas que asistieron, alrededor de unas 75 mil y en distintos medios, caminando, en bicicleta,\u00a0o\u00a0en\u00a0auto.<\/p>\n\n\n<div class=\"wp-block-image\">\n<figure class=\"aligncenter size-large is-resized\"><img loading=\"lazy\" decoding=\"async\" width=\"810\" height=\"1080\" src=\"https:\/\/elcristaldigital.org\/wp-content\/uploads\/2025\/05\/Imagen-de-WhatsApp-2025-05-20-a-las-17.51.23_64bbed1c-810x1080.jpg\" alt=\"\" class=\"wp-image-2327\" style=\"width:289px;height:auto\" srcset=\"https:\/\/elcristaldigital.org\/wp-content\/uploads\/2025\/05\/Imagen-de-WhatsApp-2025-05-20-a-las-17.51.23_64bbed1c-810x1080.jpg 810w, https:\/\/elcristaldigital.org\/wp-content\/uploads\/2025\/05\/Imagen-de-WhatsApp-2025-05-20-a-las-17.51.23_64bbed1c-225x300.jpg 225w, https:\/\/elcristaldigital.org\/wp-content\/uploads\/2025\/05\/Imagen-de-WhatsApp-2025-05-20-a-las-17.51.23_64bbed1c-768x1024.jpg 768w, https:\/\/elcristaldigital.org\/wp-content\/uploads\/2025\/05\/Imagen-de-WhatsApp-2025-05-20-a-las-17.51.23_64bbed1c-1152x1536.jpg 1152w, https:\/\/elcristaldigital.org\/wp-content\/uploads\/2025\/05\/Imagen-de-WhatsApp-2025-05-20-a-las-17.51.23_64bbed1c.jpg 1200w\" sizes=\"auto, (max-width: 810px) 100vw, 810px\" \/><\/figure>\n<\/div>\n\n\n<h3 class=\"wp-block-heading alignfull has-text-align-center has-primary-color has-accent-background-color has-text-color has-background has-link-color wp-elements-c97d8c36ee1031b90f81e2f1fc12e870\">&#8220;FIESTA PROVINCIAL&#8221;<\/h3>\n\n\n\n<p>El pasado s\u00e1bado 17 de mayo se realiz\u00f3 en Colonia Aldao una nueva edici\u00f3n de la Fiesta Provincial del Costillar a la Estaca, fue una noche llena de tradici\u00f3n y alegr\u00eda a la que asistieron varias autoridades\u00a0y\u00a0comensales.<\/p>\n\n\n<div class=\"wp-block-image\">\n<figure class=\"aligncenter size-full is-resized\"><img loading=\"lazy\" decoding=\"async\" width=\"625\" height=\"433\" src=\"https:\/\/elcristaldigital.org\/wp-content\/uploads\/2025\/05\/Imagen-de-WhatsApp-2025-05-20-a-las-17.57.14_2db9fa67.jpg\" alt=\"\" class=\"wp-image-2329\" style=\"width:374px;height:auto\" srcset=\"https:\/\/elcristaldigital.org\/wp-content\/uploads\/2025\/05\/Imagen-de-WhatsApp-2025-05-20-a-las-17.57.14_2db9fa67.jpg 625w, https:\/\/elcristaldigital.org\/wp-content\/uploads\/2025\/05\/Imagen-de-WhatsApp-2025-05-20-a-las-17.57.14_2db9fa67-300x208.jpg 300w\" sizes=\"auto, (max-width: 625px) 100vw, 625px\" \/><\/figure>\n<\/div>","protected":false},"excerpt":{"rendered":"<p>&#8220;FIESTA PATRONAL&#8221; El pasado jueves 15 de mayo, se llevaron a cabo las fiestas patronales en la localidad vecina de Porte\u00f1a. Se realiz\u00f3 una carrera de karting y la kerm\u00e9s de juegos de la Parroquia San Isidro Labrador. Fue un d\u00eda con entusiasmo y alegr\u00eda, participaci\u00f3n y un punto de encuentro para todos los miembros [&hellip;]<\/p>\n","protected":false},"author":1,"featured_media":0,"parent":0,"menu_order":0,"comment_status":"closed","ping_status":"closed","template":"","meta":{"footnotes":""},"class_list":["post-2321","page","type-page","status-publish","hentry"],"_links":{"self":[{"href":"https:\/\/elcristaldigital.org\/index.php\/wp-json\/wp\/v2\/pages\/2321","targetHints":{"allow":["GET"]}}],"collection":[{"href":"https:\/\/elcristaldigital.org\/index.php\/wp-json\/wp\/v2\/pages"}],"about":[{"href":"https:\/\/elcristaldigital.org\/index.php\/wp-json\/wp\/v2\/types\/page"}],"author":[{"embeddable":true,"href":"https:\/\/elcristaldigital.org\/index.php\/wp-json\/wp\/v2\/users\/1"}],"replies":[{"embeddable":true,"href":"https:\/\/elcristaldigital.org\/index.php\/wp-json\/wp\/v2\/comments?post=2321"}],"version-history":[{"count":4,"href":"https:\/\/elcristaldigital.org\/index.php\/wp-json\/wp\/v2\/pages\/2321\/revisions"}],"predecessor-version":[{"id":2330,"href":"https:\/\/elcristaldigital.org\/index.php\/wp-json\/wp\/v2\/pages\/2321\/revisions\/2330"}],"wp:attachment":[{"href":"https:\/\/elcristaldigital.org\/index.php\/wp-json\/wp\/v2\/media?parent=2321"}],"curies":[{"name":"wp","href":"https:\/\/api.w.org\/{rel}","templated":true}]}}