{"id":2244,"date":"2025-05-08T15:14:27","date_gmt":"2025-05-08T18:14:27","guid":{"rendered":"https:\/\/elcristaldigital.org\/?page_id=2244"},"modified":"2025-05-13T18:28:17","modified_gmt":"2025-05-13T21:28:17","slug":"educacion-13","status":"publish","type":"page","link":"https:\/\/elcristaldigital.org\/index.php\/educacion-13\/","title":{"rendered":"Educaci\u00f3n"},"content":{"rendered":"\n<h3 class=\"wp-block-heading alignfull has-text-align-center has-primary-color has-accent-background-color has-text-color has-background has-link-color wp-elements-bb68054531f24e5dc3774be3d037007f\">D\u00cdA DEL TRABAJADOR Y DE LA CONSTITUCI\u00d3N NACIONAL<\/h3>\n\n\n\n<p>El d\u00eda lunes 5 de mayo, en nuestra instituci\u00f3n, se llev\u00f3 a cabo el acto en conmemoraci\u00f3n al d\u00eda del Trabajador, en el que se recuerda la lucha obrera por mejores condiciones laborales, especialmente la jornada de 8 horas. Posteriormente, el Director procedi\u00f3 a la lectura del Acto de Promesa de lealtad a la Constituci\u00f3n Nacional; los estudiantes de 3er a\u00f1o respondieron a la misma y luego leyeron el Pre\u00e1mbulo en conjunto.<\/p>\n\n\n<div class=\"wp-block-image\">\n<figure class=\"aligncenter size-full is-resized\"><img loading=\"lazy\" decoding=\"async\" width=\"1280\" height=\"960\" src=\"https:\/\/elcristaldigital.org\/wp-content\/uploads\/2025\/05\/Imagen-de-WhatsApp-2025-05-06-a-las-17.26.45_b158caec.jpg\" alt=\"\" class=\"wp-image-2249\" style=\"width:441px;height:auto\" srcset=\"https:\/\/elcristaldigital.org\/wp-content\/uploads\/2025\/05\/Imagen-de-WhatsApp-2025-05-06-a-las-17.26.45_b158caec.jpg 1280w, https:\/\/elcristaldigital.org\/wp-content\/uploads\/2025\/05\/Imagen-de-WhatsApp-2025-05-06-a-las-17.26.45_b158caec-300x225.jpg 300w, https:\/\/elcristaldigital.org\/wp-content\/uploads\/2025\/05\/Imagen-de-WhatsApp-2025-05-06-a-las-17.26.45_b158caec-768x576.jpg 768w, https:\/\/elcristaldigital.org\/wp-content\/uploads\/2025\/05\/Imagen-de-WhatsApp-2025-05-06-a-las-17.26.45_b158caec-1200x900.jpg 1200w\" sizes=\"auto, (max-width: 1280px) 100vw, 1280px\" \/><\/figure>\n<\/div>\n\n\n<h3 class=\"wp-block-heading alignfull has-text-align-center has-primary-color has-accent-background-color has-text-color has-background has-link-color wp-elements-1b04c83a598a4e0a1b846724a8315127\">PROYECTO &#8220;J\u00d3VENES EN EL SENADO 2025&#8221;<\/h3>\n\n\n\n<p>El d\u00eda 13 de mayo se realiz\u00f3 en la escuela secundaria una capacitaci\u00f3n para los alumnos de quinto a\u00f1o, que van a participar en el programa &#8220;J\u00f3venes en el Senado&#8221;.<br>Las responsables de la capacitaci\u00f3n forman parte del equipo del Senador Departamental Alcides Calvo.<br>El objetivo de la capacitaci\u00f3n, es preparar a los a estudiantes para la actividad que se va a realizar en el Senado, que es una simulaci\u00f3n a realizarse en la ciudad de Santa Fe el 18 de junio. Compartir\u00e1n la sesi\u00f3n con la escuela secundaria de Colonia Aldao. Todav\u00eda no tienen ideas de proyectos a presentar, pero van a estar trabajando durante este per\u00edodo en las materias de Construcci\u00f3n de Ciudadan\u00eda, Derecho\u00a0y\u00a0Filosof\u00eda<\/p>\n\n\n<div class=\"wp-block-image\">\n<figure class=\"aligncenter size-large is-resized\"><img loading=\"lazy\" decoding=\"async\" width=\"1440\" height=\"1080\" src=\"https:\/\/elcristaldigital.org\/wp-content\/uploads\/2025\/05\/Imagen-de-WhatsApp-2025-05-13-a-las-18.23.41_59a45c2b-1-1440x1080.jpg\" alt=\"\" class=\"wp-image-2305\" style=\"width:511px;height:auto\" srcset=\"https:\/\/elcristaldigital.org\/wp-content\/uploads\/2025\/05\/Imagen-de-WhatsApp-2025-05-13-a-las-18.23.41_59a45c2b-1-1440x1080.jpg 1440w, https:\/\/elcristaldigital.org\/wp-content\/uploads\/2025\/05\/Imagen-de-WhatsApp-2025-05-13-a-las-18.23.41_59a45c2b-1-300x225.jpg 300w, https:\/\/elcristaldigital.org\/wp-content\/uploads\/2025\/05\/Imagen-de-WhatsApp-2025-05-13-a-las-18.23.41_59a45c2b-1-768x576.jpg 768w, https:\/\/elcristaldigital.org\/wp-content\/uploads\/2025\/05\/Imagen-de-WhatsApp-2025-05-13-a-las-18.23.41_59a45c2b-1-1536x1152.jpg 1536w, https:\/\/elcristaldigital.org\/wp-content\/uploads\/2025\/05\/Imagen-de-WhatsApp-2025-05-13-a-las-18.23.41_59a45c2b-1-1200x900.jpg 1200w, https:\/\/elcristaldigital.org\/wp-content\/uploads\/2025\/05\/Imagen-de-WhatsApp-2025-05-13-a-las-18.23.41_59a45c2b-1.jpg 1600w\" sizes=\"auto, (max-width: 1440px) 100vw, 1440px\" \/><\/figure>\n<\/div>","protected":false},"excerpt":{"rendered":"<p>D\u00cdA DEL TRABAJADOR Y DE LA CONSTITUCI\u00d3N NACIONAL El d\u00eda lunes 5 de mayo, en nuestra instituci\u00f3n, se llev\u00f3 a cabo el acto en conmemoraci\u00f3n al d\u00eda del Trabajador, en el que se recuerda la lucha obrera por mejores condiciones laborales, especialmente la jornada de 8 horas. Posteriormente, el Director procedi\u00f3 a la lectura del [&hellip;]<\/p>\n","protected":false},"author":1,"featured_media":0,"parent":0,"menu_order":0,"comment_status":"closed","ping_status":"closed","template":"","meta":{"footnotes":""},"class_list":["post-2244","page","type-page","status-publish","hentry"],"_links":{"self":[{"href":"https:\/\/elcristaldigital.org\/index.php\/wp-json\/wp\/v2\/pages\/2244","targetHints":{"allow":["GET"]}}],"collection":[{"href":"https:\/\/elcristaldigital.org\/index.php\/wp-json\/wp\/v2\/pages"}],"about":[{"href":"https:\/\/elcristaldigital.org\/index.php\/wp-json\/wp\/v2\/types\/page"}],"author":[{"embeddable":true,"href":"https:\/\/elcristaldigital.org\/index.php\/wp-json\/wp\/v2\/users\/1"}],"replies":[{"embeddable":true,"href":"https:\/\/elcristaldigital.org\/index.php\/wp-json\/wp\/v2\/comments?post=2244"}],"version-history":[{"count":5,"href":"https:\/\/elcristaldigital.org\/index.php\/wp-json\/wp\/v2\/pages\/2244\/revisions"}],"predecessor-version":[{"id":2307,"href":"https:\/\/elcristaldigital.org\/index.php\/wp-json\/wp\/v2\/pages\/2244\/revisions\/2307"}],"wp:attachment":[{"href":"https:\/\/elcristaldigital.org\/index.php\/wp-json\/wp\/v2\/media?parent=2244"}],"curies":[{"name":"wp","href":"https:\/\/api.w.org\/{rel}","templated":true}]}}