{"id":2236,"date":"2025-05-08T15:07:38","date_gmt":"2025-05-08T18:07:38","guid":{"rendered":"https:\/\/elcristaldigital.org\/?page_id=2236"},"modified":"2025-06-03T17:54:56","modified_gmt":"2025-06-03T20:54:56","slug":"deportes-22","status":"publish","type":"page","link":"https:\/\/elcristaldigital.org\/index.php\/deportes-22\/","title":{"rendered":"Deportes"},"content":{"rendered":"\n<h3 class=\"wp-block-heading alignfull has-text-align-center has-primary-color has-accent-background-color has-text-color has-background has-link-color wp-elements-59810289c97adef1d840da1e24faca25\">&#8220;S\u00daPER DEPOR&#8221;  SEMIFINALES COPA CASTELLAOS<\/h3>\n\n\n\n<p>El club se enfrent\u00f3 a Quilmes de Rafaela por la Copa Castellanos los resultados no fueron los que se deseaban por la primera divisi\u00f3n: En los noventa minutos fue empate 0 a 0 llegando a los penales y as\u00ed perdiendo 4 a 2 convirtiendo Nahuel Masuero y Maximiliano Taborda.<br>La Categor\u00eda sub 12 por su parte fue victoriosa ya que ganaron 2 por 0 con goles de Saimon Cuenca y Juan Pereyra.<\/p>\n\n\n\n<p><\/p>\n\n\n<div class=\"wp-block-image\">\n<figure class=\"aligncenter size-full is-resized\"><img loading=\"lazy\" decoding=\"async\" width=\"720\" height=\"707\" src=\"https:\/\/elcristaldigital.org\/wp-content\/uploads\/2025\/05\/Imagen-de-WhatsApp-2025-05-08-a-las-15.11.25_6a0feaaa.jpg\" alt=\"\" class=\"wp-image-2241\" style=\"width:404px;height:auto\" srcset=\"https:\/\/elcristaldigital.org\/wp-content\/uploads\/2025\/05\/Imagen-de-WhatsApp-2025-05-08-a-las-15.11.25_6a0feaaa.jpg 720w, https:\/\/elcristaldigital.org\/wp-content\/uploads\/2025\/05\/Imagen-de-WhatsApp-2025-05-08-a-las-15.11.25_6a0feaaa-300x295.jpg 300w\" sizes=\"auto, (max-width: 720px) 100vw, 720px\" \/><\/figure>\n<\/div>\n\n\n<h3 class=\"wp-block-heading alignfull has-text-align-center has-primary-color has-accent-background-color has-text-color has-background has-link-color wp-elements-6d6354b42b0c38b3a3ade9e90747c713\">SUBCAMPEONATO PROVINCIAL DE BOCHAS<\/h3>\n\n\n\n<p>Organizado por la Asociaci\u00f3n Suardense de Bochas y el club San Guillermo Bochas Club, en esta ciudad del Departamento San Crist\u00f3bal, se jug\u00f3 el Torneo Provincial de Clubes Campeones de primera categor\u00eda, del que tom\u00f3 participaci\u00f3n el Club Boch\u00f3filo Argentino representando a la Asociaci\u00f3n Sunchalense.<br>El equipo local estuvo integrado por Alex Bessone, Claudio Pereyra, Gast\u00f3n Demarco y Fabricio Pussetto, contando con la direcci\u00f3n t\u00e9cnica de Hugo Mapelli. Con un meritorio subcampeonato, el representativo ramonense aguarda la confirmaci\u00f3n de una plaza para<br>el Torneo Argentino que se jugar\u00e1 del 20 al 22 de junio en Porte\u00f1a y reunir\u00e1 a los principales exponentes de esta disciplina deportiva de todo el pa\u00eds.<\/p>\n\n\n<div class=\"wp-block-image\">\n<figure class=\"aligncenter size-large is-resized\"><img loading=\"lazy\" decoding=\"async\" width=\"1210\" height=\"1080\" src=\"https:\/\/elcristaldigital.org\/wp-content\/uploads\/2025\/05\/Bochas-Provincial.jpeg-1210x1080.jpg\" alt=\"\" class=\"wp-image-2275\" style=\"width:378px;height:auto\" srcset=\"https:\/\/elcristaldigital.org\/wp-content\/uploads\/2025\/05\/Bochas-Provincial.jpeg-1210x1080.jpg 1210w, https:\/\/elcristaldigital.org\/wp-content\/uploads\/2025\/05\/Bochas-Provincial.jpeg-300x268.jpg 300w, https:\/\/elcristaldigital.org\/wp-content\/uploads\/2025\/05\/Bochas-Provincial.jpeg-768x685.jpg 768w, https:\/\/elcristaldigital.org\/wp-content\/uploads\/2025\/05\/Bochas-Provincial.jpeg-1200x1071.jpg 1200w, https:\/\/elcristaldigital.org\/wp-content\/uploads\/2025\/05\/Bochas-Provincial.jpeg.jpg 1451w\" sizes=\"auto, (max-width: 1210px) 100vw, 1210px\" \/><\/figure>\n<\/div>\n\n\n<h3 class=\"wp-block-heading alignfull has-text-align-center has-primary-color has-accent-background-color has-text-color has-background has-link-color wp-elements-570a5c81a5ba86a79afc62900f70d4b6\">&#8220;S\u00daPER DEPOR&#8221;<\/h3>\n\n\n\n<p>El s\u00e1bado 10 de mayo les categor\u00edas inferiores del Depor disputando la 8tva fecha del<br>Torneo Apertura de la Liga Rafaelina de F\u00fatbol, visitaron a el Club Ataliva, las categor\u00edas de la Celeste obtuvieron los siguientes resultados:<br>Novena Categor\u00eda: o a 1.<br>Octava Categor\u00eda: 0 a 1.<br>S\u00e9ptima Categor\u00eda: 2 a 0 goles de Thiago Ver\u00f3n.<br>Sexta categor\u00eda: 1 a 1 gol de M\u00e1ximo Balbo.<\/p>\n\n\n\n<p>El domingo 11 de mayo el futbol mayor de El Depor jug\u00f3 la 7ma fecha de la Liga Rafaelina Torneo Apertura, los resultados fueron:<br>Reserva: 0-0<br>Primera: 1-1 gol de Alfred Infeld<\/p>\n\n\n<div class=\"wp-block-image\">\n<figure class=\"aligncenter size-large is-resized\"><img loading=\"lazy\" decoding=\"async\" width=\"1620\" height=\"1080\" src=\"https:\/\/elcristaldigital.org\/wp-content\/uploads\/2025\/05\/DSC_5691-1620x1080.jpg\" alt=\"\" class=\"wp-image-2300\" style=\"width:497px;height:auto\" srcset=\"https:\/\/elcristaldigital.org\/wp-content\/uploads\/2025\/05\/DSC_5691-1620x1080.jpg 1620w, https:\/\/elcristaldigital.org\/wp-content\/uploads\/2025\/05\/DSC_5691-300x200.jpg 300w, https:\/\/elcristaldigital.org\/wp-content\/uploads\/2025\/05\/DSC_5691-768x512.jpg 768w, https:\/\/elcristaldigital.org\/wp-content\/uploads\/2025\/05\/DSC_5691-1536x1024.jpg 1536w, https:\/\/elcristaldigital.org\/wp-content\/uploads\/2025\/05\/DSC_5691-2048x1365.jpg 2048w, https:\/\/elcristaldigital.org\/wp-content\/uploads\/2025\/05\/DSC_5691-1200x800.jpg 1200w, https:\/\/elcristaldigital.org\/wp-content\/uploads\/2025\/05\/DSC_5691-1980x1320.jpg 1980w\" sizes=\"auto, (max-width: 1620px) 100vw, 1620px\" \/><\/figure>\n<\/div>\n\n\n<h3 class=\"wp-block-heading alignfull has-text-align-center has-primary-color has-accent-background-color has-text-color has-background has-link-color wp-elements-570a5c81a5ba86a79afc62900f70d4b6\">&#8220;S\u00daPER DEPOR&#8221;<\/h3>\n\n\n\n<p>Las inferiores del Depor el pasado sabado se enfrentaron a Susana por la novena fecha del torneo apertura de la Liga Rafaelina de F\u00fatbol los resultados fueron los siguientes:<br>Novena Divisi\u00f3n: fue victoria 1 a 0 con gol de Thiago Masuero.<br>Octava Divisi\u00f3n: fue empate 1 a 1 con gol de Bayron Rickert.<br>S\u00e9ptima Divisi\u00f3n: fue empate 0 a 0.<br>Sexta Divisi\u00f3n: fue empate 1 a 1 con gol de Santiago Sarra.<\/p>\n\n\n\n<p>El futbol mayor de el Super Depor salio victorioso el pasado domingo 18 de mayo disputando la octava fecha de la Torneo Apertura de la Liga Rafaelina de F\u00fatbol, los resultados fueron los siguientes:<br>Primera divisi\u00f3n: fue goleada por 5 a 0 con goles de Alfredo Infeld, Mikeas Franco, Maximiliano Taborda, Jordan Labasto y Misael Grimaldi, logrando el segundo puesto en la tabla.<br>Reserva Divisi\u00f3n: fue empate 0 a 0<\/p>\n\n\n\n<h3 class=\"wp-block-heading alignfull has-text-align-center has-primary-color has-accent-background-color has-text-color has-background has-link-color wp-elements-570a5c81a5ba86a79afc62900f70d4b6\">&#8220;S\u00daPER DEPOR&#8221;<\/h3>\n\n\n\n<p>Las divisiones mayores del Deportivo Ramona se enfrentaron al club Ataliva disputando la \u00faltima fecha del Torneo Apertura de la Liga Rafaelina de F\u00fatbol, obteniendo resultados no deseados por el Depor los resultados fueron: Primera divisi\u00f3n: fue derrota por 3 a 2 con goles de Alfredo Infeld y Jordan Labasto. Reserva divisi\u00f3n: fue victoria por 2 a 1 con goles de Pablo Garcia y Mateo Masuero. El Depor quedo 4to<br>en la tabla a 5 puntos del campe\u00f3n que fue Lehman. Y la reserva quedo en 6ta posici\u00f3n.<\/p>\n\n\n\n<h3 class=\"wp-block-heading alignfull has-text-align-center has-primary-color has-accent-background-color has-text-color has-background has-link-color wp-elements-322ef5606d82095d7631d925bcb10a6e\">VOLEY<\/h3>\n\n\n\n<p>El pasado martes 22 de mayo, las chicas de Voley Ball disputando un amistoso frente a Lehamnn obteniendo la victoria por 2 a 0.<\/p>\n\n\n<div class=\"wp-block-image\">\n<figure class=\"aligncenter size-full is-resized\"><img loading=\"lazy\" decoding=\"async\" width=\"714\" height=\"638\" src=\"https:\/\/elcristaldigital.org\/wp-content\/uploads\/2025\/06\/Imagen-de-WhatsApp-2025-06-03-a-las-16.20.47_09c2c066.jpg\" alt=\"\" class=\"wp-image-2377\" style=\"width:374px;height:auto\" srcset=\"https:\/\/elcristaldigital.org\/wp-content\/uploads\/2025\/06\/Imagen-de-WhatsApp-2025-06-03-a-las-16.20.47_09c2c066.jpg 714w, https:\/\/elcristaldigital.org\/wp-content\/uploads\/2025\/06\/Imagen-de-WhatsApp-2025-06-03-a-las-16.20.47_09c2c066-300x268.jpg 300w\" sizes=\"auto, (max-width: 714px) 100vw, 714px\" \/><\/figure>\n<\/div>\n\n\n<h3 class=\"wp-block-heading alignfull has-text-align-center has-primary-color has-accent-background-color has-text-color has-background has-link-color wp-elements-570a5c81a5ba86a79afc62900f70d4b6\">&#8220;S\u00daPER DEPOR&#8221;<\/h3>\n\n\n\n<p>El s\u00e1bado 30 de Mayo las inferiores del Depor se enfrentaron a la Villa San Jos\u00e9 por la d\u00e9cima fecha de la Liga Rafaelina de F\u00fatbol.<br>La novena gano 2-0, con goles Thiago Masuero y Bautista Esp\u00edndola.<br>La octava perdi\u00f3 2 a 0.<br>La s\u00e9ptima gan\u00f3 3 a 0, con gol de Thiago Gilabert y doblete de Thiago Veron.<br>La sexta gan\u00f3 2 a 1 goles de Santino Alves y Santiago Sarra.<\/p>\n\n\n<div class=\"wp-block-image\">\n<figure class=\"aligncenter size-large is-resized\"><img loading=\"lazy\" decoding=\"async\" width=\"810\" height=\"1080\" src=\"https:\/\/elcristaldigital.org\/wp-content\/uploads\/2025\/06\/Imagen-de-WhatsApp-2025-06-03-a-las-16.34.01_31d9c83a-810x1080.jpg\" alt=\"\" class=\"wp-image-2380\" style=\"width:307px;height:auto\" srcset=\"https:\/\/elcristaldigital.org\/wp-content\/uploads\/2025\/06\/Imagen-de-WhatsApp-2025-06-03-a-las-16.34.01_31d9c83a-810x1080.jpg 810w, https:\/\/elcristaldigital.org\/wp-content\/uploads\/2025\/06\/Imagen-de-WhatsApp-2025-06-03-a-las-16.34.01_31d9c83a-225x300.jpg 225w, https:\/\/elcristaldigital.org\/wp-content\/uploads\/2025\/06\/Imagen-de-WhatsApp-2025-06-03-a-las-16.34.01_31d9c83a-768x1024.jpg 768w, https:\/\/elcristaldigital.org\/wp-content\/uploads\/2025\/06\/Imagen-de-WhatsApp-2025-06-03-a-las-16.34.01_31d9c83a-1152x1536.jpg 1152w, https:\/\/elcristaldigital.org\/wp-content\/uploads\/2025\/06\/Imagen-de-WhatsApp-2025-06-03-a-las-16.34.01_31d9c83a-1536x2048.jpg 1536w, https:\/\/elcristaldigital.org\/wp-content\/uploads\/2025\/06\/Imagen-de-WhatsApp-2025-06-03-a-las-16.34.01_31d9c83a-1200x1600.jpg 1200w, https:\/\/elcristaldigital.org\/wp-content\/uploads\/2025\/06\/Imagen-de-WhatsApp-2025-06-03-a-las-16.34.01_31d9c83a-1980x2640.jpg 1980w, https:\/\/elcristaldigital.org\/wp-content\/uploads\/2025\/06\/Imagen-de-WhatsApp-2025-06-03-a-las-16.34.01_31d9c83a-scaled.jpg 1920w\" sizes=\"auto, (max-width: 810px) 100vw, 810px\" \/><\/figure>\n<\/div>","protected":false},"excerpt":{"rendered":"<p>&#8220;S\u00daPER DEPOR&#8221; SEMIFINALES COPA CASTELLAOS El club se enfrent\u00f3 a Quilmes de Rafaela por la Copa Castellanos los resultados no fueron los que se deseaban por la primera divisi\u00f3n: En los noventa minutos fue empate 0 a 0 llegando a los penales y as\u00ed perdiendo 4 a 2 convirtiendo Nahuel Masuero y Maximiliano Taborda.La Categor\u00eda [&hellip;]<\/p>\n","protected":false},"author":1,"featured_media":0,"parent":0,"menu_order":0,"comment_status":"closed","ping_status":"closed","template":"","meta":{"footnotes":""},"class_list":["post-2236","page","type-page","status-publish","hentry"],"_links":{"self":[{"href":"https:\/\/elcristaldigital.org\/index.php\/wp-json\/wp\/v2\/pages\/2236","targetHints":{"allow":["GET"]}}],"collection":[{"href":"https:\/\/elcristaldigital.org\/index.php\/wp-json\/wp\/v2\/pages"}],"about":[{"href":"https:\/\/elcristaldigital.org\/index.php\/wp-json\/wp\/v2\/types\/page"}],"author":[{"embeddable":true,"href":"https:\/\/elcristaldigital.org\/index.php\/wp-json\/wp\/v2\/users\/1"}],"replies":[{"embeddable":true,"href":"https:\/\/elcristaldigital.org\/index.php\/wp-json\/wp\/v2\/comments?post=2236"}],"version-history":[{"count":10,"href":"https:\/\/elcristaldigital.org\/index.php\/wp-json\/wp\/v2\/pages\/2236\/revisions"}],"predecessor-version":[{"id":2381,"href":"https:\/\/elcristaldigital.org\/index.php\/wp-json\/wp\/v2\/pages\/2236\/revisions\/2381"}],"wp:attachment":[{"href":"https:\/\/elcristaldigital.org\/index.php\/wp-json\/wp\/v2\/media?parent=2236"}],"curies":[{"name":"wp","href":"https:\/\/api.w.org\/{rel}","templated":true}]}}