{"id":2195,"date":"2025-04-10T15:45:58","date_gmt":"2025-04-10T18:45:58","guid":{"rendered":"https:\/\/elcristaldigital.org\/?page_id=2195"},"modified":"2025-04-29T18:07:25","modified_gmt":"2025-04-29T21:07:25","slug":"regionales","status":"publish","type":"page","link":"https:\/\/elcristaldigital.org\/index.php\/regionales\/","title":{"rendered":"Regionales"},"content":{"rendered":"\n<h3 class=\"wp-block-heading alignfull has-text-align-center has-primary-color has-accent-background-color has-text-color has-background has-link-color wp-elements-1c6a2858b2a91edb0d20af1bd7439ef5\">&#8220;CAFE CONCERT&#8221; CON PARTICIPACI\u00d3N LOCAL<\/h3>\n\n\n\n<p class=\"has-text-align-left\">El pasado fin de semana se llev\u00f3 a cabo la 9na Edici\u00f3n del Caf\u00e9 Concert en la localidad de Porte\u00f1a. Fueron entrevistados los organizadores del evento, Jorge Ollocco y Adriana Rochetta, que nos contaron que llevan 22 a\u00f1os realiz\u00e1ndolo y en el cu\u00e1l participan varios cantantes, acompa\u00f1ados de una orquesta y bailarines de la zona, incluyendo a Santiago Costa de nuestra localidad.<br>El s\u00e1bado 5 asistieron alrededor de 500 personas y el domingo 6, aproximadamente 350.<br>Antes de terminar el a\u00f1o piensan realizar otra edici\u00f3n en la localidad de Freyre o Porte\u00f1a nuevamente.<br>Tuvimos la oportunidad de entrevistar a uno de los participantes del evento, Santiago Costa que nos dijo lo siguiente: &#8220;Cantar es una actividad que me genera mucha satisfacci\u00f3n en lo personal. Requiere como toda actividad su tiempo de estudio y dedicaci\u00f3n, tiempo de ensayo con la parte musical que acompa\u00f1a. En eventos como el Caf\u00e9 Concert es un show<br>muy particular y diferente a mi estilo. Cantar acompa\u00f1ado por una orquesta sinf\u00f3nica son oportunidades que jam\u00e1s pens\u00e9 que suceder\u00edan. Es un verdadero privilegio y placer compartir con todos ellos en calidad de m\u00fasicos y como personas.&#8221;<\/p>\n\n\n\n<h3 class=\"wp-block-heading alignwide has-text-align-center has-primary-color has-accent-background-color has-text-color has-background has-link-color wp-elements-a1f6bf484fc7c94c33ddfef5aacdc7ad\">&#8220;FIESTA PATRONAL DE VILA&#8221;<\/h3>\n\n\n\n<p>Del 24 al 27 de abril, se celebr\u00f3 la Fiesta Patronal de Vila, por su aniversario de sus 140 a\u00f1os. En donde hubo m\u00fasica en vivo, espect\u00e1culos, gastronom\u00eda y juegos para toda la familia.<\/p>\n\n\n<div class=\"wp-block-image\">\n<figure class=\"aligncenter size-large is-resized\"><img loading=\"lazy\" decoding=\"async\" width=\"802\" height=\"1080\" src=\"https:\/\/elcristaldigital.org\/wp-content\/uploads\/2025\/04\/Imagen-de-WhatsApp-2025-04-29-a-las-17.58.29_02036efe-1-802x1080.jpg\" alt=\"\" class=\"wp-image-2211\" style=\"width:235px;height:auto\" srcset=\"https:\/\/elcristaldigital.org\/wp-content\/uploads\/2025\/04\/Imagen-de-WhatsApp-2025-04-29-a-las-17.58.29_02036efe-1-802x1080.jpg 802w, https:\/\/elcristaldigital.org\/wp-content\/uploads\/2025\/04\/Imagen-de-WhatsApp-2025-04-29-a-las-17.58.29_02036efe-1-223x300.jpg 223w, https:\/\/elcristaldigital.org\/wp-content\/uploads\/2025\/04\/Imagen-de-WhatsApp-2025-04-29-a-las-17.58.29_02036efe-1-768x1034.jpg 768w, https:\/\/elcristaldigital.org\/wp-content\/uploads\/2025\/04\/Imagen-de-WhatsApp-2025-04-29-a-las-17.58.29_02036efe-1-1140x1536.jpg 1140w, https:\/\/elcristaldigital.org\/wp-content\/uploads\/2025\/04\/Imagen-de-WhatsApp-2025-04-29-a-las-17.58.29_02036efe-1.jpg 1179w\" sizes=\"auto, (max-width: 802px) 100vw, 802px\" \/><\/figure>\n<\/div>\n\n\n<p><\/p>\n","protected":false},"excerpt":{"rendered":"<p>&#8220;CAFE CONCERT&#8221; CON PARTICIPACI\u00d3N LOCAL El pasado fin de semana se llev\u00f3 a cabo la 9na Edici\u00f3n del Caf\u00e9 Concert en la localidad de Porte\u00f1a. Fueron entrevistados los organizadores del evento, Jorge Ollocco y Adriana Rochetta, que nos contaron que llevan 22 a\u00f1os realiz\u00e1ndolo y en el cu\u00e1l participan varios cantantes, acompa\u00f1ados de una orquesta [&hellip;]<\/p>\n","protected":false},"author":1,"featured_media":0,"parent":0,"menu_order":0,"comment_status":"closed","ping_status":"closed","template":"","meta":{"footnotes":""},"class_list":["post-2195","page","type-page","status-publish","hentry"],"_links":{"self":[{"href":"https:\/\/elcristaldigital.org\/index.php\/wp-json\/wp\/v2\/pages\/2195","targetHints":{"allow":["GET"]}}],"collection":[{"href":"https:\/\/elcristaldigital.org\/index.php\/wp-json\/wp\/v2\/pages"}],"about":[{"href":"https:\/\/elcristaldigital.org\/index.php\/wp-json\/wp\/v2\/types\/page"}],"author":[{"embeddable":true,"href":"https:\/\/elcristaldigital.org\/index.php\/wp-json\/wp\/v2\/users\/1"}],"replies":[{"embeddable":true,"href":"https:\/\/elcristaldigital.org\/index.php\/wp-json\/wp\/v2\/comments?post=2195"}],"version-history":[{"count":4,"href":"https:\/\/elcristaldigital.org\/index.php\/wp-json\/wp\/v2\/pages\/2195\/revisions"}],"predecessor-version":[{"id":2212,"href":"https:\/\/elcristaldigital.org\/index.php\/wp-json\/wp\/v2\/pages\/2195\/revisions\/2212"}],"wp:attachment":[{"href":"https:\/\/elcristaldigital.org\/index.php\/wp-json\/wp\/v2\/media?parent=2195"}],"curies":[{"name":"wp","href":"https:\/\/api.w.org\/{rel}","templated":true}]}}