{"id":2095,"date":"2025-03-13T15:20:59","date_gmt":"2025-03-13T18:20:59","guid":{"rendered":"https:\/\/elcristaldigital.org\/?page_id=2095"},"modified":"2025-03-25T18:27:38","modified_gmt":"2025-03-25T21:27:38","slug":"gestion-comunal-22","status":"publish","type":"page","link":"https:\/\/elcristaldigital.org\/index.php\/gestion-comunal-22\/","title":{"rendered":"Gestion Comunal"},"content":{"rendered":"\n<h3 class=\"wp-block-heading alignfull has-text-align-center has-primary-color has-accent-background-color has-text-color has-background has-link-color wp-elements-c2e1c7671f5dff2c41a0c3986d3c62be\">RAMONA PRESENTE EN LA EXPOAGRO 2025<\/h3>\n\n\n\n<p><strong><u>PRESENCIA RAMONENSE EN EXPOAGRO<\/u><\/strong><\/p>\n\n\n\n<p>Aceptando la invitaci\u00f3n cursada por la Secretaria y el Director de Turismo de la Provincia, Marcela Aeberhard y Franco Arone respectivamente, miembros del Grupo Turismo Rural, acompa\u00f1ados por el Presidente Comunal Jos\u00e9 Barbero, asisten a la Expoagro 2025, la feria agroindustrial m\u00e1s importante del pa\u00eds, formando parte fundamental del stand santafesino en el que se exhibi\u00f3 el potencial de su oferta tur\u00edstica.<\/p>\n\n\n\n<p>Consolidando a Santa Fe como un destino estrat\u00e9gico, el gobierno provincial present\u00f3 una programaci\u00f3n que abarca turismo rural, pesca deportiva, turismo gastron\u00f3mico y de reuniones, una agenda variada y atractiva.<\/p>\n\n\n\n<p>Como en cada oportunidad en la que es llamada a participar, Ramona muestra cada una de las aristas destacadas que conforman su propuesta, reflejando los sabores, tradiciones, lugares, personajes y sensaciones que experimenta un turista al visitarla y poder disfrutar de su carta de sitios destacados, para recorrer y conocer.<\/p>\n\n\n\n<p>En una vidriera tan importante, no solo los circuitos tradicionalmente ofrecidos fueron los promocionados, sino tambi\u00e9n otros productos tur\u00edsticos de gran inter\u00e9s como las fiestas gastron\u00f3micas, los eventos deportivos y otras alternativas que se ponen a disposici\u00f3n para recibir turistas que quieran disfrutar del esparcimiento al aire libre.<\/p>\n\n\n\n<figure class=\"wp-block-image size-full\"><img loading=\"lazy\" decoding=\"async\" width=\"1600\" height=\"898\" src=\"https:\/\/elcristaldigital.org\/wp-content\/uploads\/2025\/03\/Destino-Santa-Fe.jpeg\" alt=\"\" class=\"wp-image-2100\" srcset=\"https:\/\/elcristaldigital.org\/wp-content\/uploads\/2025\/03\/Destino-Santa-Fe.jpeg 1600w, https:\/\/elcristaldigital.org\/wp-content\/uploads\/2025\/03\/Destino-Santa-Fe-300x168.jpeg 300w, https:\/\/elcristaldigital.org\/wp-content\/uploads\/2025\/03\/Destino-Santa-Fe-768x431.jpeg 768w, https:\/\/elcristaldigital.org\/wp-content\/uploads\/2025\/03\/Destino-Santa-Fe-1536x862.jpeg 1536w, https:\/\/elcristaldigital.org\/wp-content\/uploads\/2025\/03\/Destino-Santa-Fe-1200x674.jpeg 1200w\" sizes=\"auto, (max-width: 1600px) 100vw, 1600px\" \/><\/figure>\n\n\n\n<h3 class=\"wp-block-heading alignwide has-text-align-center has-primary-color has-accent-background-color has-text-color has-background has-link-color wp-elements-017856c760e4c6557b16d75a3957b822\">CONVENIO PARA MEJORAS EN EL SAMCO<\/h3>\n\n\n\n<p><\/p>\n\n\n\n<p>En la ciudad de Sunchales y con la presencia de la Ministra de Salud de la Provincia Dra. Silvia Ciancio, Jos\u00e9 Barbero, suscribi\u00f3 el convenio por el cual el gobierno local adhiere al Programa FonRES (Fondo para la Reparaci\u00f3n de Efectores de Salud), con el que se plantea agilizar las tareas de preservaci\u00f3n, conservaci\u00f3n y mantenimiento de los edificios que forman parte de la red de salud p\u00fablica.<\/p>\n\n\n\n<p>Por su parte, la Provincia se obliga a transferir los recursos requeridos para la ejecuci\u00f3n de las labores priorizadas, que ser\u00e1n concluidas por la administraci\u00f3n comunal en un plazo de 60 d\u00edas desde la efectiva recepci\u00f3n de los fondos comprometidos.<\/p>\n\n\n\n<p>En acuerdo con la Directora del SAMCo, Dra. Lucrecia Costa y su Consejo de Administraci\u00f3n, las tareas a ejecutar incluyen la pintura de consultorios, sala de rayos, farmacia, administraci\u00f3n, sanitario y dep\u00f3sito y la reforma y restauraci\u00f3n de las rejas met\u00e1licas exteriores, de manera tal que resulte m\u00e1s sencilla su limpieza y mantenimiento.<\/p>\n\n\n<div class=\"wp-block-image\">\n<figure class=\"aligncenter size-large is-resized\"><img loading=\"lazy\" decoding=\"async\" width=\"677\" height=\"1080\" src=\"https:\/\/elcristaldigital.org\/wp-content\/uploads\/2025\/03\/Ciancio-2025-677x1080.jpeg\" alt=\"\" class=\"wp-image-2102\" style=\"width:228px;height:auto\" srcset=\"https:\/\/elcristaldigital.org\/wp-content\/uploads\/2025\/03\/Ciancio-2025-677x1080.jpeg 677w, https:\/\/elcristaldigital.org\/wp-content\/uploads\/2025\/03\/Ciancio-2025-188x300.jpeg 188w, https:\/\/elcristaldigital.org\/wp-content\/uploads\/2025\/03\/Ciancio-2025.jpeg 755w\" sizes=\"auto, (max-width: 677px) 100vw, 677px\" \/><\/figure>\n<\/div>\n\n\n<h3 class=\"wp-block-heading alignfull has-text-align-center has-primary-color has-accent-background-color has-text-color has-background has-link-color wp-elements-159a7d824e0a741a86e8c47f38415df1\">NUEVA GRAFICA EN EL MUSEO<\/h3>\n\n\n\n<p>Al efecto de modernizar y revitalizar la percepci\u00f3n p\u00fablica del Complejo Museol\u00f3gico, adapt\u00e1ndola a los nuevos tiempos y audiencias, desde Turismo Rural Ramona se ha encarado la renovaci\u00f3n de la imagen gr\u00e1fica del cartel de acceso a este inmueble hist\u00f3rico.<\/p>\n\n\n\n<p>La iniciativa recoge recomendaciones y propuestas de contingentes de visitantes que, en sus comentarios y devoluciones, planteaban la necesidad de remozar la est\u00e9tica institucional para contribuir a conectar con nuevas audiencias, fortalecer su significaci\u00f3n y consolidar su posicionamiento hacia el futuro.<\/p>\n\n\n\n<p>Con este tipo de inversiones, se reinvierten recursos generados por la actividad tur\u00edstica en la promoci\u00f3n y desarrollo de la misma, cerrando el c\u00edrculo de generaci\u00f3n valor incorporado a la propuesta, sin descuidar y reafirmando nuestra identidad cultural.<\/p>\n\n\n<div class=\"wp-block-image\">\n<figure class=\"aligncenter size-full is-resized\"><img loading=\"lazy\" decoding=\"async\" width=\"1280\" height=\"960\" src=\"https:\/\/elcristaldigital.org\/wp-content\/uploads\/2025\/03\/image-11.png\" alt=\"\" class=\"wp-image-2151\" style=\"width:397px;height:auto\" srcset=\"https:\/\/elcristaldigital.org\/wp-content\/uploads\/2025\/03\/image-11.png 1280w, https:\/\/elcristaldigital.org\/wp-content\/uploads\/2025\/03\/image-11-300x225.png 300w, https:\/\/elcristaldigital.org\/wp-content\/uploads\/2025\/03\/image-11-768x576.png 768w, https:\/\/elcristaldigital.org\/wp-content\/uploads\/2025\/03\/image-11-1200x900.png 1200w\" sizes=\"auto, (max-width: 1280px) 100vw, 1280px\" \/><\/figure>\n<\/div>","protected":false},"excerpt":{"rendered":"<p>RAMONA PRESENTE EN LA EXPOAGRO 2025 PRESENCIA RAMONENSE EN EXPOAGRO Aceptando la invitaci\u00f3n cursada por la Secretaria y el Director de Turismo de la Provincia, Marcela Aeberhard y Franco Arone respectivamente, miembros del Grupo Turismo Rural, acompa\u00f1ados por el Presidente Comunal Jos\u00e9 Barbero, asisten a la Expoagro 2025, la feria agroindustrial m\u00e1s importante del pa\u00eds, [&hellip;]<\/p>\n","protected":false},"author":1,"featured_media":0,"parent":0,"menu_order":0,"comment_status":"closed","ping_status":"closed","template":"","meta":{"footnotes":""},"class_list":["post-2095","page","type-page","status-publish","hentry"],"_links":{"self":[{"href":"https:\/\/elcristaldigital.org\/index.php\/wp-json\/wp\/v2\/pages\/2095","targetHints":{"allow":["GET"]}}],"collection":[{"href":"https:\/\/elcristaldigital.org\/index.php\/wp-json\/wp\/v2\/pages"}],"about":[{"href":"https:\/\/elcristaldigital.org\/index.php\/wp-json\/wp\/v2\/types\/page"}],"author":[{"embeddable":true,"href":"https:\/\/elcristaldigital.org\/index.php\/wp-json\/wp\/v2\/users\/1"}],"replies":[{"embeddable":true,"href":"https:\/\/elcristaldigital.org\/index.php\/wp-json\/wp\/v2\/comments?post=2095"}],"version-history":[{"count":6,"href":"https:\/\/elcristaldigital.org\/index.php\/wp-json\/wp\/v2\/pages\/2095\/revisions"}],"predecessor-version":[{"id":2152,"href":"https:\/\/elcristaldigital.org\/index.php\/wp-json\/wp\/v2\/pages\/2095\/revisions\/2152"}],"wp:attachment":[{"href":"https:\/\/elcristaldigital.org\/index.php\/wp-json\/wp\/v2\/media?parent=2095"}],"curies":[{"name":"wp","href":"https:\/\/api.w.org\/{rel}","templated":true}]}}