{"id":2061,"date":"2024-12-05T16:58:05","date_gmt":"2024-12-05T19:58:05","guid":{"rendered":"https:\/\/elcristaldigital.org\/?page_id=2061"},"modified":"2025-04-01T17:56:03","modified_gmt":"2025-04-01T20:56:03","slug":"efemerides-9","status":"publish","type":"page","link":"https:\/\/elcristaldigital.org\/index.php\/efemerides-9\/","title":{"rendered":"Efem\u00e9rides"},"content":{"rendered":"\n<h3 class=\"wp-block-heading alignwide has-text-align-center has-primary-color has-accent-background-color has-text-color has-background has-link-color wp-elements-5ee5744bc2c46147f3c5aef2229a26e7\">D\u00cdA MUNDIAL DEL S\u00cdNDROME DE DOWN<\/h3>\n\n\n\n<p>El D\u00eda Mundial del S\u00edndrome de Down, celebrado el 21 de marzo, tiene comoobjetivo crear conciencia sobre la inclusi\u00f3n y los derechos de las personas conesta condici\u00f3n. Se promueve la aceptaci\u00f3n, la igualdad y se destacan los logrosde las personas con s\u00edndrome de Down a trav\u00e9s de diversas actividades y eventos en todo el mundo.<\/p>\n\n\n\n<h4 class=\"wp-block-heading alignwide has-text-align-center has-primary-color has-accent-background-color has-text-color has-background has-link-color wp-elements-e3b3b97bf278d7bfcb1d40b6a081639f\">D\u00cdA DE LA MEMORIA POR LA VERDAD Y LA JUSTICIA<\/h4>\n\n\n\n<p>El 24 de marzo se recuerda el D\u00eda Nacional de la Memoria por la Verdad y la Justicia en Argentina, en conmemoraci\u00f3n de las v\u00edctimas de la \u00faltima dictadura militar que tuvo lugar entre 1976 y 1983. Este d\u00eda se establece para honrar a los desaparecidos, aquellos que fueron secuestrados, torturados y asesinados durante ese per\u00edodo oscuro de la historia del pa\u00eds.<\/p>\n\n\n\n<h4 class=\"wp-block-heading alignwide has-text-align-center has-primary-color has-accent-background-color has-text-color has-background has-link-color wp-elements-cc388e5b647ae7ebade536e878c82a0e\">D\u00cdA DEL VETERANO Y LA CA\u00cdDA EN LA GUERRA DE MALVINAS<\/h4>\n\n\n\n<p>El 2 de Abril, Argentina conmemora el D\u00eda del Veterano y de los Ca\u00eddos en la Guerra de Malvinas, rindiendo homenaje a aquellos que lucharon por la Soberan\u00eda Nacional en 1982. En diferentes puntos del pa\u00eds, se llevaron a cabo ceremonias y actos en memoria de los soldados ca\u00eddos y de los veteranos que regresaron.<\/p>\n","protected":false},"excerpt":{"rendered":"<p>D\u00cdA MUNDIAL DEL S\u00cdNDROME DE DOWN El D\u00eda Mundial del S\u00edndrome de Down, celebrado el 21 de marzo, tiene comoobjetivo crear conciencia sobre la inclusi\u00f3n y los derechos de las personas conesta condici\u00f3n. Se promueve la aceptaci\u00f3n, la igualdad y se destacan los logrosde las personas con s\u00edndrome de Down a trav\u00e9s de diversas actividades [&hellip;]<\/p>\n","protected":false},"author":1,"featured_media":0,"parent":0,"menu_order":0,"comment_status":"closed","ping_status":"closed","template":"","meta":{"footnotes":""},"class_list":["post-2061","page","type-page","status-publish","hentry"],"_links":{"self":[{"href":"https:\/\/elcristaldigital.org\/index.php\/wp-json\/wp\/v2\/pages\/2061","targetHints":{"allow":["GET"]}}],"collection":[{"href":"https:\/\/elcristaldigital.org\/index.php\/wp-json\/wp\/v2\/pages"}],"about":[{"href":"https:\/\/elcristaldigital.org\/index.php\/wp-json\/wp\/v2\/types\/page"}],"author":[{"embeddable":true,"href":"https:\/\/elcristaldigital.org\/index.php\/wp-json\/wp\/v2\/users\/1"}],"replies":[{"embeddable":true,"href":"https:\/\/elcristaldigital.org\/index.php\/wp-json\/wp\/v2\/comments?post=2061"}],"version-history":[{"count":4,"href":"https:\/\/elcristaldigital.org\/index.php\/wp-json\/wp\/v2\/pages\/2061\/revisions"}],"predecessor-version":[{"id":2169,"href":"https:\/\/elcristaldigital.org\/index.php\/wp-json\/wp\/v2\/pages\/2061\/revisions\/2169"}],"wp:attachment":[{"href":"https:\/\/elcristaldigital.org\/index.php\/wp-json\/wp\/v2\/media?parent=2061"}],"curies":[{"name":"wp","href":"https:\/\/api.w.org\/{rel}","templated":true}]}}