{"id":2060,"date":"2024-12-05T16:58:05","date_gmt":"2024-12-05T19:58:05","guid":{"rendered":"https:\/\/elcristaldigital.org\/?page_id=2060"},"modified":"2025-05-08T15:13:30","modified_gmt":"2025-05-08T18:13:30","slug":"educacion-12","status":"publish","type":"page","link":"https:\/\/elcristaldigital.org\/index.php\/educacion-12\/","title":{"rendered":"Educaci\u00f3n"},"content":{"rendered":"\n<h3 class=\"wp-block-heading alignfull has-text-align-center has-primary-color has-accent-background-color has-text-color has-background has-link-color wp-elements-c0514e324875fb9aa2fd35a249294f81\">ACONTECIMIENTOS IMPORTANTES DURANTE EL A\u00d1O PARA EL JARD\u00cdN DE INFANTES<\/h3>\n\n\n\n<p>Las alumnas de 4to a\u00f1o, entrevistaron a la Directora Natalia Depetrini, la cual les narr\u00f3 los proyectos y acontecimientos importantes a desarrollar durante el a\u00f1o, como:<\/p>\n\n\n\n<p>Actividades l\u00fadicas, recreativas al aire libre, visitas did\u00e1cticas, proyecto \u201cIntercambio de plantas, gajos y semillas\u201d.<\/p>\n\n\n\n<p>Charlas educativas, propuestas desde el Ministerio de Educaci\u00f3n de la provincia. Adem\u00e1s, nos cont\u00f3 que tienen la biblioteca ambulante, donde los ni\u00f1os eligen un libro, el cual se llevan a casa cada viernes y los d\u00edas lunes cuentan sobre lo leyeron, donde y con quien.<\/p>\n\n\n\n<p>El Jard\u00edn est\u00e1 articulado con el nivel primario y secundario a trav\u00e9s de actividades como juegos cooperativos, organizados por la escuela primaria y visitas que realizan estudiantes de nivel secundario para concientizarlos acerca del cuidado del medioambiente a partir de dramatizaciones.<\/p>\n\n\n\n<h3 class=\"wp-block-heading alignfull has-text-align-center has-primary-color has-accent-background-color has-text-color has-background has-link-color wp-elements-9238adcaff19df8b84c44af5a984611c\">ACONTECIMIENTOS IMPORTANTES DURANTE EL A\u00d1O PARA LA ESCUELA PRIMARIA<\/h3>\n\n\n\n<p>Las alumnas de 4to a\u00f1o, entrevistaron a la Directora Claudia Crippa la cual les narr\u00f3 los acontecimientos y proyectos m\u00e1s importantes a desarrollar durante el a\u00f1o.<\/p>\n\n\n\n<p>Entre los Actos principales y p\u00fablicos, se encuentran el de 25 Mayo y 9 de Julio (ambos compartidos con la E.E.S.O.P.I 3023).<\/p>\n\n\n\n<p>Algunos de los actos escolares se suelen dividir dependiendo los turnos: los que se comparten en turno tarde y ma\u00f1ana son 20 de junio, 17 de agosto, 11 de septiembre y 12 de octubre. Las dem\u00e1s fechas importantes solo se realizan en turno ma\u00f1ana.<\/p>\n\n\n\n<p>Tambi\u00e9n, nos coment\u00f3 acerca de algunos proyectos como charlas de Adolescencia- Esi; Cuidado el medioambiente; Educaci\u00f3n vial; Lectura y alfabetizaci\u00f3n con la Biblioteca Jos\u00e9 Hern\u00e1ndez. Adem\u00e1s, durante el a\u00f1o se suelen realizar viajes educativos, encuentros deportivos, Gabinetes Institucionales, y la escuela de verano al finalizar el ciclo lectivo.<\/p>\n\n\n\n<h3 class=\"wp-block-heading alignfull has-text-align-center has-primary-color has-accent-background-color has-text-color has-background has-link-color wp-elements-6fe738c3cec76719d9b1303ff2fb1947\">&#8220;CERTAMEN SEMBRANDO EMPRESARIOS&#8221;<\/h3>\n\n\n\n<p>Los d\u00edas jueves 24 y viernes 25 de abril se llev\u00f3 a cabo una nueva edici\u00f3n del Certamen Sembrando Empresarios en el NIDO (Complejo Recreativo Comunal).<\/p>\n\n\n\n<p>En esta jornada participaron diversos grupos de estudiantes provenientes de escuelas secundarias de la regi\u00f3n.<br>Pasaron a la final nacional que se jugar\u00e1 en Puerto Iguaz\u00fa, provincia de Misiones, 4 equipos de la E.E.S.O.P.I 3023, 1 equipo de la E.E.S.O 247 de Colonia Aldao y 1 equipo de la escuela San Jos\u00e9 de la ciudad de Sunchales.<\/p>\n\n\n\n<p>Esta propuesta tiene como objetivo principal brindar una experiencia educativa interactiva, en la que los alumnos y alumnas simulan administrar su propia empresa, poniendo en pr\u00e1ctica los conocimientos adquiridos durante su formaci\u00f3n. A lo largo del certamen, debieron tomar decisiones, resolver desaf\u00edos y aplicar habilidades vinculadas a la administraci\u00f3n, el trabajo en equipo y la toma de decisiones responsables.<\/p>\n\n\n\n<p>Agradecemos especialmente a los sponsors y colaboradores que hicieron posible esta enriquecedora&nbsp;experiencia.<\/p>\n\n\n<div class=\"wp-block-image\">\n<figure class=\"aligncenter size-large is-resized\"><img loading=\"lazy\" decoding=\"async\" width=\"810\" height=\"1080\" src=\"https:\/\/elcristaldigital.org\/wp-content\/uploads\/2025\/04\/Imagen-de-WhatsApp-2025-04-29-a-las-17.39.37_9349b876-1-810x1080.jpg\" alt=\"\" class=\"wp-image-2207\" style=\"width:259px;height:auto\" srcset=\"https:\/\/elcristaldigital.org\/wp-content\/uploads\/2025\/04\/Imagen-de-WhatsApp-2025-04-29-a-las-17.39.37_9349b876-1-810x1080.jpg 810w, https:\/\/elcristaldigital.org\/wp-content\/uploads\/2025\/04\/Imagen-de-WhatsApp-2025-04-29-a-las-17.39.37_9349b876-1-225x300.jpg 225w, https:\/\/elcristaldigital.org\/wp-content\/uploads\/2025\/04\/Imagen-de-WhatsApp-2025-04-29-a-las-17.39.37_9349b876-1-768x1024.jpg 768w, https:\/\/elcristaldigital.org\/wp-content\/uploads\/2025\/04\/Imagen-de-WhatsApp-2025-04-29-a-las-17.39.37_9349b876-1-1152x1536.jpg 1152w, https:\/\/elcristaldigital.org\/wp-content\/uploads\/2025\/04\/Imagen-de-WhatsApp-2025-04-29-a-las-17.39.37_9349b876-1-1536x2048.jpg 1536w, https:\/\/elcristaldigital.org\/wp-content\/uploads\/2025\/04\/Imagen-de-WhatsApp-2025-04-29-a-las-17.39.37_9349b876-1-1200x1600.jpg 1200w, https:\/\/elcristaldigital.org\/wp-content\/uploads\/2025\/04\/Imagen-de-WhatsApp-2025-04-29-a-las-17.39.37_9349b876-1-1980x2640.jpg 1980w, https:\/\/elcristaldigital.org\/wp-content\/uploads\/2025\/04\/Imagen-de-WhatsApp-2025-04-29-a-las-17.39.37_9349b876-1-scaled.jpg 1920w\" sizes=\"auto, (max-width: 810px) 100vw, 810px\" \/><\/figure>\n<\/div>\n\n\n<h3 class=\"wp-block-heading alignfull has-text-align-center has-primary-color has-accent-background-color has-text-color has-background has-link-color wp-elements-1ddfbc91145c36e4a6396ebe129039c3\">E.E.S.O.P.I. 3023<\/h3>\n\n\n\n<p>El d\u00eda 15 de Abril, se recibi\u00f3 en el establecimiento al Presidente Comunal, Jos\u00e9 Barbero, quien hizo entrega de un aire acondicionado, el mismo ya fue instalado en el aula nueva, generando comodidad en el dictado&nbsp;de&nbsp;clases.<\/p>\n","protected":false},"excerpt":{"rendered":"<p>ACONTECIMIENTOS IMPORTANTES DURANTE EL A\u00d1O PARA EL JARD\u00cdN DE INFANTES Las alumnas de 4to a\u00f1o, entrevistaron a la Directora Natalia Depetrini, la cual les narr\u00f3 los proyectos y acontecimientos importantes a desarrollar durante el a\u00f1o, como: Actividades l\u00fadicas, recreativas al aire libre, visitas did\u00e1cticas, proyecto \u201cIntercambio de plantas, gajos y semillas\u201d. Charlas educativas, propuestas desde [&hellip;]<\/p>\n","protected":false},"author":1,"featured_media":0,"parent":0,"menu_order":0,"comment_status":"closed","ping_status":"closed","template":"","meta":{"footnotes":""},"class_list":["post-2060","page","type-page","status-publish","hentry"],"_links":{"self":[{"href":"https:\/\/elcristaldigital.org\/index.php\/wp-json\/wp\/v2\/pages\/2060","targetHints":{"allow":["GET"]}}],"collection":[{"href":"https:\/\/elcristaldigital.org\/index.php\/wp-json\/wp\/v2\/pages"}],"about":[{"href":"https:\/\/elcristaldigital.org\/index.php\/wp-json\/wp\/v2\/types\/page"}],"author":[{"embeddable":true,"href":"https:\/\/elcristaldigital.org\/index.php\/wp-json\/wp\/v2\/users\/1"}],"replies":[{"embeddable":true,"href":"https:\/\/elcristaldigital.org\/index.php\/wp-json\/wp\/v2\/comments?post=2060"}],"version-history":[{"count":6,"href":"https:\/\/elcristaldigital.org\/index.php\/wp-json\/wp\/v2\/pages\/2060\/revisions"}],"predecessor-version":[{"id":2243,"href":"https:\/\/elcristaldigital.org\/index.php\/wp-json\/wp\/v2\/pages\/2060\/revisions\/2243"}],"wp:attachment":[{"href":"https:\/\/elcristaldigital.org\/index.php\/wp-json\/wp\/v2\/media?parent=2060"}],"curies":[{"name":"wp","href":"https:\/\/api.w.org\/{rel}","templated":true}]}}