{"id":2059,"date":"2024-12-05T16:58:05","date_gmt":"2024-12-05T19:58:05","guid":{"rendered":"https:\/\/elcristaldigital.org\/?page_id=2059"},"modified":"2025-04-10T15:34:29","modified_gmt":"2025-04-10T18:34:29","slug":"cultura-6","status":"publish","type":"page","link":"https:\/\/elcristaldigital.org\/index.php\/cultura-6\/","title":{"rendered":"Cultura"},"content":{"rendered":"\n<h3 class=\"wp-block-heading alignfull has-text-align-center has-primary-color has-accent-background-color has-text-color has-background has-link-color wp-elements-269d6e53d29d8fa84d6819560534eb4c\">EDICI\u00d3N 18 DE LA &#8220;FIESTA DE LA PIZZA Y LA CERVEZA&#8221;<\/h3>\n\n\n\n<p>El 12 de abril, en el sal\u00f3n Francisco Bacca se llevar\u00e1 a cabo la 18\u00b0 Fiesta de la pizza y la cerveza con m\u00fasica en vivo por Alok2 y Cristian Cassani, dicha fiesta empezar\u00e1 a las 21.<br>Los valores de anticipadas ser\u00e1n: socios 3000. Y no socios 4000.<\/p>\n","protected":false},"excerpt":{"rendered":"<p>EDICI\u00d3N 18 DE LA &#8220;FIESTA DE LA PIZZA Y LA CERVEZA&#8221; El 12 de abril, en el sal\u00f3n Francisco Bacca se llevar\u00e1 a cabo la 18\u00b0 Fiesta de la pizza y la cerveza con m\u00fasica en vivo por Alok2 y Cristian Cassani, dicha fiesta empezar\u00e1 a las 21.Los valores de anticipadas ser\u00e1n: socios 3000. Y [&hellip;]<\/p>\n","protected":false},"author":1,"featured_media":0,"parent":0,"menu_order":0,"comment_status":"closed","ping_status":"closed","template":"","meta":{"footnotes":""},"class_list":["post-2059","page","type-page","status-publish","hentry"],"_links":{"self":[{"href":"https:\/\/elcristaldigital.org\/index.php\/wp-json\/wp\/v2\/pages\/2059","targetHints":{"allow":["GET"]}}],"collection":[{"href":"https:\/\/elcristaldigital.org\/index.php\/wp-json\/wp\/v2\/pages"}],"about":[{"href":"https:\/\/elcristaldigital.org\/index.php\/wp-json\/wp\/v2\/types\/page"}],"author":[{"embeddable":true,"href":"https:\/\/elcristaldigital.org\/index.php\/wp-json\/wp\/v2\/users\/1"}],"replies":[{"embeddable":true,"href":"https:\/\/elcristaldigital.org\/index.php\/wp-json\/wp\/v2\/comments?post=2059"}],"version-history":[{"count":3,"href":"https:\/\/elcristaldigital.org\/index.php\/wp-json\/wp\/v2\/pages\/2059\/revisions"}],"predecessor-version":[{"id":2194,"href":"https:\/\/elcristaldigital.org\/index.php\/wp-json\/wp\/v2\/pages\/2059\/revisions\/2194"}],"wp:attachment":[{"href":"https:\/\/elcristaldigital.org\/index.php\/wp-json\/wp\/v2\/media?parent=2059"}],"curies":[{"name":"wp","href":"https:\/\/api.w.org\/{rel}","templated":true}]}}