{"id":2055,"date":"2024-12-05T16:58:05","date_gmt":"2024-12-05T19:58:05","guid":{"rendered":"https:\/\/elcristaldigital.org\/?page_id=2055"},"modified":"2025-04-03T16:22:16","modified_gmt":"2025-04-03T19:22:16","slug":"deportes-21","status":"publish","type":"page","link":"https:\/\/elcristaldigital.org\/index.php\/deportes-21\/","title":{"rendered":"Deportes"},"content":{"rendered":"\n<h3 class=\"wp-block-heading alignfull has-text-align-center has-primary-color has-accent-background-color has-text-color has-background has-link-color wp-elements-b10ec580dadfbc1567f093b33fea3242\">TORNEO DE F\u00daTBOL INFANTIL<\/h3>\n\n\n\n<p>El 7, 8\u00a0 y 9 de marzo en la localidad de Ramona se llev\u00f3 a cabo la 3era edici\u00f3n del Torneo de F\u00fatbol Infantil Super D\u00e9por, en el mismo participaron 62 equipos dentro de los m\u00e1s destacados, River Plate, V\u00e9lez Sarsfield e Instituto de C\u00f3rdoba.<\/p>\n\n\n\n<p> Las categor\u00edas que participaron fueron 2017,2016,2015 y 2014. Los campeones de copa de oro fueron La Banda en la categor\u00eda 2014, Club Atl\u00e9tico Belgrano en la categor\u00eda 2015, River Plate en la categor\u00eda 2016, V\u00e9lez Sarfield\u00a0 en la categor\u00eda 2017.<\/p>\n\n\n\n<p> Los campeones de copa de plata, en la categor\u00eda 2014 fue C.C.y.D Ramona, en la categor\u00eda 2015, Instituto de C\u00f3rdoba, en la categor\u00eda 2016 Club Atl\u00e9tico Uni\u00f3n de Sunchales, y en la categor\u00eda 2017 T.F. Morteros.<\/p>\n\n\n<div class=\"wp-block-image\">\n<figure class=\"aligncenter size-large is-resized\"><img loading=\"lazy\" decoding=\"async\" width=\"1440\" height=\"1080\" src=\"https:\/\/elcristaldigital.org\/wp-content\/uploads\/2025\/03\/image-1440x1080.png\" alt=\"\" class=\"wp-image-2113\" style=\"width:448px;height:auto\" srcset=\"https:\/\/elcristaldigital.org\/wp-content\/uploads\/2025\/03\/image-1440x1080.png 1440w, https:\/\/elcristaldigital.org\/wp-content\/uploads\/2025\/03\/image-300x225.png 300w, https:\/\/elcristaldigital.org\/wp-content\/uploads\/2025\/03\/image-768x576.png 768w, https:\/\/elcristaldigital.org\/wp-content\/uploads\/2025\/03\/image-1536x1152.png 1536w, https:\/\/elcristaldigital.org\/wp-content\/uploads\/2025\/03\/image-1200x900.png 1200w, https:\/\/elcristaldigital.org\/wp-content\/uploads\/2025\/03\/image.png 1600w\" sizes=\"auto, (max-width: 1440px) 100vw, 1440px\" \/><\/figure>\n<\/div>\n\n\n<h3 class=\"wp-block-heading alignwide has-text-align-center has-primary-color has-accent-background-color has-text-color has-background has-link-color wp-elements-470854b34cc5bc28cf4949ca89fb12c1\">ENCUENTRO DE VOLEY<\/h3>\n\n\n\n<p>El pasado domingo 16 de Marzo, voley de Ramona se enfrent\u00f3 a Porte\u00f1a jugando 4 partidos en los cuales los resultados fueron no muy buenos, perdiendo los cuatros<br>Los resultados de los partidos fueron los siguientes:<br>El primer partido Ramona A vs Porte\u00f1a A: 25 a 8 y 25 a 12.<br>Ramona B vs Porte\u00f1a B: 25 a 10 y 25 a 16.<br>Ramona A vs Porte\u00f1a B: 25 a 20 y 25 a 12.<br>Ramona B vs Porte\u00f1a A: 25 a 20 y 25 a 23.<\/p>\n\n\n<div class=\"wp-block-image\">\n<figure class=\"aligncenter size-full is-resized\"><img loading=\"lazy\" decoding=\"async\" width=\"720\" height=\"653\" src=\"https:\/\/elcristaldigital.org\/wp-content\/uploads\/2025\/03\/image-1.png\" alt=\"\" class=\"wp-image-2116\" style=\"width:347px;height:auto\" srcset=\"https:\/\/elcristaldigital.org\/wp-content\/uploads\/2025\/03\/image-1.png 720w, https:\/\/elcristaldigital.org\/wp-content\/uploads\/2025\/03\/image-1-300x272.png 300w\" sizes=\"auto, (max-width: 720px) 100vw, 720px\" \/><\/figure>\n<\/div>\n\n\n<h3 class=\"wp-block-heading alignwide has-text-align-center has-primary-color has-accent-background-color has-text-color has-background has-link-color wp-elements-38af84b6e67fa15c39fd7311700769a5\">&#8220;SUPER DEPOR&#8221;<\/h3>\n\n\n\n<p>El sabado 22 comenz\u00f3 el Torneo Apertura de la Liga Rafaelina de inferiores teniendo 13 fechas respectivamente, jugando nuevamente en la primera B de la zona norte debutando de local contra Bella Italia. Los resultados fueron los siguientes: novena perdi\u00f3 3 a 1, octava gan\u00f3 3 a 0, s\u00e9ptima cay\u00f3 por 2 a 1 y la sexta gan\u00f3 1 a 0.<\/p>\n\n\n\n<p><br>El domingo 23 de marzo comenz\u00f3 el Torneo Apertura de la Liga Rafaelina, debutando frente a San Antonio en condici\u00f3n de local. Los resultado fueron los siguientes: Reserva cay\u00f3 por 2 a 1 gol de Mateo Masuero (penal). Primera divisi\u00f3n gan\u00f3 3 a 1 con goles de Marcos Benavidez, Jordan Labasto y Nahuel Masuero.<br>El Depor comenz\u00f3 de la mejor manera y va a tratar de lograr el campeonato llegando a la final, obteniendo as\u00ed nuevamente el asenso a la Primera Categor\u00eda de la Liga Rafaelina de F\u00fatbol.<\/p>\n\n\n<div class=\"wp-block-image\">\n<figure class=\"aligncenter size-large is-resized\"><img loading=\"lazy\" decoding=\"async\" width=\"810\" height=\"1080\" src=\"https:\/\/elcristaldigital.org\/wp-content\/uploads\/2025\/03\/image-9-810x1080.png\" alt=\"\" class=\"wp-image-2147\" style=\"width:247px;height:auto\" srcset=\"https:\/\/elcristaldigital.org\/wp-content\/uploads\/2025\/03\/image-9-810x1080.png 810w, https:\/\/elcristaldigital.org\/wp-content\/uploads\/2025\/03\/image-9-225x300.png 225w, https:\/\/elcristaldigital.org\/wp-content\/uploads\/2025\/03\/image-9-768x1024.png 768w, https:\/\/elcristaldigital.org\/wp-content\/uploads\/2025\/03\/image-9-1152x1536.png 1152w, https:\/\/elcristaldigital.org\/wp-content\/uploads\/2025\/03\/image-9-1536x2048.png 1536w, https:\/\/elcristaldigital.org\/wp-content\/uploads\/2025\/03\/image-9-1200x1600.png 1200w, https:\/\/elcristaldigital.org\/wp-content\/uploads\/2025\/03\/image-9-1980x2640.png 1980w\" sizes=\"auto, (max-width: 810px) 100vw, 810px\" \/><\/figure>\n<\/div>\n\n\n<h3 class=\"wp-block-heading alignwide has-text-align-center has-primary-color has-accent-background-color has-text-color has-background has-link-color wp-elements-67bda7cb081c95ccece008f4a10d057e\">MIDGETS<\/h3>\n\n\n\n<p>Tras pasar la 7ma fecha del midgets del litoral, nos encontramos con un piloto local: el es Saimon \u201ctoro\u201d cuenca, el nos comento q en esta fecha logro el 8vo puesto quedando muy cerca del 7mo lugar. Tambi\u00e9n nos comenta que la pr\u00f3xima fecha ser\u00e1 el 5 de abril en la localidad de Vila.<\/p>\n\n\n\n<h3 class=\"wp-block-heading alignfull has-text-align-center has-primary-color has-accent-background-color has-text-color has-background has-link-color wp-elements-570a5c81a5ba86a79afc62900f70d4b6\">&#8220;S\u00daPER DEPOR&#8221;<\/h3>\n\n\n\n<p>El viernes 28 de marzo el Super Depor estuvo presente en Bella Italia disputando la segunda fecha del torneo apertura de la Liga Rafaelina de F\u00fatbol los resultados fueron los siguientes: divisi\u00f3n reserva: fue derrota por la m\u00ednima de 1 a 0 y primera divisi\u00f3n volvi\u00f3 a ganar, el resultado fue 3 a 2 y se hace m\u00e1s fuerte que nunca con goles de Jordan Labasto, Maximiliano Taborda y el gol de la victoria fue Misael<br>Grimaldi.<\/p>\n\n\n\n<p><br>Tambi\u00e9n el s\u00e1bado 29 solo dos categor\u00edas de las inferiores estuvieron presentes en la localidad de roca disputando la segunda fecha del torneo apertura de la Liga rafaelina. Las categor\u00edas presentes fueron novena y s\u00e9ptima en lo cual los resultados fueron los siguientes: novena: fue empate 0 a 0 y septima: fue victoria 2 a 0 goles de Alan Grimaldi y Thiago Ver\u00f3n .<\/p>\n\n\n<div class=\"wp-block-image\">\n<figure class=\"aligncenter size-large is-resized\"><img loading=\"lazy\" decoding=\"async\" width=\"1440\" height=\"1080\" src=\"https:\/\/elcristaldigital.org\/wp-content\/uploads\/2025\/04\/image-1-1440x1080.png\" alt=\"\" class=\"wp-image-2173\" style=\"width:357px;height:auto\" srcset=\"https:\/\/elcristaldigital.org\/wp-content\/uploads\/2025\/04\/image-1-1440x1080.png 1440w, https:\/\/elcristaldigital.org\/wp-content\/uploads\/2025\/04\/image-1-300x225.png 300w, https:\/\/elcristaldigital.org\/wp-content\/uploads\/2025\/04\/image-1-768x576.png 768w, https:\/\/elcristaldigital.org\/wp-content\/uploads\/2025\/04\/image-1-1536x1152.png 1536w, https:\/\/elcristaldigital.org\/wp-content\/uploads\/2025\/04\/image-1-1200x900.png 1200w, https:\/\/elcristaldigital.org\/wp-content\/uploads\/2025\/04\/image-1.png 1600w\" sizes=\"auto, (max-width: 1440px) 100vw, 1440px\" \/><\/figure>\n<\/div>","protected":false},"excerpt":{"rendered":"<p>TORNEO DE F\u00daTBOL INFANTIL El 7, 8\u00a0 y 9 de marzo en la localidad de Ramona se llev\u00f3 a cabo la 3era edici\u00f3n del Torneo de F\u00fatbol Infantil Super D\u00e9por, en el mismo participaron 62 equipos dentro de los m\u00e1s destacados, River Plate, V\u00e9lez Sarsfield e Instituto de C\u00f3rdoba. Las categor\u00edas que participaron fueron 2017,2016,2015 [&hellip;]<\/p>\n","protected":false},"author":1,"featured_media":0,"parent":0,"menu_order":0,"comment_status":"closed","ping_status":"closed","template":"","meta":{"footnotes":""},"class_list":["post-2055","page","type-page","status-publish","hentry"],"_links":{"self":[{"href":"https:\/\/elcristaldigital.org\/index.php\/wp-json\/wp\/v2\/pages\/2055","targetHints":{"allow":["GET"]}}],"collection":[{"href":"https:\/\/elcristaldigital.org\/index.php\/wp-json\/wp\/v2\/pages"}],"about":[{"href":"https:\/\/elcristaldigital.org\/index.php\/wp-json\/wp\/v2\/types\/page"}],"author":[{"embeddable":true,"href":"https:\/\/elcristaldigital.org\/index.php\/wp-json\/wp\/v2\/users\/1"}],"replies":[{"embeddable":true,"href":"https:\/\/elcristaldigital.org\/index.php\/wp-json\/wp\/v2\/comments?post=2055"}],"version-history":[{"count":15,"href":"https:\/\/elcristaldigital.org\/index.php\/wp-json\/wp\/v2\/pages\/2055\/revisions"}],"predecessor-version":[{"id":2186,"href":"https:\/\/elcristaldigital.org\/index.php\/wp-json\/wp\/v2\/pages\/2055\/revisions\/2186"}],"wp:attachment":[{"href":"https:\/\/elcristaldigital.org\/index.php\/wp-json\/wp\/v2\/media?parent=2055"}],"curies":[{"name":"wp","href":"https:\/\/api.w.org\/{rel}","templated":true}]}}